{"id":4497,"date":"2022-01-26T15:03:40","date_gmt":"2022-01-26T14:03:40","guid":{"rendered":"https:\/\/semmelweis.hu\/fok-tovabbkepzes\/?page_id=4497"},"modified":"2024-05-27T10:24:57","modified_gmt":"2024-05-27T08:24:57","slug":"reszveteli-jelentesek","status":"publish","type":"page","link":"https:\/\/semmelweis.hu\/fok-tovabbkepzes\/tovabbkepzes\/tanfolyamszervezok\/reszveteli-jelentesek\/","title":{"rendered":"R\u00e9szv\u00e9teli jelent\u00e9sek"},"content":{"rendered":"<p style=\"text-align: center\"><strong>R\u00c9SZV\u00c9TELI JELENT\u00c9SEK<\/strong><\/p>\n<p style=\"text-align: justify\"><strong>Tisztelt Tanfolyamszervez\u0151k!<\/strong><\/p>\n<p style=\"text-align: justify\">A Semmelweis Egyetem Szak- \u00e9s Tov\u00e1bbk\u00e9pz\u00e9si K\u00f6zpont Fogorvostudom\u00e1nyi R\u00e9szlege felh\u00edvja sz\u00edves figyelm\u00fcket, hogy<br \/>\n2021.10.01-t\u0151l\u00a0<strong>eltekint a pap\u00edr alap\u00fa r\u00e9szv\u00e9teli jelent\u00e9s megk\u00fcld\u00e9s\u00e9t\u0151l<\/strong>.<\/p>\n<p style=\"text-align: justify\">Elegend\u0151, ha a tanfolyam szervez\u0151je a tov\u00e1bbk\u00e9pz\u00e9s lebonyol\u00edt\u00e1st k\u00f6vet\u0151 30 napon bel\u00fcl elektronikus \u00faton tov\u00e1bb\u00edtja Egyetem\u00fcnknek a r\u00e9szv\u00e9teli jelent\u00e9st, ami alapj\u00e1n a r\u00e9sztvev\u0151k sz\u00e1m\u00e1ra a kreditpont j\u00f3v\u00e1\u00edr\u00e1sra ker\u00fcl \u00e9s a pontj\u00f3v\u00e1\u00edr\u00e1si d\u00edjat kisz\u00e1ml\u00e1zzuk \u00d6n\u00f6knek.<\/p>\n<p style=\"text-align: justify\">Semmelweis Egyetem<br \/>\nFogorvostudom\u00e1nyi Kar<br \/>\nSzak- \u00e9s Tov\u00e1bbk\u00e9pz\u00e9si K\u00f6zpont Fogorvostudom\u00e1nyi R\u00e9szlege<\/p>\n<p style=\"text-align: justify\">M\u00f3dos\u00edtva: 2021. okt\u00f3ber 1.<\/p>\n","protected":false},"excerpt":{"rendered":"<p>R\u00c9SZV\u00c9TELI JELENT\u00c9SEK Tisztelt Tanfolyamszervez\u0151k! A Semmelweis Egyetem Szak- \u00e9s Tov\u00e1bbk\u00e9pz\u00e9si K\u00f6zpont Fogorvostudom\u00e1nyi R\u00e9szlege felh\u00edvja sz\u00edves figyelm\u00fcket, hogy 2021.10.01-t\u0151l\u00a0eltekint a pap\u00edr alap\u00fa r\u00e9szv\u00e9teli jelent\u00e9s megk\u00fcld\u00e9s\u00e9t\u0151l. Elegend\u0151, ha a tanfolyam szervez\u0151je a tov\u00e1bbk\u00e9pz\u00e9s lebonyol\u00edt\u00e1st k\u00f6vet\u0151 30 napon bel\u00fcl elektronikus \u00faton tov\u00e1bb\u00edtja Egyetem\u00fcnknek a r\u00e9szv\u00e9teli jelent\u00e9st, ami alapj\u00e1n a r\u00e9sztvev\u0151k sz\u00e1m\u00e1ra a kreditpont j\u00f3v\u00e1\u00edr\u00e1sra ker\u00fcl \u00e9s a pontj\u00f3v\u00e1\u00edr\u00e1si &hellip;<\/p>\n","protected":false},"author":101231,"featured_media":0,"parent":4348,"menu_order":3,"comment_status":"closed","ping_status":"closed","template":"","meta":{"_acf_changed":false,"footnotes":""},"categories":[],"tags":[],"class_list":["post-4497","page","type-page","status-publish","hentry"],"acf":[],"_links":{"self":[{"href":"https:\/\/semmelweis.hu\/fok-tovabbkepzes\/wp-json\/wp\/v2\/pages\/4497","targetHints":{"allow":["GET"]}}],"collection":[{"href":"https:\/\/semmelweis.hu\/fok-tovabbkepzes\/wp-json\/wp\/v2\/pages"}],"about":[{"href":"https:\/\/semmelweis.hu\/fok-tovabbkepzes\/wp-json\/wp\/v2\/types\/page"}],"author":[{"embeddable":true,"href":"https:\/\/semmelweis.hu\/fok-tovabbkepzes\/wp-json\/wp\/v2\/users\/101231"}],"replies":[{"embeddable":true,"href":"https:\/\/semmelweis.hu\/fok-tovabbkepzes\/wp-json\/wp\/v2\/comments?post=4497"}],"version-history":[{"count":4,"href":"https:\/\/semmelweis.hu\/fok-tovabbkepzes\/wp-json\/wp\/v2\/pages\/4497\/revisions"}],"predecessor-version":[{"id":5044,"href":"https:\/\/semmelweis.hu\/fok-tovabbkepzes\/wp-json\/wp\/v2\/pages\/4497\/revisions\/5044"}],"up":[{"embeddable":true,"href":"https:\/\/semmelweis.hu\/fok-tovabbkepzes\/wp-json\/wp\/v2\/pages\/4348"}],"wp:attachment":[{"href":"https:\/\/semmelweis.hu\/fok-tovabbkepzes\/wp-json\/wp\/v2\/media?parent=4497"}],"wp:term":[{"taxonomy":"category","embeddable":true,"href":"https:\/\/semmelweis.hu\/fok-tovabbkepzes\/wp-json\/wp\/v2\/categories?post=4497"},{"taxonomy":"post_tag","embeddable":true,"href":"https:\/\/semmelweis.hu\/fok-tovabbkepzes\/wp-json\/wp\/v2\/tags?post=4497"}],"curies":[{"name":"wp","href":"https:\/\/api.w.org\/{rel}","templated":true}]}}