{"id":4495,"date":"2022-01-26T15:02:44","date_gmt":"2022-01-26T14:02:44","guid":{"rendered":"https:\/\/semmelweis.hu\/fok-tovabbkepzes\/?page_id=4495"},"modified":"2022-01-26T15:02:44","modified_gmt":"2022-01-26T14:02:44","slug":"pontjovairasi-dij","status":"publish","type":"page","link":"https:\/\/semmelweis.hu\/fok-tovabbkepzes\/tovabbkepzes\/tanfolyamszervezok\/pontjovairasi-dij\/","title":{"rendered":"Pontj\u00f3v\u00e1\u00edr\u00e1si d\u00edj"},"content":{"rendered":"<p style=\"text-align: center\"><strong>PONTJ\u00d3V\u00c1\u00cdR\u00c1SI D\u00cdJ<\/strong><\/p>\n<p style=\"text-align: justify\"><strong>Tisztelt Tanfolyamszervez\u0151!<\/strong><\/p>\n<p style=\"text-align: justify\">T\u00e1j\u00e9koztatjuk, hogy az eg\u00e9szs\u00e9g\u00fcgyi fels\u0151oktat\u00e1si int\u00e9zm\u00e9nyek (Egyetemek) \u00faj egy\u00fcttm\u0171k\u00f6d\u00e9si meg\u00e1llapod\u00e1st k\u00f6t\u00f6ttek a tanfolyamok\/munkahelyi tov\u00e1bbk\u00e9pz\u00e9sek pontj\u00f3v\u00e1\u00edr\u00e1si d\u00edj\u00e1nak beszed\u00e9s\u00e9re vonatkoz\u00f3an. Ennek alapj\u00e1n minden esetben az adott tanfolyam minden r\u00e9sztvev\u0151je ut\u00e1n az az Egyetem sz\u00e1ml\u00e1zza ki a pontj\u00f3v\u00e1\u00edr\u00e1si d\u00edjat, amelyik min\u0151s\u00edt\u00e9sre befogadta a tanfolyamot.<\/p>\n<p style=\"text-align: justify\">A pontj\u00f3v\u00e1\u00edr\u00e1si d\u00edjat az Egyetemek saj\u00e1t hat\u00e1sk\u00f6rben \u00e1llap\u00edtj\u00e1k meg.<br \/>\nAz Egyetemek garant\u00e1lj\u00e1k, hogy az \u00e1ltaluk m\u0171k\u00f6dtetett adatb\u00e1zisok (OFTEX\/GYOFTEX) adatainak figyelembe v\u00e9tel\u00e9vel ugyanazon tanfolyamszervez\u0151 \u00e1ltal szervezett ugyanazon tanfolyamon \u201ehallgat\u00f3\u201d vagy \u201evizsga\u201d jelleggel r\u00e9sztvev\u0151 ugyanazon tov\u00e1bbk\u00e9pz\u00e9sre k\u00f6telezett szem\u00e9ly ut\u00e1n csak egy, a befogad\u00f3 Egyetem fog pontj\u00f3v\u00e1\u00edr\u00e1si d\u00edjat beszedni. Az el\u0151ad\u00f3k pontjainak j\u00f3v\u00e1\u00edr\u00e1sa d\u00edjtalan.<\/p>\n<p style=\"text-align: justify\">Az Egyetemek Egy\u00fcttm\u0171k\u00f6d\u00e9si meg\u00e1llapod\u00e1sa biztos\u00edtja, hogy a tanfolyamszervez\u0151k sz\u00e1m\u00e1ra csak egy Egyetem \u00e1ll\u00edt ki pontj\u00f3v\u00e1\u00edr\u00e1si sz\u00e1ml\u00e1t abban az esetben is, ha a r\u00e9sztvev\u0151k szakmai tov\u00e1bbk\u00e9pz\u00e9sre k\u00fcl\u00f6nb\u00f6z\u0151 Egyetemekhez regisztr\u00e1ltak.<\/p>\n<p style=\"text-align: justify\">A pontj\u00f3v\u00e1\u00edr\u00e1si d\u00edj fentiekben r\u00e9szletezett sz\u00e1ml\u00e1z\u00e1si m\u00f3dj\u00e1t az Egyetemek 2017. szeptember elsej\u00e9n vezett\u00e9k be.<\/p>\n<p style=\"text-align: justify\">A kongresszusi akkredit\u00e1ci\u00f3ban befogadott rendezv\u00e9nyekn\u00e9l v\u00e1ltozatlanul nem sz\u00e1molnak fel r\u00e9sztvev\u0151i pontj\u00f3v\u00e1\u00edr\u00e1si d\u00edjat az Egyetemek.<\/p>\n<p style=\"text-align: justify\">Budapest, 2017. aug. 18.<\/p>\n<p style=\"text-align: justify\">Semmelweis Egyetem (48558-7\/KSTOK\/2017)<br \/>\nDebreceni Egyetem \u00c1OK (III\/201\/2017)<br \/>\nP\u00e9csi Tudom\u00e1nyegyetem \u00c1OK (2017\/8\/1948)<br \/>\nSzegedi Tudom\u00e1nyegyetem \u00c1OK<\/p>\n","protected":false},"excerpt":{"rendered":"<p>PONTJ\u00d3V\u00c1\u00cdR\u00c1SI D\u00cdJ Tisztelt Tanfolyamszervez\u0151! T\u00e1j\u00e9koztatjuk, hogy az eg\u00e9szs\u00e9g\u00fcgyi fels\u0151oktat\u00e1si int\u00e9zm\u00e9nyek (Egyetemek) \u00faj egy\u00fcttm\u0171k\u00f6d\u00e9si meg\u00e1llapod\u00e1st k\u00f6t\u00f6ttek a tanfolyamok\/munkahelyi tov\u00e1bbk\u00e9pz\u00e9sek pontj\u00f3v\u00e1\u00edr\u00e1si d\u00edj\u00e1nak beszed\u00e9s\u00e9re vonatkoz\u00f3an. Ennek alapj\u00e1n minden esetben az adott tanfolyam minden r\u00e9sztvev\u0151je ut\u00e1n az az Egyetem sz\u00e1ml\u00e1zza ki a pontj\u00f3v\u00e1\u00edr\u00e1si d\u00edjat, amelyik min\u0151s\u00edt\u00e9sre befogadta a tanfolyamot. A pontj\u00f3v\u00e1\u00edr\u00e1si d\u00edjat az Egyetemek saj\u00e1t hat\u00e1sk\u00f6rben \u00e1llap\u00edtj\u00e1k meg. Az &hellip;<\/p>\n","protected":false},"author":101231,"featured_media":0,"parent":4348,"menu_order":2,"comment_status":"closed","ping_status":"closed","template":"","meta":{"_acf_changed":false,"footnotes":""},"categories":[],"tags":[],"class_list":["post-4495","page","type-page","status-publish","hentry"],"acf":[],"_links":{"self":[{"href":"https:\/\/semmelweis.hu\/fok-tovabbkepzes\/wp-json\/wp\/v2\/pages\/4495","targetHints":{"allow":["GET"]}}],"collection":[{"href":"https:\/\/semmelweis.hu\/fok-tovabbkepzes\/wp-json\/wp\/v2\/pages"}],"about":[{"href":"https:\/\/semmelweis.hu\/fok-tovabbkepzes\/wp-json\/wp\/v2\/types\/page"}],"author":[{"embeddable":true,"href":"https:\/\/semmelweis.hu\/fok-tovabbkepzes\/wp-json\/wp\/v2\/users\/101231"}],"replies":[{"embeddable":true,"href":"https:\/\/semmelweis.hu\/fok-tovabbkepzes\/wp-json\/wp\/v2\/comments?post=4495"}],"version-history":[{"count":1,"href":"https:\/\/semmelweis.hu\/fok-tovabbkepzes\/wp-json\/wp\/v2\/pages\/4495\/revisions"}],"predecessor-version":[{"id":4496,"href":"https:\/\/semmelweis.hu\/fok-tovabbkepzes\/wp-json\/wp\/v2\/pages\/4495\/revisions\/4496"}],"up":[{"embeddable":true,"href":"https:\/\/semmelweis.hu\/fok-tovabbkepzes\/wp-json\/wp\/v2\/pages\/4348"}],"wp:attachment":[{"href":"https:\/\/semmelweis.hu\/fok-tovabbkepzes\/wp-json\/wp\/v2\/media?parent=4495"}],"wp:term":[{"taxonomy":"category","embeddable":true,"href":"https:\/\/semmelweis.hu\/fok-tovabbkepzes\/wp-json\/wp\/v2\/categories?post=4495"},{"taxonomy":"post_tag","embeddable":true,"href":"https:\/\/semmelweis.hu\/fok-tovabbkepzes\/wp-json\/wp\/v2\/tags?post=4495"}],"curies":[{"name":"wp","href":"https:\/\/api.w.org\/{rel}","templated":true}]}}