{"id":4493,"date":"2022-01-26T15:01:24","date_gmt":"2022-01-26T14:01:24","guid":{"rendered":"https:\/\/semmelweis.hu\/fok-tovabbkepzes\/?page_id=4493"},"modified":"2025-11-07T15:33:55","modified_gmt":"2025-11-07T14:33:55","slug":"tanfolyam-akkreditacio","status":"publish","type":"page","link":"https:\/\/semmelweis.hu\/fok-tovabbkepzes\/tovabbkepzes\/tanfolyamszervezok\/tanfolyam-akkreditacio\/","title":{"rendered":"Tanfolyam akkredit\u00e1ci\u00f3"},"content":{"rendered":"<p style=\"text-align: justify\"><strong>Tanfolyamszervez\u0151k r\u00e9sz\u00e9re<\/strong><\/p>\n<p style=\"text-align: justify\"><strong>T\u00e1j\u00e9koztat\u00f3<\/strong><\/p>\n<p style=\"text-align: justify\">A 64\/2011. (XI.29.) NEFMI rendelet az orvosok, fogorvosok \u00e9s gy\u00f3gyszer\u00e9szek szab\u00e1lyrendszer\u00e9t tekintve ugyan egys\u00e9ges, de szakmai tartalm\u00e1t tekintve elt\u00e9r\u0151.<\/p>\n<p style=\"text-align: justify\">64\/2011. (XI.29) NEFM rendelet 6.\u00a7 bekezd\u00e9sei \u00e9rtelm\u00e9ben:<\/p>\n<p style=\"text-align: justify\"><em>(1) \u201eA fels\u0151oktat\u00e1si int\u00e9zm\u00e9ny az 1. mell\u00e9kletben foglaltak figyelembev\u00e9tel\u00e9vel pontsz\u00e1maj\u00e1nl\u00e1ssal l\u00e1tja el az egyes tov\u00e1bbk\u00e9pz\u00e9si programokat, \u00e9s valamennyi hozz\u00e1 beny\u00fajtott, elb\u00edr\u00e1lt programot janu\u00e1r 31-ig, illetve szeptember 15-ig k\u00f6zvetlen\u00fcl megk\u00fcld az Eg\u00e9szs\u00e9g\u00fcgyi Szakmai Koll\u00e9gium (a tov\u00e1bbiakban: Szakmai Koll\u00e9gium) illet\u00e9kes tagozat\u00e1nak, valamint az Eg\u00e9szs\u00e9g\u00fcgyi Szakk\u00e9pz\u00e9si \u00e9s Tov\u00e1bbk\u00e9pz\u00e9si Tan\u00e1csnak (a tov\u00e1bbiakban:ESZTT).\u201d<\/em><\/p>\n<p style=\"text-align: justify\"><em>\u00a0(2) \u201eA programra \u00e9s a pont\u00e9rt\u00e9k\u00e9re a Szakmai Koll\u00e9gium illet\u00e9kes tagozata, valamint az ESZTT febru\u00e1r 15-ig, illetve szeptember 30-ig tehet javaslatot. A pont\u00e9rt\u00e9kekr\u0151l az \u00c1llami Eg\u00e9szs\u00e9g\u00fcgyi Ell\u00e1t\u00f3 K\u00f6zpont (a tov\u00e1bbiakban: \u00c1EEK) f\u0151igazgat\u00f3ja d\u00f6nt a Szakmai Koll\u00e9gium, a fels\u0151oktat\u00e1si int\u00e9zm\u00e9ny \u00e9s az ESZTT javaslata alapj\u00e1n az 1. mell\u00e9kletben foglaltak szerint adhat\u00f3 pont\u00e9rt\u00e9kek figyelembev\u00e9tel\u00e9vel. Az \u00c1EEK f\u0151igazgat\u00f3ja a j\u00f3v\u00e1hagyott tov\u00e1bbk\u00e9pz\u00e9si pont\u00e9rt\u00e9keket m\u00e1rcius 1-j\u00e9ig, valamint okt\u00f3ber 15-ig elektronikus \u00faton, a fels\u0151oktat\u00e1si int\u00e9zm\u00e9nyek, a tov\u00e1bbk\u00e9pz\u00e9s szervez\u0151je, valamint a tov\u00e1bbk\u00e9pz\u00e9sre k\u00f6telezettek sz\u00e1m\u00e1ra hozz\u00e1f\u00e9rhet\u0151v\u00e9 teszi.\u201d<\/em><\/p>\n<p style=\"text-align: justify\"><em>(3) \u201eAz \u00c1EEK f\u0151igazgat\u00f3ja a min\u0151s\u00edtett tov\u00e1bbk\u00e9pz\u00e9si programok 5. \u00a7 (3) bekezd\u00e9se szerinti adatait, valamint a meg\u00e1llap\u00edtott pont\u00e9rt\u00e9ket \u2013 az eg\u00e9szs\u00e9g\u00fcgyben m\u0171k\u00f6d\u0151 szakmai kamar\u00e1kr\u00f3l sz\u00f3l\u00f3 2006. \u00e9vi XCVII. t\u00f6rv\u00e9ny (a tov\u00e1bbiakban: Ekt.) 2. \u00a7 k) pontja szerinti k\u00f6zz\u00e9t\u00e9teli k\u00f6telezetts\u00e9g teljes\u00edt\u00e9se \u00e9rdek\u00e9ben \u2013 megk\u00fcldi az illet\u00e9kes szakmai kamar\u00e1nak.\u201d<\/em><\/p>\n<p style=\"text-align: justify\"><em>(4) \u201eA tov\u00e1bbk\u00e9pz\u00e9s szervez\u0151je k\u00f6teles a tov\u00e1bbk\u00e9pz\u00e9si program 5. \u00a7 (3) bekezd\u00e9se szerinti adatait, valamint a megszerezhet\u0151 pont\u00e9rt\u00e9ket az oktat\u00e1si \u00e9vhez igazod\u00f3an az \u00e9rintettek sz\u00e1m\u00e1ra hozz\u00e1f\u00e9rhet\u0151 form\u00e1ban k\u00f6zz\u00e9tenni.\u201d<\/em><\/p>\n<p style=\"text-align: justify\">A tanfolyam programj\u00e1t, szakmais\u00e1g\u00e1t figyelembe v\u00e9ve a megfelel\u0151 karra beadott tanfolyamakkredit\u00e1ci\u00f3 pontsz\u00e1m\u00e1t elb\u00edr\u00e1lva a fels\u0151oktat\u00e1si int\u00e9zm\u00e9ny javaslatot tesz, a v\u00e9gs\u0151 pontsz\u00e1m megad\u00e1s\u00e1t az OKF\u0150 (jogel\u0151dje: \u00c1EEK) adja meg.<\/p>\n<p style=\"text-align: justify\">A fels\u0151oktat\u00e1si int\u00e9zm\u00e9nyek \u00e9s a Szakmai Koll\u00e9gium illet\u00e9kes Tagozata a pontsz\u00e1mokra tett javaslataik sor\u00e1n arra t\u00f6rekednek, hogy igazs\u00e1gosan azt vegy\u00e9k alapul, hogy az adott tanfolyam mennyiben szolg\u00e1lja a koll\u00e9g\u00e1k adott szakter\u00fclethez sz\u00fcks\u00e9ges tud\u00e1s elsaj\u00e1t\u00edt\u00e1s\u00e1t. (P\u00e9ld\u00e1ul egy aneszteziol\u00f3gusoknak meghirdetett tanfolyam lehet nagyon magas sz\u00ednvonal\u00fa, \u00e9s \u00e1llhat nagyon \u00e9rt\u00e9kes el\u0151ad\u00e1sokb\u00f3l, de ha az el\u0151ad\u00e1sok k\u00f6z\u00f6tt csup\u00e1n egy van, amelyik val\u00f3ban fogorvosoknak sz\u00f3l, akkor a pontokat is annak megfelel\u0151en javasolja megadni a k\u00e9pz\u0151hely \u00e9s a szakmai koll\u00e9gium, hiszen a tanfolyamok c\u00e9lja az adott szakter\u00fclethez tartoz\u00f3 ismeretek elsaj\u00e1t\u00edt\u00e1sa.)<\/p>\n<p style=\"text-align: justify\">Amennyiben a fentiekt\u0151l elt\u00e9r\u0151en (els\u0151dlegesen \u00e1ltal\u00e1nos orvosoknak meghirdetett tanfolyamot) fogorvosoknak is szeretn\u00e9nek meghirdetni a tanfolyamszervez\u0151k olyan tanfolyamot, amely szakmais\u00e1g\u00e1t tekintve nem teljesen vonatkozik a fogorvosokra, javasoljuk, hogy a megfelel\u0151 Szakmai Koll\u00e9gium Tagozat\u00e1nak adja be az OFTEX port\u00e1l fel\u00fclet\u00e9n akkredit\u00e1ci\u00f3ra (Fog- \u00e9s Sz\u00e1jbetegs\u00e9gek Tagozat). Ebben az esetben a Szakmai Koll\u00e9gium Fog \u2013 \u00e9s Sz\u00e1jbetegs\u00e9gek Tagozat\u00e1nak lehet\u0151s\u00e9ge lesz javaslatot tenni a fogorvosok sz\u00e1m\u00e1ra adand\u00f3 pontsz\u00e1mra, \u00e9s \u00edgy a tanfolyamot v\u00e1laszt\u00f3 fogorvos koll\u00e9ga el\u0151re tudni fogja, ez a v\u00e9gelsz\u00e1mol\u00e1skor mennyi pontot fog sz\u00e1m\u00e1ra jelenteni<\/p>\n<p style=\"text-align: justify\">K\u00e9rj\u00fck, \u00fcgyeljen arra, hogy a tanfolyama \u2013amennyiben nyomtatott vagy e-mail form\u00e1j\u00e1ban hirdeti meg- minden esetben az OFTEX port\u00e1lon k\u00f6zz\u00e9tett adatokkal megegyezzen.<\/p>\n<p style=\"text-align: justify\">\u00a0 \u00a0 \u00a0 \u00a0 \u00a0 \u00a0 \u00a0 \u00a0 \u00a0 \u00a0 \u00a0 \u00a0 \u00a0 \u00a0 \u00a0 \u00a0 \u00a0 \u00a0 \u00a0 \u00a0 \u00a0 \u00a0 \u00a0 \u00a0 \u00a0 \u00a0 \u00a0 \u00a0 \u00a0 \u00a0 \u00a0 \u00a0 \u00a0 \u00a0 \u00a0 \u00a0 \u00a0 \u00a0 \u00a0 \u00a0 \u00a0 \u00a0 \u00a0 \u00a0 \u00a0 \u00a0 \u00a0 \u00a0 \u00a0 Semmelweis Egyetem<br \/>\n\u00a0 \u00a0 \u00a0 \u00a0 \u00a0 \u00a0 \u00a0 \u00a0 \u00a0 \u00a0 \u00a0 \u00a0 \u00a0 \u00a0 \u00a0 \u00a0 \u00a0 \u00a0 \u00a0 \u00a0 \u00a0 \u00a0 \u00a0 \u00a0 \u00a0 \u00a0 \u00a0 \u00a0 \u00a0 \u00a0 \u00a0 \u00a0 \u00a0 \u00a0 \u00a0 \u00a0 \u00a0 \u00a0 \u00a0 \u00a0 \u00a0 \u00a0 \u00a0 \u00a0 \u00a0 \u00a0 \u00a0 \u00a0 \u00a0Fogorvostudom\u00e1nyi Kar<br \/>\n\u00a0 \u00a0 \u00a0 \u00a0 \u00a0 \u00a0 \u00a0 \u00a0 \u00a0 \u00a0 \u00a0 \u00a0 \u00a0 \u00a0 \u00a0 \u00a0 \u00a0 \u00a0 \u00a0 \u00a0 \u00a0 \u00a0 \u00a0 \u00a0 \u00a0 \u00a0 \u00a0 \u00a0 \u00a0 \u00a0 \u00a0 \u00a0 \u00a0 \u00a0 Szak- \u00e9s Tov\u00e1bbk\u00e9pz\u00e9si K\u00f6zpont Fogorvostudom\u00e1nyi R\u00e9szlege<\/p>\n<ul>\n<li style=\"text-align: justify\"><a href=\"https:\/\/semmelweis.hu\/fok-tovabbkepzes\/files\/2021\/10\/FAR-R%C3%A9sztvev%C5%91k-import-sablon.xlsx\">FAR R\u00e9sztvev\u0151k import sablon<\/a><\/li>\n<li style=\"text-align: justify\"><a href=\"https:\/\/semmelweis.hu\/fok-tovabbkepzes\/files\/2021\/10\/Feln%C5%91ttoktat%C3%A1s-FAR-T%C3%A1j%C3%A9koztat%C3%B3.pdf\">Feln\u0151ttoktat\u00e1s (FAR) t\u00e1j\u00e9koztat\u00f3<\/a><\/li>\n<li style=\"text-align: justify\"><a href=\"https:\/\/semmelweis.hu\/fok-tovabbkepzes\/files\/2025\/11\/Portalnyitas_belsok_2026_II._felev.pdf\">Port\u00e1lnyit\u00e1s 2026. II. f\u00e9l\u00e9v \u2013 tanfolyam min\u0151s\u00edt\u00e9s (bels\u0151s, egyetemi tanfolyamszervez\u0151k)<\/a><\/li>\n<li style=\"text-align: justify\"><a href=\"https:\/\/semmelweis.hu\/fok-tovabbkepzes\/files\/2025\/11\/Portalnyitas_kulsok_2026_II_felev.pdf\">Port\u00e1lnyit\u00e1s 2026. II. f\u00e9l\u00e9v \u2013 tanfolyam min\u0151s\u00edt\u00e9s (k\u00fcls\u0151s tanfolyamszervez\u0151k)<\/a><\/li>\n<\/ul>\n","protected":false},"excerpt":{"rendered":"<p>Tanfolyamszervez\u0151k r\u00e9sz\u00e9re T\u00e1j\u00e9koztat\u00f3 A 64\/2011. (XI.29.) NEFMI rendelet az orvosok, fogorvosok \u00e9s gy\u00f3gyszer\u00e9szek szab\u00e1lyrendszer\u00e9t tekintve ugyan egys\u00e9ges, de szakmai tartalm\u00e1t tekintve elt\u00e9r\u0151. 64\/2011. (XI.29) NEFM rendelet 6.\u00a7 bekezd\u00e9sei \u00e9rtelm\u00e9ben: (1) \u201eA fels\u0151oktat\u00e1si int\u00e9zm\u00e9ny az 1. mell\u00e9kletben foglaltak figyelembev\u00e9tel\u00e9vel pontsz\u00e1maj\u00e1nl\u00e1ssal l\u00e1tja el az egyes tov\u00e1bbk\u00e9pz\u00e9si programokat, \u00e9s valamennyi hozz\u00e1 beny\u00fajtott, elb\u00edr\u00e1lt programot janu\u00e1r 31-ig, illetve szeptember &hellip;<\/p>\n","protected":false},"author":101231,"featured_media":0,"parent":4348,"menu_order":1,"comment_status":"closed","ping_status":"closed","template":"","meta":{"_acf_changed":false,"footnotes":""},"categories":[],"tags":[],"class_list":["post-4493","page","type-page","status-publish","hentry"],"acf":[],"_links":{"self":[{"href":"https:\/\/semmelweis.hu\/fok-tovabbkepzes\/wp-json\/wp\/v2\/pages\/4493","targetHints":{"allow":["GET"]}}],"collection":[{"href":"https:\/\/semmelweis.hu\/fok-tovabbkepzes\/wp-json\/wp\/v2\/pages"}],"about":[{"href":"https:\/\/semmelweis.hu\/fok-tovabbkepzes\/wp-json\/wp\/v2\/types\/page"}],"author":[{"embeddable":true,"href":"https:\/\/semmelweis.hu\/fok-tovabbkepzes\/wp-json\/wp\/v2\/users\/101231"}],"replies":[{"embeddable":true,"href":"https:\/\/semmelweis.hu\/fok-tovabbkepzes\/wp-json\/wp\/v2\/comments?post=4493"}],"version-history":[{"count":10,"href":"https:\/\/semmelweis.hu\/fok-tovabbkepzes\/wp-json\/wp\/v2\/pages\/4493\/revisions"}],"predecessor-version":[{"id":5386,"href":"https:\/\/semmelweis.hu\/fok-tovabbkepzes\/wp-json\/wp\/v2\/pages\/4493\/revisions\/5386"}],"up":[{"embeddable":true,"href":"https:\/\/semmelweis.hu\/fok-tovabbkepzes\/wp-json\/wp\/v2\/pages\/4348"}],"wp:attachment":[{"href":"https:\/\/semmelweis.hu\/fok-tovabbkepzes\/wp-json\/wp\/v2\/media?parent=4493"}],"wp:term":[{"taxonomy":"category","embeddable":true,"href":"https:\/\/semmelweis.hu\/fok-tovabbkepzes\/wp-json\/wp\/v2\/categories?post=4493"},{"taxonomy":"post_tag","embeddable":true,"href":"https:\/\/semmelweis.hu\/fok-tovabbkepzes\/wp-json\/wp\/v2\/tags?post=4493"}],"curies":[{"name":"wp","href":"https:\/\/api.w.org\/{rel}","templated":true}]}}