{"id":4485,"date":"2022-01-26T14:44:39","date_gmt":"2022-01-26T13:44:39","guid":{"rendered":"https:\/\/semmelweis.hu\/fok-tovabbkepzes\/?page_id=4485"},"modified":"2024-08-27T14:42:32","modified_gmt":"2024-08-27T12:42:32","slug":"kulfoldon-teljesitett-egeszsegugyi-tevekenyseg","status":"publish","type":"page","link":"https:\/\/semmelweis.hu\/fok-tovabbkepzes\/tovabbkepzes\/tovabbkepzes\/kulfoldon-teljesitett-egeszsegugyi-tevekenyseg\/","title":{"rendered":"K\u00fclf\u00f6ld\u00f6n teljes\u00edtett eg\u00e9szs\u00e9g\u00fcgyi tev\u00e9kenys\u00e9g"},"content":{"rendered":"<p style=\"text-align: justify\"><strong><em>K\u00fclf\u00f6ld\u00f6n teljes\u00edtett eg\u00e9szs\u00e9g\u00fcgyi tev\u00e9kenys\u00e9g<\/em><\/strong><\/p>\n<p style=\"text-align: justify\">NEFMI 64\/2011 (XI.29) rendelet 9.\u00a7.<\/p>\n<p style=\"text-align: justify\">Aki az \u00f6t\u00e9ves tov\u00e1bbk\u00e9pz\u00e9si id\u0151szak alatt kiz\u00e1r\u00f3lag <strong><u>k\u00fclf\u00f6ld\u00f6n v\u00e9gzett szakir\u00e1ny\u00fa szakk\u00e9pes\u00edt\u00e9s\u00e9vel megegyez\u0151 eg\u00e9szs\u00e9g\u00fcgyi tev\u00e9kenys\u00e9get<\/u><\/strong> \u00e9s a k\u00fclf\u00f6ldi \u00e1llamban teljes\u00edtette a NEFMI 64\/2011 (XI.29) rendelet szerinti elm\u00e9leti tov\u00e1bbk\u00e9pz\u00e9s\u00e9t, annak <strong>az adott \u00e1llamban jogosult szerv<\/strong> \u00e1ltal ki\u00e1ll\u00edtott igazol\u00e1ssal t\u00f6rt\u00e9n\u0151 igazol\u00e1sa eset\u00e9n a tov\u00e1bbk\u00e9pz\u00e9si id\u0151szaka teljes\u00edtettnek min\u0151s\u00fcl.<\/p>\n<p style=\"text-align: justify\">Azonban az a tov\u00e1bbk\u00e9pz\u00e9sre k\u00f6telezett, aki a tov\u00e1bbk\u00e9pz\u00e9si id\u0151szak alatt kiz\u00e1r\u00f3lag k\u00fclf\u00f6ld\u00f6n v\u00e9gez szakir\u00e1ny\u00fa eg\u00e9szs\u00e9g\u00fcgyi tev\u00e9kenys\u00e9get, de <strong><u>nem teljes\u00edti<\/u> az adott orsz\u00e1g tov\u00e1bbk\u00e9pz\u00e9si szerve \u00e1ltal el\u0151\u00edrt k\u00f6telez\u0151 elm\u00e9leti<\/strong> <strong>tov\u00e1bbk\u00e9pz\u00e9seket, vagy az adott orsz\u00e1g tov\u00e1bbk\u00e9pz\u00e9si szerve <u>nem tud kibocs\u00e1tani<\/u> egy \u00f6sszes\u00edt\u0151 Igazol\u00e1st a fenti k\u00e9pz\u00e9sek teljes\u00edt\u00e9s\u00e9r\u0151l<\/strong>, m\u00e1s elb\u00edr\u00e1l\u00e1s al\u00e1 esik: a k\u00fclf\u00f6ldi munkahelyi igazol\u00e1s (a gyakorlati pontok j\u00f3v\u00e1\u00edr\u00e1s\u00e1hoz), \u00e9s a Magyarorsz\u00e1gon elv\u00e9gzett, a szakk\u00e9pes\u00edt\u00e9s\u00e9hez tartoz\u00f3 k\u00f6telez\u0151 szinten tart\u00f3 tanfolyam sikeres elv\u00e9gz\u00e9se ut\u00e1n min\u0151s\u00fcl a tov\u00e1bbk\u00e9pz\u00e9si peri\u00f3dusa teljes\u00edtettnek.<\/p>\n<p style=\"text-align: justify\"><strong><u>Az adott \u00e1llam tov\u00e1bbk\u00e9pz\u00e9si szerve \u00e1ltal<\/u><\/strong> a tov\u00e1bbk\u00e9pz\u00e9s elm\u00e9leti r\u00e9sz\u00e9nek teljes\u00edt\u00e9s\u00e9r\u0151l kiadott \u201eIgazol\u00e1s\u201d, valamint az adott \u00e1llamban v\u00e9gzett eg\u00e9szs\u00e9g\u00fcgyi tev\u00e9kenys\u00e9g igazol\u00e1s\u00e1ra <strong><u>az adott \u00e1llamban kiadott \u201emunkaviszony igazol\u00e1s\u201d<\/u><\/strong> elfogad\u00e1s\u00e1hoz a Semmelweis Egyetem Szak- \u00e9s Tov\u00e1bbk\u00e9pz\u00e9si K\u00f6zpont Fogorvostudom\u00e1nyi R\u00e9szleg r\u00e9sz\u00e9re az \u201eIgazol\u00e1s\u201d, illetve a dokumentumok <strong><u>hiteles magyar nyelv\u0171, vagy hiteles\u00edtett magyar nyelv\u0171 ford\u00edt\u00e1s\u00e1t<\/u><\/strong> beny\u00fajtani sz\u00edveskedj\u00e9k.<\/p>\n<p style=\"text-align: justify\">Jogszab\u00e1lyi h\u00e1tt\u00e9r:<\/p>\n<p style=\"text-align: justify\">NEFMI 64\/2011 (XI.29) rendelet 9.\u00a7.<\/p>\n<p style=\"text-align: justify\">(1) Annak a tov\u00e1bbk\u00e9pz\u00e9sre k\u00f6telezettnek, aki a tov\u00e1bbk\u00e9pz\u00e9si id\u0151szak alatt kiz\u00e1r\u00f3lag k\u00fclf\u00f6ld\u00f6n v\u00e9gzett t\u00e9nylegesen \u00e9s jogszer\u0171en eg\u00e9szs\u00e9g\u00fcgyi tev\u00e9kenys\u00e9get \u00e9s a k\u00fclf\u00f6ldi \u00e1llamban az eg\u00e9szs\u00e9g\u00fcgyi tev\u00e9kenys\u00e9g v\u00e9gz\u00e9s\u00e9hez sz\u00fcks\u00e9ges elm\u00e9leti \u00e9s e rendelet szerinti gyakorlati tov\u00e1bbk\u00e9pz\u00e9si k\u00f6telezetts\u00e9g\u00e9t teljes\u00edtette, ennek \u2013 a tov\u00e1bbk\u00e9pz\u00e9s elm\u00e9leti r\u00e9sz\u00e9nek igazol\u00e1s\u00e1ra az adott \u00e1llamban jogosult szerv \u00e1ltal ki\u00e1ll\u00edtott igazol\u00e1ssal t\u00f6rt\u00e9n\u0151 \u2013 igazol\u00e1sa eset\u00e9n a tov\u00e1bbk\u00e9pz\u00e9si id\u0151szaka teljes\u00edtettnek min\u0151s\u00fcl.<\/p>\n<p style=\"text-align: justify\">(2) Annak a tov\u00e1bbk\u00e9pz\u00e9sre k\u00f6telezettnek, aki a tov\u00e1bbk\u00e9pz\u00e9si id\u0151szak alatt kiz\u00e1r\u00f3lag k\u00fclf\u00f6ld\u00f6n v\u00e9gzett t\u00e9nylegesen \u00e9s jogszer\u0171en eg\u00e9szs\u00e9g\u00fcgyi tev\u00e9kenys\u00e9get, azonban a k\u00fclf\u00f6ldi \u00e1llam joga alapj\u00e1n k\u00f6telez\u0151 elm\u00e9leti tov\u00e1bbk\u00e9pz\u00e9sen nem vett r\u00e9szt, a gyakorlati tov\u00e1bbk\u00e9pz\u00e9s e rendelet szerinti igazol\u00e1sa, valamint a szakk\u00e9pes\u00edt\u00e9s\u00e9nek megfelel\u0151, e rendelet szerinti k\u00f6telez\u0151 szintentart\u00f3 tov\u00e1bbk\u00e9pz\u00e9s teljes\u00edt\u00e9se eset\u00e9n a tov\u00e1bbk\u00e9pz\u00e9si id\u0151szaka teljes\u00edtettnek min\u0151s\u00fcl<\/p>\n<p>Semmelweis Egyetem<br \/>\nSzak- \u00e9s Tov\u00e1bbk\u00e9pz\u00e9si K\u00f6zpont<br \/>\nFogorvostudom\u00e1nyi R\u00e9szleg<\/p>\n<p>M\u00f3dos\u00edtva: 2024. m\u00e1jus 29.<\/p>\n","protected":false},"excerpt":{"rendered":"<p>K\u00fclf\u00f6ld\u00f6n teljes\u00edtett eg\u00e9szs\u00e9g\u00fcgyi tev\u00e9kenys\u00e9g NEFMI 64\/2011 (XI.29) rendelet 9.\u00a7. Aki az \u00f6t\u00e9ves tov\u00e1bbk\u00e9pz\u00e9si id\u0151szak alatt kiz\u00e1r\u00f3lag k\u00fclf\u00f6ld\u00f6n v\u00e9gzett szakir\u00e1ny\u00fa szakk\u00e9pes\u00edt\u00e9s\u00e9vel megegyez\u0151 eg\u00e9szs\u00e9g\u00fcgyi tev\u00e9kenys\u00e9get \u00e9s a k\u00fclf\u00f6ldi \u00e1llamban teljes\u00edtette a NEFMI 64\/2011 (XI.29) rendelet szerinti elm\u00e9leti tov\u00e1bbk\u00e9pz\u00e9s\u00e9t, annak az adott \u00e1llamban jogosult szerv \u00e1ltal ki\u00e1ll\u00edtott igazol\u00e1ssal t\u00f6rt\u00e9n\u0151 igazol\u00e1sa eset\u00e9n a tov\u00e1bbk\u00e9pz\u00e9si id\u0151szaka teljes\u00edtettnek min\u0151s\u00fcl. Azonban az &hellip;<\/p>\n","protected":false},"author":101231,"featured_media":0,"parent":4343,"menu_order":4,"comment_status":"closed","ping_status":"closed","template":"","meta":{"_acf_changed":false,"footnotes":""},"categories":[],"tags":[],"class_list":["post-4485","page","type-page","status-publish","hentry"],"acf":[],"_links":{"self":[{"href":"https:\/\/semmelweis.hu\/fok-tovabbkepzes\/wp-json\/wp\/v2\/pages\/4485","targetHints":{"allow":["GET"]}}],"collection":[{"href":"https:\/\/semmelweis.hu\/fok-tovabbkepzes\/wp-json\/wp\/v2\/pages"}],"about":[{"href":"https:\/\/semmelweis.hu\/fok-tovabbkepzes\/wp-json\/wp\/v2\/types\/page"}],"author":[{"embeddable":true,"href":"https:\/\/semmelweis.hu\/fok-tovabbkepzes\/wp-json\/wp\/v2\/users\/101231"}],"replies":[{"embeddable":true,"href":"https:\/\/semmelweis.hu\/fok-tovabbkepzes\/wp-json\/wp\/v2\/comments?post=4485"}],"version-history":[{"count":6,"href":"https:\/\/semmelweis.hu\/fok-tovabbkepzes\/wp-json\/wp\/v2\/pages\/4485\/revisions"}],"predecessor-version":[{"id":5115,"href":"https:\/\/semmelweis.hu\/fok-tovabbkepzes\/wp-json\/wp\/v2\/pages\/4485\/revisions\/5115"}],"up":[{"embeddable":true,"href":"https:\/\/semmelweis.hu\/fok-tovabbkepzes\/wp-json\/wp\/v2\/pages\/4343"}],"wp:attachment":[{"href":"https:\/\/semmelweis.hu\/fok-tovabbkepzes\/wp-json\/wp\/v2\/media?parent=4485"}],"wp:term":[{"taxonomy":"category","embeddable":true,"href":"https:\/\/semmelweis.hu\/fok-tovabbkepzes\/wp-json\/wp\/v2\/categories?post=4485"},{"taxonomy":"post_tag","embeddable":true,"href":"https:\/\/semmelweis.hu\/fok-tovabbkepzes\/wp-json\/wp\/v2\/tags?post=4485"}],"curies":[{"name":"wp","href":"https:\/\/api.w.org\/{rel}","templated":true}]}}