{"id":4483,"date":"2022-01-26T14:43:43","date_gmt":"2022-01-26T13:43:43","guid":{"rendered":"https:\/\/semmelweis.hu\/fok-tovabbkepzes\/?page_id=4483"},"modified":"2025-05-09T09:19:39","modified_gmt":"2025-05-09T07:19:39","slug":"kotelezo-szinten-tarto","status":"publish","type":"page","link":"https:\/\/semmelweis.hu\/fok-tovabbkepzes\/tovabbkepzes\/tovabbkepzes\/kotelezo-szinten-tarto\/","title":{"rendered":"K\u00f6telez\u0151 szintentart\u00f3"},"content":{"rendered":"<p style=\"text-align: justify\"><strong>A T\u00c9R\u00cdT\u00c9SMENTESs\u00e9get, abban az esetben lehet ig\u00e9nybe venni, ha a r\u00e9szt vev\u0151 teljes\u00edti a k\u00f6telez\u0151 szintentart\u00f3 pontsz\u00e1m megszerz\u00e9s\u00e9nek felt\u00e9tel\u00e9t.<\/strong> (Azaz a tanfolyam id\u0151tartam\u00e1nak (3 nap) legal\u00e1bb 75%-\u00e1n igazoltan r\u00e9szt vett, \u00e9s a tud\u00e1sszintfelm\u00e9r\u0151 tesztet sikeresen teljes\u00edtette.) <strong><u>Nem teljes\u00edtett vagy sikertelen vizsga eset\u00e9ben a tanfolyam r\u00e9szv\u00e9tele d\u00edjk\u00f6teles, melyet ut\u00f3lag kell a r\u00e9szt vev\u0151nek megfizetni.<\/u><\/strong><\/p>\n<p style=\"text-align: justify\"><strong>Tisztelt Vizsg\u00e1z\u00f3!<\/strong><\/p>\n<p style=\"text-align: justify\">\u00a0A k\u00f6telez\u0151 szinten tart\u00f3 tanfolyamhoz tartoz\u00f3 elektronikus vizsga teljes\u00edt\u00e9s\u00e9hez az al\u00e1bbiakr\u00f3l t\u00e1j\u00e9koztatjuk.<\/p>\n<p style=\"text-align: justify\">A r\u00e9sztesztek az el\u0151ad\u00e1s napj\u00e1n az utols\u00f3 el\u0151ad\u00e1st k\u00f6vet\u0151en (17.00 \u00f3r\u00e1t\u00f3l) m\u00e1r megoldhat\u00f3k, eg\u00e9szen <strong>egy\u00a0h\u00e9ten \u00e1t<\/strong> el\u00e9rhet\u0151. Mindenkinek <strong>h\u00e1rom pr\u00f3b\u00e1lkoz\u00e1si lehet\u0151s\u00e9ge<\/strong> <strong>van egy r\u00e9szteszt megold\u00e1s\u00e1ra, <\/strong>a legmagasabb el\u00e9rt pontsz\u00e1m az \u00e9rv\u00e9nyes. Minden k\u00e9rd\u00e9s megv\u00e1laszol\u00e1s\u00e1ra k\u00e9t percet adunk. <strong>Amennyiben a h\u00e1rom napi r\u00e9szteszt megold\u00e1si \u00e1tlag meghaladta a 66,7%-ot, \u00fagy \u00d6n eleget tett a sz\u00e1monk\u00e9r\u00e9si k\u00f6telezetts\u00e9g\u00e9nek, ha a tanfolyam id\u0151tartam\u00e1nak legal\u00e1bb 75%-\u00e1n jelen volt. <\/strong><\/p>\n<p style=\"text-align: justify\"><strong>A tesztekre elektronikus \u00faton online tudnak v\u00e1laszolni<\/strong> a Semmelweis Egyetem e-learning rendszere seg\u00edts\u00e9g\u00e9vel. Az online tesztek meg\u00edr\u00e1s\u00e1hoz internetes kapcsolattal rendelkez\u0151 asztali sz\u00e1m\u00edt\u00f3g\u00e9p (PC) vagy laptop sz\u00fcks\u00e9ges.<\/p>\n<p style=\"text-align: justify\"><u>A k\u00f6vetkez\u0151kben a teszttel kapcsolatos gyakorlati k\u00e9rd\u00e9sekkel szeretn\u00e9nk \u00d6n\u00f6ket megismertetni:<\/u><\/p>\n<p style=\"text-align: justify\">A regisztr\u00e1lt r\u00e9szvev\u0151knek <strong>elektronikus \u00faton<\/strong> juttattuk el <strong>a bel\u00e9p\u00e9shez sz\u00fcks\u00e9ges felhaszn\u00e1l\u00f3nevet \u00e9s jelsz\u00f3t.<\/strong> <strong>Aki a helysz\u00ednen regisztr\u00e1l, az is e-mail \u00fatj\u00e1n kapja meg a teszt\u00edr\u00e1shoz sz\u00fcks\u00e9ges bel\u00e9p\u00e9si adatokat, legk\u00e9s\u0151bb m\u00e1snap reggelig.<\/strong> Az egyetemi e-learning oldalra bejelentkezve nemcsak az online vizsg\u00e1t tudj\u00e1k teljes\u00edteni, de az el\u0151ad\u00e1s anyagait is megtal\u00e1lj\u00e1k.<\/p>\n<p style=\"text-align: justify\"><strong><em><u>A webc\u00edm<\/u><\/em><\/strong><strong><em>: postgrad-cme.semmelweis.hu<\/em><\/strong><\/p>\n<p style=\"text-align: justify\">\u00a0<\/p>\n<table>\n<tbody>\n<tr>\n<td><img loading=\"lazy\" decoding=\"async\" class=\"alignnone  wp-image-4387\" src=\"https:\/\/semmelweis.hu\/fok-tovabbkepzes\/files\/2021\/10\/K%C3%A9p-1-361x400.png\" alt=\"\" width=\"250\" height=\"277\" \/><\/td>\n<td>\n<p><strong><u>Bejelentkez\u00e9s PC-r\u0151l:<\/u><\/strong><\/p>\n<p>Az \u00d6n \u00e1ltal haszn\u00e1lt b\u00f6ng\u00e9sz\u0151vel nyissa meg az postgrad-cme.semmelweis.hu \u2013 linket, majd a ny\u00edllal jel\u00f6lt r\u00e9szre r\u00e1kattintva jelentkezzen be.<\/p>\n<p>A bejelentkez\u00e9sn\u00e9l az e-mailben kapott felhaszn\u00e1l\u00f3nev\u00e9t \u00e9s jelszav\u00e1t \u00edrja be, \u00e9s kattintson a\u00a0<em>\u201eBel\u00e9p\u00e9s\u201d<\/em>\u00a0gombra.<\/p>\n<\/td>\n<\/tr>\n<\/tbody>\n<\/table>\n<p style=\"text-align: justify\"><img loading=\"lazy\" decoding=\"async\" class=\"alignnone  wp-image-4388\" src=\"https:\/\/semmelweis.hu\/fok-tovabbkepzes\/files\/2021\/10\/K%C3%A9p-2-400x172.png\" alt=\"\" width=\"721\" height=\"310\" \/><\/p>\n<p style=\"text-align: justify\">A kurzusaim alatt tal\u00e1lhat\u00f3 pl.: \u201eFogp\u00f3tl\u00e1stan, Endodontia, Konzerv\u00e1l\u00f3 fog\u00e1szat \u00e9s fogp\u00f3tl\u00e1stan\u201d-ra kattintva jutunk el a napi tesztekhez \u00e9s az oktat\u00e1si anyagokhoz.<\/p>\n<p style=\"text-align: justify\">Ezut\u00e1n megny\u00edlik a tanfolyam ablaka. Itt tal\u00e1lhat\u00f3k a tanfolyam el\u0151ad\u00e1sainak anyagai, valamint innen lehet elind\u00edtani a tesztkit\u00f6lt\u00e9st is.<\/p>\n<p style=\"text-align: justify\"><strong>A megfelel\u0151 linkre kattintva \u00e9rheti el a k\u00edv\u00e1nt anyagot.<\/strong><\/p>\n<p style=\"text-align: justify\"><img loading=\"lazy\" decoding=\"async\" class=\"alignnone  wp-image-4389\" src=\"https:\/\/semmelweis.hu\/fok-tovabbkepzes\/files\/2021\/10\/K%C3%A9p-3-400x169.png\" alt=\"\" width=\"720\" height=\"304\" \/><\/p>\n<p style=\"text-align: justify\"><strong>Teszt\u00edr\u00e1s:<\/strong><\/p>\n<p style=\"text-align: justify\">A megfelel\u0151 napi tesztk\u00e9rd\u00e9s kiv\u00e1laszt\u00e1sa ut\u00e1n tudja elkezdeni a tesztek megold\u00e1s\u00e1t.<\/p>\n<p style=\"text-align: justify\"><strong>Figyelem!<\/strong> A teszt kit\u00f6lt\u00e9s\u00e9t csak akkor kezdje el, ha van ideje befejezni! El\u0151ad\u00e1sonk\u00e9nt 3 k\u00e9rd\u00e9sre pl.: 7 el\u0151ad\u00e1s eset\u00e9ben 21 k\u00e9rd\u00e9sre kell v\u00e1laszolni. Minden k\u00e9rd\u00e9sre 2 perc, vagyis \u00f6sszesen 42 perc \u00e1ll rendelkez\u00e9s\u00e9re. Ha elkezdte a tesztek megold\u00e1s\u00e1t, nincs arra lehet\u0151s\u00e9ge, hogy megszak\u00edtsa a v\u00e1laszad\u00e1st. Az id\u0151 nem \u00e1ll meg, a rendszer pedig az id\u0151 lej\u00e1rt\u00e1val automatikusan lez\u00e1rja a tesztet \u00e9s a megold\u00e1sokat ki\u00e9rt\u00e9keli. <\/p>\n<p><strong>A<\/strong> <strong>tanfolyam ideje alatt \u00e9s az azt k\u00f6vet\u0151 napokban \u00f6sszesen 3 pr\u00f3b\u00e1lkoz\u00e1si lehet\u0151s\u00e9ge van minden tesztsorozatra.<\/strong><\/p>\n<p style=\"text-align: justify\">A helyesnek v\u00e9lt v\u00e1lasz melletti \u00fcres k\u00f6rbe kattintva v\u00e1laszthat. Amennyiben v\u00e9gzett a k\u00e9rd\u00e9sek megv\u00e1laszol\u00e1s\u00e1val, \u00fagy a <em>\u201ePr\u00f3b\u00e1lkoz\u00e1s v\u00e9g\u00e9\u201d-<\/em>re kattintva fejezheti be a teszt kit\u00f6lt\u00e9s\u00e9t.<\/p>\n<p style=\"text-align: justify\">Miel\u0151tt leadn\u00e1 a tesztet a rendszer \u00f6sszegzi v\u00e1laszait \u00e9s figyelmezteti, ha megv\u00e1laszolatlan k\u00e9rd\u00e9sei maradtak. Amennyiben a \u201e<em>vissza a pr\u00f3b\u00e1lkoz\u00e1shoz<\/em>\u201d gombra kattint, m\u00f3dj\u00e1ban \u00e1ll visszat\u00e9rni a k\u00e9rd\u00e9sek megv\u00e1laszol\u00e1s\u00e1hoz.<\/p>\n<p style=\"text-align: justify\">Ha \u201e<em>az \u00f6sszes lead\u00e1sa \u00e9s befejez\u00e9se<\/em>\u201d gombot v\u00e1lasztja, a rendszer m\u00e9g egyszer figyelmezteti, hogy val\u00f3ban le akarja-e adni a tesztet.<\/p>\n<p style=\"text-align: justify\">Ha igen, akkor a k\u00f6vetkez\u0151 ablakban megjelenik, hogy siker\u00fclt-e teljes\u00edtenie a tesztet. Ha nem, akkor a rendszer ki\u00edrja, hogy m\u00e9g h\u00e1ny pr\u00f3b\u00e1lkoz\u00e1si lehet\u0151s\u00e9ge van h\u00e1tra.<\/p>\n<p style=\"text-align: justify\">A teszt\u00edr\u00e1s sor\u00e1n felmer\u00fcl\u0151 probl\u00e9m\u00e1kat <strong>munkaid\u0151ben<\/strong> a <strong>06-20-670-1747-es<\/strong> telefonsz\u00e1mon, <strong>munkaid\u0151n t\u00fal <\/strong>pedig a<strong> segitseg@e-learning.semmelweis.hu<\/strong> c\u00edmre \u00edrt \u00fczenettel <strong>jelezheti.<\/strong><\/p>\n<p style=\"text-align: justify\">Sikeres vizsg\u00e1z\u00e1st k\u00edv\u00e1nunk!<\/p>\n<p>\u00dcdv\u00f6zlettel,<\/p>\n<p>SE Fogorvostudom\u00e1nyi Kar<br \/>\nSzak- \u00e9s Tov\u00e1bbk\u00e9pz\u00e9si K\u00f6zpont<br \/>\nFogorvostudom\u00e1nyi R\u00e9szleg<\/p>\n<p style=\"text-align: justify\">M\u00f3dos\u00edtva: 2025. m\u00e1jus 9.<\/p>\n<ul>\n<li style=\"text-align: justify\"><a href=\"https:\/\/semmelweis.hu\/fok-tovabbkepzes\/files\/2024\/08\/Kotelezo-szintentarto-tanfolyam-reszveteli-dij-atvallalasahoz-Koltsegatvallalasi-nyilatkozat.pdf\">K\u00f6telez\u0151 szinten tart\u00f3 k\u00f6lts\u00e9g\u00e1tv\u00e1llal\u00e1si nyilatkozat<\/a><\/li>\n<\/ul>\n","protected":false},"excerpt":{"rendered":"<p>A T\u00c9R\u00cdT\u00c9SMENTESs\u00e9get, abban az esetben lehet ig\u00e9nybe venni, ha a r\u00e9szt vev\u0151 teljes\u00edti a k\u00f6telez\u0151 szintentart\u00f3 pontsz\u00e1m megszerz\u00e9s\u00e9nek felt\u00e9tel\u00e9t. (Azaz a tanfolyam id\u0151tartam\u00e1nak (3 nap) legal\u00e1bb 75%-\u00e1n igazoltan r\u00e9szt vett, \u00e9s a tud\u00e1sszintfelm\u00e9r\u0151 tesztet sikeresen teljes\u00edtette.) Nem teljes\u00edtett vagy sikertelen vizsga eset\u00e9ben a tanfolyam r\u00e9szv\u00e9tele d\u00edjk\u00f6teles, melyet ut\u00f3lag kell a r\u00e9szt vev\u0151nek megfizetni. Tisztelt Vizsg\u00e1z\u00f3! &hellip;<\/p>\n","protected":false},"author":101231,"featured_media":0,"parent":4343,"menu_order":3,"comment_status":"closed","ping_status":"closed","template":"","meta":{"_acf_changed":false,"footnotes":""},"categories":[],"tags":[],"class_list":["post-4483","page","type-page","status-publish","hentry"],"acf":[],"_links":{"self":[{"href":"https:\/\/semmelweis.hu\/fok-tovabbkepzes\/wp-json\/wp\/v2\/pages\/4483","targetHints":{"allow":["GET"]}}],"collection":[{"href":"https:\/\/semmelweis.hu\/fok-tovabbkepzes\/wp-json\/wp\/v2\/pages"}],"about":[{"href":"https:\/\/semmelweis.hu\/fok-tovabbkepzes\/wp-json\/wp\/v2\/types\/page"}],"author":[{"embeddable":true,"href":"https:\/\/semmelweis.hu\/fok-tovabbkepzes\/wp-json\/wp\/v2\/users\/101231"}],"replies":[{"embeddable":true,"href":"https:\/\/semmelweis.hu\/fok-tovabbkepzes\/wp-json\/wp\/v2\/comments?post=4483"}],"version-history":[{"count":9,"href":"https:\/\/semmelweis.hu\/fok-tovabbkepzes\/wp-json\/wp\/v2\/pages\/4483\/revisions"}],"predecessor-version":[{"id":5266,"href":"https:\/\/semmelweis.hu\/fok-tovabbkepzes\/wp-json\/wp\/v2\/pages\/4483\/revisions\/5266"}],"up":[{"embeddable":true,"href":"https:\/\/semmelweis.hu\/fok-tovabbkepzes\/wp-json\/wp\/v2\/pages\/4343"}],"wp:attachment":[{"href":"https:\/\/semmelweis.hu\/fok-tovabbkepzes\/wp-json\/wp\/v2\/media?parent=4483"}],"wp:term":[{"taxonomy":"category","embeddable":true,"href":"https:\/\/semmelweis.hu\/fok-tovabbkepzes\/wp-json\/wp\/v2\/categories?post=4483"},{"taxonomy":"post_tag","embeddable":true,"href":"https:\/\/semmelweis.hu\/fok-tovabbkepzes\/wp-json\/wp\/v2\/tags?post=4483"}],"curies":[{"name":"wp","href":"https:\/\/api.w.org\/{rel}","templated":true}]}}