{"id":4479,"date":"2022-01-26T14:41:51","date_gmt":"2022-01-26T13:41:51","guid":{"rendered":"https:\/\/semmelweis.hu\/fok-tovabbkepzes\/?page_id=4479"},"modified":"2026-01-30T10:14:19","modified_gmt":"2026-01-30T09:14:19","slug":"folyamatos-tovabbkepzes","status":"publish","type":"page","link":"https:\/\/semmelweis.hu\/fok-tovabbkepzes\/tovabbkepzes\/tovabbkepzes\/folyamatos-tovabbkepzes\/","title":{"rendered":"Folyamatos tov\u00e1bbk\u00e9pz\u00e9s"},"content":{"rendered":"<p style=\"text-align: justify\"><strong><em>Tov\u00e1bbk\u00e9pz\u00e9si rendszerrel kapcsolatos \u00e1ltal\u00e1nos tudnival\u00f3k<\/em><\/strong><\/p>\n<p style=\"text-align: justify\"><strong><u>Eg\u00e9szs\u00e9g\u00fcgyi tev\u00e9kenys\u00e9get Magyarorsz\u00e1gon \u00f6n\u00e1ll\u00f3an <\/u><\/strong><strong><u>csak a m\u0171k\u00f6d\u00e9si nyilv\u00e1ntart\u00e1sba bejegyzett szem\u00e9ly v\u00e9gezhet<\/u><\/strong><strong>. <\/strong>A m\u0171k\u00f6d\u00e9si nyilv\u00e1ntart\u00e1s id\u0151tartama <strong>5 \u00e9v<\/strong>, amelyet k\u00f6vet\u0151en a meg\u00faj\u00edt\u00e1st a nyilv\u00e1ntartott szem\u00e9lynek kell kezdem\u00e9nyeznie. A m\u0171k\u00f6d\u00e9si nyilv\u00e1ntart\u00e1sba vett szem\u00e9lynek a nyilv\u00e1ntart\u00e1s id\u0151tartama alatt k\u00f6telez\u0151 tov\u00e1bbk\u00e9pz\u00e9sen kell r\u00e9szt vennie, mivel <strong>a m\u0171k\u00f6d\u00e9si nyilv\u00e1ntart\u00e1s meg\u00faj\u00edt\u00e1s\u00e1nak felt\u00e9tele a k\u00f6telez\u0151 tov\u00e1bbk\u00e9pz\u00e9s teljes\u00edt\u00e9se<\/strong>.<\/p>\n<p style=\"text-align: justify\">A tov\u00e1bbk\u00e9pz\u00e9si id\u0151szak a m\u0171k\u00f6d\u00e9si nyilv\u00e1ntart\u00e1shoz (regisztr\u00e1ci\u00f3hoz) kapcsol\u00f3dik, kezdete a m\u0171k\u00f6d\u00e9si nyilv\u00e1ntart\u00e1sba v\u00e9tel kelte \u00e9s a m\u0171k\u00f6d\u00e9si nyilv\u00e1ntart\u00e1s lej\u00e1rati d\u00e1tum\u00e1val z\u00e1r\u00f3dik, ill. addig tart, am\u00edg az el\u0151\u00edrt pontgy\u0171jt\u00e9s be nem fejez\u0151dik. A m\u0171k\u00f6d\u00e9si nyilv\u00e1ntart\u00e1st a tov\u00e1bbk\u00e9pz\u00e9si k\u00f6telezetts\u00e9g teljes\u00edt\u00e9s\u00e9vel lehet meg\u00faj\u00edtani egy\u00e9ni k\u00e9relem beny\u00fajt\u00e1s\u00e1val. A m\u0171k\u00f6d\u00e9si nyilv\u00e1ntart\u00e1s meg\u00faj\u00edt\u00e1s n\u00e9lk\u00fcl \u201elej\u00e1rt\u201d st\u00e1tuszba ker\u00fcl.<\/p>\n<p style=\"text-align: justify\">A tov\u00e1bbk\u00e9pz\u00e9s rendszert a mindenkor hat\u00e1lyos E\u00fctv., tov\u00e1bb\u00e1 \u201e<strong>Az orvosok, fogorvosok, gy\u00f3gyszer\u00e9szek \u00e9s az eg\u00e9szs\u00e9g\u00fcgyi fels\u0151fok\u00fa szakir\u00e1ny\u00fa szakk\u00e9pes\u00edt\u00e9ssel rendelkez\u0151k folyamatos tov\u00e1bbk\u00e9pz\u00e9s\u00e9r\u0151l sz\u00f3l\u00f3 <\/strong><\/p>\n<p style=\"text-align: justify\">(http:\/\/www.oftex.hu\/project_o\/system\/launch.php?pg=.\/oftex\/BOOK_Jogszabaly.php)<strong> t\u00f6bbsz\u00f6r\u00f6sen m\u00f3dos\u00edtott 64\/2011. (XI. 29.) NEFMI rendelet <\/strong>szab\u00e1lyozza.<\/p>\n<p style=\"text-align: justify\">A tov\u00e1bbk\u00e9pz\u00e9sre k\u00f6telezettnek regisztr\u00e1lnia kell a <strong><u>www.oftex.hu<\/u><\/strong> port\u00e1lon, az Orvosok Folyamatos Tov\u00e1bbk\u00e9pz\u00e9s\u00e9nek nyilv\u00e1ntart\u00e1s\u00e1ra szolg\u00e1l\u00f3 rendszerbe. A regisztr\u00e1ci\u00f3 sor\u00e1n meg kell adni, hogy melyik k\u00e9pz\u0151egyetemn\u00e9l k\u00edv\u00e1nja mag\u00e1t nyilv\u00e1ntart\u00e1sba vetetni a tov\u00e1bbk\u00e9pz\u00e9sre k\u00f6telezett. A Semmelweis Egyetem Fogorvostudom\u00e1nyi Kar r\u00f6vid\u00edt\u00e9se: <strong>SE-FOG<\/strong>. Az egyetem j\u00f3v\u00e1hagy\u00e1s\u00e1t k\u00f6vet\u0151en a tov\u00e1bbk\u00e9pz\u00e9sre k\u00f6telezett e-mailben visszajelz\u00e9st kap \u00e9s bejelentkezhet a weboldalon, ahol t\u00f6bbek k\u00f6z\u00f6tt megtal\u00e1lhat\u00f3 a mindenkori hat\u00e1lyos tov\u00e1bbk\u00e9pz\u00e9si jogszab\u00e1ly, megtekinthet\u0151ek a tov\u00e1bbk\u00e9pz\u00e9si pontok, illetve itt lehet jelentkezni az akkredit\u00e1lt tanfolyamokra.<\/p>\n<p style=\"text-align: justify\">A tov\u00e1bbk\u00e9pz\u00e9sre k\u00f6telezettnek <strong>egy tov\u00e1bbk\u00e9pz\u00e9si id\u0151szak alatt <u>szakk\u00e9pes\u00edt\u00e9senk\u00e9nt<\/u> legal\u00e1bb 250 pontot<\/strong> kell teljes\u00edtenie.<\/p>\n<p style=\"text-align: justify\"><em>A tov\u00e1bbk\u00e9pz\u00e9si id\u0151szak teljes\u00edt\u00e9s\u00e9hez a tov\u00e1bbk\u00e9pz\u00e9sre k\u00f6telezettnek szakk\u00e9pes\u00edt\u00e9senk\u00e9nt a tov\u00e1bbk\u00e9pz\u00e9si rendelet szerinti,<\/em><\/p>\n<ol style=\"text-align: justify\">\n<li><em>a szakk\u00e9pes\u00edt\u00e9s\u00e9nek megfelel\u0151 <strong>k\u00f6telez\u0151 szintentart\u00f3<\/strong> tov\u00e1bbk\u00e9pz\u00e9sen, (50 pont szakk\u00e9pes\u00edt\u00e9senk\u00e9nt)<\/em><\/li>\n<li><em>a szakk\u00e9pes\u00edt\u00e9s\u00e9nek megfelel\u0151 <strong>szakma szerinti<\/strong> tanfolyamokon, (25 pont szakk\u00e9pes\u00edt\u00e9senk\u00e9nt)<\/em><\/li>\n<li><strong><em>szabadon v\u00e1laszthat\u00f3<\/em><\/strong><em> elm\u00e9leti tov\u00e1bbk\u00e9pz\u00e9sen (75-115 pont)<\/em><\/li>\n<li><em>\u00e9s<strong> gyakorlati<\/strong> tov\u00e1bbk\u00e9pz\u00e9sen = <strong>munkaviszony<\/strong>, amelyet az 5 \u00e9v v\u00e9g\u00e9n kell leigazolni (60-100 pont) kell r\u00e9szt vennie.<\/em><\/li>\n<\/ol>\n<p style=\"text-align: justify\">A tov\u00e1bbk\u00e9pz\u00e9si id\u0151szak <strong>gyakorlati r\u00e9sz\u00e9nek<\/strong> teljes\u00edt\u00e9s\u00e9hez a tov\u00e1bbk\u00e9pz\u00e9sre k\u00f6telezettnek<strong><u> 5 (100 gyakorlati pont \u2013 150 elm\u00e9leti pont), de legal\u00e1bb 3 \u00e9vet (60 gyakorlati pont \u2013 190 elm\u00e9leti pont) <\/u><\/strong>kell hazai vagy k\u00fclf\u00f6ldi foglalkoztat\u00f3n\u00e1l a szakk\u00e9pes\u00edt\u00e9se (szakk\u00e9pes\u00edt\u00e9sei) szerinti szakter\u00fcletnek megfelel\u0151 munkak\u00f6rben elt\u00f6ltenie. Egy \u00e9v gyakorlati id\u0151 \u00e9rt\u00e9ke 20 pont. <strong>Amennyiben csak 60 pontot tud leigazolni, \u00fagy a fennmarad\u00f3 40 pontot elm\u00e9leti pontsz\u00e1mokkal kell p\u00f3tolnia.<\/strong><\/p>\n<p style=\"text-align: justify\">A <strong>k\u00fclf\u00f6ld\u00f6n dolgoz\u00f3<\/strong> tov\u00e1bbk\u00e9pz\u00e9sre k\u00f6telezettek tov\u00e1bbk\u00e9pz\u00e9s\u00e9r\u0151l a <strong>64\/2011. (XI. 29.) NEFMI rendelet 9.\u00a7 (1)-(2) bekezd\u00e9se <\/strong>rendelkezik (lsd.: \u201eK\u00fclf\u00f6ld\u00f6n teljes\u00edtett eg\u00e9szs\u00e9g\u00fcgyi tev\u00e9kenys\u00e9g\u201d men\u00fcpont).<\/p>\n<p style=\"text-align: justify\"><strong>Egy napt\u00e1ri \u00e9vben szakk\u00e9pes\u00edt\u00e9senk\u00e9nt 100 pontn\u00e1l t\u00f6bb elm\u00e9leti pont\u00e9rt\u00e9k nem ismerhet\u0151 el, illetve a t\u00e1voktat\u00e1ssal szervezett pontokb\u00f3l \u00e9vente legfeljebb 20 pont sz\u00e1m\u00edthat\u00f3 be.<br \/>\n<\/strong>Egy tov\u00e1bbk\u00e9pz\u00e9si id\u0151szakb\u00f3l a k\u00f6vetkez\u0151 id\u0151szakba legfeljebb 50 \u2013 a tov\u00e1bbk\u00e9pz\u00e9si id\u0151szak utols\u00f3 \u00e9v\u00e9ben szerzett \u2013 tov\u00e1bbk\u00e9pz\u00e9si pont vihet\u0151 \u00e1t. Az \u00edgy \u00e1tvitt pont\u00e9rt\u00e9k szabadon v\u00e1laszthat\u00f3 elm\u00e9leti pontk\u00e9nt ker\u00fcl elismer\u00e9sre.<\/p>\n<p style=\"text-align: justify\">A tov\u00e1bbk\u00e9pz\u00e9si id\u0151szak <strong>elm\u00e9leti<\/strong> r\u00e9sze teljes\u00edtettnek min\u0151s\u00fcl az adott tov\u00e1bbk\u00e9pz\u00e9si id\u0151szakban PhD fokozat vagy habilit\u00e1ci\u00f3 megszerz\u00e9se eset\u00e9n.<\/p>\n<p style=\"text-align: justify\"><strong>Szakk\u00e9pes\u00edt\u00e9s megszerz\u00e9se eset\u00e9n az adott tov\u00e1bbk\u00e9pz\u00e9si ciklus teljes\u00edtettnek min\u0151s\u00fcl az \u00faj szakk\u00e9pes\u00edt\u00e9s tekintet\u00e9ben.<\/strong><\/p>\n<p style=\"text-align: justify\">A <strong>m\u0171k\u00f6d\u00e9si nyilv\u00e1ntart\u00e1ssal<\/strong> kapcsolatos egy\u00e9b inform\u00e1ci\u00f3kat az <strong>Orsz\u00e1gos K\u00f3rh\u00e1zi F\u0151igazgat\u00f3s\u00e1g<\/strong>t\u00f3l (1085 Budapest, Hor\u00e1nszky u. 24., 06\/1-411-1146, <a href=\"https:\/\/enk.okfo.gov.hu\/\">https:\/\/enk.okfo.gov.hu\/<\/a> ) k\u00e9rhet.<\/p>\n<p style=\"text-align: justify\"><strong>Tov\u00e1bbk\u00e9pz\u00e9ssel<\/strong> kapcsolatban a Semmelweis Egyetem <strong>Szak- \u00e9s Tov\u00e1bbk\u00e9pz\u00e9si K\u00f6zpont Fogorvostudom\u00e1nyi R\u00e9szleg <\/strong>k\u00e9szs\u00e9ggel ny\u00fajt seg\u00edts\u00e9get a felmer\u00fcl\u0151 k\u00e9rd\u00e9sekben, munkaid\u0151ben +36-1-459-1500\/59392 mell\u00e9k \u00e9s a +36-1-266-7006 (5-\u00f6s mell\u00e9k) telefonsz\u00e1mon.<\/p>\n<p style=\"text-align: justify\">K\u00e9rj\u00fck, hogy mindig t\u00e1j\u00e9koz\u00f3djanak a tov\u00e1bbk\u00e9pz\u00e9si jogszab\u00e1ly esetleges v\u00e1ltoz\u00e1saival kapcsolatban, illetve <strong><u>sz\u00edveskedjenek figyelni a m\u0171k\u00f6d\u00e9si nyilv\u00e1ntart\u00e1suk lej\u00e1rati d\u00e1tum\u00e1ra<\/u><\/strong>!<\/p>\n<p style=\"text-align: justify\">Semmelweis Egyetem<br \/>\nSzak- \u00e9s Tov\u00e1bbk\u00e9pz\u00e9si K\u00f6zpont<br \/>\nFogorvostudom\u00e1nyi R\u00e9szleg\u00a0 \u00a0 \u00a0 \u00a0 \u00a0 \u00a0 \u00a0 \u00a0 \u00a0 \u00a0 \u00a0 \u00a0 \u00a0 \u00a0 \u00a0 \u00a0 \u00a0 \u00a0 \u00a0 \u00a0 \u00a0 \u00a0 \u00a0 \u00a0 \u00a0 \u00a0 \u00a0 \u00a0 \u00a0 \u00a0 \u00a0 \u00a0 \u00a0 \u00a0 \u00a0 \u00a0 \u00a0 \u00a0 \u00a0 \u00a0 \u00a0 \u00a0 \u00a0 \u00a0 \u00a0 \u00a0 \u00a0 \u00a0 \u00a0 \u00a0 \u00a0 \u00a0 \u00a0 \u00a0\u00a0 \u00a0 \u00a0 \u00a0 \u00a0 \u00a0 \u00a0 \u00a0 \u00a0 \u00a0 \u00a0 \u00a0 \u00a0 \u00a0 \u00a0 \u00a0 \u00a0 \u00a0 \u00a0 \u00a0 \u00a0 \u00a0\u00a0<\/p>\n<p style=\"text-align: justify\">Friss\u00edtve: 2024. november 22.<\/p>\n<ul>\n<li style=\"text-align: justify\"><a href=\"https:\/\/semmelweis.hu\/fok-tovabbkepzes\/files\/2021\/10\/Munk%C3%A1ltat%C3%B3i-igazol%C3%A1s-2021.pdf\">Munk\u00e1ltat\u00f3i igazol\u00e1s<\/a><\/li>\n<li style=\"text-align: justify\"><a href=\"https:\/\/semmelweis.hu\/fok-tovabbkepzes\/files\/2024\/11\/Foglalkoztatoi-igazolas-szemelyes-kozremukodoi-foglalkoztatas-eseten.pdf\">Foglalkoztat\u00f3i igazol\u00e1s &#8211; szem\u00e9lyes k\u00f6zrem\u0171k\u00f6d\u0151i foglalkoztat\u00e1s eset\u00e9n<\/a><\/li>\n<li style=\"text-align: justify\"><a href=\"https:\/\/semmelweis.hu\/fok-tovabbkepzes\/files\/2026\/01\/Tajekoztato-a-tovabbkepzesi-ciklus-lezarasanak-meneterol.pdf\">T\u00e1j\u00e9koztat\u00f3 tov\u00e1bbk\u00e9pz\u00e9si ciklus lez\u00e1r\u00e1s\u00e1nak menet\u00e9r\u0151l<\/a><\/li>\n<\/ul>\n","protected":false},"excerpt":{"rendered":"<p>Tov\u00e1bbk\u00e9pz\u00e9si rendszerrel kapcsolatos \u00e1ltal\u00e1nos tudnival\u00f3k Eg\u00e9szs\u00e9g\u00fcgyi tev\u00e9kenys\u00e9get Magyarorsz\u00e1gon \u00f6n\u00e1ll\u00f3an csak a m\u0171k\u00f6d\u00e9si nyilv\u00e1ntart\u00e1sba bejegyzett szem\u00e9ly v\u00e9gezhet. A m\u0171k\u00f6d\u00e9si nyilv\u00e1ntart\u00e1s id\u0151tartama 5 \u00e9v, amelyet k\u00f6vet\u0151en a meg\u00faj\u00edt\u00e1st a nyilv\u00e1ntartott szem\u00e9lynek kell kezdem\u00e9nyeznie. A m\u0171k\u00f6d\u00e9si nyilv\u00e1ntart\u00e1sba vett szem\u00e9lynek a nyilv\u00e1ntart\u00e1s id\u0151tartama alatt k\u00f6telez\u0151 tov\u00e1bbk\u00e9pz\u00e9sen kell r\u00e9szt vennie, mivel a m\u0171k\u00f6d\u00e9si nyilv\u00e1ntart\u00e1s meg\u00faj\u00edt\u00e1s\u00e1nak felt\u00e9tele a k\u00f6telez\u0151 tov\u00e1bbk\u00e9pz\u00e9s teljes\u00edt\u00e9se. &hellip;<\/p>\n","protected":false},"author":101231,"featured_media":0,"parent":4343,"menu_order":1,"comment_status":"closed","ping_status":"closed","template":"","meta":{"_acf_changed":false,"footnotes":""},"categories":[],"tags":[],"class_list":["post-4479","page","type-page","status-publish","hentry"],"acf":[],"_links":{"self":[{"href":"https:\/\/semmelweis.hu\/fok-tovabbkepzes\/wp-json\/wp\/v2\/pages\/4479","targetHints":{"allow":["GET"]}}],"collection":[{"href":"https:\/\/semmelweis.hu\/fok-tovabbkepzes\/wp-json\/wp\/v2\/pages"}],"about":[{"href":"https:\/\/semmelweis.hu\/fok-tovabbkepzes\/wp-json\/wp\/v2\/types\/page"}],"author":[{"embeddable":true,"href":"https:\/\/semmelweis.hu\/fok-tovabbkepzes\/wp-json\/wp\/v2\/users\/101231"}],"replies":[{"embeddable":true,"href":"https:\/\/semmelweis.hu\/fok-tovabbkepzes\/wp-json\/wp\/v2\/comments?post=4479"}],"version-history":[{"count":10,"href":"https:\/\/semmelweis.hu\/fok-tovabbkepzes\/wp-json\/wp\/v2\/pages\/4479\/revisions"}],"predecessor-version":[{"id":5394,"href":"https:\/\/semmelweis.hu\/fok-tovabbkepzes\/wp-json\/wp\/v2\/pages\/4479\/revisions\/5394"}],"up":[{"embeddable":true,"href":"https:\/\/semmelweis.hu\/fok-tovabbkepzes\/wp-json\/wp\/v2\/pages\/4343"}],"wp:attachment":[{"href":"https:\/\/semmelweis.hu\/fok-tovabbkepzes\/wp-json\/wp\/v2\/media?parent=4479"}],"wp:term":[{"taxonomy":"category","embeddable":true,"href":"https:\/\/semmelweis.hu\/fok-tovabbkepzes\/wp-json\/wp\/v2\/categories?post=4479"},{"taxonomy":"post_tag","embeddable":true,"href":"https:\/\/semmelweis.hu\/fok-tovabbkepzes\/wp-json\/wp\/v2\/tags?post=4479"}],"curies":[{"name":"wp","href":"https:\/\/api.w.org\/{rel}","templated":true}]}}