{"id":4352,"date":"2021-10-18T13:21:46","date_gmt":"2021-10-18T11:21:46","guid":{"rendered":"https:\/\/semmelweis.hu\/fok-tovabbkepzes\/?page_id=4352"},"modified":"2025-09-02T11:19:12","modified_gmt":"2025-09-02T09:19:12","slug":"jogszabalyi-hatter","status":"publish","type":"page","link":"https:\/\/semmelweis.hu\/fok-tovabbkepzes\/tovabbkepzes\/jogszabalyi-hatter\/","title":{"rendered":"Jogszab\u00e1lyok\/Hat\u00e1rozatok (Tov\u00e1bbk\u00e9pz\u00e9s)"},"content":{"rendered":"<p style=\"text-align: center\"><strong>Jogszab\u00e1lyi h\u00e1tt\u00e9r<\/strong><u style=\"font-size: 1rem\"><\/u><\/p>\n<p>\n1997. \u00e9vi CLIV t\u00f6rv\u00e9ny 116\/b \u00a7 4.* bekezd\u00e9s \u201eMentes\u00fcl a tov\u00e1bbk\u00e9pz\u00e9si k\u00f6telezetts\u00e9g al\u00f3l a 75. \u00e9let\u00e9v\u00e9t bet\u00f6lt\u00f6tt eg\u00e9szs\u00e9g\u00fcgyi dolgoz\u00f3.\u201d (*2010. \u00e9vi CLXXIII: t\u00f6rv\u00e9ny 29.\u00a7 hat\u00e1lyos 2011.01.01-t\u0151l)<br \/>\n<a href=\"https:\/\/net.jogtar.hu\/jogszabaly?docid=99700154.TV\">https:\/\/net.jogtar.hu\/jogszabaly?docid=99700154.TV<\/a><\/p>\n<p style=\"text-align: justify\">64\/2011. (XI. 29.) NEFMI rendelet az orvosok, fogorvosok, gy\u00f3gyszer\u00e9szek \u00e9s az eg\u00e9szs\u00e9g\u00fcgyi fels\u0151fok\u00fa szakir\u00e1ny\u00fa szakk\u00e9pes\u00edt\u00e9ssel rendelkez\u0151k folyamatos tov\u00e1bbk\u00e9pz\u00e9s\u00e9r\u0151l<br \/>\n<a href=\"https:\/\/net.jogtar.hu\/jogszabaly?docid=a1100064.nem\">https:\/\/net.jogtar.hu\/jogszabaly?docid=a1100064.nem<\/a><\/p>\n<p>2013. \u00e9vi LXXVII. t\u00f6rv\u00e9ny (a tov\u00e1bbiakban: Fktv.) <br \/>\n<a href=\"https:\/\/net.jogtar.hu\/jogszabaly?docid=a1300077.tv\">https:\/\/net.jogtar.hu\/jogszabaly?docid=a1300077.tv<\/a><\/p>\n<p>11\/2020. (II. 7.) Korm. rendelet a feln\u0151ttk\u00e9pz\u00e9sr\u0151l sz\u00f3l\u00f3 t\u00f6rv\u00e9ny v\u00e9grehajt\u00e1s\u00e1r\u00f3l<br \/>\n<a href=\"https:\/\/net.jogtar.hu\/jogszabaly?docid=A2000011.KOR\">https:\/\/net.jogtar.hu\/jogszabaly?docid=A2000011.KOR\u00a0<\/a><\/p>\n<p><a href=\"https:\/\/semmelweis.hu\/fok-tovabbkepzes\/files\/2024\/09\/92391-FOSZTT-2024-Szak-es-Tovabbkepzesi-Kozpont-Fogorvostudomanyi-Reszlegenek-eljarasi-dijai.pdf\">92391-FOSZTT-2024<\/a> \u2013 <strong>A FOK Szak-\u00e9s Tov\u00e1bbk\u00e9pz\u00e9si K\u00f6zpont Fogorvostudom\u00e1nyi R\u00e9szleg\u00e9nek elj\u00e1r\u00e1saihoz kapcsol\u00f3d\u00f3 d\u00edjakr\u00f3l\u00a0<\/strong><\/p>\n","protected":false},"excerpt":{"rendered":"<p>Jogszab\u00e1lyi h\u00e1tt\u00e9r 1997. \u00e9vi CLIV t\u00f6rv\u00e9ny 116\/b \u00a7 4.* bekezd\u00e9s \u201eMentes\u00fcl a tov\u00e1bbk\u00e9pz\u00e9si k\u00f6telezetts\u00e9g al\u00f3l a 75. \u00e9let\u00e9v\u00e9t bet\u00f6lt\u00f6tt eg\u00e9szs\u00e9g\u00fcgyi dolgoz\u00f3.\u201d (*2010. \u00e9vi CLXXIII: t\u00f6rv\u00e9ny 29.\u00a7 hat\u00e1lyos 2011.01.01-t\u0151l) <a href=\"https:\/\/net.jogtar.hu\/jogszabaly?docid=99700154.TV\">https:\/\/net.jogtar.hu\/jogszabaly?docid=99700154.TV<\/a> 64\/2011. (XI. 29.) NEFMI rendelet az orvosok, fogorvosok, gy\u00f3gyszer\u00e9szek \u00e9s az eg\u00e9szs\u00e9g\u00fcgyi fels\u0151fok\u00fa szakir\u00e1ny\u00fa szakk\u00e9pes\u00edt\u00e9ssel rendelkez\u0151k folyamatos tov\u00e1bbk\u00e9pz\u00e9s\u00e9r\u0151l <a href=\"https:\/\/net.jogtar.hu\/jogszabaly?docid=a1100064.nem\">https:\/\/net.jogtar.hu\/jogszabaly?docid=a1100064.nem<\/a> 2013. \u00e9vi LXXVII. t\u00f6rv\u00e9ny (a tov\u00e1bbiakban: Fktv.) <a href=\"https:\/\/net.jogtar.hu\/jogszabaly?docid=a1300077.tv\">https:\/\/net.jogtar.hu\/jogszabaly?docid=a1300077.tv<\/a> 11\/2020. (II. &hellip;<\/p>\n","protected":false},"author":101231,"featured_media":0,"parent":16,"menu_order":4,"comment_status":"closed","ping_status":"closed","template":"","meta":{"_acf_changed":false,"footnotes":""},"categories":[],"tags":[],"class_list":["post-4352","page","type-page","status-publish","hentry"],"acf":[],"_links":{"self":[{"href":"https:\/\/semmelweis.hu\/fok-tovabbkepzes\/wp-json\/wp\/v2\/pages\/4352","targetHints":{"allow":["GET"]}}],"collection":[{"href":"https:\/\/semmelweis.hu\/fok-tovabbkepzes\/wp-json\/wp\/v2\/pages"}],"about":[{"href":"https:\/\/semmelweis.hu\/fok-tovabbkepzes\/wp-json\/wp\/v2\/types\/page"}],"author":[{"embeddable":true,"href":"https:\/\/semmelweis.hu\/fok-tovabbkepzes\/wp-json\/wp\/v2\/users\/101231"}],"replies":[{"embeddable":true,"href":"https:\/\/semmelweis.hu\/fok-tovabbkepzes\/wp-json\/wp\/v2\/comments?post=4352"}],"version-history":[{"count":10,"href":"https:\/\/semmelweis.hu\/fok-tovabbkepzes\/wp-json\/wp\/v2\/pages\/4352\/revisions"}],"predecessor-version":[{"id":5353,"href":"https:\/\/semmelweis.hu\/fok-tovabbkepzes\/wp-json\/wp\/v2\/pages\/4352\/revisions\/5353"}],"up":[{"embeddable":true,"href":"https:\/\/semmelweis.hu\/fok-tovabbkepzes\/wp-json\/wp\/v2\/pages\/16"}],"wp:attachment":[{"href":"https:\/\/semmelweis.hu\/fok-tovabbkepzes\/wp-json\/wp\/v2\/media?parent=4352"}],"wp:term":[{"taxonomy":"category","embeddable":true,"href":"https:\/\/semmelweis.hu\/fok-tovabbkepzes\/wp-json\/wp\/v2\/categories?post=4352"},{"taxonomy":"post_tag","embeddable":true,"href":"https:\/\/semmelweis.hu\/fok-tovabbkepzes\/wp-json\/wp\/v2\/tags?post=4352"}],"curies":[{"name":"wp","href":"https:\/\/api.w.org\/{rel}","templated":true}]}}