{"id":4159,"date":"2021-04-26T09:17:47","date_gmt":"2021-04-26T07:17:47","guid":{"rendered":"https:\/\/semmelweis.hu\/fok-tovabbkepzes\/?page_id=4159"},"modified":"2024-03-22T08:43:06","modified_gmt":"2024-03-22T07:43:06","slug":"oralis-implantologia-vizsgakovetelmenyek","status":"publish","type":"page","link":"https:\/\/semmelweis.hu\/fok-tovabbkepzes\/szakfogorvos-kepzes\/oralis-implantologia\/oralis-implantologia-vizsgakovetelmenyek\/","title":{"rendered":"Or\u00e1lis Implantol\u00f3gia &#8211; vizsgak\u00f6vetelm\u00e9nyek"},"content":{"rendered":"<p style=\"text-align: justify\"><div class=\"responsive-tabs\">\n<h2 class=\"tabtitle\">Kimeneti vizsga<\/h2>\n<div class=\"tabcontent\">\n<\/p>\n<p style=\"text-align: justify\">Az adott szakir\u00e1nynak (Parodontol\u00f3gia, Dento-alveol\u00e1ris-seb\u00e9szet, Fogp\u00f3tl\u00e1stan) megfelel\u0151, or\u00e1lis implantol\u00f3gi\u00e1ra vonatkoz\u00f3 k\u00f6vetelm\u00e9nyrendszer ismerete \u00e9s elsaj\u00e1t\u00edt\u00e1sa.<\/p>\n<p style=\"text-align: justify\">Parodontol\u00f3gia:<\/p>\n<p style=\"text-align: justify\"><a href=\"https:\/\/semmelweis.hu\/fok-tovabbkepzes\/files\/2019\/07\/Parodontol%C3%B3gia-szakvizsga-megszerz%C3%A9s%C3%A9nek-k%C3%B6vetelm%C3%A9nyei.pdf\">https:\/\/semmelweis.hu\/fok-tovabbkepzes\/files\/2019\/07\/Parodontol%C3%B3gia-szakvizsga-megszerz%C3%A9s%C3%A9nek-k%C3%B6vetelm%C3%A9nyei.pdf<\/a><\/p>\n<p style=\"text-align: justify\">Dento-alveol\u00e1ris seb\u00e9szet:<\/p>\n<p style=\"text-align: justify\"><a href=\"https:\/\/semmelweis.hu\/fok-tovabbkepzes\/files\/2019\/07\/Dento-alveolaris-seb%C3%A9szet-szakvizsga-megszerz%C3%A9s%C3%A9nek-k%C3%B6vetelm%C3%A9nyei.pdf\">https:\/\/semmelweis.hu\/fok-tovabbkepzes\/files\/2019\/07\/Dento-alveolaris-seb%C3%A9szet-szakvizsga-megszerz%C3%A9s%C3%A9nek-k%C3%B6vetelm%C3%A9nyei.pdf<\/a><\/p>\n<p style=\"text-align: justify\">Fogp\u00f3tl\u00e1stan:<\/p>\n<p style=\"text-align: justify\"><a href=\"https:\/\/semmelweis.hu\/fok-tovabbkepzes\/files\/2020\/12\/FOGP%C3%93TL%C3%81STAN-SZAKVIZSGA-MEGSZERZ%C3%89S%C3%89NEK-K%C3%96VETELM%C3%89NYEI.pdf\">https:\/\/semmelweis.hu\/fok-tovabbkepzes\/files\/2020\/12\/FOGP%C3%93TL%C3%81STAN-SZAKVIZSGA-MEGSZERZ%C3%89S%C3%89NEK-K%C3%96VETELM%C3%89NYEI.pdf<\/a><\/p>\n<p style=\"text-align: justify\">H\u00e1rom r\u00e9szletesen dokument\u00e1lt eset bemutat\u00e1sa. (ppt, keynote, vagy prezi form\u00e1tumban)<\/p>\n<p style=\"text-align: justify\">A vizsg\u00e1ra betegnapl\u00f3t (szenzit\u00edv adatok n\u00e9lk\u00fcli betegnyilv\u00e1ntart\u00e1st) vinni kell.<\/p>\n<p style=\"text-align: justify\">\n<\/div><h2 class=\"tabtitle\">Or\u00e1lis Implantol\u00f3gia szakvizsga gyakorlati t\u00e9m\u00e1i<\/h2>\n<div class=\"tabcontent\">\n<\/p>\n<p style=\"text-align: justify\"><strong>Parodontol\u00f3gia:<\/strong><\/p>\n<p style=\"text-align: justify\">K\u00f6telez\u0151:<br \/>\n1. Implant\u00e1tum felszabad\u00edt\u00e1s<br \/>\n2. L\u00e1gyr\u00e9sz augment\u00e1ci\u00f3<br \/>\n3. Feszes ny\u00e1lkah\u00e1rtya kialak\u00edt\u00e1s az implant\u00e1tum k\u00f6r\u00fcl<br \/>\n4. K\u00f6t\u0151sz\u00f6vet \u00e1t\u00fcltet\u00e9s vagy xenog\u00e9n m\u00e1trix behelyez\u00e9s ny\u00e1lkah\u00e1rtya vastag\u00edt\u00e1s c\u00e9lj\u00e1b\u00f3l<br \/>\n5. Implant\u00e1ci\u00f3t\/csontp\u00f3tl\u00e1st k\u00f6vet\u0151 sz\u00f6v\u0151dm\u00e9nyek kezel\u00e9se (sikertelen augment\u00e1ci\u00f3, periimplantitis, mucositis kezel\u00e9se)<br \/>\n6. Ideiglenes korona-h\u00edd k\u00e9sz\u00edt\u00e9se implant\u00e1tumra-k\u00f6ztielemre, \u00ednyform\u00e1z\u00e1s<\/p>\n<p style=\"text-align: justify\">V\u00e1laszthat\u00f3:<br \/>\n1. Implant\u00e1ci\u00f3val egy \u00fcl\u00e9sben v\u00e9gzett augment\u00e1ci\u00f3<br \/>\n2. Later\u00e1l augment\u00e1ci\u00f3<br \/>\n3. Azonnali implant\u00e1ci\u00f3<br \/>\n4. P\u00e1ciens 12 h\u00f3napig tart\u00f3 ut\u00f3kezel\u00e9se, k\u00f6vet\u00e9se, dokument\u00e1ci\u00f3val (klinikai k\u00e9pekkel, OP, CBCT) igazolt rendszeres kontrollja<\/p>\n<p style=\"text-align: justify\"><strong>Dento-alveol\u00e1ris seb\u00e9szet:<\/strong><br \/>\n1. Anamn\u00e9zis felv\u00e9tel.<br \/>\n2. K\u00e9palkot\u00f3 elj\u00e1r\u00e1sok haszn\u00e1lata \u00e9s alkalmaz\u00e1sa.<br \/>\n3. Haszn\u00e1latos m\u0171szerek ismerete, f\u00far\u00f3k, piezo param\u00e9terei.<br \/>\n4. \u00c9rz\u00e9stelen\u00edt\u00e9s anyagai \u00e9s t\u00edpusai.<br \/>\n5. Lebenyk\u00e9pz\u00e9s, lebenyt\u00edpusok, lebenyz\u00e1r\u00e1s. Sutura technik\u00e1k.<br \/>\n6. Implant\u00e1ci\u00f3 seb\u00e9szi l\u00e9p\u00e9sei.<br \/>\n7. Posztoperat\u00edv beteg ell\u00e1t\u00e1s<br \/>\n8. Kem\u00e9nysz\u00f6vet p\u00f3tl\u00e1s anyagai \u00e9s seb\u00e9szi technik\u00e1ja<br \/>\n9. Sz\u00f6v\u0151dm\u00e9nyek kezel\u00e9se<\/p>\n<p style=\"text-align: justify\"><strong>Fogp\u00f3tl\u00e1stan:<\/strong><br \/>\n1. arc\u00edv felhelyez\u00e9sre mul\u00e1zsra &#8211; Ig\u00e9ny szerint saj\u00e1t kompatibilis arc\u00edv haszn\u00e1lata lehets\u00e9ges.<br \/>\n2. Artikul\u00e1tor programoz\u00e1s<br \/>\n3. Egy\u00e9ni lenyomati fej k\u00e9sz\u00edt\u00e9se<br \/>\n4. CAD\/CAM protetikai fel\u00e9p\u00edtm\u00e9ny tervez\u00e9se<\/p>\n<p style=\"text-align: justify\">\n<\/div><h2 class=\"tabtitle\">Or\u00e1lis Implantol\u00f3gia szakvizsga sz\u00f3beli\/elm\u00e9leti t\u00e9m\u00e1i<\/h2>\n<div class=\"tabcontent\">\n<\/p>\n<p style=\"text-align: justify\">1. A hygi\u00e9ne \u00e9s a seb\u00e9szi m\u0171szerek az implantol\u00f3gi\u00e1ban<\/p>\n<p style=\"text-align: justify\">2. \u00c1ltal\u00e1nos seb\u00e9szeti ismeretek, prae- \u00e9s posztoperat\u00edv medik\u00e1ci\u00f3<\/p>\n<p style=\"text-align: justify\">3. K\u00e9palkot\u00f3 elj\u00e1r\u00e1sok \u00e9rt\u00e9kel\u00e9s, indik\u00e1ci\u00f3k-kontraindik\u00e1ci\u00f3k \u00e9rt\u00e9kel\u00e9s, kezel\u00e9si terv fel\u00e1ll\u00edt\u00e1sa<\/p>\n<p style=\"text-align: justify\">4. Seb\u00e9szi sablonok haszn\u00e1lata a m\u0171t\u00e9ti protokollok szerint<\/p>\n<p style=\"text-align: justify\">5. Az implant\u00e1tumrendszerek ismerete<\/p>\n<p style=\"text-align: justify\">6. A l\u00e1gyr\u00e9szszint\u0171 \u00e9s csontszint\u0171 implant\u00e1tum geometri\u00e1ja \u00e9s felsz\u00edne<\/p>\n<p style=\"text-align: justify\">7. Az aneszt\u00e9zia technik\u00e1i az implantol\u00f3gi\u00e1ban<\/p>\n<p style=\"text-align: justify\">8. Lebeny \u00e9s varrat-technik\u00e1k<\/p>\n<p style=\"text-align: justify\">9. Egy fog hi\u00e1ny implant\u00e1tummal t\u00f6rt\u00e9n\u0151 p\u00f3tl\u00e1s\u00e1nak seb\u00e9szi \u00e9s protetikai l\u00e9p\u00e9sei<\/p>\n<p style=\"text-align: justify\">10. Sorv\u00e9gi hi\u00e1ny implant\u00e1tummal t\u00f6rt\u00e9n\u0151 ell\u00e1t\u00e1s\u00e1nak seb\u00e9szi \u00e9s protetikai l\u00e9p\u00e9sei<\/p>\n<p style=\"text-align: justify\">11. Fogatlan \u00e1llcsont implant\u00e1tummal t\u00f6rt\u00e9n\u0151 ell\u00e1t\u00e1s\u00e1nak seb\u00e9szi \u00e9s protetikai l\u00e9p\u00e9sei<\/p>\n<p style=\"text-align: justify\">12. A csontsz\u00f6vet \u00e9lettana \u00e9s biomechanik\u00e1ja<\/p>\n<p style=\"text-align: justify\">13. A l\u00e1gysz\u00f6vetek kialakul\u00e1sa \u00e9s fejl\u0151d\u00e9se a periimplant\u00e1ris t\u00e9rben<\/p>\n<p style=\"text-align: justify\">14. A kem\u00e9ny \u00e9s l\u00e1gysz\u00f6vetek augment\u00e1ci\u00f3j\u00e1hoz alkalmazott kem\u00e9ny \u00e9s l\u00e1gysz\u00f6vetek, csont blokk, GBR \u00e9s GTR alkalmaz\u00e1sa<\/p>\n<p style=\"text-align: justify\">15. Csont-t\u00e1g\u00edt\u00e1s, csont-repeszt\u00e9s seb\u00e9szi technik\u00e1i<\/p>\n<p style=\"text-align: justify\">16. Csont-graftok anyagai, egy\u00e9b alkalmazott anyagok<\/p>\n<p style=\"text-align: justify\">17. Felsz\u00edv\u00f3d\u00f3 \u00e9s nem-felsz\u00edv\u00f3d\u00f3 membr\u00e1nok<\/p>\n<p style=\"text-align: justify\">18. Vertik\u00e1lis augment\u00e1ci\u00f3<\/p>\n<p style=\"text-align: justify\">19. Sinus lift, anat\u00f3miai vonatkoz\u00e1sok, m\u0171szerek \u00e9s anyagok, m\u0171t\u00e9technik\u00e1k<\/p>\n<p style=\"text-align: justify\">20. Az implant\u00e1ci\u00f3t megel\u0151z\u0151 protetikai tervez\u00e9s (backwards planning)<\/p>\n<p style=\"text-align: justify\">21. Az implant\u00e1ci\u00f3s protetikai munkafolyamat f\u00e1zisai<\/p>\n<p style=\"text-align: justify\">22. Anal\u00f3g \u00e9s digit\u00e1lis lenyomatv\u00e9teli technik\u00e1k<\/p>\n<p style=\"text-align: justify\">23. Okkl\u00fazi\u00f3s klinikai alapelvek fogakon, illetve az implant\u00e1tumokon megt\u00e1masztott\/elhorgonyzott fogp\u00f3tl\u00e1sok k\u00e9sz\u00edt\u00e9s\u00e9ben, arc\u00edv alkalmaz\u00e1sa, egy\u00e9ni \u00e9rt\u00e9k\u0171 artikul\u00e1tor programoz\u00e1sa<\/p>\n<p style=\"text-align: justify\">24. Immedi\u00e1t terhel\u00e9s vagy k\u00e9sleltetett terhel\u00e9s<\/p>\n<p style=\"text-align: justify\">25. Ideiglenes p\u00f3tl\u00e1sok k\u00e9sz\u00edt\u00e9se<\/p>\n<p style=\"text-align: justify\">26. Az implant\u00e1tumos fogp\u00f3tl\u00e1sok jav\u00edt\u00e1sa \u00e9s kiterjeszt\u00e9se<\/p>\n<p style=\"text-align: justify\">27. Periimplant\u00e1ris kem\u00e9ny \u00e9s l\u00e1gysz\u00f6vet alak\u00edt\u00e1s<\/p>\n<p style=\"text-align: justify\">28. Feszes ny\u00e1lkah\u00e1rtya kialak\u00edt\u00e1s az implant\u00e1tum k\u00f6r\u00fcl, k\u00f6t\u0151sz\u00f6vet \u00e1t\u00fcltet\u00e9ssel \u00e9s elforgatott lebenyekkel<\/p>\n<p style=\"text-align: justify\">29. Periimplantitis konzervat\u00edv \u00e9s seb\u00e9szi kezel\u00e9se<\/p>\n<p style=\"text-align: justify\">30. A komplik\u00e1ci\u00f3k managementje az or\u00e1lis implantol\u00f3gi\u00e1ban<\/p>\n<p style=\"text-align: justify\">31. Implant\u00e1ci\u00f3s fogp\u00f3tl\u00e1s ut\u00f3gondoz\u00e1sa \u00e9s fenntart\u00f3 ter\u00e1pi\u00e1ja<\/p>\n<p style=\"text-align: justify\">32. Az alveolus dimenzi\u00f3j\u00e1nak v\u00e1ltoz\u00e1sa fogelt\u00e1vol\u00edt\u00e1s ut\u00e1n, alveolus prezerv\u00e1ci\u00f3s technik\u00e1k<\/p>\n<p style=\"text-align: justify\">33. Az implant\u00e1tumok be\u00fcltet\u00e9s\u00e9nek id\u0151z\u00edt\u00e9se a fogelt\u00e1vol\u00edt\u00e1shoz viszony\u00edtva, be\u00fcltet\u00e9si protokollok<\/p>\n<p style=\"text-align: justify\">34. Parodont\u00e1lisan \u00e9rintett p\u00e1ciensek implant\u00e1tum be\u00fcltet\u00e9s\u00e9nek vonatkoz\u00e1sai<\/p>\n<p style=\"text-align: justify\">35. Parodont\u00e1lisan \u00e9rintett, implant\u00e1ci\u00f3s kezel\u00e9sben r\u00e9szes\u00fclt p\u00e1ciensek fenntart\u00f3 kezel\u00e9s\u00e9nek alapelvei, gyakorlati alkalmaz\u00e1suk<\/p>\n<p style=\"text-align: justify\">36. Implant\u00e1ci\u00f3 tervez\u00e9se szoftveresen, protetikai, l\u00e1gysz\u00f6veti \u00e9s kem\u00e9nysz\u00f6veti elvek szerint<\/p>\n<p style=\"text-align: justify\">37. Implant\u00e1tum \u00e9s fel\u00e9p\u00edtm\u00e9ny kapcsolat\u00e1nak a t\u00edpusai \u00e9s ezek lehets\u00e9ges hat\u00e1sai a kem\u00e9ny \u00e9s l\u00e1gysz\u00f6vetek dimenzi\u00f3ira<\/p>\n<p style=\"text-align: justify\">38. Csavarozott \u00e9s ragasztott r\u00f6gz\u00edt\u00e9s\u0171 implant\u00e1ci\u00f3s fogp\u00f3tl\u00e1sok \u00f6sszehasonl\u00edt\u00e1sa<\/p>\n<p style=\"text-align: justify\">39. Centr\u00e1lis rel\u00e1ci\u00f3 meghat\u00e1roz\u00e1sa ny\u00edlhegyregisztr\u00e1ci\u00f3s m\u00f3dszerrel implant\u00e1ci\u00f3s fogp\u00f3tl\u00e1s k\u00e9sz\u00edt\u00e9sekor<\/p>\n<p style=\"text-align: justify\">40. CAD\/CAM tervez\u00e9s sz\u00e9k melletti vagy laborat\u00f3riumi rendszerrel implant\u00e1ci\u00f3s fogp\u00f3tl\u00e1s k\u00e9sz\u00edt\u00e9se sor\u00e1n<\/p>\n<p style=\"text-align: justify\"><\/div><\/div><\/p>\n","protected":false},"excerpt":{"rendered":"<p>Az adott szakir\u00e1nynak (Parodontol\u00f3gia, Dento-alveol\u00e1ris-seb\u00e9szet, Fogp\u00f3tl\u00e1stan) megfelel\u0151, or\u00e1lis implantol\u00f3gi\u00e1ra vonatkoz\u00f3 k\u00f6vetelm\u00e9nyrendszer ismerete \u00e9s elsaj\u00e1t\u00edt\u00e1sa. Parodontol\u00f3gia: <a href=\"https:\/\/semmelweis.hu\/fok-tovabbkepzes\/files\/2019\/07\/Parodontol%C3%B3gia-szakvizsga-megszerz%C3%A9s%C3%A9nek-k%C3%B6vetelm%C3%A9nyei.pdf\">https:\/\/semmelweis.hu\/fok-tovabbkepzes\/files\/2019\/07\/Parodontol%C3%B3gia-szakvizsga-megszerz%C3%A9s%C3%A9nek-k%C3%B6vetelm%C3%A9nyei.pdf<\/a> Dento-alveol\u00e1ris seb\u00e9szet: <a href=\"https:\/\/semmelweis.hu\/fok-tovabbkepzes\/files\/2019\/07\/Dento-alveolaris-seb%C3%A9szet-szakvizsga-megszerz%C3%A9s%C3%A9nek-k%C3%B6vetelm%C3%A9nyei.pdf\">https:\/\/semmelweis.hu\/fok-tovabbkepzes\/files\/2019\/07\/Dento-alveolaris-seb%C3%A9szet-szakvizsga-megszerz%C3%A9s%C3%A9nek-k%C3%B6vetelm%C3%A9nyei.pdf<\/a> Fogp\u00f3tl\u00e1stan: <a href=\"https:\/\/semmelweis.hu\/fok-tovabbkepzes\/files\/2020\/12\/FOGP%C3%93TL%C3%81STAN-SZAKVIZSGA-MEGSZERZ%C3%89S%C3%89NEK-K%C3%96VETELM%C3%89NYEI.pdf\">https:\/\/semmelweis.hu\/fok-tovabbkepzes\/files\/2020\/12\/FOGP%C3%93TL%C3%81STAN-SZAKVIZSGA-MEGSZERZ%C3%89S%C3%89NEK-K%C3%96VETELM%C3%89NYEI.pdf<\/a> H\u00e1rom r\u00e9szletesen dokument\u00e1lt eset bemutat\u00e1sa. (ppt, keynote, vagy prezi form\u00e1tumban) A vizsg\u00e1ra betegnapl\u00f3t (szenzit\u00edv adatok n\u00e9lk\u00fcli betegnyilv\u00e1ntart\u00e1st) vinni kell. Parodontol\u00f3gia: K\u00f6telez\u0151: 1. Implant\u00e1tum felszabad\u00edt\u00e1s 2. L\u00e1gyr\u00e9sz augment\u00e1ci\u00f3 3. Feszes ny\u00e1lkah\u00e1rtya kialak\u00edt\u00e1s az implant\u00e1tum k\u00f6r\u00fcl 4. K\u00f6t\u0151sz\u00f6vet \u00e1t\u00fcltet\u00e9s &hellip;<\/p>\n","protected":false},"author":101231,"featured_media":0,"parent":2391,"menu_order":3,"comment_status":"closed","ping_status":"closed","template":"","meta":{"_acf_changed":false,"footnotes":""},"categories":[],"tags":[],"class_list":["post-4159","page","type-page","status-publish","hentry"],"acf":[],"_links":{"self":[{"href":"https:\/\/semmelweis.hu\/fok-tovabbkepzes\/wp-json\/wp\/v2\/pages\/4159","targetHints":{"allow":["GET"]}}],"collection":[{"href":"https:\/\/semmelweis.hu\/fok-tovabbkepzes\/wp-json\/wp\/v2\/pages"}],"about":[{"href":"https:\/\/semmelweis.hu\/fok-tovabbkepzes\/wp-json\/wp\/v2\/types\/page"}],"author":[{"embeddable":true,"href":"https:\/\/semmelweis.hu\/fok-tovabbkepzes\/wp-json\/wp\/v2\/users\/101231"}],"replies":[{"embeddable":true,"href":"https:\/\/semmelweis.hu\/fok-tovabbkepzes\/wp-json\/wp\/v2\/comments?post=4159"}],"version-history":[{"count":9,"href":"https:\/\/semmelweis.hu\/fok-tovabbkepzes\/wp-json\/wp\/v2\/pages\/4159\/revisions"}],"predecessor-version":[{"id":5006,"href":"https:\/\/semmelweis.hu\/fok-tovabbkepzes\/wp-json\/wp\/v2\/pages\/4159\/revisions\/5006"}],"up":[{"embeddable":true,"href":"https:\/\/semmelweis.hu\/fok-tovabbkepzes\/wp-json\/wp\/v2\/pages\/2391"}],"wp:attachment":[{"href":"https:\/\/semmelweis.hu\/fok-tovabbkepzes\/wp-json\/wp\/v2\/media?parent=4159"}],"wp:term":[{"taxonomy":"category","embeddable":true,"href":"https:\/\/semmelweis.hu\/fok-tovabbkepzes\/wp-json\/wp\/v2\/categories?post=4159"},{"taxonomy":"post_tag","embeddable":true,"href":"https:\/\/semmelweis.hu\/fok-tovabbkepzes\/wp-json\/wp\/v2\/tags?post=4159"}],"curies":[{"name":"wp","href":"https:\/\/api.w.org\/{rel}","templated":true}]}}