{"id":4115,"date":"2021-04-09T11:44:24","date_gmt":"2021-04-09T09:44:24","guid":{"rendered":"https:\/\/semmelweis.hu\/fok-tovabbkepzes\/?page_id=4115"},"modified":"2025-03-11T15:00:59","modified_gmt":"2025-03-11T14:00:59","slug":"esetismertetesi-protokollok","status":"publish","type":"page","link":"https:\/\/semmelweis.hu\/fok-tovabbkepzes\/szakfogorvos-kepzes\/esetismertetesi-protokollok\/","title":{"rendered":"Esetismertet\u00e9si protokollok"},"content":{"rendered":"<ul>\n<li><a href=\"https:\/\/semmelweis.hu\/fok-tovabbkepzes\/files\/2021\/04\/Gyermekfog-fogszab.pdf\">Gyermekfog\u00e1szat \u00e9s fogszab\u00e1lyoz\u00e1s<\/a><\/li>\n<li><a href=\"https:\/\/semmelweis.hu\/fok-tovabbkepzes\/files\/2025\/03\/Endodontia-ppt-sablon_esetbemutatas.pptx\">Endodontia<\/a><\/li>\n<li><a href=\"https:\/\/semmelweis.hu\/fok-tovabbkepzes\/files\/2021\/04\/dento.pdf\">Dento-alveol\u00e1ris seb\u00e9szet<\/a><\/li>\n<li><a href=\"https:\/\/semmelweis.hu\/fok-tovabbkepzes\/files\/2021\/04\/Parodontol\u00f3gia.pdf\">Parodontol\u00f3gia<\/a><\/li>\n<li><a href=\"https:\/\/semmelweis.hu\/fok-tovabbkepzes\/files\/2024\/10\/Esetbemutatas-HUN_PPT.pptx\">Fogp\u00f3tl\u00e1stan<\/a><\/li>\n<\/ul>\n","protected":false},"excerpt":{"rendered":"<p><a href=\"https:\/\/semmelweis.hu\/fok-tovabbkepzes\/files\/2021\/04\/Gyermekfog-fogszab.pdf\">Gyermekfog\u00e1szat \u00e9s fogszab\u00e1lyoz\u00e1s<\/a><br \/>\n<a href=\"https:\/\/semmelweis.hu\/fok-tovabbkepzes\/files\/2025\/03\/Endodontia-ppt-sablon_esetbemutatas.pptx\">Endodontia<\/a><br \/>\n<a href=\"https:\/\/semmelweis.hu\/fok-tovabbkepzes\/files\/2021\/04\/dento.pdf\">Dento-alveol\u00e1ris seb\u00e9szet<\/a><br \/>\n<a href=\"https:\/\/semmelweis.hu\/fok-tovabbkepzes\/files\/2021\/04\/Parodontol\u00f3gia.pdf\">Parodontol\u00f3gia<\/a><br \/>\n<a href=\"https:\/\/semmelweis.hu\/fok-tovabbkepzes\/files\/2024\/10\/Esetbemutatas-HUN_PPT.pptx\">Fogp\u00f3tl\u00e1stan<\/a><\/p>\n","protected":false},"author":101109,"featured_media":0,"parent":5067,"menu_order":7,"comment_status":"closed","ping_status":"closed","template":"","meta":{"_acf_changed":false,"footnotes":""},"categories":[],"tags":[],"class_list":["post-4115","page","type-page","status-publish","hentry"],"acf":[],"_links":{"self":[{"href":"https:\/\/semmelweis.hu\/fok-tovabbkepzes\/wp-json\/wp\/v2\/pages\/4115","targetHints":{"allow":["GET"]}}],"collection":[{"href":"https:\/\/semmelweis.hu\/fok-tovabbkepzes\/wp-json\/wp\/v2\/pages"}],"about":[{"href":"https:\/\/semmelweis.hu\/fok-tovabbkepzes\/wp-json\/wp\/v2\/types\/page"}],"author":[{"embeddable":true,"href":"https:\/\/semmelweis.hu\/fok-tovabbkepzes\/wp-json\/wp\/v2\/users\/101109"}],"replies":[{"embeddable":true,"href":"https:\/\/semmelweis.hu\/fok-tovabbkepzes\/wp-json\/wp\/v2\/comments?post=4115"}],"version-history":[{"count":10,"href":"https:\/\/semmelweis.hu\/fok-tovabbkepzes\/wp-json\/wp\/v2\/pages\/4115\/revisions"}],"predecessor-version":[{"id":5196,"href":"https:\/\/semmelweis.hu\/fok-tovabbkepzes\/wp-json\/wp\/v2\/pages\/4115\/revisions\/5196"}],"up":[{"embeddable":true,"href":"https:\/\/semmelweis.hu\/fok-tovabbkepzes\/wp-json\/wp\/v2\/pages\/5067"}],"wp:attachment":[{"href":"https:\/\/semmelweis.hu\/fok-tovabbkepzes\/wp-json\/wp\/v2\/media?parent=4115"}],"wp:term":[{"taxonomy":"category","embeddable":true,"href":"https:\/\/semmelweis.hu\/fok-tovabbkepzes\/wp-json\/wp\/v2\/categories?post=4115"},{"taxonomy":"post_tag","embeddable":true,"href":"https:\/\/semmelweis.hu\/fok-tovabbkepzes\/wp-json\/wp\/v2\/tags?post=4115"}],"curies":[{"name":"wp","href":"https:\/\/api.w.org\/{rel}","templated":true}]}}