{"id":3210,"date":"2020-04-09T09:34:23","date_gmt":"2020-04-09T07:34:23","guid":{"rendered":"http:\/\/semmelweis.hu\/fok-tovabbkepzes\/?page_id=3210"},"modified":"2025-03-27T10:23:28","modified_gmt":"2025-03-27T09:23:28","slug":"klinikai-finanszirozott","status":"publish","type":"page","link":"https:\/\/semmelweis.hu\/fok-tovabbkepzes\/szakfogorvos-kepzes\/elsokent-megszerezheto-szakkepesites\/klinikai-finanszirozott\/","title":{"rendered":"Klinikai finansz\u00edrozott k\u00e9pz\u00e9s"},"content":{"rendered":"<div class=\"responsive-tabs\">\n<h2 class=\"tabtitle\">2024.01.01. ut\u00e1n<\/h2>\n<div class=\"tabcontent\">\n\n<p style=\"text-align: justify\">Klinikai finansz\u00edroz\u00e1s\u00fa szakk\u00e9pz\u00e9sben a k\u00e9pz\u00e9sben r\u00e9szt vev\u0151k a Kar \u00e1ltal meghat\u00e1rozott keretsz\u00e1mok erej\u00e9ig vehetnek r\u00e9szt.<br \/>\nKlinikai finansz\u00edroz\u00e1s\u00fa szakk\u00e9pz\u00e9sben a rezidensek az egyes szakk\u00e9pes\u00edt\u00e9sek k\u00e9pz\u00e9si k\u00f6vetelm\u00e9nyeit meghat\u00e1roz\u00f3 miniszteri rendeletben el\u0151\u00edrt id\u0151tartamnak megfelel\u0151 ideig vehetnek r\u00e9szt. <br \/>\nAz els\u0151 szakk\u00e9pz\u00e9s\u00fcket megkezdeni k\u00edv\u00e1n\u00f3 szakfogorvos jel\u00f6ltek a diploma megszerz\u00e9s\u00e9t k\u00f6vet\u0151en a Kar oktat\u00e1si-kutat\u00e1si szervezeti egys\u00e9gei \u00e1ltal meghirdetett \u00e1ll\u00e1shelyekre p\u00e1ly\u00e1znak a RENY port\u00e1lon kereszt\u00fcl. <br \/>\nAz els\u0151dleges k\u00e9pz\u0151hely a jel\u00f6lttel a v\u00e1lasztott szakk\u00e9pz\u00e9s jogszab\u00e1lyban meghat\u00e1rozott id\u0151tartam\u00e1ra hat\u00e1rozott id\u0151re sz\u00f3l\u00f3 eg\u00e9szs\u00e9g\u00fcgyi szolg\u00e1lati jogviszonyt l\u00e9tes\u00edt, a jogszab\u00e1lyokban foglalt szempontok figyelembe v\u00e9tel\u00e9vel.<br \/>\nA Fogorvostudom\u00e1nyi Kar a jel\u00f6lttel a a v\u00e1lasztott szakk\u00e9pz\u00e9s jogszab\u00e1lyban meghat\u00e1rozott id\u0151tartam\u00e1ra sz\u00f3l\u00f3 tanulm\u00e1nyi szerz\u0151d\u00e9s k\u00f6t. <br \/>\nA jel\u00f6lt els\u0151dleges k\u00e9pz\u0151helye a Fogorvostudom\u00e1nyi Kar oktat\u00e1si-kutat\u00e1si szervezeti egys\u00e9ge, els\u0151dleges munk\u00e1ltat\u00f3i jogk\u00f6r gyakorl\u00f3ja a Szak-\u00e9s Tov\u00e1bbk\u00e9pz\u00e9si K\u00f6zpont Igazgat\u00f3ja, m\u00e1sodlagos munk\u00e1ltat\u00f3i jogk\u00f6r gyakorl\u00f3ja (k\u00f6zvetlen munkair\u00e1ny\u00edt\u00f3) az els\u0151dleges k\u00e9pz\u0151hely\u00e9nek vezet\u0151je. <br \/>\nA jel\u00f6ltnek tanulm\u00e1nyi szerz\u0151d\u00e9sben foglaltak szerinti tov\u00e1bbfoglalkoztat\u00e1si k\u00f6telezetts\u00e9ge van.<\/p>\n<p>A k\u00e9pz\u00e9shez kapcsol\u00f3d\u00f3 t\u00e1mogat\u00e1sok visszafizet\u00e9s\u00e9re k\u00f6teles, amennyiben:<\/p>\n<ul>\n<li>tanulm\u00e1nyi k\u00f6telezetts\u00e9g\u00e9nek igazolatlanul nem tett eleget, s emiatt tanulm\u00e1nyait nem folytatja.<\/li>\n<li>eg\u00e9szs\u00e9g\u00fcgyi szolg\u00e1lati jogviszony\u00e1t saj\u00e1t kezdem\u00e9nyez\u00e9sre (ide\u00e9rtve a k\u00f6z\u00f6s megegyez\u00e9st \u00e9s a lemond\u00e1st is) megsz\u00fcnteti, kiv\u00e9ve, ha a kezdem\u00e9nyez\u00e9sre az eg\u00e9szs\u00e9g\u00fcgyi szolg\u00e1lati jogviszonyban \u00e1ll\u00f3 szem\u00e9ly eg\u00e9szs\u00e9g\u00fcgyi alkalmatlann\u00e1 v\u00e1l\u00e1sa miatt ker\u00fcl sor.<\/li>\n<li>tanulm\u00e1nyait saj\u00e1t hib\u00e1j\u00e1b\u00f3l abbahagyja, an\u00e9lk\u00fcl, hogy erre a Kar d\u00e9k\u00e1nj\u00e1t\u00f3l \u00e9s a Gr\u00e9mium vezet\u0151j\u00e9t\u0151l enged\u00e9lyt kapott volna.<\/li>\n<li>az abszolut\u00f3rium ki\u00e1ll\u00edt\u00e1st k\u00f6vet\u0151 k\u00e9t szakvizsga id\u0151szakban nem tesz sikeres szakvizsg\u00e1t.<\/li>\n<\/ul>\n<p style=\"text-align: justify\">Dokumentumok: <br \/>\nMeg\u00e1llapod\u00e1s minta<br \/>\nTanulm\u00e1nyi szerz\u0151d\u00e9s minta<br \/>\n<a href=\"https:\/\/semmelweis.hu\/fok-tovabbkepzes\/files\/2025\/03\/Befogado-szandeknyilatkozat.pdf\">Befogad\u00f3 sz\u00e1nd\u00e9knyilatkozat<\/a><br \/>\nNyilatkozat szem\u00e9lyes adat kezel\u00e9s\u00e9r\u0151l<br \/>\n<a href=\"https:\/\/semmelweis.hu\/fok-tovabbkepzes\/files\/2025\/03\/Tutori-nyilatkozat-belsos.pdf\">Tutori nyilatkozat<\/a><\/p>\n\n<\/div><h2 class=\"tabtitle\">2024.01.01. el\u0151tt<\/h2>\n<div class=\"tabcontent\">\n\n<p>Szakk\u00e9pz\u00e9sbe jelentkez\u00e9s t\u00e1j\u00e9koztat\u00f3i<br \/>\nSzakk\u00e9pz\u00e9si meg\u00e1llapod\u00e1s minta<br \/>\n1. sz. mell\u00e9klet &#8211; szakk\u00e9pz\u00e9si k\u00f6vetelm\u00e9nyek<br \/>\n2. sz. mell\u00e9klet &#8211; a Titk\u00e1rs\u00e1g feladatai<br \/>\nHozz\u00e1j\u00e1rul\u00f3 (GDPR) nyilatkozat<\/p>\n<p>Szakk\u00e9pz\u00e9sbe l\u00e9p\u00e9s dokumentumai<br \/>\n<a href=\"https:\/\/semmelweis.hu\/fok-tovabbkepzes\/files\/2020\/12\/Adatlap-Klinikai-20201219.pdf\" target=\"_blank\" rel=\"noopener noreferrer\">Regisztr\u00e1ci\u00f3s adatlap<\/a><br \/>\n<a href=\"https:\/\/semmelweis.hu\/fok-tovabbkepzes\/files\/2022\/06\/Befogado-szandeknyilatkozat.pdf\">Befogad\u00f3 sz\u00e1nd\u00e9knyilatkozat<\/a><br \/>\n<a href=\"https:\/\/semmelweis.hu\/fok-tovabbkepzes\/files\/2022\/06\/Tutori-nyilatkozat-ktgs.pdf\">Tutori nyilatkozat<\/a><\/p>\n<\/div><\/div>\n","protected":false},"excerpt":{"rendered":"<p>Klinikai finansz\u00edroz\u00e1s\u00fa szakk\u00e9pz\u00e9sben a k\u00e9pz\u00e9sben r\u00e9szt vev\u0151k a Kar \u00e1ltal meghat\u00e1rozott keretsz\u00e1mok erej\u00e9ig vehetnek r\u00e9szt. Klinikai finansz\u00edroz\u00e1s\u00fa szakk\u00e9pz\u00e9sben a rezidensek az egyes szakk\u00e9pes\u00edt\u00e9sek k\u00e9pz\u00e9si k\u00f6vetelm\u00e9nyeit meghat\u00e1roz\u00f3 miniszteri rendeletben el\u0151\u00edrt id\u0151tartamnak megfelel\u0151 ideig vehetnek r\u00e9szt. Az els\u0151 szakk\u00e9pz\u00e9s\u00fcket megkezdeni k\u00edv\u00e1n\u00f3 szakfogorvos jel\u00f6ltek a diploma megszerz\u00e9s\u00e9t k\u00f6vet\u0151en a Kar oktat\u00e1si-kutat\u00e1si szervezeti egys\u00e9gei \u00e1ltal meghirdetett \u00e1ll\u00e1shelyekre p\u00e1ly\u00e1znak a &hellip;<\/p>\n","protected":false},"author":101109,"featured_media":0,"parent":2976,"menu_order":2,"comment_status":"closed","ping_status":"closed","template":"","meta":{"_acf_changed":false,"footnotes":""},"categories":[],"tags":[],"class_list":["post-3210","page","type-page","status-publish","hentry"],"acf":[],"_links":{"self":[{"href":"https:\/\/semmelweis.hu\/fok-tovabbkepzes\/wp-json\/wp\/v2\/pages\/3210","targetHints":{"allow":["GET"]}}],"collection":[{"href":"https:\/\/semmelweis.hu\/fok-tovabbkepzes\/wp-json\/wp\/v2\/pages"}],"about":[{"href":"https:\/\/semmelweis.hu\/fok-tovabbkepzes\/wp-json\/wp\/v2\/types\/page"}],"author":[{"embeddable":true,"href":"https:\/\/semmelweis.hu\/fok-tovabbkepzes\/wp-json\/wp\/v2\/users\/101109"}],"replies":[{"embeddable":true,"href":"https:\/\/semmelweis.hu\/fok-tovabbkepzes\/wp-json\/wp\/v2\/comments?post=3210"}],"version-history":[{"count":11,"href":"https:\/\/semmelweis.hu\/fok-tovabbkepzes\/wp-json\/wp\/v2\/pages\/3210\/revisions"}],"predecessor-version":[{"id":5225,"href":"https:\/\/semmelweis.hu\/fok-tovabbkepzes\/wp-json\/wp\/v2\/pages\/3210\/revisions\/5225"}],"up":[{"embeddable":true,"href":"https:\/\/semmelweis.hu\/fok-tovabbkepzes\/wp-json\/wp\/v2\/pages\/2976"}],"wp:attachment":[{"href":"https:\/\/semmelweis.hu\/fok-tovabbkepzes\/wp-json\/wp\/v2\/media?parent=3210"}],"wp:term":[{"taxonomy":"category","embeddable":true,"href":"https:\/\/semmelweis.hu\/fok-tovabbkepzes\/wp-json\/wp\/v2\/categories?post=3210"},{"taxonomy":"post_tag","embeddable":true,"href":"https:\/\/semmelweis.hu\/fok-tovabbkepzes\/wp-json\/wp\/v2\/tags?post=3210"}],"curies":[{"name":"wp","href":"https:\/\/api.w.org\/{rel}","templated":true}]}}