{"id":3064,"date":"2020-03-25T11:07:42","date_gmt":"2020-03-25T10:07:42","guid":{"rendered":"http:\/\/semmelweis.hu\/fok-tovabbkepzes\/?page_id=3064"},"modified":"2020-09-14T10:38:23","modified_gmt":"2020-09-14T08:38:23","slug":"teljesitendo-beavatkozasok-listaja","status":"publish","type":"page","link":"https:\/\/semmelweis.hu\/fok-tovabbkepzes\/szakfogorvos-kepzes\/12-honapos-kepzes\/teljesitendo-beavatkozasok-listaja\/","title":{"rendered":"Teljes\u00edtend\u0151 beavatkoz\u00e1sok list\u00e1ja"},"content":{"rendered":"<div class=\"responsive-tabs\">\n<h2 class=\"tabtitle\">Fogp\u00f3tl\u00e1stan<\/h2>\n<div class=\"tabcontent\">\n\n<h3><strong>A Fogp\u00f3tl\u00e1stan szakvizsg\u00e1ra bocs\u00e1t\u00e1shoz sz\u00fcks\u00e9ges, a k\u00e9pz\u00e9s sor\u00e1n elv\u00e9gzend\u0151 beavatkoz\u00e1sok list\u00e1ja<\/strong><\/h3>\n<ul>\n<li>pill\u00e9rfogak prepar\u00e1ci\u00f3ja f\u00e9m-ker\u00e1mia \u00e9s\/vagy f\u00e9mmentes ker\u00e1mia h\u00eddhoz, prec\u00edzi\u00f3s-szitu\u00e1ci\u00f3s lenyomatv\u00e9tel \u00e9s ideiglenes h\u00edd k\u00e9sz\u00edt\u00e9se<\/li>\n<li>kombin\u00e1lt fogp\u00f3tl\u00e1s k\u00e9sz\u00edt\u00e9se finommechanikai r\u00f6gz\u00edt\u0151eszk\u00f6zzel<\/li>\n<li>teleszk\u00f3p elhorgonyz\u00e1s\u00fa fogp\u00f3tl\u00e1s k\u00e9sz\u00edt\u00e9se<\/li>\n<li>arc\u00edv felhelyez\u00e9se, egy\u00e9ni \u00e9rt\u00e9k\u0171 artikul\u00e1tor programoz\u00e1sa<\/li>\n<li>CAD\/CAM teljes kont\u00far korona tervez\u00e9se sz\u00e9k melletti vagy laborat\u00f3riumi rendszerrel\u00a0 (digit\u00e1lis lenyomat, tervez\u00e9s)<\/li>\n<li>tanulm\u00e1nyi minta \u00e9rt\u00e9kel\u00e9se r\u00e9szlegesen fogatlan p\u00e1ciensr\u0151l, a r\u00e9szleges kivehet\u0151 p\u00f3tl\u00e1s tervez\u00e9se (kapcsok, \u00f6sszek\u00f6t\u0151 r\u00e9sz, stb.), behelyez\u00e9si ir\u00e1ny meghat\u00e1roz\u00e1sa paralellom\u00e9terrel<\/li>\n<li>Egy\u00e9ni kan\u00e1l funkci\u00f3s kan\u00e1ll\u00e1 alak\u00edt\u00e1sa, funkci\u00f3s lenyomat k\u00e9sz\u00edt\u00e9se fogatlan p\u00e1ciensr\u0151l<\/li>\n<li>centr\u00e1lis rel\u00e1ci\u00f3 vertik\u00e1lis \u00e9s horizont\u00e1lis dimenzi\u00f3j\u00e1nak meghat\u00e1roz\u00e1sa, ny\u00edlhegyregisztr\u00e1ci\u00f3<\/li>\n<li>nyitott kanalas lenyomatv\u00e9tel implant\u00e1ci\u00f3s fogp\u00f3tl\u00e1shoz\u00a0<\/li>\n<li>implant\u00e1tummal megt\u00e1masztott\/elhorgonyzott kivehet\u0151 fogp\u00f3tl\u00e1s \u00e1tad\u00e1sa (retenci\u00f3s h\u00e1z direkt r\u00f6gz\u00edt\u00e9se fogsorban)<\/li>\n<li>Implant\u00e1ci\u00f3s fogp\u00f3tl\u00e1s gondoz\u00e1sa \u00e9s fenntart\u00f3 ter\u00e1pi\u00e1ja, \u00e1tmen\u0151csavaros r\u00f6gz\u00edt\u00e9s\u0171 p\u00f3tl\u00e1s elt\u00e1vol\u00edt\u00e1sa \u00e9s ism\u00e9telt r\u00f6gz\u00edt\u00e9se<\/li>\n<li>TMD betegvizsg\u00e1lat, diagn\u00f3zis, kezel\u00e9si terv k\u00e9sz\u00edt\u00e9se<\/li>\n<li>harap\u00e1semel\u0151 s\u00edn ellen\u0151rz\u00e9se, okkl\u00fazi\u00f3s vizsg\u00e1lat \u00e9s korrekci\u00f3\/ki\u00e9p\u00edt\u00e9s<\/li>\n<li>A szerzett m\u00e9lyharap\u00e1s ter\u00e1pi\u00e1j\u00e1nak kivitelez\u00e9se (s\u00ednter\u00e1pi\u00e1val, direkt fel\u00e9p\u00edt\u00e9ssel)<\/li>\n<li>gy\u00e1ri (\u00fcvegrostos) gy\u00f6k\u00e9rcsap behelyez\u00e9se \u00e9s m\u0171csonk fel\u00e9p\u00edt\u00e9se kofferd\u00e1m izol\u00e1l\u00e1sban, prec\u00edzi\u00f3s-szitu\u00e1ci\u00f3s lenyomatv\u00e9tel<\/li>\n<li>kavit\u00e1s el\u0151k\u00e9sz\u00edt\u00e9s inlay, onlay vagy overlay k\u00e9sz\u00edt\u00e9s\u00e9hez, prec\u00edzi\u00f3s lenyomat<\/li>\n<li>frontfog el\u0151k\u00e9sz\u00edt\u00e9s h\u00e9j k\u00e9sz\u00edt\u00e9s\u00e9hez, h\u00e9j v\u00e9gleges r\u00f6gz\u00edt\u00e9se\u00a0kofferd\u00e1m izol\u00e1l\u00e1sban magas eszt\u00e9tik\u00e1j\u00fa fogp\u00f3tl\u00e1s tervez\u00e9se, kivitelez\u00e9se wax-up, mock-up alapj\u00e1n<\/li>\n<li>direkt \u201emosolytervez\u00e9s\u201d wax-up, mock-up felhaszn\u00e1l\u00e1s\u00e1val (kompozit vagy egy\u00e9b polimer)<\/li>\n<li>fot\u00f3dokument\u00e1ci\u00f3 k\u00e9sz\u00edt\u00e9se (intraoralis \u00e9s extraoralis felv\u00e9telek k\u00e9sz\u00edt\u00e9se), fogsz\u00edn meghat\u00e1roz\u00e1s- sz\u00edn inform\u00e1ci\u00f3 laborat\u00f3riumnak k\u00fcld\u00e9se (rajz, le\u00edr\u00e1s)<\/li>\n<li>CBCT felv\u00e9tel \u00e9rt\u00e9kel\u00e9se, enossealis implant\u00e1um behelyez\u00e9s\u00e9nek tervez\u00e9se<\/li>\n<\/ul>\n<p>A fent megjel\u00f6lt beavatkoz\u00e1sok k\u00f6z\u00fcl h\u00e1rmat (1. arc\u00edv felhelyez\u00e9se, egy\u00e9ni \u00e9rt\u00e9k\u0171 artikul\u00e1tor programoz\u00e1s, 2. gy\u00e1ri (\u00fcvegrostos) gy\u00f6k\u00e9rcsap behelyez\u00e9se \u00e9s m\u0171csonk fel\u00e9p\u00edt\u00e9se kofferd\u00e1m izol\u00e1l\u00e1sban, prec\u00edzi\u00f3s-szitu\u00e1ci\u00f3s lenyomatv\u00e9tel, 3. nyitott kanalas lenyomatv\u00e9tel implant\u00e1ci\u00f3s fogp\u00f3tl\u00e1shoz) a Jel\u00f6ltnek a szakvizsga gyakorlati r\u00e9sz\u00e9n t\u00e9nylegesen be kell mutatnia. A fennmarad\u00f3 17 beavatkoz\u00e1sb\u00f3l h\u00e1rmat a Bizotts\u00e1g eln\u00f6ke a gyakorlati vizsga sor\u00e1n, a Jel\u00f6lt \u00e1ltal pendrive-on hozott dokument\u00e1lt estek k\u00f6z\u00fcl fog kiv\u00e1lasztani, melyet a Jel\u00f6ltnek a vizsga elm\u00e9leti r\u00e9sz\u00e9re kell mag\u00e1val hoznia, ahol az esetek ismertet\u00e9s\u00e9n t\u00fal elm\u00e9leti k\u00e9rd\u00e9sekre is v\u00e1laszolnia kell.<\/p>\n<p>A szakvizsga elm\u00e9leti r\u00e9sz\u00e9re hozand\u00f3 h\u00e1rom eset kiv\u00e1lthat\u00f3 azzal, ha a Jel\u00f6lt az egyik esetet feldolgozva beny\u00fajtja k\u00f6zl\u00e9sre a Fogorvosi Szeml\u00e9be, \u00e9s azt a B\u00edr\u00e1l\u00f3 a k\u00f6zlem\u00e9nyekn\u00e9l szok\u00e1sos b\u00edr\u00e1lati folyamat ut\u00e1n k\u00f6zl\u00e9sre alkalmasnak tal\u00e1lja, \u00e9s azt a foly\u00f3irat k\u00f6zl\u00e9sre elfogadja. Az \u00edgy beny\u00fajtott cikk kiv\u00e1lthatja az elm\u00e9leti r\u00e9szen t\u00f6rt\u00e9n\u0151 esetbemutat\u00e1st, de ez a kedvezm\u00e9ny nem vonatkozik a gyakorlati r\u00e9szen, \u00e9l\u0151ben t\u00f6rt\u00e9n\u0151 h\u00e1rom indik\u00e1tor beavatkoz\u00e1s elv\u00e9gz\u00e9s\u00e9re.<\/p>\n<p>&nbsp;<\/p>\n<ol start=\"7\">\n<li><strong>A szakvizsga birtok\u00e1ban megszerezhet\u0151 kompetenci\u00e1k, v\u00e9gezhet\u0151 tev\u00e9kenys\u00e9gek:<\/strong><\/li>\n<\/ol>\n<p><strong><em>A fogp\u00f3tl\u00e1stan szakorvosa ismeri:<\/em><\/strong><\/p>\n<p>A foghi\u00e1nyos \u00e1llapot ell\u00e1t\u00e1shoz sz\u00fcks\u00e9ges speci\u00e1lis vizsg\u00e1l\u00f3 \u00e9s diagnosztikus elj\u00e1r\u00e1sok \u00e9s m\u00f3dszerek l\u00e9nyeg\u00e9t, szintetiz\u00e1lni tudja k\u00f3rt\u00f6rt\u00e9netb\u0151l \u00e9s a diagnosztikai elj\u00e1r\u00e1sokb\u00f3l kapott inform\u00e1ci\u00f3kat, ami alapj\u00e1n helyes diagn\u00f3zist \u00e1llap\u00edt meg \u00e9s helyes kezel\u00e9si tervet k\u00e9sz\u00edt \u2022 a foghi\u00e1nyos \u00e1llapotok epidemiol\u00f3gi\u00e1j\u00e1t \u2022 a fogp\u00f3tl\u00e1sokhoz sz\u00fcks\u00e9ges bioanyagokat, helyes alkalmaz\u00e1suk felt\u00e9teleit, m\u00f3dszereit \u2022 a cad\/cam rendszerek m\u0171k\u00f6d\u00e9s\u00e9t \u2022 a fog\u00e1szatban alkalmazhat\u00f3 digit\u00e1lis eszk\u00f6z\u00f6ket \u00e9s elj\u00e1r\u00e1sokat \u2022 az \u00e1llkapocs\u00edz\u00fclet megbeteged\u00e9seit, azok diagnosztikai m\u00f3dszereit, kezel\u00e9s\u00e9t \u2022 a magas eszt\u00e9tik\u00e1j\u00fa fogp\u00f3tl\u00e1s tervez\u00e9s\u00e9hez sz\u00fcks\u00e9ges mosolytervez\u00e9s elm\u00e9letet \u2022 a fogsz\u00edn meghat\u00e1roz\u00e1s\u00e1nak \u00e9s reprodukci\u00f3j\u00e1nak sz\u00edntani alapjait \u2022 az implant\u00e1ci\u00f3s fogp\u00f3tl\u00e1sok k\u00e9sz\u00edt\u00e9s\u00e9nek elm\u00e9leti h\u00e1tter\u00e9t, bele\u00e9rtve a vizsg\u00e1lat, diagnosztikai m\u00f3dszerek, a tervk\u00e9sz\u00edt\u00e9shez \u00e9s a kivitelez\u00e9shez sz\u00fcks\u00e9ges elj\u00e1r\u00e1sokat \u2022 a speci\u00e1lis ell\u00e1t\u00e1st ig\u00e9nyl\u0151k k\u00f6r\u00e9t, \u00e9s ell\u00e1t\u00e1suk m\u00f3dszereit \u2022 a kommunik\u00e1ci\u00f3 m\u00f3dszereit a beteg, munkat\u00e1rsak, fogtechnikusok, hat\u00f3s\u00e1gok fel\u00e9 \u2022 a bizony\u00edt\u00e9kokon alapul\u00f3 fogp\u00f3tl\u00e1s elveit \u2022 maxillo-faci\u00e1lis protetika elm\u00e9leti h\u00e1tter\u00e9t \u2022 a rehabilit\u00e1ci\u00f3s protetika lehet\u0151s\u00e9geit, eszk\u00f6zt\u00e1r\u00e1t \u2022 az enossze\u00e1lis implant\u00e1tumok alkalmaz\u00e1s\u00e1nak biol\u00f3giai h\u00e1tter\u00e9t \u2022 az enossze\u00e1lis implant\u00e1tumokra k\u00e9sz\u00fcl\u0151 propetikai munk\u00e1k elk\u00e9sz\u00edt\u00e9s\u00e9nek l\u00e9p\u00e9seit, a tervez\u00e9s szempontjait \u2022 a periimplantitis kezel\u00e9si lehet\u0151s\u00e9geit \u2022 a fogp\u00f3tl\u00e1stan parodontol\u00f3giai vonatkoz\u00e1sait \u2022 a speci\u00e1lis parodont\u00e1lis protetikai ir\u00e1nyelvekkel \u00e9s a parodont\u00e1lis beteg protetikai rehabilit\u00e1ci\u00f3j\u00e1nak szempontjaival \u2022 a gyermekkori fogp\u00f3tl\u00e1sok lehet\u0151s\u00e9geit<\/p>\n<p><strong><em>A fogp\u00f3tl\u00e1stan szakorvosa k\u00e9pes<\/em><\/strong><em>:<\/em><\/p>\n<p>A klinikai probl\u00e9m\u00e1kra \u00e1tfog\u00f3 megold\u00e1sokat k\u00e9sz\u00edteni \u2013 tervezni \u00e9s kivitelezni \u2013 a holisztikus szeml\u00e9letnek megfelel\u0151en \u2022 a tudom\u00e1nyos \u00e9s ismeretterjeszt\u0151 k\u00f6zlem\u00e9nyek, kiadv\u00e1nyok kritikus elemz\u00e9s\u00e9re \u2022 a fogp\u00f3tl\u00e1stanban haszn\u00e1lt r\u00e9gi \u00e9s \u00faj m\u00f3dszerek \u00e9s anyagok kritikai \u00e9rt\u00e9kel\u00e9s\u00e9re, felm\u00e9rve azok el\u0151nyeit \u00e9s h\u00e1tr\u00e1nyait \u2022 annak meg\u00e1llap\u00edt\u00e1s\u00e1ra, hogy fog\u00e1szati \u00e9s fogp\u00f3tl\u00e1stani szempontb\u00f3l a vizsg\u00e1lt szem\u00e9ly \u00e1llapota megfelel\u0151-e az eg\u00e9szs\u00e9g krit\u00e9riumainak, felt\u00e1rhat\u00f3-e az eg\u00e9szs\u00e9g\u00e9re \u00e1rtalmas magatart\u00e1s \u00e9s \u00e9letm\u00f3d, ha fellelhet\u0151 k\u00f3ros elt\u00e9r\u00e9s, melyek ezek f\u0151 jellemz\u0151i \u2022 d\u00f6nt\u00e9shozatalra a fogorvosi \u00e9s fogp\u00f3tl\u00e1stani beavatkoz\u00e1sr\u00f3l, tov\u00e1bb\u00e1 a szakorvoshoz, fogszakorvoshoz t\u00f6rt\u00e9n\u0151 utal\u00e1sr\u00f3l vagy egy\u00e9b int\u00e9zked\u00e9sr\u0151l \u2022 a sztomatol\u00f3giai \u00e9s fogp\u00f3tl\u00e1stani prevenci\u00f3 m\u00f3dszereinek alkalmaz\u00e1s\u00e1ra az alapell\u00e1t\u00e1sban \u00e9s a lakoss\u00e1g eg\u00e9szs\u00e9gnevel\u00e9s\u00e9ben \u2022 a s\u00e9r\u00fclt vagy hi\u00e1nyos fogak, fogazat vagy teljesen fogatlan \u00e1llcsontok kezel\u00e9s\u00e9re konzervat\u00edv \u00e9s implant\u00e1ci\u00f3s fogp\u00f3tl\u00e1stani m\u00f3dszerekkel a fogazat \u00e9s a r\u00e1g\u00f3k\u00e9sz\u00fcl\u00e9k formai, funkcion\u00e1lis \u00e9s eszt\u00e9tikai helyre\u00e1ll\u00edt\u00e1sa \u00e9rdek\u00e9ben minden \u00e9letkorban \u00e9s speci\u00e1lis ell\u00e1t\u00e1st ig\u00e9nyl\u0151 vagy rizik\u00f3csoportba tartoz\u00f3 betegek eset\u00e9ben is \u2022 a fogtechnikai munka ir\u00e1ny\u00edt\u00e1s\u00e1ra \u00e9s ellen\u0151rz\u00e9s\u00e9re, valamint a k\u00e9sz fogm\u0171vek elb\u00edr\u00e1l\u00e1s\u00e1ra \u2022 \u00e9rt\u00e9kelni a fogtechnikai laborat\u00f3riumban k\u00e9sz\u00fclt gy\u00f3gy\u00e1szati seg\u00e9deszk\u00f6z\u00f6k min\u0151s\u00e9g\u00e9t, megfelel\u0151s\u00e9g\u00e9t \u00e9s azokat megfelel\u0151 m\u00f3don \u00e1tadni a betegnek \u2022 a fogp\u00f3tl\u00e1st is ig\u00e9nyl\u0151 beteg ell\u00e1t\u00e1s\u00e1nak koordin\u00e1l\u00e1s\u00e1ra, ha m\u00e1s szakter\u00fclet bevon\u00e1sa is sz\u00fcks\u00e9ges \u2022 felismerni a r\u00e1g\u00f3k\u00e9sz\u00fcl\u00e9k (fogazat, r\u00e1g\u00f3izmok, \u00e1llcsontok \u2013 maxillofaci\u00e1lis r\u00e9gi\u00f3) fejl\u0151d\u00e9si rendelleness\u00e9geit, funkcion\u00e1lis hi\u00e1nyoss\u00e1gait \u00e9s az ilyen beteget kezel\u00e9sben r\u00e9szes\u00edteni vagy m\u00e1s szakorvoshoz ir\u00e1ny\u00edtani minden \u00e9letkorban \u2022 egyszer\u0171 rehabilit\u00e1ci\u00f3s protetikai eseteket ell\u00e1tni \u2022 a kopott fogazat \u00e9s a s\u00fcllyedt harap\u00e1si magass\u00e1g helyre\u00e1ll\u00edt\u00e1s\u00e1ra protetikai m\u00f3dszerekkel.<\/p>\n<p><strong><em>A fogp\u00f3tl\u00e1stan szakorvosa attit\u0171dje:<\/em><\/strong><\/p>\n<p>Folyamatosan tov\u00e1bbfejleszti gyakorlati \u00e9s elm\u00e9leti tud\u00e1s\u00e1t<\/p>\n<p><strong><em>A fogp\u00f3tl\u00e1stan szakorvosa auton\u00f3mi\u00e1ja \u00e9s felel\u0151ss\u00e9ge:<\/em><\/strong><\/p>\n<p>Alkalmas arra, hogy a fogp\u00f3tl\u00e1stan ter\u00fclet\u00e9n speci\u00e1lis ell\u00e1t\u00f3 tev\u00e9kenys\u00e9get folytasson teljes \u00f6n\u00e1ll\u00f3s\u00e1ggal, teljes kompetenci\u00e1val \u00e9s felel\u0151ss\u00e9ggel.<\/p>\n\n<\/div><h2 class=\"tabtitle\">Endodontia<\/h2>\n<div class=\"tabcontent\">\n\n<h3><strong>Az Endodontia szakvizsga megszerz\u00e9s\u00e9hez sz\u00fcks\u00e9ges tev\u00e9kenys\u00e9gi \u00e9s t\u00e1rgyi felt\u00e9telek<\/strong><strong><br \/>\n<\/strong><\/h3>\n<ol>\n<li><strong>Indik\u00e1tor beavatkoz\u00e1sok<\/strong><\/li>\n<\/ol>\n<p>A szakvizsg\u00e1ztat\u00f3 int\u00e9zm\u00e9ny fogja biztos\u00edtani a t\u00e1rgyi \u00e9s szem\u00e9lyi felt\u00e9teleket, valamint a vizsgabetegeket a vizsg\u00e1z\u00f3k sz\u00e1m\u00e1ra. A vizsg\u00e1z\u00f3 diagnosztikai \u00e9s betegkezel\u00e9si beavatkoz\u00e1sokat v\u00e9gez, melyek sor\u00e1n \u00e9rt\u00e9kelj\u00fck a beavatkoz\u00e1sok szakszer\u0171 elv\u00e9gz\u00e9s\u00e9t, kiemelt figyelmet ford\u00edtva az \u00fagynevezett indik\u00e1torokra. Az indik\u00e1torok olyan diagnosztikai vagy beavatkoz\u00e1si l\u00e9p\u00e9sek, melyekben a szakvizsg\u00e1z\u00f3 a\u00a0<strong>k\u00e9pz\u00e9se sor\u00e1n j\u00e1rtass\u00e1got kell szereznie<\/strong>.<\/p>\n<ol>\n<li>klinikai vizsg\u00e1lat, diagn\u00f3zis<\/li>\n<li>p\u00e1rhuzamos technik\u00e1val k\u00e9sz\u00edtett periapik\u00e1lis r\u00f6ntgenfelv\u00e9tel elk\u00e9sz\u00edt\u00e9se<\/li>\n<li>r\u00f6ntgendiagn\u00f3zis, bele\u00e9rtve CBCT \u00e9rt\u00e9kel\u00e9st is<\/li>\n<li>progn\u00f3zisbecsl\u00e9s<\/li>\n<li>kezel\u00e9si terv<\/li>\n<li>praeendodontiai fel\u00e9p\u00edt\u00e9s, sz\u00fcks\u00e9g szerinti okkluz\u00e1lis redukci\u00f3<\/li>\n<li>kofferdam izol\u00e1l\u00e1s<\/li>\n<li>oper\u00e1ci\u00f3s mikroszk\u00f3p alkalmaz\u00e1sa, bele\u00e9rtve k\u00e9pi dokument\u00e1ci\u00f3 elk\u00e9sz\u00edt\u00e9s\u00e9t<\/li>\n<li>mikroszk\u00f3pos diagnosztika (pl. reped\u00e9s, t\u00f6r\u00e9s azonos\u00edt\u00e1sa, prepar\u00e1ci\u00f3s hib\u00e1k felkutat\u00e1sa)<\/li>\n<li>trepan\u00e1ci\u00f3s ny\u00edl\u00e1s kialak\u00edt\u00e1sa, m\u00f3dos\u00edt\u00e1sa<\/li>\n<li>munkahossz meghat\u00e1roz\u00e1s<\/li>\n<li>mechanikai prepar\u00e1l\u00e1s k\u00e9zi \u00e9s g\u00e9pi eszk\u00f6z\u00f6kkel<\/li>\n<li>k\u00e9miai prepar\u00e1l\u00e1s, dezinfici\u00e1l\u00e1s<\/li>\n<li>endodontiai rev\u00edzi\u00f3, kor\u00e1bbi gy\u00f6k\u00e9rt\u00f6m\u00e9s elt\u00e1vol\u00edt\u00e1sa<\/li>\n<li>endodontiai komplik\u00e1ci\u00f3 kezel\u00e9se, kezel\u00e9si terv \u00e9s kivitelez\u00e9s (pl. prepar\u00e1ci\u00f3s hiba, bet\u00f6rt m\u0171szer)<\/li>\n<li>gy\u00f6k\u00e9rt\u00f6m\u00e9s elk\u00e9sz\u00edt\u00e9se az esetnek megfelel\u0151 m\u00f3dszerrel<\/li>\n<li>trepan\u00e1ci\u00f3s ny\u00edl\u00e1s v\u00e9gleges vagy ideiglenes z\u00e1r\u00e1sa<\/li>\n<li>gy\u00f6k\u00e9rcsap alkalmaz\u00e1sa (adhez\u00edv csap)<\/li>\n<li>ellen\u0151rz\u0151 r\u00f6ntgenfelv\u00e9tel \u00e9rt\u00e9kel\u00e9se<\/li>\n<li>koronai v\u00e9gleges vagy ideiglenes helyre\u00e1ll\u00edt\u00e1s<\/li>\n<\/ol>\n<p>Tekintettel arra, hogy egy komplik\u00e1lt endodontiai kezel\u00e9s 2-3 \u00f3r\u00e1t is ig\u00e9nybe vehet, valamint a vizsg\u00e1z\u00f3k idegen k\u00f6rnyezetben kell, hogy dolgozzanak,\u00a0<strong>egy vizsg\u00e1z\u00f3 eset\u00e9ben egy p\u00e1ciens kezel\u00e9se javasolt,\u00a0<\/strong>valamint az adott betegn\u00e9l \u00e9s kezel\u00e9sn\u00e9l relev\u00e1ns indik\u00e1torok ker\u00fclnek \u00e9rt\u00e9kel\u00e9sre.<\/p>\n<ol start=\"2\">\n<li><strong>T\u00e1rgyi minimumfelt\u00e9telek<\/strong><\/li>\n<\/ol>\n<p>A fog\u00e1szati rendel\u0151 minimum felt\u00e9teleinek biztos\u00edt\u00e1s\u00e1n t\u00fal sz\u00fcks\u00e9ges intraor\u00e1lis (fog\u00e1szati) r\u00f6ntgen berendez\u00e9s, <strong>oper\u00e1ci\u00f3s mikroszk\u00f3p<\/strong>, endodontiai kisg\u00e9pek: apexlok\u00e1tor, ultrahangos prepar\u00e1l\u00f3 eszk\u00f6z, endodontiai motor, injekt\u00e1lhat\u00f3 guttapercha technik\u00e1hoz sz\u00fcks\u00e9ges berendez\u00e9s, cone-beam CT felv\u00e9tel k\u00e9sz\u00edt\u00e9si lehet\u0151s\u00e9g (ez ut\u00f3bbi nem sz\u00fcks\u00e9ges, hogy az int\u00e9zm\u00e9ny ter\u00fclet\u00e9n legyen).<\/p>\n<p>P\u00e9cs, 2018. szeptember 20.<\/p>\n<p><strong>Dr. Krajcz\u00e1r K\u00e1roly<br \/>\n<\/strong>eln\u00f6k<br \/>\nMagyar Endodontiai T\u00e1rsas\u00e1g<\/p>\n<hr \/>\n<h3 class=\"entry-title\"><strong>Endodontia szakvizsga \u2013 T\u00e9mak\u00f6r\u00f6k<\/strong><\/h3>\n<div class=\"entry-content\">\n<ul>\n<li>Rtg, CBCT az endodonti\u00e1ban: diagn\u00f3zis, progn\u00f3zis<\/li>\n<li>Pulpa megtart\u00f3 kezel\u00e9sek<\/li>\n<li>D\u00f6nt\u00e9shozatal, progn\u00f3zisbecsl\u00e9s<\/li>\n<li>Primer kezel\u00e9sek az endodonti\u00e1ban<\/li>\n<li>Gy\u00f3gyszerelt, ill. magas rizik\u00f3j\u00fa betegcsoport ell\u00e1t\u00e1sa, g\u00f3ck\u00e9rd\u00e9s<\/li>\n<li>Endodontiai hat\u00e1rter\u00fcletek (pulpo-parodont\u00e1lis k\u00f6lcs\u00f6nhat\u00e1sok, avulsio komplex ell\u00e1t\u00e1sa\u2026)<\/li>\n<li>Gy\u00f6k\u00e9rt\u00f6m\u00e9s rev\u00edzi\u00f3, bet\u00f6rt m\u0171szer elt\u00e1vol\u00edt\u00e1s<\/li>\n<li>Gy\u00f6k\u00e9rkezelt fogak helyre\u00e1ll\u00edt\u00e1sa<\/li>\n<li>Trauma, resorptio<\/li>\n<li>Microseb\u00e9szet: resectio, amputatio, hemisectio<\/li>\n<li>Komplik\u00e1ci\u00f3k, sz\u00f6v\u0151dm\u00e9nyek ell\u00e1t\u00e1sa<\/li>\n<\/ul>\n<p>&nbsp;<\/p>\n<p>Budapest-Debrecen-P\u00e9cs-Szeged, 2020. febru\u00e1r 4.<\/p>\n<\/div>\n<\/div><\/div>\n<p>&nbsp;<\/p>\n<p>&nbsp;<\/p>\n","protected":false},"excerpt":{"rendered":"<p>A Fogp\u00f3tl\u00e1stan szakvizsg\u00e1ra bocs\u00e1t\u00e1shoz sz\u00fcks\u00e9ges, a k\u00e9pz\u00e9s sor\u00e1n elv\u00e9gzend\u0151 beavatkoz\u00e1sok list\u00e1ja pill\u00e9rfogak prepar\u00e1ci\u00f3ja f\u00e9m-ker\u00e1mia \u00e9s\/vagy f\u00e9mmentes ker\u00e1mia h\u00eddhoz, prec\u00edzi\u00f3s-szitu\u00e1ci\u00f3s lenyomatv\u00e9tel \u00e9s ideiglenes h\u00edd k\u00e9sz\u00edt\u00e9se kombin\u00e1lt fogp\u00f3tl\u00e1s k\u00e9sz\u00edt\u00e9se finommechanikai r\u00f6gz\u00edt\u0151eszk\u00f6zzel teleszk\u00f3p elhorgonyz\u00e1s\u00fa fogp\u00f3tl\u00e1s k\u00e9sz\u00edt\u00e9se arc\u00edv felhelyez\u00e9se, egy\u00e9ni \u00e9rt\u00e9k\u0171 artikul\u00e1tor programoz\u00e1sa CAD\/CAM teljes kont\u00far korona tervez\u00e9se sz\u00e9k melletti vagy laborat\u00f3riumi rendszerrel\u00a0 (digit\u00e1lis lenyomat, tervez\u00e9s) tanulm\u00e1nyi minta \u00e9rt\u00e9kel\u00e9se &hellip;<\/p>\n","protected":false},"author":101109,"featured_media":0,"parent":2231,"menu_order":2,"comment_status":"closed","ping_status":"closed","template":"","meta":{"_acf_changed":false,"footnotes":""},"categories":[],"tags":[],"class_list":["post-3064","page","type-page","status-publish","hentry"],"acf":[],"_links":{"self":[{"href":"https:\/\/semmelweis.hu\/fok-tovabbkepzes\/wp-json\/wp\/v2\/pages\/3064","targetHints":{"allow":["GET"]}}],"collection":[{"href":"https:\/\/semmelweis.hu\/fok-tovabbkepzes\/wp-json\/wp\/v2\/pages"}],"about":[{"href":"https:\/\/semmelweis.hu\/fok-tovabbkepzes\/wp-json\/wp\/v2\/types\/page"}],"author":[{"embeddable":true,"href":"https:\/\/semmelweis.hu\/fok-tovabbkepzes\/wp-json\/wp\/v2\/users\/101109"}],"replies":[{"embeddable":true,"href":"https:\/\/semmelweis.hu\/fok-tovabbkepzes\/wp-json\/wp\/v2\/comments?post=3064"}],"version-history":[{"count":10,"href":"https:\/\/semmelweis.hu\/fok-tovabbkepzes\/wp-json\/wp\/v2\/pages\/3064\/revisions"}],"predecessor-version":[{"id":3669,"href":"https:\/\/semmelweis.hu\/fok-tovabbkepzes\/wp-json\/wp\/v2\/pages\/3064\/revisions\/3669"}],"up":[{"embeddable":true,"href":"https:\/\/semmelweis.hu\/fok-tovabbkepzes\/wp-json\/wp\/v2\/pages\/2231"}],"wp:attachment":[{"href":"https:\/\/semmelweis.hu\/fok-tovabbkepzes\/wp-json\/wp\/v2\/media?parent=3064"}],"wp:term":[{"taxonomy":"category","embeddable":true,"href":"https:\/\/semmelweis.hu\/fok-tovabbkepzes\/wp-json\/wp\/v2\/categories?post=3064"},{"taxonomy":"post_tag","embeddable":true,"href":"https:\/\/semmelweis.hu\/fok-tovabbkepzes\/wp-json\/wp\/v2\/tags?post=3064"}],"curies":[{"name":"wp","href":"https:\/\/api.w.org\/{rel}","templated":true}]}}