{"id":3008,"date":"2020-03-24T13:34:35","date_gmt":"2020-03-24T12:34:35","guid":{"rendered":"http:\/\/semmelweis.hu\/fok-tovabbkepzes\/?page_id=3008"},"modified":"2025-06-17T10:10:43","modified_gmt":"2025-06-17T08:10:43","slug":"kepzes-feltetelei-kepzesre-jelentkezes","status":"publish","type":"page","link":"https:\/\/semmelweis.hu\/fok-tovabbkepzes\/szakfogorvos-kepzes\/masodszakvizsga\/kepzes-feltetelei-kepzesre-jelentkezes\/","title":{"rendered":"K\u00e9pz\u00e9sre jelentkez\u00e9s"},"content":{"rendered":"<div class=\"responsive-tabs\">\n<h2 class=\"tabtitle\">Egyetemi k\u00e9pz\u0151hely<\/h2>\n<div class=\"tabcontent\">\n\n<div style=\"text-align: justify\"><span style=\"font-size: 14pt\">Amennyiben a Semmelweis Egyetem Fogorvostudom\u00e1nyi Kar\u00e1n m\u00e1r eg\u00e9szs\u00e9g\u00fcgyi szolg\u00e1lati jogviszonyban \u00e1ll\u00f3k\u00e9nt \u00fajabb els\u0151k\u00e9nt megszerezhet\u0151 szakk\u00e9pes\u00edt\u00e9sre szeretne jelentkezni, k\u00e9rj\u00fck, vegye fel a kapcsolatot Farkas Izabell\u00e1val.<\/span><\/div>\n<div><span style=\"font-size: 14pt\">E-mail: <a href=\"mailto:farkas.izabella@semmelweis.hu\">farkas.izabella@semmelweis.hu<\/a><\/span><\/div>\n<div><span style=\"font-size: 14pt\">Telefonsz\u00e1m: 317-10-94<\/span><\/div>\n<div>\u00a0<\/div>\n\n<\/div><h2 class=\"tabtitle\">Akkredit\u00e1lt rendel\u0151<\/h2>\n<div class=\"tabcontent\">\n\n<p>A p\u00e1ly\u00e1zati id\u0151szak kezdete a RENY rendszerben: 2025.07.21. 09:00 \u00f3ra<\/p>\n<p>A p\u00e1ly\u00e1zati id\u0151szak v\u00e9ge a RENY rendszerben: 2025.08.25. 23:59 \u00f3ra<\/p>\n<p><strong>A kapacit\u00e1s felt\u00f6lt\u00e9se pontsz\u00e1m\u00edt\u00e1s alapj\u00e1n t\u00f6rt\u00e9nik!!<\/strong><\/p>\n<p><a href=\"https:\/\/semmelweis.hu\/fok-tovabbkepzes\/files\/2025\/06\/Tajekoztato-ktg.pdf\"><strong style=\"font-size: 1rem\">T\u00e1j\u00e9koztat\u00f3 2025<\/strong><\/a><\/p>\n<p>Bel\u00e9p\u00e9s az OFTEX-ben is haszn\u00e1lt felhaszn\u00e1l\u00f3n\u00e9vvel \u00e9s jelsz\u00f3val.<\/p>\n<div id=\"GroupWiseSection_1656484921000_farkas.izabella@dent.semmelweis-univ.hu_5312CC010CFD0000A95A000000000000_\" class=\"GroupWiseMessageBody active\">\n<div id=\"GroupWiseSection_1656407392000_Nporsi\" class=\"GroupWiseMessageBody\">\n<div id=\"GroupWiseSection_1658320926000_nagy-pal.orsolya@dent.semmelweis-univ.hu_18849E011B09000089BE000000000000_\" class=\"GroupWiseMessageBody active\">\n<div>\n<div style=\"text-align: justify\">Jelentkez\u00e9s menete:<\/div>\n<div style=\"text-align: justify\">A szakk\u00e9pz\u00e9s el\u0151tt c\u00edm\u0171 f\u00fclre kattintva megjelennek a keretsz\u00e1mok, itt ki kell keresni a Semmelweis Egyetem Fogorvostudom\u00e1nyi Kar Klinik\u00e1j\u00e1t: Pl. Semmelweis Egyetem Fogorvostudom\u00e1nyi Kar Fogp\u00f3tl\u00e1stani Klinika &#8211; Szakir\u00e1ny: Fogp\u00f3tl\u00e1stan k\u00fcls\u0151 k\u00f6lts\u00e9gt\u00e9r\u00edt\u00e9ses keretsz\u00e1m<\/div>\n<div style=\"text-align: justify\">R\u00e1 kell kattintani a Klinika nev\u00e9re, oldalt meg fog jelenni egy z\u00f6ld jelz\u00e9s, arra is r\u00e1 kell kattintani , majd a dokumentumok f\u00fcln\u00e9l fel kell t\u00f6lteni a k\u00e9rt csatolm\u00e1nyokat.<\/div>\n<\/div>\n<\/div>\n<\/div>\n<\/div>\n<p><strong style=\"font-size: 1rem\"><br \/>\n<\/strong><strong>Jelentkez\u00e9shez sz\u00fcks\u00e9ges dokumentumok:<\/strong><\/p>\n<ul style=\"text-align: justify\">\n<li><a href=\"https:\/\/semmelweis.hu\/fok-tovabbkepzes\/files\/2025\/03\/Befogado-szandeknyilatkozat.pdf\">Befogad\u00f3 sz\u00e1nd\u00e9knyilatkozat\u00a0<\/a><\/li>\n<li><a href=\"https:\/\/semmelweis.hu\/fok-tovabbkepzes\/files\/2025\/03\/adatlap-szamlaigenyleshez-raepitett-ujabb-elso.pdf\">Adatlap sz\u00e1mlaig\u00e9nyl\u00e9shez<\/a><\/li>\n<li><a href=\"https:\/\/semmelweis.hu\/fok-tovabbkepzes\/files\/2025\/03\/Tutori-nyilatkozat-kulsos.pdf\">Tutori nyilatkozat<\/a><\/li>\n<li>Munkaszerz\u0151d\u00e9s<\/li>\n<li>Pontsz\u00e1m\u00edt\u00e1shoz sz\u00fcks\u00e9ges hitelt\u00e9rdeml\u0151 dokumentum(ok)<\/li>\n<\/ul>\n<div id=\"GroupWiseSection_1656484921000_farkas.izabella@dent.semmelweis-univ.hu_5312CC010CFD0000A95A000000000000_\" class=\"GroupWiseMessageBody active\">\n<div id=\"GroupWiseSection_1656407392000_Nporsi\" class=\"GroupWiseMessageBody\">\n<div id=\"GroupWiseSection_1656484921000_farkas.izabella@dent.semmelweis-univ.hu_5312CC010CFD0000A95A000000000000_\" class=\"GroupWiseMessageBody active\">\n<div id=\"GroupWiseSection_1656407392000_Nporsi\" class=\"GroupWiseMessageBody\">\n<div>\n<div id=\"GroupWiseSection_1658320926000_nagy-pal.orsolya@dent.semmelweis-univ.hu_18849E011B09000089BE000000000000_\" class=\"GroupWiseMessageBody active\">\n<div>\n<div>\u00a0<\/div>\n<div><\/div><\/div><\/div>\n<\/div>\n<\/div>\n<\/div>\n<\/div>\n<\/div>\n<\/div>\n<\/div>\n","protected":false},"excerpt":{"rendered":"<p>Amennyiben a Semmelweis Egyetem Fogorvostudom\u00e1nyi Kar\u00e1n m\u00e1r eg\u00e9szs\u00e9g\u00fcgyi szolg\u00e1lati jogviszonyban \u00e1ll\u00f3k\u00e9nt \u00fajabb els\u0151k\u00e9nt megszerezhet\u0151 szakk\u00e9pes\u00edt\u00e9sre szeretne jelentkezni, k\u00e9rj\u00fck, vegye fel a kapcsolatot Farkas Izabell\u00e1val. E-mail: <a href=\"mailto:farkas.izabella@semmelweis.hu\">farkas.izabella@semmelweis.hu<\/a> Telefonsz\u00e1m: 317-10-94 \u00a0 A p\u00e1ly\u00e1zati id\u0151szak kezdete a RENY rendszerben: 2025.07.21. 09:00 \u00f3ra A p\u00e1ly\u00e1zati id\u0151szak v\u00e9ge a RENY rendszerben: 2025.08.25. 23:59 \u00f3ra A kapacit\u00e1s felt\u00f6lt\u00e9se pontsz\u00e1m\u00edt\u00e1s alapj\u00e1n t\u00f6rt\u00e9nik!! <a href=\"https:\/\/semmelweis.hu\/fok-tovabbkepzes\/files\/2025\/06\/Tajekoztato-ktg.pdf\">T\u00e1j\u00e9koztat\u00f3 2025<\/a> Bel\u00e9p\u00e9s &hellip;<\/p>\n","protected":false},"author":101109,"featured_media":0,"parent":2046,"menu_order":1,"comment_status":"closed","ping_status":"closed","template":"","meta":{"_acf_changed":false,"footnotes":""},"categories":[],"tags":[],"class_list":["post-3008","page","type-page","status-publish","hentry"],"acf":[],"_links":{"self":[{"href":"https:\/\/semmelweis.hu\/fok-tovabbkepzes\/wp-json\/wp\/v2\/pages\/3008","targetHints":{"allow":["GET"]}}],"collection":[{"href":"https:\/\/semmelweis.hu\/fok-tovabbkepzes\/wp-json\/wp\/v2\/pages"}],"about":[{"href":"https:\/\/semmelweis.hu\/fok-tovabbkepzes\/wp-json\/wp\/v2\/types\/page"}],"author":[{"embeddable":true,"href":"https:\/\/semmelweis.hu\/fok-tovabbkepzes\/wp-json\/wp\/v2\/users\/101109"}],"replies":[{"embeddable":true,"href":"https:\/\/semmelweis.hu\/fok-tovabbkepzes\/wp-json\/wp\/v2\/comments?post=3008"}],"version-history":[{"count":11,"href":"https:\/\/semmelweis.hu\/fok-tovabbkepzes\/wp-json\/wp\/v2\/pages\/3008\/revisions"}],"predecessor-version":[{"id":5341,"href":"https:\/\/semmelweis.hu\/fok-tovabbkepzes\/wp-json\/wp\/v2\/pages\/3008\/revisions\/5341"}],"up":[{"embeddable":true,"href":"https:\/\/semmelweis.hu\/fok-tovabbkepzes\/wp-json\/wp\/v2\/pages\/2046"}],"wp:attachment":[{"href":"https:\/\/semmelweis.hu\/fok-tovabbkepzes\/wp-json\/wp\/v2\/media?parent=3008"}],"wp:term":[{"taxonomy":"category","embeddable":true,"href":"https:\/\/semmelweis.hu\/fok-tovabbkepzes\/wp-json\/wp\/v2\/categories?post=3008"},{"taxonomy":"post_tag","embeddable":true,"href":"https:\/\/semmelweis.hu\/fok-tovabbkepzes\/wp-json\/wp\/v2\/tags?post=3008"}],"curies":[{"name":"wp","href":"https:\/\/api.w.org\/{rel}","templated":true}]}}