{"id":2976,"date":"2020-03-23T10:27:02","date_gmt":"2020-03-23T09:27:02","guid":{"rendered":"http:\/\/semmelweis.hu\/fok-tovabbkepzes\/?page_id=2976"},"modified":"2026-01-27T10:59:36","modified_gmt":"2026-01-27T09:59:36","slug":"elsokent-megszerezheto-szakkepesites","status":"publish","type":"page","link":"https:\/\/semmelweis.hu\/fok-tovabbkepzes\/szakfogorvos-kepzes\/elsokent-megszerezheto-szakkepesites\/","title":{"rendered":"Els\u0151k\u00e9nt megszerezhet\u0151 szakk\u00e9pes\u00edt\u00e9s"},"content":{"rendered":"<p style=\"text-align: justify\"><div class=\"responsive-tabs\">\n<h2 class=\"tabtitle\">Felt\u00e9telek, jelentkez\u00e9s<\/h2>\n<div class=\"tabcontent\">\n<\/p>\n<h2 style=\"text-align: justify\">K\u00e9pz\u00e9s felt\u00e9telei, k\u00e9pz\u00e9sre jelentkez\u00e9s<\/h2>\n<ul style=\"text-align: justify\">\n<li>hazai fels\u0151oktat\u00e1si int\u00e9zm\u00e9ny \u00e1ltal kiadott vagy honos\u00edtott fogorvosi diploma<\/li>\n<li>orsz\u00e1gos alapnyilv\u00e1ntart\u00e1sba t\u00f6rt\u00e9n\u0151 felv\u00e9tel igazol\u00e1sa\u00a0<\/li>\n<li>m\u0171k\u00f6d\u00e9si nyilv\u00e1ntart\u00e1sba t\u00f6rt\u00e9n\u0151 felv\u00e9tel\u00a0igazol\u00e1sa<\/li>\n<li>kamarai tags\u00e1g\u00a0igazol\u00e1sa<\/li>\n<li>szakk\u00e9pz\u0151 helly\u00e9 min\u0151s\u00edtett (akkredit\u00e1lt) munkahely befogad\u00f3 sz\u00e1nd\u00e9knyilatkozata<\/li>\n<li>akkredit\u00e1lt szakk\u00e9pz\u0151 helyen t\u00f6rt\u00e9n\u0151 foglalkoztat\u00e1s igazol\u00e1sa (legal\u00e1bb heti 36 \u00f3r\u00e1s munkaidej\u0171 eg\u00e9szs\u00e9g\u00fcgyi tev\u00e9kenys\u00e9g v\u00e9gz\u00e9s\u00e9re, munkav\u00e9gz\u00e9sre ir\u00e1nyul\u00f3 jogviszonyban t\u00f6rt\u00e9n\u0151 foglalkoztat\u00e1s)<\/li>\n<\/ul>\n<h2 style=\"text-align: justify\">Eg\u00e9szs\u00e9g\u00fcgyi tev\u00e9kenys\u00e9g v\u00e9gz\u00e9s\u00e9nek felt\u00e9telei<\/h2>\n<p style=\"text-align: justify\">T\u00e1j\u00e9koztatjuk, hogy a diploma megszerz\u00e9s\u00e9t k\u00f6vet\u0151en eg\u00e9szs\u00e9g\u00fcgyi tev\u00e9kenys\u00e9g v\u00e9gz\u00e9s\u00e9hez, az al\u00e1bbi dokumentumok megszerz\u00e9se sz\u00fcks\u00e9ges:<\/p>\n<p style=\"text-align: justify\"><strong>1. Orvosi alapnyilv\u00e1ntart\u00e1sba v\u00e9tel<\/strong> (<a href=\"https:\/\/enk.okfo.gov.hu\/\">https:\/\/enk.okfo.gov.hu\/<\/a>)<\/p>\n<p style=\"text-align: justify\">Az alapnyilv\u00e1ntart\u00e1sba v\u00e9telhez az adatokat az oktat\u00e1si int\u00e9zm\u00e9ny bejelenti az alapnyilv\u00e1ntart\u00e1st vezet\u0151 szervnek (OKF\u0150). A F\u0151igazgat\u00f3s\u00e1g hivatalb\u00f3l alapnyilv\u00e1ntart\u00e1sba veszi a fenti int\u00e9zm\u00e9nyek \u00e1ltal bejelentett szem\u00e9lyeket.<\/p>\n<p style=\"text-align: justify\"><strong>A szakfogorvos k\u00e9pz\u00e9sben t\u00f6rt\u00e9n\u0151 r\u00e9szv\u00e9tel felt\u00e9tele a hat\u00f3s\u00e1gi bizony\u00edtv\u00e1ny\u00a0<\/strong><strong>bemutat\u00e1sa.<\/strong><\/p>\n<p style=\"text-align: justify\">(A tov\u00e1bbi \u00fcgyint\u00e9z\u00e9shez sz\u00fcks\u00e9ges alapnyilv\u00e1ntart\u00e1si sz\u00e1mr\u00f3l, a hat\u00f3s\u00e1gi bizony\u00edtv\u00e1ny k\u00e9zhezv\u00e9tele el\u0151tt a\u00a0<a href=\"https:\/\/kereso.enkk.hu\/\" target=\"_blank\" rel=\"noopener noreferrer\">kereso.enkk.hu<\/a>\u00a0oldalon t\u00e1j\u00e9koz\u00f3dhat)<\/p>\n<p style=\"text-align: justify\"><strong>2. Kamarai tags\u00e1g l\u00e9tes\u00edt\u00e9se<\/strong>\u00a0(<a href=\"https:\/\/www.kamara.fogorvos.hu\/\">https:\/\/www.kamara.fogorvos.hu\/<\/a>)<\/p>\n<p style=\"text-align: justify\"><strong>3. Orvosi m\u0171k\u00f6d\u00e9si nyilv\u00e1ntart\u00e1sba v\u00e9tel<\/strong>\u00a0(<a href=\"https:\/\/enk.okfo.gov.hu\/\">https:\/\/enk.okfo.gov.hu\/<\/a>)<\/p>\n<p style=\"text-align: justify\">Felh\u00edvjuk figyelm\u00e9t, hogy a tov\u00e1bbk\u00e9pz\u00e9si k\u00f6telezetts\u00e9g a diploma megszerz\u00e9s\u00e9t\u0151l \u00e9l, ez\u00e9rt\u00a0felsorolt dokumentumok k\u00e9zhezv\u00e9tel\u00e9t k\u00f6vet\u0151en a\u00a0<a href=\"https:\/\/www.oftex.hu\/project_o\/system\/launch.php?pg=.\/FRAME_main.php&amp;ugrp=2\" target=\"_blank\" rel=\"noopener noreferrer\">www.oftex.hu<\/a>\u00a0(Orvosok Folyamatos Tov\u00e1bbk\u00e9pz\u00e9se) port\u00e1lon sz\u00fcks\u00e9ges regisztr\u00e1lnia a folyamatos tov\u00e1bbk\u00e9pz\u00e9sre k\u00f6telezettek nyilv\u00e1ntart\u00e1s\u00e1ba, kiv\u00e1lasztva az SE-FOG (Semmelweis Egyetem Fogorvostudom\u00e1nyi Kar) k\u00e9pz\u0151egyetemet.<\/p>\n<p style=\"text-align: justify\">Tov\u00e1bbi inform\u00e1ci\u00f3 a tov\u00e1bbk\u00e9pz\u00e9si k\u00f6telezetts\u00e9ggel kapcsolatban:<br \/>\n<a href=\"https:\/\/semmelweis.hu\/fok-tovabbkepzes\/tovabbkepzes\/\">https:\/\/semmelweis.hu\/fok-tovabbkepzes\/tovabbkepzes\/<\/a><\/p>\n<ul style=\"text-align: justify\">\n<li><a href=\"http:\/\/www.neak.gov.hu\/friss_kozlemenyek\/elso_orvosi_belyegzo_igenylese.html\">T\u00e1j\u00e9koztat\u00f3 orvosi b\u00e9lyegz\u0151 \u00fcgyint\u00e9z\u00e9s\u00e9r\u0151l<\/a><\/li>\n<li><a href=\"https:\/\/semmelweis.hu\/fok-tovabbkepzes\/files\/2018\/04\/V%C3%A9ny%C3%ADr%C3%A1s-%C3%BCgyint%C3%A9z%C3%A9s-2018.pdf\" target=\"_blank\" rel=\"noopener noreferrer\">T\u00e1j\u00e9koztat\u00f3 v\u00e9ny\u00edr\u00e1si szerz\u0151d\u00e9s \u00e9s v\u00e9nyig\u00e9nyl\u00e9s \u00fcgyint\u00e9z\u00e9s\u00e9r\u0151l\u00a0<\/a><\/li>\n<li><a href=\"https:\/\/semmelweis.hu\/fok-tovabbkepzes\/files\/2018\/04\/%C3%81EEK-%C3%9Cgyf%C3%A9lszolg%C3%A1lat-el%C3%A9rhet%C5%91s%C3%A9gei.pdf\" target=\"_blank\" rel=\"noopener noreferrer\">OKF\u0150 \u00dcgyf\u00e9lszolg\u00e1lat el\u00e9rhet\u0151s\u00e9gei\u00a0<\/a><\/li>\n<li><a href=\"https:\/\/semmelweis.hu\/fok-tovabbkepzes\/files\/2018\/04\/T%C3%A1j%C3%A9koztat%C3%B3-a-m%C5%B1k%C3%B6d%C3%A9si-nyilv%C3%A1ntart%C3%A1ssal-kapcsolatos-elj%C3%A1r%C3%A1sokr%C3%B3l.pdf\" target=\"_blank\" rel=\"noopener noreferrer\">T\u00e1j\u00e9koztat\u00f3 a m\u0171k\u00f6d\u00e9si nyilv\u00e1ntart\u00e1ssal kapcsolatos elj\u00e1r\u00e1sokr\u00f3l\u00a0<\/a><\/li>\n<\/ul>\n<p><a href=\"https:\/\/semmelweis.hu\/fok-tovabbkepzes\/files\/2022\/01\/K-E-R-E-L-E-M.pdf\">K\u00e9relem MINTA<\/a><\/p>\n<p style=\"text-align: justify\">\n<\/div><h2 class=\"tabtitle\">Szakir\u00e1nyok, finansz\u00edroz\u00e1s<\/h2>\n<div class=\"tabcontent\">\n<\/p>\n<h2 style=\"text-align: justify\">Szakir\u00e1nyok \u00e9s finansz\u00edroz\u00e1si m\u00f3dok<\/h2>\n<p style=\"text-align: justify\"><strong>Szakir\u00e1nyok \u00e9s finansz\u00edroz\u00e1si m\u00f3dok:<\/strong><\/p>\n<p style=\"text-align: justify\">Szakir\u00e1nyok:<\/p>\n<ul style=\"text-align: justify\">\n<li>Dento-alveol\u00e1ris seb\u00e9szet<\/li>\n<li>Endodontia<\/li>\n<li>Fogp\u00f3tl\u00e1stan<\/li>\n<li>Fogszab\u00e1lyoz\u00e1s<\/li>\n<li>Gyermekfog\u00e1szat<\/li>\n<li>Parodontol\u00f3gia<\/li>\n<\/ul>\n<p style=\"text-align: justify\"><strong>Finansz\u00edroz\u00e1si m\u00f3dok:<\/strong><\/p>\n<ul style=\"text-align: justify\">\n<li><a href=\"https:\/\/semmelweis.hu\/fok-tovabbkepzes\/szakkepzes\/elsokent-megszerezheto-szakkepesites\/allamilag-finanszirozott\/\">\u00c1llamilag finansz\u00edrozott<\/a>\n<ul>\n<li>Egyetemi k\u00e9pz\u0151helyen k\u00e9pz\u0151d\u0151<\/li>\n<li>K\u00fcls\u0151 k\u00e9pz\u0151helyen k\u00e9pz\u0151d\u0151<\/li>\n<\/ul>\n<\/li>\n<li><a href=\"https:\/\/semmelweis.hu\/fok-tovabbkepzes\/szakkepzes\/elsokent-megszerezheto-szakkepesites\/klinikai-finanszirozott\/\">Klinikai finansz\u00edrozott<\/a><\/li>\n<li><a href=\"https:\/\/semmelweis.hu\/fok-tovabbkepzes\/szakkepzes\/elsokent-megszerezheto-szakkepesites\/koltsegteriteses-szakorvoskepzes\/\">K\u00f6lts\u00e9gt\u00e9r\u00edt\u00e9ses<\/a><\/li>\n<\/ul>\n<p style=\"text-align: justify\"><\/div><\/div><\/p>\n","protected":false},"excerpt":{"rendered":"<p>K\u00e9pz\u00e9s felt\u00e9telei, k\u00e9pz\u00e9sre jelentkez\u00e9s hazai fels\u0151oktat\u00e1si int\u00e9zm\u00e9ny \u00e1ltal kiadott vagy honos\u00edtott fogorvosi diploma orsz\u00e1gos alapnyilv\u00e1ntart\u00e1sba t\u00f6rt\u00e9n\u0151 felv\u00e9tel igazol\u00e1sa\u00a0 m\u0171k\u00f6d\u00e9si nyilv\u00e1ntart\u00e1sba t\u00f6rt\u00e9n\u0151 felv\u00e9tel\u00a0igazol\u00e1sa kamarai tags\u00e1g\u00a0igazol\u00e1sa szakk\u00e9pz\u0151 helly\u00e9 min\u0151s\u00edtett (akkredit\u00e1lt) munkahely befogad\u00f3 sz\u00e1nd\u00e9knyilatkozata akkredit\u00e1lt szakk\u00e9pz\u0151 helyen t\u00f6rt\u00e9n\u0151 foglalkoztat\u00e1s igazol\u00e1sa (legal\u00e1bb heti 36 \u00f3r\u00e1s munkaidej\u0171 eg\u00e9szs\u00e9g\u00fcgyi tev\u00e9kenys\u00e9g v\u00e9gz\u00e9s\u00e9re, munkav\u00e9gz\u00e9sre ir\u00e1nyul\u00f3 jogviszonyban t\u00f6rt\u00e9n\u0151 foglalkoztat\u00e1s) Eg\u00e9szs\u00e9g\u00fcgyi tev\u00e9kenys\u00e9g v\u00e9gz\u00e9s\u00e9nek felt\u00e9telei T\u00e1j\u00e9koztatjuk, &hellip;<\/p>\n","protected":false},"author":101109,"featured_media":0,"parent":5067,"menu_order":1,"comment_status":"closed","ping_status":"closed","template":"","meta":{"_acf_changed":false,"footnotes":""},"categories":[],"tags":[],"class_list":["post-2976","page","type-page","status-publish","hentry"],"acf":[],"_links":{"self":[{"href":"https:\/\/semmelweis.hu\/fok-tovabbkepzes\/wp-json\/wp\/v2\/pages\/2976","targetHints":{"allow":["GET"]}}],"collection":[{"href":"https:\/\/semmelweis.hu\/fok-tovabbkepzes\/wp-json\/wp\/v2\/pages"}],"about":[{"href":"https:\/\/semmelweis.hu\/fok-tovabbkepzes\/wp-json\/wp\/v2\/types\/page"}],"author":[{"embeddable":true,"href":"https:\/\/semmelweis.hu\/fok-tovabbkepzes\/wp-json\/wp\/v2\/users\/101109"}],"replies":[{"embeddable":true,"href":"https:\/\/semmelweis.hu\/fok-tovabbkepzes\/wp-json\/wp\/v2\/comments?post=2976"}],"version-history":[{"count":12,"href":"https:\/\/semmelweis.hu\/fok-tovabbkepzes\/wp-json\/wp\/v2\/pages\/2976\/revisions"}],"predecessor-version":[{"id":5387,"href":"https:\/\/semmelweis.hu\/fok-tovabbkepzes\/wp-json\/wp\/v2\/pages\/2976\/revisions\/5387"}],"up":[{"embeddable":true,"href":"https:\/\/semmelweis.hu\/fok-tovabbkepzes\/wp-json\/wp\/v2\/pages\/5067"}],"wp:attachment":[{"href":"https:\/\/semmelweis.hu\/fok-tovabbkepzes\/wp-json\/wp\/v2\/media?parent=2976"}],"wp:term":[{"taxonomy":"category","embeddable":true,"href":"https:\/\/semmelweis.hu\/fok-tovabbkepzes\/wp-json\/wp\/v2\/categories?post=2976"},{"taxonomy":"post_tag","embeddable":true,"href":"https:\/\/semmelweis.hu\/fok-tovabbkepzes\/wp-json\/wp\/v2\/tags?post=2976"}],"curies":[{"name":"wp","href":"https:\/\/api.w.org\/{rel}","templated":true}]}}