{"id":29,"date":"2012-06-25T09:16:41","date_gmt":"2012-06-25T09:16:41","guid":{"rendered":"http:\/\/semmelweis-egyetem.hu\/fok-tovabbkepzes\/?page_id=29"},"modified":"2025-09-08T14:25:37","modified_gmt":"2025-09-08T12:25:37","slug":"torzskepzes","status":"publish","type":"page","link":"https:\/\/semmelweis.hu\/fok-tovabbkepzes\/szakfogorvos-kepzes\/elsokent-megszerezheto-szakkepesites\/torzskepzes\/","title":{"rendered":"T\u00f6rzsk\u00e9pz\u00e9s"},"content":{"rendered":"<div class=\"responsive-tabs\">\n<h2 class=\"tabtitle\">Online alapk\u00e9pz\u00e9si (t\u00f6rzsk\u00e9pz\u00e9si) tanfolyamok<\/h2>\n<div class=\"tabcontent\">\n\n<ul>\n<li><a href=\"https:\/\/semmelweis.hu\/fok-tovabbkepzes\/files\/2025\/09\/Tajekoztato-resztvevok-szamara-2025.pdf\">Alapk\u00e9pz\u00e9si (t\u00f6rzsk\u00e9pz\u00e9si) tanfolyam t\u00e1j\u00e9koztat\u00f3 &#8211; R\u00e9sztvev\u0151k r\u00e9sz\u00e9re\u00a0<\/a><\/li>\n<li><span style=\"color: #000000\"><a href=\"https:\/\/semmelweis.hu\/fok-tovabbkepzes\/files\/2025\/09\/Torzskepzes-tanfolyam-idopontok-2025-26.pdf\">Alapk\u00e9pz\u00e9si (t\u00f6rzsk\u00e9pz\u00e9si) tanfolyamok v\u00e1rhat\u00f3 id\u0151pontjai 2025\/2026. tan\u00e9v<\/a>\u00a0<\/span><\/li>\n<li>Jelentkez\u00e9s az Alapk\u00e9pz\u00e9si (t\u00f6rzsk\u00e9pz\u00e9si) tanfolyamokra 2025\/2026. tan\u00e9v<br \/>\n<a href=\"https:\/\/semmelweis.hu\/fok-tovabbkepzes\/files\/2025\/09\/Dento-tanfolyam-kodok.pdf\"><span style=\"font-size: 12pt\">Dento-alveol\u00e1ris <\/span><span style=\"font-size: 12pt\">s<\/span><span style=\"font-size: 12pt\">eb\u00e9szet<\/span><\/a><br \/>\n<a href=\"https:\/\/semmelweis.hu\/fok-tovabbkepzes\/files\/2025\/09\/Endodontia-tanfolyam-kodok.pdf\"><span style=\"font-size: 12pt\">Endodontia<\/span><\/a><br \/>\n<a href=\"https:\/\/semmelweis.hu\/fok-tovabbkepzes\/files\/2025\/09\/Fogpotlastan-tanfolyam-kodok.pdf\"><span style=\"font-size: 12pt\">Fogp\u00f3tl\u00e1stan<\/span><\/a><br \/>\n<a href=\"https:\/\/semmelweis.hu\/fok-tovabbkepzes\/files\/2025\/09\/Fogszabalyozas-tanfolyam-kodok.pdf\"><span style=\"font-size: 12pt\">Fogszab\u00e1lyoz\u00e1s<\/span><\/a><br \/>\n<a href=\"https:\/\/semmelweis.hu\/fok-tovabbkepzes\/files\/2025\/09\/Gyermekfogaszat-tanfolyam-kodok.pdf\"><span style=\"font-size: 12pt\">Gyermekfog\u00e1szat<\/span><\/a><br \/>\n<a href=\"https:\/\/semmelweis.hu\/fok-tovabbkepzes\/files\/2025\/09\/Paro-tanfolyam-kodok.pdf\"><span style=\"font-size: 12pt\">Parodontol\u00f3gia<\/span><\/a><\/li>\n<\/ul>\n\n<\/div><h2 class=\"tabtitle\">S\u00fcrg\u0151ss\u00e9gi <br \/>\nbetegell\u00e1t\u00e1s tanfolyam<\/h2>\n<div class=\"tabcontent\">\n\n<div class=\"elementToProof\" style=\"color: #000000;font-family: 'Times New Roman', Times, serif;font-size: 12pt;background-color: #ffffff\"><span style=\"font-size: 14pt\">S\u00fcrg\u0151ss\u00e9gi Betegell\u00e1t\u00f3 Tanfolyam els\u0151 id\u0151pontja: 2024.02.16. 08:00 \u00f3ra<\/span><\/div>\n<div class=\"elementToProof\" style=\"color: #000000;font-family: 'Times New Roman', Times, serif;font-size: 12pt;background-color: #ffffff\"><span class=\"ContentPasted0\" style=\"font-size: 14pt\">S\u00fcrg\u0151ss\u00e9gi Betegell\u00e1t\u00f3 Tanfolyam els\u0151 napj\u00e1nak helysz\u00edne: Semmelweis Egyetem Fogorvostudom\u00e1nyi Kar \u00c1rk\u00f6vy J\u00f3zsef el\u0151ad\u00f3<\/span><\/div>\n<div>\u00a0<\/div>\n<div>\n<div class=\"elementToProof\" style=\"color: #000000;font-family: 'Times New Roman', Times, serif;font-size: 12pt;background-color: #ffffff\"><span style=\"font-size: 14pt\"><a href=\"https:\/\/semmelweis.hu\/fok-tovabbkepzes\/files\/2024\/01\/Surgossegi-tematika-Torzskepzes_beosztas_2024.pdf\">S\u00fcrg\u0151ss\u00e9gi fog\u00e1szat &#8211; tematika<\/a><\/span><\/div>\n<div class=\"elementToProof\" style=\"color: #000000;font-family: 'Times New Roman', Times, serif;font-size: 12pt;background-color: #ffffff\">\u00a0<\/div>\n<div class=\"elementToProof\" style=\"color: #000000;font-family: 'Times New Roman', Times, serif;font-size: 12pt;background-color: #ffffff\"><span class=\"ContentPasted2\" style=\"font-size: 14pt\">S\u00fcrg\u0151ss\u00e9gi Betegell\u00e1t\u00f3 Tanfolyam el\u0151ad\u00e1s\u00e1hoz tartoz\u00f3 vizsga: <\/span><\/div>\n<div class=\"elementToProof\" style=\"color: #000000;font-family: 'Times New Roman', Times, serif;font-size: 12pt;background-color: #ffffff\"><span class=\"ContentPasted2\" style=\"font-size: 14pt\">\u00a0<\/span><\/div>\n<div class=\"elementToProof ContentPasted1\" style=\"color: #000000;font-family: 'Times New Roman', Times, serif;font-size: 12pt;background-color: #ffffff\"><span style=\"font-size: 14pt\">Az el\u0151ad\u00e1st k\u00f6vet\u0151en esetbemutat\u00e1st kell k\u00fcldeni az <a href=\"mailto:fszoi@semmelweis.hu\">fszoi@semmelweis.hu<\/a> e-mail c\u00edmre, melynek hat\u00e1rideje 2024.03.03. (p\u00e9ntek) 23:59.<\/span><\/div>\n<div class=\"elementToProof ContentPasted1\" style=\"color: #000000;font-family: 'Times New Roman', Times, serif;font-size: 12pt;background-color: #ffffff\">\u00a0<\/div>\n<div class=\"elementToProof ContentPasted1\" style=\"color: #000000;font-family: 'Times New Roman', Times, serif;font-size: 12pt;background-color: #ffffff\">\n<p><span style=\"font-size: 14pt\">Felh\u00edvjuk sz\u00edves figyelm\u00e9t, hogy az esetbemutat\u00e1s ut\u00f3lagos elk\u00fcld\u00e9s\u00e9re nincs lehet\u0151s\u00e9g. Az esetbemutat\u00e1s lead\u00e1s\u00e1nak vagy az el\u0151ad\u00e1s r\u00e9szv\u00e9tel\u00e9nek elmulaszt\u00e1sa eset\u00e9n a gyakorlati k\u00e9pz\u00e9s nem kezdhet\u0151 meg, a tanfolyamot j\u00f6v\u0151re p\u00f3tolni kell.<\/span><\/p>\n<\/div>\n<div class=\"elementToProof\" style=\"color: #000000;font-family: 'Times New Roman', Times, serif;font-size: 12pt;background-color: #ffffff\">\u00a0<\/div>\n<div class=\"elementToProof\" style=\"color: #000000;font-family: 'Times New Roman', Times, serif;font-size: 12pt;background-color: #ffffff\"><a href=\"https:\/\/semmelweis.hu\/fok-tovabbkepzes\/files\/2023\/02\/Esetbemutatas-protokoll.pdf\"><span style=\"font-size: 14pt\">Esetbemutat\u00e1si protokoll<\/span><\/a><\/div>\n<\/div>\n<div>\u00a0<\/div>\n\n<\/div><h2 class=\"tabtitle\">Egyetemi <br \/>\noszt\u00e1lyos gyakorlat<\/h2>\n<div class=\"tabcontent\">\n\n<h2>T\u00e1j\u00e9koztat\u00f3<\/h2>\n<p><a href=\"https:\/\/semmelweis.hu\/fok-tovabbkepzes\/files\/2020\/05\/1-T\u00c1J\u00c9KOZTAT\u00c1S-az-egyetemi-oszt\u00e1lyos-gyakorlat-rendj\u00e9r\u0151l-2019.pdf\" target=\"_blank\" rel=\"noopener noreferrer\">T\u00e1j\u00e9koztat\u00f3 egyetemi oszt\u00e1lyos gyakorlatr\u00f3l<\/a> (pdf)<\/p>\n<h2>Tematik\u00e1k<\/h2>\n<h4 class=\"entry-title\"><strong>Fogp\u00f3tl\u00e1stan egyetemi oszt\u00e1lyos gyakorlat tematik\u00e1i<\/strong><\/h4>\n<ul>\n<li><a href=\"https:\/\/semmelweis.hu\/fok-tovabbkepzes\/files\/2023\/11\/Fogpotlastan.pdf\">Fogp\u00f3tl\u00e1stani Klinika<\/a><\/li>\n<li>Fog\u00e1szati \u00e9s Sz\u00e1jseb\u00e9szeti Oktat\u00f3 Int\u00e9zet\u00a0<\/li>\n<\/ul>\n<h4 class=\"entry-title\"><strong>Endodontia egyetemi oszt\u00e1lyos gyakorlat tematik\u00e1i<\/strong><\/h4>\n<ul>\n<li><a href=\"https:\/\/semmelweis.hu\/fok-tovabbkepzes\/files\/2023\/11\/Endodontia.pdf\">Helyre\u00e1ll\u00edt\u00f3 Fog\u00e1szati \u00e9s Endodonciai Klinika<\/a><\/li>\n<\/ul>\n<h4 class=\"entry-title\"><strong>Fogszab\u00e1lyoz\u00e1s egyetemi oszt\u00e1lyos gyakorlat tematik\u00e1i<\/strong><\/h4>\n<ul>\n<li><a href=\"https:\/\/semmelweis.hu\/fok-tovabbkepzes\/files\/2023\/11\/Fogszabalyozas.pdf\">Gyermekfog\u00e1szati \u00e9s Fogszab\u00e1lyoz\u00e1si Klinika<\/a><\/li>\n<\/ul>\n<h4><strong>Gyermekfog\u00e1szat egyetemi oszt\u00e1lyos gyakorlat tematik\u00e1i<\/strong><\/h4>\n<ul>\n<li><a href=\"https:\/\/semmelweis.hu\/fok-tovabbkepzes\/files\/2023\/11\/Gyermekfogaszat.pdf\">Gyermekfog\u00e1szati \u00e9s Fogszab\u00e1lyoz\u00e1si Klinika<\/a><\/li>\n<\/ul>\n<h4><strong>Dento-Alveol\u00e1ris seb\u00e9szet egyetemi oszt\u00e1lyos gyakorlat tematik\u00e1i<\/strong><\/h4>\n<ul>\n<li><a href=\"https:\/\/semmelweis.hu\/fok-tovabbkepzes\/files\/2023\/11\/Dento-alveolaris-sebeszet.pdf\">Arc-, \u00c1llcsont-, Sz\u00e1jseb\u00e9szeti \u00e9s Fog\u00e1szati Klinika\u00a0<\/a><\/li>\n<\/ul>\n<h4><strong>Parodontol\u00f3gia egyetemi oszt\u00e1lyos gyakorlat tematik\u00e1i<\/strong><\/h4>\n<ul>\n<li><a href=\"https:\/\/semmelweis.hu\/fok-tovabbkepzes\/files\/2023\/11\/Parodontologia.pdf\">Parodontol\u00f3giai Klinika<\/a><\/li>\n<\/ul>\n<\/div><\/div>\n","protected":false},"excerpt":{"rendered":"<p><a href=\"https:\/\/semmelweis.hu\/fok-tovabbkepzes\/files\/2025\/09\/Tajekoztato-resztvevok-szamara-2025.pdf\">Alapk\u00e9pz\u00e9si (t\u00f6rzsk\u00e9pz\u00e9si) tanfolyam t\u00e1j\u00e9koztat\u00f3 &#8211; R\u00e9sztvev\u0151k r\u00e9sz\u00e9re\u00a0<\/a> <a href=\"https:\/\/semmelweis.hu\/fok-tovabbkepzes\/files\/2025\/09\/Torzskepzes-tanfolyam-idopontok-2025-26.pdf\">Alapk\u00e9pz\u00e9si (t\u00f6rzsk\u00e9pz\u00e9si) tanfolyamok v\u00e1rhat\u00f3 id\u0151pontjai 2025\/2026. tan\u00e9v<\/a> \u00a0 Jelentkez\u00e9s az Alapk\u00e9pz\u00e9si (t\u00f6rzsk\u00e9pz\u00e9si) tanfolyamokra 2025\/2026. tan\u00e9v <a href=\"https:\/\/semmelweis.hu\/fok-tovabbkepzes\/files\/2025\/09\/Dento-tanfolyam-kodok.pdf\">Dento-alveol\u00e1ris seb\u00e9szet<\/a> <a href=\"https:\/\/semmelweis.hu\/fok-tovabbkepzes\/files\/2025\/09\/Endodontia-tanfolyam-kodok.pdf\">Endodontia<\/a> <a href=\"https:\/\/semmelweis.hu\/fok-tovabbkepzes\/files\/2025\/09\/Fogpotlastan-tanfolyam-kodok.pdf\">Fogp\u00f3tl\u00e1stan<\/a> <a href=\"https:\/\/semmelweis.hu\/fok-tovabbkepzes\/files\/2025\/09\/Fogszabalyozas-tanfolyam-kodok.pdf\">Fogszab\u00e1lyoz\u00e1s<\/a> <a href=\"https:\/\/semmelweis.hu\/fok-tovabbkepzes\/files\/2025\/09\/Gyermekfogaszat-tanfolyam-kodok.pdf\">Gyermekfog\u00e1szat<\/a> <a href=\"https:\/\/semmelweis.hu\/fok-tovabbkepzes\/files\/2025\/09\/Paro-tanfolyam-kodok.pdf\">Parodontol\u00f3gia<\/a> S\u00fcrg\u0151ss\u00e9gi Betegell\u00e1t\u00f3 Tanfolyam els\u0151 id\u0151pontja: 2024.02.16. 08:00 \u00f3ra S\u00fcrg\u0151ss\u00e9gi Betegell\u00e1t\u00f3 Tanfolyam els\u0151 napj\u00e1nak helysz\u00edne: Semmelweis Egyetem Fogorvostudom\u00e1nyi Kar \u00c1rk\u00f6vy J\u00f3zsef el\u0151ad\u00f3 \u00a0 <a href=\"https:\/\/semmelweis.hu\/fok-tovabbkepzes\/files\/2024\/01\/Surgossegi-tematika-Torzskepzes_beosztas_2024.pdf\">S\u00fcrg\u0151ss\u00e9gi fog\u00e1szat &#8211; tematika<\/a> \u00a0 S\u00fcrg\u0151ss\u00e9gi Betegell\u00e1t\u00f3 Tanfolyam el\u0151ad\u00e1s\u00e1hoz tartoz\u00f3 vizsga: \u00a0 Az el\u0151ad\u00e1st k\u00f6vet\u0151en esetbemutat\u00e1st kell k\u00fcldeni az <a href=\"mailto:fszoi@semmelweis.hu\">fszoi@semmelweis.hu<\/a> e-mail c\u00edmre, melynek hat\u00e1rideje 2024.03.03. (p\u00e9ntek) 23:59. \u00a0 Felh\u00edvjuk sz\u00edves &hellip;<\/p>\n","protected":false},"author":38,"featured_media":0,"parent":2976,"menu_order":4,"comment_status":"closed","ping_status":"closed","template":"","meta":{"_acf_changed":false,"footnotes":""},"categories":[],"tags":[],"class_list":["post-29","page","type-page","status-publish","hentry"],"acf":[],"_links":{"self":[{"href":"https:\/\/semmelweis.hu\/fok-tovabbkepzes\/wp-json\/wp\/v2\/pages\/29","targetHints":{"allow":["GET"]}}],"collection":[{"href":"https:\/\/semmelweis.hu\/fok-tovabbkepzes\/wp-json\/wp\/v2\/pages"}],"about":[{"href":"https:\/\/semmelweis.hu\/fok-tovabbkepzes\/wp-json\/wp\/v2\/types\/page"}],"author":[{"embeddable":true,"href":"https:\/\/semmelweis.hu\/fok-tovabbkepzes\/wp-json\/wp\/v2\/users\/38"}],"replies":[{"embeddable":true,"href":"https:\/\/semmelweis.hu\/fok-tovabbkepzes\/wp-json\/wp\/v2\/comments?post=29"}],"version-history":[{"count":13,"href":"https:\/\/semmelweis.hu\/fok-tovabbkepzes\/wp-json\/wp\/v2\/pages\/29\/revisions"}],"predecessor-version":[{"id":5364,"href":"https:\/\/semmelweis.hu\/fok-tovabbkepzes\/wp-json\/wp\/v2\/pages\/29\/revisions\/5364"}],"up":[{"embeddable":true,"href":"https:\/\/semmelweis.hu\/fok-tovabbkepzes\/wp-json\/wp\/v2\/pages\/2976"}],"wp:attachment":[{"href":"https:\/\/semmelweis.hu\/fok-tovabbkepzes\/wp-json\/wp\/v2\/media?parent=29"}],"wp:term":[{"taxonomy":"category","embeddable":true,"href":"https:\/\/semmelweis.hu\/fok-tovabbkepzes\/wp-json\/wp\/v2\/categories?post=29"},{"taxonomy":"post_tag","embeddable":true,"href":"https:\/\/semmelweis.hu\/fok-tovabbkepzes\/wp-json\/wp\/v2\/tags?post=29"}],"curies":[{"name":"wp","href":"https:\/\/api.w.org\/{rel}","templated":true}]}}