{"id":2835,"date":"2020-02-19T08:57:18","date_gmt":"2020-02-19T07:57:18","guid":{"rendered":"http:\/\/semmelweis.hu\/fok-tovabbkepzes\/?page_id=2835"},"modified":"2024-06-19T09:32:10","modified_gmt":"2024-06-19T07:32:10","slug":"vizsgatipusok-a-szakfogorvoskepzesben","status":"publish","type":"page","link":"https:\/\/semmelweis.hu\/fok-tovabbkepzes\/szakfogorvos-kepzes\/vizsgatipusok-a-szakfogorvoskepzesben\/","title":{"rendered":"Vizsgat\u00edpusok a szakfogorvosk\u00e9pz\u00e9sben"},"content":{"rendered":"<p><strong>T\u00d6RZSK\u00c9PZ\u00c9SI ID\u0150SZAK:<\/strong><\/p>\n<table style=\"width: 100%;border-color: white\" border=\"1\" cellspacing=\"5\" cellpadding=\"5\">\n<tbody>\n<tr style=\"background-color: #64950b\">\n<td style=\"width: 15%;text-align: center\"><strong><span style=\"color: #ffffff\">Vizsga t\u00edpusa<\/span><\/strong><\/td>\n<td style=\"width: 20%;text-align: center\"><strong><span style=\"color: #ffffff\">Vizsga min\u0151s\u00edt\u00e9se<\/span><\/strong><\/td>\n<td style=\"width: 35%;text-align: center\"><strong><span style=\"color: #ffffff\">\u00c9rintettek<\/span><\/strong><\/td>\n<td style=\"width: 30%;text-align: center\"><strong><span style=\"color: #ffffff\">Vizsga tartalma<\/span><\/strong><\/td>\n<\/tr>\n<tr>\n<td><strong>T\u00f6rzsk\u00e9pz\u00e9si tanfolyamokat z\u00e1r\u00f3 vizsg\u00e1k<\/strong><\/td>\n<td>\n<p><strong>3 fokozat\u00fa min\u0151s\u00edt\u00e9s<\/strong><\/p>\n<p>(kiv\u00e1l\u00f3an megfelelt, megfelelt, nem felelt meg)<\/p>\n<\/td>\n<td>\n<ul>\n<li><strong>els\u0151k\u00e9nt megszerezhet\u0151\u00a0szakk\u00e9pz\u00e9sben t\u00f6rt\u00e9n\u0151\u00a0r\u00e9szv\u00e9tel, minden\u00a0finansz\u00edroz\u00e1si\u00a0t\u00edpus<\/strong><\/li>\n<\/ul>\n<\/td>\n<td>\n<p>elektronikus vizsga:<\/p>\n<p><strong>Vizsga I.<br \/>\n<\/strong>els\u0151 5 tanfolyam kb. 90 k\u00e9rd\u00e9s<\/p>\n<p><strong>Vizsga II.<br \/>\n<\/strong>utols\u00f3 4 tanfolyam kb. 72 k\u00e9rd\u00e9s<\/p>\n<\/td>\n<\/tr>\n<tr>\n<td><strong>S\u00fcrg\u0151ss\u00e9gi betegell\u00e1t\u00e1s tanfolyamot z\u00e1r\u00f3 vizsga<\/strong><\/td>\n<td>\n<p><strong>3 fokozat\u00fa min\u0151s\u00edt\u00e9s<\/strong><\/p>\n<p>(kiv\u00e1l\u00f3an megfelelt, megfelelt, nem felelt meg)<\/p>\n<\/td>\n<td>\n<ul>\n<li><strong>els\u0151k\u00e9nt megszerezhet\u0151 szakk\u00e9pz\u00e9sben<\/strong>t\u00f6rt\u00e9n\u0151\u00a0r\u00e9szv\u00e9tel, minden\u00a0finansz\u00edroz\u00e1si\u00a0t\u00edpus<\/li>\n<\/ul>\n<\/td>\n<td>25 k\u00e9rd\u00e9sb\u0151l \u00e1ll\u00f3 teszt \u00e9s gyakorlati vizsga<\/td>\n<\/tr>\n<tr>\n<td><strong>Eg\u00e9szs\u00e9g\u00fcgyi menedzsment tanfolyamot z\u00e1r\u00f3 vizsga<\/strong><\/td>\n<td>\n<p><strong>2 fokozat\u00fa min\u0151s\u00edt\u00e9s<\/strong><\/p>\n<p>(megfelelt, nem felelt meg)<\/p>\n<\/td>\n<td>\n<ul>\n<li>els\u0151k\u00e9nt megszerezhet\u0151 szakk\u00e9pz\u00e9sben t\u00f6rt\u00e9n\u0151\u00a0r\u00e9szv\u00e9tel, minden\u00a0finansz\u00edroz\u00e1si\u00a0t\u00edpus<\/li>\n<\/ul>\n<\/td>\n<td>\u00edr\u00e1sbeli vizsga<\/td>\n<\/tr>\n<tr>\n<td rowspan=\"2\"><strong>R\u00e9szvizsga<\/strong><\/td>\n<td rowspan=\"2\">\n<p><strong>5 fokozat\u00fa min\u0151s\u00edt\u00e9s<\/strong><\/p>\n<p><em>(1-5-ig t\u00f6rt\u00e9n\u0151 oszt\u00e1lyoz\u00e1s)<br \/>\n<\/em><\/td>\n<td>\n<ul>\n<li><strong>els\u0151k\u00e9nt megszerezhet\u0151, k\u00f6lts\u00e9gt\u00e9r\u00edt\u00e9ses<\/strong> szakfogorvosk\u00e9pz\u00e9sben t\u00f6rt\u00e9n\u0151 r\u00e9szv\u00e9tel <strong>k\u00fcls\u0151 akkredit\u00e1lt k\u00e9pz\u0151helyen<br \/>\n<\/strong><\/li>\n<li><strong>els\u0151k\u00e9nt megszerezhet\u0151, k\u00f6lts\u00e9gt\u00e9r\u00edt\u00e9ses<\/strong> szakfogorvosk\u00e9pz\u00e9sben t\u00f6rt\u00e9n\u0151 r\u00e9szv\u00e9tel <strong>egyetemi k\u00e9pz\u0151helyre t\u00f6rt\u00e9n\u0151 kirendel\u00e9ssel<\/strong><\/li>\n<\/ul>\n<\/td>\n<td>1 vizsga (3 dokument\u00e1lt eset bemutat\u00e1sa)<\/td>\n<\/tr>\n<tr>\n<td>\n<ul>\n<li><strong>els\u0151k\u00e9nt megszerezhet\u0151 <\/strong>szakk\u00e9pz\u00e9sben t\u00f6rt\u00e9n\u0151 r\u00e9szv\u00e9tel <strong>\u00e1llami finansz\u00edroz\u00e1s\u00fa<\/strong>, egyetemi k\u00e9pz\u0151helyen oktat\u00f3i ut\u00e1np\u00f3tl\u00e1s \u00e9s nem egyetemi ut\u00e1np\u00f3tl\u00e1st szolg\u00e1l\u00f3, valamint k\u00fcls\u0151 k\u00e9pz\u0151helyen nem egyetemi ut\u00e1np\u00f3tl\u00e1st szolg\u00e1l\u00f3 keretsz\u00e1m terh\u00e9re<\/li>\n<li><em>a 12 h\u00f3napos k\u00e9pz\u00e9s <u>kiv\u00e9tel\u00e9vel<\/u>,<\/em><strong> az \u00fajabb els\u0151k\u00e9nt megszerezhet\u0151<\/strong> szakfogorvosk\u00e9pz\u00e9sben t\u00f6rt\u00e9n\u0151 r\u00e9szv\u00e9tel eset\u00e9n<\/li>\n<\/ul>\n<\/td>\n<td>1 vizsga (3 dokument\u00e1lt eset bemutat\u00e1sa)<\/td>\n<\/tr>\n<\/tbody>\n<\/table>\n<p><strong>SZAKGYAKORLATI ID\u0150SZAK:<\/strong><\/p>\n<table style=\"width: 100%;border-color: white\" border=\"1\" cellspacing=\"5\" cellpadding=\"5\">\n<tbody>\n<tr style=\"background-color: #64950b\">\n<td style=\"width: 15%;text-align: center\"><strong><span style=\"color: #ffffff\">Vizsga t\u00edpusa<\/span><\/strong><\/td>\n<td style=\"width: 20%;text-align: center\"><strong><span style=\"color: #ffffff\">Vizsga min\u0151s\u00edt\u00e9se<\/span><\/strong><\/td>\n<td style=\"width: 40%;text-align: center\"><strong><span style=\"color: #ffffff\">\u00c9rintettek<\/span><\/strong><\/td>\n<td style=\"width: 25%;text-align: center\"><strong><span style=\"color: #ffffff\">Vizsga tartalma<\/span><\/strong><\/td>\n<\/tr>\n<tr>\n<td rowspan=\"3\"><strong>Kimeneti vizsga<\/strong><\/td>\n<td rowspan=\"3\">\n<p><strong>2 fokozat\u00fa min\u0151s\u00edt\u00e9s<\/strong><\/p>\n<p>(megfelelt, nem felelt meg)<strong><br \/>\n<\/strong><\/td>\n<td>\n<ul>\n<li><strong>Or\u00e1lis implantol\u00f3gia<\/strong> r\u00e1\u00e9p\u00edtett szakfogorvos k\u00e9pz\u00e9sben t\u00f6rt\u00e9n\u0151 r\u00e9szv\u00e9tel eset\u00e9n<\/li>\n<\/ul>\n<\/td>\n<td>3 vizsga (8 h\u00f3naponk\u00e9nt) 3-3 dokument\u00e1lt eset bemutat\u00e1sa<\/td>\n<\/tr>\n<tr>\n<td rowspan=\"2\">\n<ul>\n<li><strong>12 h\u00f3napos<\/strong> \u00fajabb els\u0151k\u00e9nt megszerezhet\u0151 szakfogorvos k\u00e9pz\u00e9sben t\u00f6rt\u00e9n\u0151 r\u00e9szv\u00e9tel eset\u00e9n<\/li>\n<\/ul>\n<\/td>\n<td><strong>Endodontia<\/strong> szakir\u00e1ny 1 vizsga (5 dokument\u00e1lt eset bemutat\u00e1sa)<\/td>\n<\/tr>\n<tr>\n<td><strong>Fogp\u00f3tl\u00e1stan<\/strong> szakir\u00e1ny 1 vizsga (3 dokument\u00e1lt eset bemutat\u00e1sa)<\/td>\n<\/tr>\n<tr>\n<td rowspan=\"2\"><strong>Bels\u0151 vizsga<\/strong><\/td>\n<td rowspan=\"2\"><em><strong>2 fokozat\u00fa min\u0151s\u00edt\u00e9s<\/strong><\/em><br \/>\n(megfelelt, nem felelt meg)<br \/>\n<em><strong><br \/>\n<\/strong><\/em><\/td>\n<td>\n<ul>\n<li><strong>els\u0151k\u00e9nt megszerezhet\u0151, k\u00f6lts\u00e9gt\u00e9r\u00edt\u00e9ses<\/strong> szakfogorvosk\u00e9pz\u00e9sben t\u00f6rt\u00e9n\u0151 r\u00e9szv\u00e9tel <strong>k\u00fcls\u0151 akkredit\u00e1lt k\u00e9pz\u0151helyen<\/strong><\/li>\n<li><strong>els\u0151k\u00e9nt megszerezhet\u0151, k\u00f6lts\u00e9gt\u00e9r\u00edt\u00e9ses<\/strong> szakfogorvosk\u00e9pz\u00e9sben t\u00f6rt\u00e9n\u0151 r\u00e9szv\u00e9tel <strong>egyetemi k\u00e9pz\u0151helyre t\u00f6rt\u00e9n\u0151 kirendel\u00e9ssel<\/strong>, <em>amennyiben<\/em>*<br \/>\n*A Gr\u00e9mium eln\u00f6k a szakvizsg\u00e1ra bocs\u00e1t\u00e1s enged\u00e9ly\u00e9t a <strong>konzulens javaslat\u00e1ra <\/strong>bels\u0151 vizsg\u00e1hoz k\u00f6theti<\/li>\n<\/ul>\n<\/td>\n<td>&nbsp;<\/td>\n<\/tr>\n<tr>\n<td>\n<ul>\n<li><strong>els\u0151k\u00e9nt megszerezhet\u0151 <\/strong>szakk\u00e9pz\u00e9sben t\u00f6rt\u00e9n\u0151 r\u00e9szv\u00e9tel <strong>\u00e1llami finansz\u00edroz\u00e1s\u00fa<\/strong>, egyetemi k\u00e9pz\u0151helyen oktat\u00f3i ut\u00e1np\u00f3tl\u00e1s \u00e9s nem egyetemi ut\u00e1np\u00f3tl\u00e1st szolg\u00e1l\u00f3, valamint k\u00fcls\u0151 k\u00e9pz\u0151helyen nem egyetemi ut\u00e1np\u00f3tl\u00e1st szolg\u00e1l\u00f3 keretsz\u00e1m, <em>amennyiben<\/em>**<\/li>\n<li><em>a 12 h\u00f3napos k\u00e9pz\u00e9s <u>kiv\u00e9tel\u00e9vel<\/u>,<\/em><strong> az \u00fajabb els\u0151k\u00e9nt megszerezhet\u0151<\/strong> szakfogorvosk\u00e9pz\u00e9sben t\u00f6rt\u00e9n\u0151 r\u00e9szv\u00e9tel eset\u00e9n, <em>amennyiben<\/em>**<br \/>\n**A Gr\u00e9mium eln\u00f6k a szakvizsg\u00e1ra bocs\u00e1t\u00e1s enged\u00e9ly\u00e9t a <strong>kimeneti vizsg\u00e1ztat\u00f3, vagy a konzulens javaslat\u00e1ra <\/strong>bels\u0151 vizsg\u00e1hoz k\u00f6theti<\/li>\n<\/ul>\n<\/td>\n<td>&nbsp;<\/td>\n<\/tr>\n<\/tbody>\n<\/table>\n<p>&nbsp;<\/p>\n","protected":false},"excerpt":{"rendered":"<p>T\u00d6RZSK\u00c9PZ\u00c9SI ID\u0150SZAK: Vizsga t\u00edpusa Vizsga min\u0151s\u00edt\u00e9se \u00c9rintettek Vizsga tartalma T\u00f6rzsk\u00e9pz\u00e9si tanfolyamokat z\u00e1r\u00f3 vizsg\u00e1k 3 fokozat\u00fa min\u0151s\u00edt\u00e9s (kiv\u00e1l\u00f3an megfelelt, megfelelt, nem felelt meg) els\u0151k\u00e9nt megszerezhet\u0151\u00a0szakk\u00e9pz\u00e9sben t\u00f6rt\u00e9n\u0151\u00a0r\u00e9szv\u00e9tel, minden\u00a0finansz\u00edroz\u00e1si\u00a0t\u00edpus elektronikus vizsga: Vizsga I. els\u0151 5 tanfolyam kb. 90 k\u00e9rd\u00e9s Vizsga II. utols\u00f3 4 tanfolyam kb. 72 k\u00e9rd\u00e9s S\u00fcrg\u0151ss\u00e9gi betegell\u00e1t\u00e1s tanfolyamot z\u00e1r\u00f3 vizsga 3 fokozat\u00fa min\u0151s\u00edt\u00e9s (kiv\u00e1l\u00f3an megfelelt, megfelelt, &hellip;<\/p>\n","protected":false},"author":101109,"featured_media":0,"parent":5067,"menu_order":6,"comment_status":"closed","ping_status":"closed","template":"","meta":{"_acf_changed":false,"footnotes":""},"categories":[],"tags":[],"class_list":["post-2835","page","type-page","status-publish","hentry"],"acf":[],"_links":{"self":[{"href":"https:\/\/semmelweis.hu\/fok-tovabbkepzes\/wp-json\/wp\/v2\/pages\/2835","targetHints":{"allow":["GET"]}}],"collection":[{"href":"https:\/\/semmelweis.hu\/fok-tovabbkepzes\/wp-json\/wp\/v2\/pages"}],"about":[{"href":"https:\/\/semmelweis.hu\/fok-tovabbkepzes\/wp-json\/wp\/v2\/types\/page"}],"author":[{"embeddable":true,"href":"https:\/\/semmelweis.hu\/fok-tovabbkepzes\/wp-json\/wp\/v2\/users\/101109"}],"replies":[{"embeddable":true,"href":"https:\/\/semmelweis.hu\/fok-tovabbkepzes\/wp-json\/wp\/v2\/comments?post=2835"}],"version-history":[{"count":11,"href":"https:\/\/semmelweis.hu\/fok-tovabbkepzes\/wp-json\/wp\/v2\/pages\/2835\/revisions"}],"predecessor-version":[{"id":5095,"href":"https:\/\/semmelweis.hu\/fok-tovabbkepzes\/wp-json\/wp\/v2\/pages\/2835\/revisions\/5095"}],"up":[{"embeddable":true,"href":"https:\/\/semmelweis.hu\/fok-tovabbkepzes\/wp-json\/wp\/v2\/pages\/5067"}],"wp:attachment":[{"href":"https:\/\/semmelweis.hu\/fok-tovabbkepzes\/wp-json\/wp\/v2\/media?parent=2835"}],"wp:term":[{"taxonomy":"category","embeddable":true,"href":"https:\/\/semmelweis.hu\/fok-tovabbkepzes\/wp-json\/wp\/v2\/categories?post=2835"},{"taxonomy":"post_tag","embeddable":true,"href":"https:\/\/semmelweis.hu\/fok-tovabbkepzes\/wp-json\/wp\/v2\/tags?post=2835"}],"curies":[{"name":"wp","href":"https:\/\/api.w.org\/{rel}","templated":true}]}}