{"id":2829,"date":"2020-02-06T15:52:17","date_gmt":"2020-02-06T14:52:17","guid":{"rendered":"http:\/\/semmelweis.hu\/fok-tovabbkepzes\/?page_id=2829"},"modified":"2025-03-11T15:06:40","modified_gmt":"2025-03-11T14:06:40","slug":"endodontia-szakvizsga-temakorok","status":"publish","type":"page","link":"https:\/\/semmelweis.hu\/fok-tovabbkepzes\/szakfogorvos-kepzes\/12-honapos-kepzes\/teljesitendo-beavatkozasok-listaja\/endodontia-szakvizsga-temakorok\/","title":{"rendered":"Endodontia szakvizsga &#8211; T\u00e9mak\u00f6r\u00f6k"},"content":{"rendered":"<p style=\"text-align: center\"><strong><span style=\"font-size: 14pt\">Endodontia szakvizsga<\/span><\/strong><\/p>\n<p style=\"text-align: center\"><strong><span style=\"font-size: 14pt\">T\u00e9mak\u00f6r\u00f6k<\/span><\/strong><\/p>\n<p style=\"text-align: justify\">1. Anamn\u00e9zisfelv\u00e9tel \u00e9s betegvizsg\u00e1lat az endodontiai ell\u00e1t\u00e1st ig\u00e9nyl\u0151 betegek eset\u00e9ben (kiemelve az endodontiai ell\u00e1t\u00e1s szempontj\u00e1b\u00f3l fontos anamnesztikus adatokat). <br \/>\n2. Rizik\u00f3 p\u00e1ciensek (gy\u00f3gyszerelt, ill. alapbetegs\u00e9gben szenved\u0151 betegcsoport) endodontiai ell\u00e1t\u00e1sa.<br \/>\n3. K\u00e9palkot\u00f3 diagnosztikai elj\u00e1r\u00e1sok a gy\u00f6k\u00e9rkezel\u00e9s sor\u00e1n (lehet\u0151s\u00e9gek, alkalmaz\u00e1si krit\u00e9riumok, vesz\u00e9lyek).<br \/>\n4. A pulpa \u00e9s a periapik\u00e1lis t\u00e9r diagnosztik\u00e1ja. Diagn\u00f3zisok fel\u00e1ll\u00edt\u00e1sa. <br \/>\n5. A gy\u00f6k\u00e9rcsatorna mikrobiol\u00f3gi\u00e1ja.<br \/>\n6. D\u00f6nt\u00e9shozatal. Kezel\u00e9si terv k\u00e9sz\u00edt\u00e9se. Progn\u00f3zisbecsl\u00e9s.<br \/>\n7. Gy\u00f6k\u00e9rkezel\u00e9s \u00e9s \u00fajra gy\u00f6k\u00e9rkezel\u00e9s c\u00e9lja, indik\u00e1ci\u00f3i \u00e9s kontraindik\u00e1ci\u00f3i.<br \/>\n8. Pulpamegtart\u00f3 kezel\u00e9sek (lehet\u0151s\u00e9gek \/ kivitelez\u00e9s \/ anyagok).<br \/>\n9. A gy\u00f6k\u00e9rcsatorna prepar\u00e1l\u00e1s ir\u00e1nyelvei, lehet\u0151s\u00e9gei (kiemelve a korszer\u0171 g\u00e9pi megmunk\u00e1l\u00e1si lehet\u0151s\u00e9geit), alkalmaz\u00e1s \u00e9s \u00f6sszehasonl\u00edt\u00f3 \u00e9rt\u00e9kel\u00e9s. <br \/>\n10. A gy\u00f6k\u00e9rkezel\u00e9s sor\u00e1n alkalmazott \u00e1tmos\u00f3 \u00e1t\u00f6bl\u00edt\u0151szerek, gy\u00f3gyszeres k\u00f6t\u00e9sek, hat\u00e9konys\u00e1g fokoz\u00f3 lehet\u0151s\u00e9gek, \u00f6sszehasonl\u00edt\u00f3 \u00e9rt\u00e9kel\u00e9s. \u00c1t\u00f6bl\u00edt\u00e9si protokollok.<br \/>\n11. A napjainkban haszn\u00e1lt gy\u00f6k\u00e9rt\u00f6m\u0151 anyagok \u00e9s gy\u00f6k\u00e9rt\u00f6m\u00e9si technik\u00e1k, eszk\u00f6zig\u00e9ny, \u00f6sszehasonl\u00edt\u00f3 \u00e9rt\u00e9kel\u00e9s.<br \/>\n12. Neh\u00e9zs\u00e9gek a gy\u00f6k\u00e9rkezel\u00e9s sor\u00e1n (kalcifik\u00e1l\u00f3dott csatorna, bet\u00f6rt m\u0171szer, pulpak\u0151, g\u00f6rbe gy\u00f6k\u00e9rcsatorna). Elh\u00e1r\u00edt\u00e1s lehet\u0151s\u00e9gei, eszk\u00f6zei.<br \/>\n13. Gy\u00f6k\u00e9rkezelt fogak koronai restaur\u00e1ci\u00f3ja (megfontol\u00e1sok, lehet\u0151s\u00e9gek).<br \/>\n14. Sikeress\u00e9g meg\u00edt\u00e9l\u00e9se az endodonti\u00e1ban (siker, kudarc, \u00fajrakezel\u00e9s stb.).<br \/>\n15. A gy\u00f6k\u00e9rkezelt fogak tov\u00e1bbi sorsa. G\u00f3ck\u00e9rd\u00e9s.<br \/>\n16. Klasszikus \u00e9s mikroseb\u00e9szeti elj\u00e1r\u00e1sok az endodonti\u00e1ban.<br \/>\n17. Pulpo-parodont\u00e1lis k\u00f6lcs\u00f6nhat\u00e1s (pulpo-parodont\u00e1lis megbeteged\u00e9sek csoportos\u00edt\u00e1sa, ell\u00e1t\u00e1s lehet\u0151s\u00e9gei).<br \/>\n18. Gy\u00f6k\u00e9rfelsz\u00edv\u00f3d\u00e1s (csoportos\u00edt\u00e1s, ell\u00e1t\u00e1s lehet\u0151s\u00e9gei).<br \/>\n19. Repedt fog szindr\u00f3ma \u00e9s traum\u00e1s fogs\u00e9r\u00fcl\u00e9sek endodontiai vonatkoz\u00e1sai .<br \/>\n20. Apexificatio \u00e9s regener\u00e1ci\u00f3.<\/p>\n<p style=\"text-align: justify\">Budapest, 2021.08.13.<br \/>\nMagyar Endodontiai T\u00e1sras\u00e1g<br \/>\nEln\u00f6ks\u00e9gi \u00fcl\u00e9s<br \/>\nDr. Komora P\u00e9ter Gergely<br \/>\nMagyar Endodontiai T\u00e1rsas\u00e1g Eln\u00f6k<\/p>\n","protected":false},"excerpt":{"rendered":"<p>Endodontia szakvizsga T\u00e9mak\u00f6r\u00f6k 1. Anamn\u00e9zisfelv\u00e9tel \u00e9s betegvizsg\u00e1lat az endodontiai ell\u00e1t\u00e1st ig\u00e9nyl\u0151 betegek eset\u00e9ben (kiemelve az endodontiai ell\u00e1t\u00e1s szempontj\u00e1b\u00f3l fontos anamnesztikus adatokat). 2. Rizik\u00f3 p\u00e1ciensek (gy\u00f3gyszerelt, ill. alapbetegs\u00e9gben szenved\u0151 betegcsoport) endodontiai ell\u00e1t\u00e1sa. 3. K\u00e9palkot\u00f3 diagnosztikai elj\u00e1r\u00e1sok a gy\u00f6k\u00e9rkezel\u00e9s sor\u00e1n (lehet\u0151s\u00e9gek, alkalmaz\u00e1si krit\u00e9riumok, vesz\u00e9lyek). 4. A pulpa \u00e9s a periapik\u00e1lis t\u00e9r diagnosztik\u00e1ja. Diagn\u00f3zisok fel\u00e1ll\u00edt\u00e1sa. 5. A gy\u00f6k\u00e9rcsatorna &hellip;<\/p>\n","protected":false},"author":101109,"featured_media":0,"parent":3064,"menu_order":1,"comment_status":"closed","ping_status":"closed","template":"","meta":{"_acf_changed":false,"footnotes":""},"categories":[],"tags":[],"class_list":["post-2829","page","type-page","status-publish","hentry"],"acf":[],"_links":{"self":[{"href":"https:\/\/semmelweis.hu\/fok-tovabbkepzes\/wp-json\/wp\/v2\/pages\/2829","targetHints":{"allow":["GET"]}}],"collection":[{"href":"https:\/\/semmelweis.hu\/fok-tovabbkepzes\/wp-json\/wp\/v2\/pages"}],"about":[{"href":"https:\/\/semmelweis.hu\/fok-tovabbkepzes\/wp-json\/wp\/v2\/types\/page"}],"author":[{"embeddable":true,"href":"https:\/\/semmelweis.hu\/fok-tovabbkepzes\/wp-json\/wp\/v2\/users\/101109"}],"replies":[{"embeddable":true,"href":"https:\/\/semmelweis.hu\/fok-tovabbkepzes\/wp-json\/wp\/v2\/comments?post=2829"}],"version-history":[{"count":8,"href":"https:\/\/semmelweis.hu\/fok-tovabbkepzes\/wp-json\/wp\/v2\/pages\/2829\/revisions"}],"predecessor-version":[{"id":5198,"href":"https:\/\/semmelweis.hu\/fok-tovabbkepzes\/wp-json\/wp\/v2\/pages\/2829\/revisions\/5198"}],"up":[{"embeddable":true,"href":"https:\/\/semmelweis.hu\/fok-tovabbkepzes\/wp-json\/wp\/v2\/pages\/3064"}],"wp:attachment":[{"href":"https:\/\/semmelweis.hu\/fok-tovabbkepzes\/wp-json\/wp\/v2\/media?parent=2829"}],"wp:term":[{"taxonomy":"category","embeddable":true,"href":"https:\/\/semmelweis.hu\/fok-tovabbkepzes\/wp-json\/wp\/v2\/categories?post=2829"},{"taxonomy":"post_tag","embeddable":true,"href":"https:\/\/semmelweis.hu\/fok-tovabbkepzes\/wp-json\/wp\/v2\/tags?post=2829"}],"curies":[{"name":"wp","href":"https:\/\/api.w.org\/{rel}","templated":true}]}}