{"id":27,"date":"2012-06-25T09:15:19","date_gmt":"2012-06-25T09:15:19","guid":{"rendered":"http:\/\/semmelweis-egyetem.hu\/fok-tovabbkepzes\/?page_id=27"},"modified":"2025-03-27T10:26:40","modified_gmt":"2025-03-27T09:26:40","slug":"koltsegteriteses-szakorvoskepzes","status":"publish","type":"page","link":"https:\/\/semmelweis.hu\/fok-tovabbkepzes\/szakfogorvos-kepzes\/elsokent-megszerezheto-szakkepesites\/koltsegteriteses-szakorvoskepzes\/","title":{"rendered":"K\u00fcls\u0151 k\u00f6lts\u00e9gt\u00e9r\u00edt\u00e9ses k\u00e9pz\u00e9s"},"content":{"rendered":"<div class=\"responsive-tabs\">\n<h2 class=\"tabtitle\">2024.01.01. ut\u00e1n<\/h2>\n<div class=\"tabcontent\">\n\n<p style=\"text-align: justify\">K\u00fcls\u0151 k\u00f6lts\u00e9gt\u00e9r\u00edt\u00e9ses szakk\u00e9pz\u00e9sben a k\u00e9pz\u00e9sben r\u00e9szt vev\u0151k a Kar \u00e1ltal meghat\u00e1rozott keretsz\u00e1mok erej\u00e9ig vehetnek r\u00e9szt. A k\u00e9pz\u00e9sre t\u00f6rt\u00e9n\u0151 felv\u00e9tel pontrendszer alapj\u00e1n, az egyetemi oszt\u00e1lyos gyakorlatok kapacit\u00e1s\u00e1nak f\u00fcggv\u00e9ny\u00e9ben t\u00f6rt\u00e9nik. <br \/>\nA jel\u00f6lt els\u0151dleges k\u00e9pz\u0151helye az akkredit\u00e1lt eg\u00e9szs\u00e9g\u00fcgyi szolg\u00e1ltat\u00f3.<\/p>\n<p>A k\u00e9pz\u00e9s d\u00edja: 120.000 Forint\/h\u00f3<\/p>\n<p>Dokumentumok:<br \/>\nMeg\u00e1llapod\u00e1s minta<br \/>\n<a href=\"https:\/\/semmelweis.hu\/fok-tovabbkepzes\/files\/2025\/03\/Befogado-szandeknyilatkozat.pdf\">Befogad\u00f3 sz\u00e1nd\u00e9knyilatkozat<\/a><br \/>\nNyilatkozat szem\u00e9lyes adat kezel\u00e9s\u00e9r\u0151l <br \/>\nRegisztr\u00e1ci\u00f3s adatlap<br \/>\n<a href=\"https:\/\/semmelweis.hu\/fok-tovabbkepzes\/files\/2025\/03\/Tutori-nyilatkozat-kulsos.pdf\">Tutori nyilatkozat<\/a><br \/>\n<a href=\"https:\/\/semmelweis.hu\/fok-tovabbkepzes\/files\/2025\/03\/adatlap-szamlaigenyleshez-36-honapos-kepzes.pdf\">Adatlap sz\u00e1mlaig\u00e9nyl\u00e9shez<\/a><\/p>\n\n<\/div><h2 class=\"tabtitle\">2024.01.01. el\u0151tt<\/h2>\n<div class=\"tabcontent\">\n\n<p><strong>K\u00fcls\u0151 k\u00e9pz\u0151helyen k\u00f6lts\u00e9gt\u00e9r\u00edt\u00e9ses szakfogorvos k\u00e9pz\u00e9s kapacit\u00e1sa<\/strong><strong style=\"font-size: 1rem\"> <br \/>\n<\/strong><strong style=\"font-size: 1rem\"><a href=\"https:\/\/semmelweis.hu\/fok-tovabbkepzes\/files\/2022\/02\/Tajekoztato-36-honapos-koltsegteriteses-szakkepzesrol.pdf\">T\u00e1j\u00e9koztat\u00f3 36 h\u00f3napos k\u00f6lts\u00e9gt\u00e9r\u00edt\u00e9ses szakk\u00e9pz\u00e9sr\u0151l<\/a><br \/>\n<\/strong><a href=\"https:\/\/semmelweis.hu\/fok-tovabbkepzes\/files\/2024\/05\/Tajekoztato-ktg.pdf\"><strong style=\"font-size: 1rem\">Szakk\u00e9pz\u00e9sre jelentkez\u00e9s t\u00e1j\u00e9koztat\u00f3<\/strong><\/a><\/p>\n<div id=\"GroupWiseSection_1656484921000_farkas.izabella@dent.semmelweis-univ.hu_5312CC010CFD0000A95A000000000000_\" class=\"GroupWiseMessageBody active\">\n<div id=\"GroupWiseSection_1656407392000_Nporsi\" class=\"GroupWiseMessageBody\">\n<div>\n<p><strong>Az els\u0151 p\u00e1ly\u00e1zati id\u0151szak kezdete a RENY rendszerben: 2024.07.15. 09:00 \u00f3ra<\/strong><\/p>\n<\/div>\n<div>\n<div id=\"GroupWiseSection_1658320926000_nagy-pal.orsolya@dent.semmelweis-univ.hu_18849E011B09000089BE000000000000_\" class=\"GroupWiseMessageBody active\">\n<div style=\"text-align: justify\"><span style=\"font-size: 1rem\">Bel\u00e9p\u00e9s az OFTEX-ben is haszn\u00e1lt felhaszn\u00e1l\u00f3n\u00e9vvel \u00e9s jelsz\u00f3val, vagy a <\/span><a href=\"mailto:szakestovabbkepzes@semmelweis-univ.hu\">szakestovabbkepzes@semmelweis-univ.hu<\/a><span style=\"font-size: 1rem\"> e-mail c\u00edmr\u0151l kapott ideiglenes felhaszn\u00e1l\u00f3n\u00e9vvel \u00e9s jelsz\u00f3val.<\/span><\/div>\n<div>\n<div style=\"text-align: justify\">\u00a0<\/div>\n<div style=\"text-align: justify\">Jelentkez\u00e9s menete:<\/div>\n<div style=\"text-align: justify\">A szakk\u00e9pz\u00e9s el\u0151tt c\u00edm\u0171 f\u00fclre kattintva megjelennek a keretsz\u00e1mok, itt ki kell keresni a Semmelweis Egyetem Fogorvostudom\u00e1nyi Kar Klinik\u00e1j\u00e1t: Pl Semmelweis Egyetem Fogorvostudom\u00e1nyi Kar Fogp\u00f3tl\u00e1stani Klinika &#8211; Szakir\u00e1ny: Fogp\u00f3tl\u00e1stan k\u00fcls\u0151 k\u00f6lts\u00e9gt\u00e9r\u00edt\u00e9ses keretsz\u00e1m<\/div>\n<div style=\"text-align: justify\">R\u00e1 kell kattintani a Klinika nev\u00e9re, oldalt meg fog jelenni egy z\u00f6ld jelz\u00e9s, arra is r\u00e1 kell kattintani , majd a dokumentumok f\u00fcln\u00e9l fel kell t\u00f6lteni a k\u00e9rt csatolm\u00e1nyokat.<\/div>\n<\/div>\n<\/div>\n<\/div>\n<\/div>\n<\/div>\n<p><strong style=\"font-size: 1rem\"><br \/>\n<\/strong><strong>Szakk\u00e9pz\u00e9sre jelentkez\u00e9s dokumentumai:<\/strong><\/p>\n<ul style=\"text-align: justify\">\n<li><a href=\"https:\/\/semmelweis.hu\/fok-tovabbkepzes\/files\/2020\/12\/Adatlap-K\u00f6lts\u00e9gt\u00e9r\u00edt\u00e9ses-20201219.pdf\" target=\"_blank\" rel=\"noopener noreferrer\">Regisztr\u00e1ci\u00f3s adatlap<\/a><\/li>\n<li><a href=\"https:\/\/semmelweis.hu\/fok-tovabbkepzes\/files\/2023\/06\/Befogado-szandeknyilatkozat.pdf\">Befogad\u00f3 sz\u00e1nd\u00e9knyilatkozat\u00a0<\/a><\/li>\n<li><a href=\"https:\/\/semmelweis.hu\/fok-tovabbkepzes\/files\/2023\/06\/adatlap-szamlaigenyleshez-36-honapos-kepzes.pdf\">Adatlap sz\u00e1mlaig\u00e9nyl\u00e9shez<\/a><\/li>\n<li><a href=\"https:\/\/semmelweis.hu\/fok-tovabbkepzes\/files\/2023\/06\/Tutori-nyilatkozat-kulsos.pdf\">Tutori nyilatkozat<\/a><\/li>\n<\/ul>\n<\/div><\/div>\n<p style=\"padding-left: 270px;text-align: justify\">\u00a0<\/p>\n","protected":false},"excerpt":{"rendered":"<p>K\u00fcls\u0151 k\u00f6lts\u00e9gt\u00e9r\u00edt\u00e9ses szakk\u00e9pz\u00e9sben a k\u00e9pz\u00e9sben r\u00e9szt vev\u0151k a Kar \u00e1ltal meghat\u00e1rozott keretsz\u00e1mok erej\u00e9ig vehetnek r\u00e9szt. A k\u00e9pz\u00e9sre t\u00f6rt\u00e9n\u0151 felv\u00e9tel pontrendszer alapj\u00e1n, az egyetemi oszt\u00e1lyos gyakorlatok kapacit\u00e1s\u00e1nak f\u00fcggv\u00e9ny\u00e9ben t\u00f6rt\u00e9nik. A jel\u00f6lt els\u0151dleges k\u00e9pz\u0151helye az akkredit\u00e1lt eg\u00e9szs\u00e9g\u00fcgyi szolg\u00e1ltat\u00f3. A k\u00e9pz\u00e9s d\u00edja: 120.000 Forint\/h\u00f3 Dokumentumok: Meg\u00e1llapod\u00e1s minta <a href=\"https:\/\/semmelweis.hu\/fok-tovabbkepzes\/files\/2025\/03\/Befogado-szandeknyilatkozat.pdf\">Befogad\u00f3 sz\u00e1nd\u00e9knyilatkozat<\/a> Nyilatkozat szem\u00e9lyes adat kezel\u00e9s\u00e9r\u0151l Regisztr\u00e1ci\u00f3s adatlap <a href=\"https:\/\/semmelweis.hu\/fok-tovabbkepzes\/files\/2025\/03\/Tutori-nyilatkozat-kulsos.pdf\">Tutori nyilatkozat<\/a> <a href=\"https:\/\/semmelweis.hu\/fok-tovabbkepzes\/files\/2025\/03\/adatlap-szamlaigenyleshez-36-honapos-kepzes.pdf\">Adatlap sz\u00e1mlaig\u00e9nyl\u00e9shez<\/a> K\u00fcls\u0151 k\u00e9pz\u0151helyen k\u00f6lts\u00e9gt\u00e9r\u00edt\u00e9ses szakfogorvos k\u00e9pz\u00e9s &hellip;<\/p>\n","protected":false},"author":38,"featured_media":0,"parent":2976,"menu_order":3,"comment_status":"closed","ping_status":"closed","template":"","meta":{"_acf_changed":false,"footnotes":""},"categories":[],"tags":[],"class_list":["post-27","page","type-page","status-publish","hentry"],"acf":[],"_links":{"self":[{"href":"https:\/\/semmelweis.hu\/fok-tovabbkepzes\/wp-json\/wp\/v2\/pages\/27","targetHints":{"allow":["GET"]}}],"collection":[{"href":"https:\/\/semmelweis.hu\/fok-tovabbkepzes\/wp-json\/wp\/v2\/pages"}],"about":[{"href":"https:\/\/semmelweis.hu\/fok-tovabbkepzes\/wp-json\/wp\/v2\/types\/page"}],"author":[{"embeddable":true,"href":"https:\/\/semmelweis.hu\/fok-tovabbkepzes\/wp-json\/wp\/v2\/users\/38"}],"replies":[{"embeddable":true,"href":"https:\/\/semmelweis.hu\/fok-tovabbkepzes\/wp-json\/wp\/v2\/comments?post=27"}],"version-history":[{"count":12,"href":"https:\/\/semmelweis.hu\/fok-tovabbkepzes\/wp-json\/wp\/v2\/pages\/27\/revisions"}],"predecessor-version":[{"id":5226,"href":"https:\/\/semmelweis.hu\/fok-tovabbkepzes\/wp-json\/wp\/v2\/pages\/27\/revisions\/5226"}],"up":[{"embeddable":true,"href":"https:\/\/semmelweis.hu\/fok-tovabbkepzes\/wp-json\/wp\/v2\/pages\/2976"}],"wp:attachment":[{"href":"https:\/\/semmelweis.hu\/fok-tovabbkepzes\/wp-json\/wp\/v2\/media?parent=27"}],"wp:term":[{"taxonomy":"category","embeddable":true,"href":"https:\/\/semmelweis.hu\/fok-tovabbkepzes\/wp-json\/wp\/v2\/categories?post=27"},{"taxonomy":"post_tag","embeddable":true,"href":"https:\/\/semmelweis.hu\/fok-tovabbkepzes\/wp-json\/wp\/v2\/tags?post=27"}],"curies":[{"name":"wp","href":"https:\/\/api.w.org\/{rel}","templated":true}]}}