{"id":2668,"date":"2019-08-01T21:17:37","date_gmt":"2019-08-01T19:17:37","guid":{"rendered":"http:\/\/semmelweis.hu\/fok-tovabbkepzes\/?page_id=2668"},"modified":"2025-03-28T11:43:06","modified_gmt":"2025-03-28T10:43:06","slug":"dokumentumok-hatarozatok","status":"publish","type":"page","link":"https:\/\/semmelweis.hu\/fok-tovabbkepzes\/szakfogorvos-kepzes\/masodszakvizsga\/dokumentumok-hatarozatok\/","title":{"rendered":"Dokumentumok \u00fajabb els\u0151k\u00e9nt megszerezhet\u0151 szakk\u00e9pz\u00e9shez"},"content":{"rendered":"<p><strong>Az \u00fajabb els\u0151k\u00e9nt megszerezhet\u0151 szakk\u00e9pz\u00e9sre jelentkez\u00e9shez sz\u00fcks\u00e9ged dokumentumok:<\/strong><\/p>\n<p><a href=\"https:\/\/semmelweis.hu\/fok-tovabbkepzes\/files\/2019\/08\/Jelentkez\u00e9si-lap.pdf\" target=\"_blank\" rel=\"noopener noreferrer\">Jelentkez\u00e9si lap<\/a><\/p>\n<p><a href=\"https:\/\/semmelweis.hu\/fok-tovabbkepzes\/files\/2020\/12\/REGISZTR\u00c1CI\u00d3S-ADATLAP-M\u00c1SODSZAKORVOSJEL\u00d6LTEK-20201218.pdf\">Regisztr\u00e1ci\u00f3s adatlap<\/a><\/p>\n<p><a href=\"https:\/\/semmelweis.hu\/fok-tovabbkepzes\/files\/2025\/03\/Befogado-szandeknyilatkozat.pdf\">Befogad\u00f3 sz\u00e1nd\u00e9knyilatkozat\u00a0<\/a><\/p>\n<p><a href=\"https:\/\/semmelweis.hu\/fok-tovabbkepzes\/files\/2025\/03\/Tutori-nyilatkozat-belsos.pdf\">Tutori nyilatkozat &#8211; bels\u0151s<\/a><\/p>\n<p><a href=\"https:\/\/semmelweis.hu\/fok-tovabbkepzes\/files\/2025\/03\/Tutori-nyilatkozat-kulsos.pdf\">Tutori nyilatkozat &#8211; k\u00fcls\u0151s<\/a><\/p>\n<p><a href=\"https:\/\/semmelweis.hu\/fok-tovabbkepzes\/files\/2025\/03\/Kirendelo-nyilatkozat-.pdf\">Kirendel\u0151 nyilatkozat\u00a0<\/a><\/p>\n<p><a href=\"https:\/\/semmelweis.hu\/fok-tovabbkepzes\/files\/2025\/03\/adatlap-szamlaigenyleshez-raepitett-ujabb-elso.pdf\">Adatlap sz\u00e1mlaig\u00e9nyl\u00e9shez<\/a><\/p>\n<p><a href=\"https:\/\/semmelweis.hu\/fok-tovabbkepzes\/files\/2025\/03\/Fizetesi-tajekoztato-HU-1.pdf\">Fizet\u00e9si t\u00e1j\u00e9koztat\u00f3<\/a><\/p>\n<p><a href=\"https:\/\/semmelweis.hu\/fok-tovabbkepzes\/files\/2023\/09\/91387-FOSZTT-2023-Szakfogorvos-jeloltek-szakkepzesi-idejenek-munkanaplojanak-igazolasara-vonatkozo-eljarasrend.pdf\">Szakfogorvos jel\u00f6ltek szakk\u00e9pz\u00e9si idej\u00e9nek, munkanapl\u00f3j\u00e1nak igazol\u00e1s\u00e1ra vonatkoz\u00f3 elj\u00e1r\u00e1srend<\/a><\/p>\n<p>&nbsp;<\/p>\n<p><strong>Besz\u00e1m\u00edt\u00e1shoz sz\u00fcks\u00e9ges dokumentumok:<\/strong><\/p>\n<p><a href=\"https:\/\/semmelweis.hu\/fok-tovabbkepzes\/files\/2023\/11\/106750-FOSZTT-2023-Eljarasrend-a-szakfogorvos-kepzesben-torteno-ido-beszamitasarol.pdf\">Elj\u00e1r\u00e1srend a szakfogorvos k\u00e9pz\u00e9sben t\u00f6rt\u00e9n\u0151 id\u0151 besz\u00e1m\u00edt\u00e1s\u00e1r\u00f3l<\/a><\/p>\n<p><a href=\"https:\/\/semmelweis.hu\/fok-tovabbkepzes\/files\/2025\/03\/K-E-R-E-L-E-M-minta.pdf\">K\u00e9relem minta<\/a><\/p>\n<p>&nbsp;<\/p>\n<p><strong>A k\u00e9pz\u00e9s v\u00e9g\u00e9n, az abszolut\u00f3riumi lap ki\u00e1ll\u00edt\u00e1s\u00e1hoz sz\u00fcks\u00e9ges dokumentumok:<\/strong><\/p>\n<p><a href=\"https:\/\/semmelweis.hu\/fok-tovabbkepzes\/files\/2019\/05\/IGAZOL%C3%81S-GYAKORLATI-ID%C5%90-TELJES%C3%8DT%C3%89S%C3%89R%C5%90L-2019.04.15.pdf\" target=\"_blank\" rel=\"noopener noreferrer\">Igazol\u00e1s gyakorlati id\u0151 let\u00f6lt\u00e9s\u00e9r\u0151l\u00a0<\/a><\/p>\n<p>&nbsp;<\/p>\n<p>&nbsp;<\/p>\n<p>&nbsp;<\/p>\n<p>&nbsp;<\/p>\n<p>&nbsp;<\/p>\n","protected":false},"excerpt":{"rendered":"<p>Az \u00fajabb els\u0151k\u00e9nt megszerezhet\u0151 szakk\u00e9pz\u00e9sre jelentkez\u00e9shez sz\u00fcks\u00e9ged dokumentumok:<br \/>\n<a href=\"https:\/\/semmelweis.hu\/fok-tovabbkepzes\/files\/2019\/08\/Jelentkez\u00e9si-lap.pdf\" target=\"_blank\" rel=\"noopener noreferrer\">Jelentkez\u00e9si lap<\/a><br \/>\n<a href=\"https:\/\/semmelweis.hu\/fok-tovabbkepzes\/files\/2020\/12\/REGISZTR\u00c1CI\u00d3S-ADATLAP-M\u00c1SODSZAKORVOSJEL\u00d6LTEK-20201218.pdf\">Regisztr\u00e1ci\u00f3s adatlap<\/a><br \/>\n<a href=\"https:\/\/semmelweis.hu\/fok-tovabbkepzes\/files\/2025\/03\/Befogado-szandeknyilatkozat.pdf\">Befogad\u00f3 sz\u00e1nd\u00e9knyilatkozat\u00a0<\/a><br \/>\n<a href=\"https:\/\/semmelweis.hu\/fok-tovabbkepzes\/files\/2025\/03\/Tutori-nyilatkozat-belsos.pdf\">Tutori nyilatkozat &#8211; bels\u0151s<\/a><br \/>\n<a href=\"https:\/\/semmelweis.hu\/fok-tovabbkepzes\/files\/2025\/03\/Tutori-nyilatkozat-kulsos.pdf\">Tutori nyilatkozat &#8211; k\u00fcls\u0151s<\/a><br \/>\n<a href=\"https:\/\/semmelweis.hu\/fok-tovabbkepzes\/files\/2025\/03\/Kirendelo-nyilatkozat-.pdf\">Kirendel\u0151 nyilatkozat\u00a0<\/a><br \/>\n<a href=\"https:\/\/semmelweis.hu\/fok-tovabbkepzes\/files\/2025\/03\/adatlap-szamlaigenyleshez-raepitett-ujabb-elso.pdf\">Adatlap sz\u00e1mlaig\u00e9nyl\u00e9shez<\/a><br \/>\n<a href=\"https:\/\/semmelweis.hu\/fok-tovabbkepzes\/files\/2025\/03\/Fizetesi-tajekoztato-HU-1.pdf\">Fizet\u00e9si t\u00e1j\u00e9koztat\u00f3<\/a><br \/>\n<a href=\"https:\/\/semmelweis.hu\/fok-tovabbkepzes\/files\/2023\/09\/91387-FOSZTT-2023-Szakfogorvos-jeloltek-szakkepzesi-idejenek-munkanaplojanak-igazolasara-vonatkozo-eljarasrend.pdf\">Szakfogorvos jel\u00f6ltek szakk\u00e9pz\u00e9si idej\u00e9nek, munkanapl\u00f3j\u00e1nak igazol\u00e1s\u00e1ra vonatkoz\u00f3 elj\u00e1r\u00e1srend<\/a><br \/>\n&nbsp;<br \/>\nBesz\u00e1m\u00edt\u00e1shoz sz\u00fcks\u00e9ges dokumentumok:<br \/>\n<a href=\"https:\/\/semmelweis.hu\/fok-tovabbkepzes\/files\/2023\/11\/106750-FOSZTT-2023-Eljarasrend-a-szakfogorvos-kepzesben-torteno-ido-beszamitasarol.pdf\">Elj\u00e1r\u00e1srend a szakfogorvos k\u00e9pz\u00e9sben t\u00f6rt\u00e9n\u0151 id\u0151 besz\u00e1m\u00edt\u00e1s\u00e1r\u00f3l<\/a><br \/>\n<a href=\"https:\/\/semmelweis.hu\/fok-tovabbkepzes\/files\/2025\/03\/K-E-R-E-L-E-M-minta.pdf\">K\u00e9relem minta<\/a><br \/>\n&nbsp;<br \/>\nA k\u00e9pz\u00e9s v\u00e9g\u00e9n, az abszolut\u00f3riumi lap ki\u00e1ll\u00edt\u00e1s\u00e1hoz sz\u00fcks\u00e9ges dokumentumok:<br \/>\n<a href=\"https:\/\/semmelweis.hu\/fok-tovabbkepzes\/files\/2019\/05\/IGAZOL%C3%81S-GYAKORLATI-ID%C5%90-TELJES%C3%8DT%C3%89S%C3%89R%C5%90L-2019.04.15.pdf\" target=\"_blank\" rel=\"noopener noreferrer\">Igazol\u00e1s gyakorlati id\u0151 let\u00f6lt\u00e9s\u00e9r\u0151l\u00a0<\/a><br \/>\n&nbsp;<br \/>\n&nbsp;<br \/>\n&nbsp;<br \/>\n&nbsp;<br \/>\n&nbsp;<\/p>\n","protected":false},"author":101109,"featured_media":0,"parent":2046,"menu_order":2,"comment_status":"closed","ping_status":"closed","template":"","meta":{"_acf_changed":false,"footnotes":""},"categories":[],"tags":[],"class_list":["post-2668","page","type-page","status-publish","hentry"],"acf":[],"_links":{"self":[{"href":"https:\/\/semmelweis.hu\/fok-tovabbkepzes\/wp-json\/wp\/v2\/pages\/2668","targetHints":{"allow":["GET"]}}],"collection":[{"href":"https:\/\/semmelweis.hu\/fok-tovabbkepzes\/wp-json\/wp\/v2\/pages"}],"about":[{"href":"https:\/\/semmelweis.hu\/fok-tovabbkepzes\/wp-json\/wp\/v2\/types\/page"}],"author":[{"embeddable":true,"href":"https:\/\/semmelweis.hu\/fok-tovabbkepzes\/wp-json\/wp\/v2\/users\/101109"}],"replies":[{"embeddable":true,"href":"https:\/\/semmelweis.hu\/fok-tovabbkepzes\/wp-json\/wp\/v2\/comments?post=2668"}],"version-history":[{"count":11,"href":"https:\/\/semmelweis.hu\/fok-tovabbkepzes\/wp-json\/wp\/v2\/pages\/2668\/revisions"}],"predecessor-version":[{"id":5261,"href":"https:\/\/semmelweis.hu\/fok-tovabbkepzes\/wp-json\/wp\/v2\/pages\/2668\/revisions\/5261"}],"up":[{"embeddable":true,"href":"https:\/\/semmelweis.hu\/fok-tovabbkepzes\/wp-json\/wp\/v2\/pages\/2046"}],"wp:attachment":[{"href":"https:\/\/semmelweis.hu\/fok-tovabbkepzes\/wp-json\/wp\/v2\/media?parent=2668"}],"wp:term":[{"taxonomy":"category","embeddable":true,"href":"https:\/\/semmelweis.hu\/fok-tovabbkepzes\/wp-json\/wp\/v2\/categories?post=2668"},{"taxonomy":"post_tag","embeddable":true,"href":"https:\/\/semmelweis.hu\/fok-tovabbkepzes\/wp-json\/wp\/v2\/tags?post=2668"}],"curies":[{"name":"wp","href":"https:\/\/api.w.org\/{rel}","templated":true}]}}