{"id":2404,"date":"2019-04-05T21:39:57","date_gmt":"2019-04-05T19:39:57","guid":{"rendered":"http:\/\/semmelweis.hu\/fok-tovabbkepzes\/?page_id=2404"},"modified":"2025-07-11T12:56:38","modified_gmt":"2025-07-11T10:56:38","slug":"oralis-implantologia-tudnivalok","status":"publish","type":"page","link":"https:\/\/semmelweis.hu\/fok-tovabbkepzes\/szakfogorvos-kepzes\/oralis-implantologia\/oralis-implantologia-tudnivalok\/","title":{"rendered":"Or\u00e1lis implantol\u00f3gia k\u00e9pz\u00e9s &#8211; tudnival\u00f3k"},"content":{"rendered":"<p style=\"text-align: justify\"><span style=\"color: #000000\"><strong>T\u00c1J\u00c9KOZTAT\u00d3 AZ OR\u00c1LIS IMPLANTOL\u00d3GIA SZAKK\u00c9PZ\u00c9SR\u0150L<\/strong><\/span><\/p>\n<p style=\"text-align: justify\"><span style=\"color: #000000\"><strong>1. <span style=\"color: #000000\"><u>K\u00e9pz\u00e9s id\u0151tartama, akkredit\u00e1lt k\u00e9pz\u0151hely \u00e9s jogviszony:<\/u><\/span><\/strong><\/span><\/p>\n<ul style=\"text-align: justify\">\n<li><span style=\"color: #000000\">a r\u00e1\u00e9p\u00edtett szakk\u00e9pz\u00e9s id\u0151tartama: 24 h\u00f3nap<\/span>\n<ul style=\"list-style-type: circle\">\n<li style=\"text-align: justify\"><span style=\"color: #000000\">8 h\u00f3nap dento-alveolaris seb\u00e9szeti szakgyakorlat dento-alveolaris seb\u00e9szetre akkredit\u00e1lt k\u00e9pz\u0151helyen, dento-alveolaris seb\u00e9szet kimeneti vizsga<\/span><\/li>\n<li style=\"text-align: justify\"><span style=\"color: #000000\">8 h\u00f3nap parodontol\u00f3giai szakgyakorlat parodontol\u00f3gi\u00e1ra akkredit\u00e1lt k\u00e9pz\u0151helyen, parodontol\u00f3gia kimeneti vizsga<\/span><\/li>\n<li style=\"text-align: justify\"><span style=\"color: #000000\">8 h\u00f3nap fogp\u00f3tl\u00e1stani szakgyakorlat fogp\u00f3tl\u00e1stan akkredit\u00e1lt k\u00e9pz\u0151helyen, fogp\u00f3tl\u00e1stan kimeneti vizsga<\/span><\/li>\n<\/ul>\n<\/li>\n<li style=\"text-align: justify\"><span style=\"color: #000000\">a 3&#215;8 h\u00f3nap szakgyakorlatot az adott szakir\u00e1ny szerint akkredit\u00e1lt szakk\u00e9pz\u0151helyen kell teljes\u00edteni<\/span><\/li>\n<li style=\"text-align: justify\"><span style=\"color: #000000\">a szakorvosjel\u00f6lt d\u00f6nt a szakir\u00e1ny\u00fa k\u00e9pz\u00e9s sorrendj\u00e9r\u0151l. 8 h\u00f3nap eltelt\u00e9vel az \u00faj befogad\u00f3 nyilatkozatot \u00e9s munkav\u00e9gz\u00e9sre ir\u00e1nyul\u00f3 jogviszony igazol\u00e1s m\u00e1solatot a jel\u00f6ltnek kell beny\u00fajtania a Szak- \u00e9s Tov\u00e1bbk\u00e9pz\u00e9si K\u00f6zpont Fogorvostudom\u00e1nyi R\u00e9szleg\u00e9re<\/span><\/li>\n<li style=\"text-align: justify\"><span style=\"color: #000000\">a r\u00e1\u00e9p\u00edtett szakk\u00e9pz\u00e9s sor\u00e1n tutor fel\u00fcgyeli a szakk\u00e9pz\u00e9si tev\u00e9kenys\u00e9get<\/span><\/li>\n<li style=\"text-align: justify\"><span style=\"color: #000000\">a 3&#215;8 h\u00f3napot a k\u00e9pz\u0151helyeken <strong><u>heti legal\u00e1bb 30<\/u><\/strong> \u00f3r\u00e1s eg\u00e9szs\u00e9g\u00fcgyi tev\u00e9kenys\u00e9gre ir\u00e1nyul\u00f3 jogviszonyban kell t\u00f6lteni<\/span><\/li>\n<\/ul>\n<p style=\"text-align: justify\"><span style=\"color: #000000\"><strong>2. <span style=\"color: #000000\"><u>K\u00e9pz\u00e9s d\u00edja:<\/u><\/span><\/strong><\/span><\/p>\n<p style=\"padding-left: 40px;text-align: justify\"><span style=\"color: #000000\">Havi k\u00e9pz\u00e9si d\u00edj (a szakk\u00e9pz\u00e9s teljes idej\u00e9re fizetend\u0151, a pontos id\u0151tartamot a 4. pontban r\u00e9szletezett besz\u00e1m\u00edt\u00e1s hat\u00e1rozza meg): <strong>103.175.-Ft<\/strong><br \/>\n<\/span><\/p>\n<p style=\"text-align: justify\"><span style=\"color: #000000\"><strong>3. <u>A k\u00e9pz\u00e9s elemei:<\/u><\/strong><\/span><\/p>\n<ul style=\"text-align: justify\">\n<li>Azon szakorvosjel\u00f6lteknek, akik 2022. febru\u00e1r 1. ut\u00e1n kezdik meg az Or\u00e1lis Implantol\u00f3gia r\u00e1\u00e9p\u00edtett szakk\u00e9pz\u00e9st, lehet\u0151s\u00e9get biztos\u00edtunk, hogy r\u00e9szt vegyenek a Fogp\u00f3tl\u00e1stani Klinika \u00e1ltal tartott posztgradu\u00e1lis tanfolyamokon. <br \/>\nK\u00e9rj\u00fck, amennyiben szeretne \u00e9lni ezzel a lehet\u0151s\u00e9ggel, vegye fel a kapcsolatot a Szak-, \u00e9s Tov\u00e1bbk\u00e9pz\u00e9si K\u00f6zpont Fogorvostudom\u00e1nyi R\u00e9szlegvel az al\u00e1bbi e-mail c\u00edmen: <a href=\"mailto:farkas.izabella@semmelweis.hu\">farkas.izabella@semmelweis.hu<\/a><\/li>\n<\/ul>\n<p style=\"text-align: justify\"><span style=\"color: #000000\"><strong>4. <u>Besz\u00e1m\u00edt\u00e1si lehet\u0151s\u00e9gek:<\/u><\/strong><\/span><\/p>\n<p style=\"text-align: justify;padding-left: 40px\"><a href=\"https:\/\/semmelweis.hu\/fok-tovabbkepzes\/files\/2022\/06\/57197FOSZTT2022-Szakfogorvos-Szakkepzesi-Gremiumi-Hatarozat-Oralis-Implantologia-raepitett-szakkepesites-szakkepzesi-idejebe-torteno-beszamitasrol.pdf\">57197\/FOSZTT\/2022<\/a>\u00a0\u2013\u00a0<strong>Szakfogorvos Szakk\u00e9pz\u00e9si Gr\u00e9miumi Hat\u00e1rozat Or\u00e1lis Implantol\u00f3gia r\u00e1\u00e9p\u00edtett szakk\u00e9pes\u00edt\u00e9s szakk\u00e9pz\u00e9si idej\u00e9be t\u00f6rt\u00e9n\u0151 besz\u00e1m\u00edt\u00e1s\u00e1r\u00f3l<\/strong><\/p>\n<p style=\"padding-left: 40px\"><a href=\"https:\/\/semmelweis.hu\/fok-tovabbkepzes\/files\/2025\/03\/K-E-R-E-L-E-M-minta.pdf\">K\u00e9relem minta<\/a><\/p>\n<p style=\"text-align: justify\"><span style=\"color: #000000\">A 22\/2012. (IX.14.) EMMI rendelet 12.\u00a7 (9) a) pontja szerint r\u00e1\u00e9p\u00edtett szakk\u00e9pes\u00edt\u00e9s megszerz\u00e9s\u00e9hez sz\u00fcks\u00e9ges k\u00e9pz\u00e9si id\u0151be a kor\u00e1bban teljes\u00edtett gyakorlat &#8211; az egyetem d\u00f6nt\u00e9se alapj\u00e1n &#8211; besz\u00e1m\u00edthat\u00f3, azzal, hogy a besz\u00e1m\u00edtott gyakorlat m\u00e9rt\u00e9ke nem haladhatja meg az e rendeletben meghat\u00e1rozott k\u00e9pz\u00e9si id\u0151 k\u00e9tharmad\u00e1t.<\/span><\/p>\n<p style=\"text-align: justify\"><span style=\"color: #000000\">A fenti jogszab\u00e1lyi rendelkez\u00e9s alapj\u00e1n a 24 h\u00f3napos k\u00e9pz\u00e9sbe a kor\u00e1bban megszerzett szakvizsg\u00e1k alapj\u00e1n maximum 16 h\u00f3nap sz\u00e1m\u00edthat\u00f3 be, <strong><u>legal\u00e1bb 8 h\u00f3nap k\u00e9pz\u00e9si id\u0151t minden esetben teljes\u00edteni kell<\/u><\/strong><u>.<\/u><\/span><\/p>\n<p style=\"text-align: justify\"><span style=\"color: #000000\"><strong>5. <u>Jelentkez\u00e9s menete:<\/u><\/strong><\/span><\/p>\n<p style=\"text-align: justify\"><span style=\"color: #000000\">Az al\u00e1bbi dokumentumokat k\u00e9rj\u00fck bek\u00fcldeni a Szak- \u00e9s Tov\u00e1bbk\u00e9pz\u00e9si K\u00f6zpont Fogorvostudom\u00e1nyi R\u00e9szleg\u00e9re (<strong><u>levelez\u00e9si c\u00edm:<\/u><\/strong> Semmelweis Egyetem, Szak- \u00e9s Tov\u00e1bbk\u00e9pz\u00e9si Titk\u00e1rs\u00e1g Fogorvostudom\u00e1nyi R\u00e9szleg Farkas Izabella r\u00e9sz\u00e9re: 1085 Budapest, \u00dcll\u0151i \u00fat 26.):<\/span><\/p>\n<ol style=\"text-align: justify\">\n<li style=\"list-style-type: none\">\n<ol style=\"list-style-type: lower-alpha\">\n<li><span style=\"color: #000000\"><strong><em>Or\u00e1lis implantol\u00f3gia szakk\u00e9pz\u00e9s jelentkez\u00e9si lap <\/em><\/strong><\/span><\/li>\n<li><span style=\"color: #000000\"><strong><em>Szakmai \u00f6n\u00e9letrajz<\/em><\/strong><\/span><\/li>\n<li><span style=\"color: #000000\"><strong><em>Or\u00e1lis implantol\u00f3gia szakk\u00e9pz\u00e9s regisztr\u00e1ci\u00f3s adatlap (a felsorolt mell\u00e9kletekkel) <\/em><\/strong><\/span><\/li>\n<\/ol>\n<\/li>\n<\/ol>\n<p style=\"text-align: justify\"><span style=\"color: #000000\">Amennyiben a bek\u00fcld\u00f6tt dokumentumok alapj\u00e1n a k\u00e9pz\u00e9s megkezd\u00e9s\u00e9nek felt\u00e9telei fenn\u00e1llnak, szakk\u00e9pz\u00e9si meg\u00e1llapod\u00e1s megk\u00f6t\u00e9s\u00e9re ker\u00fcl sor a jel\u00f6lt \u00e9s a SE-FOK Szak- \u00e9s Tov\u00e1bbk\u00e9pz\u00e9si K\u00f6zpont Fogorvostudom\u00e1nyi R\u00e9szlege k\u00f6z\u00f6tt.<\/span><\/p>\n<p style=\"padding-left: 240px;text-align: justify\"><span style=\"color: #000000\"><strong><em>Semmelweis Egyetem Fogorvostudom\u00e1nyi Kar<br \/>\n<\/em><\/strong><strong><em>Szak- \u00e9s Tov\u00e1bbk\u00e9pz\u00e9si K\u00f6zpont Fogorvostudom\u00e1nyi R\u00e9szlege<\/em><\/strong><\/span><\/p>\n","protected":false},"excerpt":{"rendered":"<p>T\u00c1J\u00c9KOZTAT\u00d3 AZ OR\u00c1LIS IMPLANTOL\u00d3GIA SZAKK\u00c9PZ\u00c9SR\u0150L 1. K\u00e9pz\u00e9s id\u0151tartama, akkredit\u00e1lt k\u00e9pz\u0151hely \u00e9s jogviszony: a r\u00e1\u00e9p\u00edtett szakk\u00e9pz\u00e9s id\u0151tartama: 24 h\u00f3nap 8 h\u00f3nap dento-alveolaris seb\u00e9szeti szakgyakorlat dento-alveolaris seb\u00e9szetre akkredit\u00e1lt k\u00e9pz\u0151helyen, dento-alveolaris seb\u00e9szet kimeneti vizsga 8 h\u00f3nap parodontol\u00f3giai szakgyakorlat parodontol\u00f3gi\u00e1ra akkredit\u00e1lt k\u00e9pz\u0151helyen, parodontol\u00f3gia kimeneti vizsga 8 h\u00f3nap fogp\u00f3tl\u00e1stani szakgyakorlat fogp\u00f3tl\u00e1stan akkredit\u00e1lt k\u00e9pz\u0151helyen, fogp\u00f3tl\u00e1stan kimeneti vizsga a 3&#215;8 h\u00f3nap szakgyakorlatot &hellip;<\/p>\n","protected":false},"author":101109,"featured_media":0,"parent":2391,"menu_order":2,"comment_status":"closed","ping_status":"closed","template":"","meta":{"_acf_changed":false,"footnotes":""},"categories":[],"tags":[],"class_list":["post-2404","page","type-page","status-publish","hentry"],"acf":[],"_links":{"self":[{"href":"https:\/\/semmelweis.hu\/fok-tovabbkepzes\/wp-json\/wp\/v2\/pages\/2404","targetHints":{"allow":["GET"]}}],"collection":[{"href":"https:\/\/semmelweis.hu\/fok-tovabbkepzes\/wp-json\/wp\/v2\/pages"}],"about":[{"href":"https:\/\/semmelweis.hu\/fok-tovabbkepzes\/wp-json\/wp\/v2\/types\/page"}],"author":[{"embeddable":true,"href":"https:\/\/semmelweis.hu\/fok-tovabbkepzes\/wp-json\/wp\/v2\/users\/101109"}],"replies":[{"embeddable":true,"href":"https:\/\/semmelweis.hu\/fok-tovabbkepzes\/wp-json\/wp\/v2\/comments?post=2404"}],"version-history":[{"count":11,"href":"https:\/\/semmelweis.hu\/fok-tovabbkepzes\/wp-json\/wp\/v2\/pages\/2404\/revisions"}],"predecessor-version":[{"id":5350,"href":"https:\/\/semmelweis.hu\/fok-tovabbkepzes\/wp-json\/wp\/v2\/pages\/2404\/revisions\/5350"}],"up":[{"embeddable":true,"href":"https:\/\/semmelweis.hu\/fok-tovabbkepzes\/wp-json\/wp\/v2\/pages\/2391"}],"wp:attachment":[{"href":"https:\/\/semmelweis.hu\/fok-tovabbkepzes\/wp-json\/wp\/v2\/media?parent=2404"}],"wp:term":[{"taxonomy":"category","embeddable":true,"href":"https:\/\/semmelweis.hu\/fok-tovabbkepzes\/wp-json\/wp\/v2\/categories?post=2404"},{"taxonomy":"post_tag","embeddable":true,"href":"https:\/\/semmelweis.hu\/fok-tovabbkepzes\/wp-json\/wp\/v2\/tags?post=2404"}],"curies":[{"name":"wp","href":"https:\/\/api.w.org\/{rel}","templated":true}]}}