{"id":2231,"date":"2018-12-18T15:34:10","date_gmt":"2018-12-18T14:34:10","guid":{"rendered":"http:\/\/semmelweis.hu\/fok-tovabbkepzes\/?page_id=2231"},"modified":"2025-05-29T13:45:47","modified_gmt":"2025-05-29T11:45:47","slug":"12-honapos-kepzes","status":"publish","type":"page","link":"https:\/\/semmelweis.hu\/fok-tovabbkepzes\/szakfogorvos-kepzes\/12-honapos-kepzes\/","title":{"rendered":"12 h\u00f3napos k\u00e9pz\u00e9s"},"content":{"rendered":"<p>4<div class=\"responsive-tabs\">\n<h2 class=\"tabtitle\">K\u00e9pz\u00e9s<\/h2>\n<div class=\"tabcontent\">\n<\/p>\n<p style=\"text-align: center\"><strong><span style=\"font-size: 14pt\">12 h\u00f3napos k\u00e9pz\u00e9s<\/span><br \/>\n<\/strong>a <em>konzerv\u00e1l\u00f3 fog\u00e1szat \u00e9s fogp\u00f3tl\u00e1stan<\/em> szakvizsg\u00e1val rendelkez\u0151 jel\u00f6ltek r\u00e9sz\u00e9re a szakk\u00e9pes\u00edt\u00e9s besz\u00e1m\u00edt\u00e1s\u00e1val<\/p>\n<p style=\"text-align: justify\">A <strong>Konzerv\u00e1l\u00f3 fog\u00e1szat \u00e9s fogp\u00f3tl\u00e1stan<\/strong> alap szakk\u00e9pes\u00edt\u00e9ssel rendelkez\u0151k, az <em>Endodontia<\/em> vagy a <em>Fogp\u00f3tl\u00e1stan<\/em> alapszakk\u00e9pes\u00edt\u00e9st &#8211; f\u00fcggetlen\u00fcl a Konzerv\u00e1l\u00f3 fog\u00e1szat \u00e9s fogp\u00f3tl\u00e1stan szakk\u00e9pes\u00edt\u00e9s megszerz\u00e9s\u00e9nek id\u0151pontj\u00e1t\u00f3l &#8211; az azonos k\u00e9pz\u00e9si elemek besz\u00e1m\u00edt\u00e1sa mellett, az egyetem \u00e1ltal j\u00f3v\u00e1hagyott, egy\u00e9ni k\u00e9pz\u00e9si terv alapj\u00e1n 12 h\u00f3napos k\u00e9pz\u00e9si id\u0151 alatt teljes\u00edthetik.<\/p>\n<p><a href=\"https:\/\/semmelweis.hu\/fok-tovabbkepzes\/files\/2023\/02\/Uj-Tajekoztato-12-honapos-koltsegteriteses-szakkepzesrol.pdf\">T\u00e1j\u00e9koztat\u00f3 12 h\u00f3napos k\u00f6lts\u00e9gt\u00e9r\u00edt\u00e9ses szakk\u00e9pz\u00e9sr\u0151l<\/a><\/p>\n<p><strong><u>Megszerezhet\u0151 szakk\u00e9pes\u00edt\u00e9sek:<\/u><\/strong><\/p>\n<ul>\n<li>Endodontia<\/li>\n<li>Fogp\u00f3tl\u00e1stan<\/li>\n<\/ul>\n<p><strong><u>A k\u00e9pz\u00e9s strukt\u00far\u00e1ja<\/u><\/strong><\/p>\n<p><strong><u>K\u00e9pz\u00e9si id\u0151:<\/u><\/strong>\u00a0<strong>12 h\u00f3nap<\/strong><\/p>\n<p><strong><u>K\u00e9pz\u00e9si program:<\/u><\/strong><\/p>\n<p>12 h\u00f3nap szakgyakorlati id\u0151, melyet a jel\u00f6ltnek eg\u00e9szs\u00e9g\u00fcgyi (fogorvosi) tev\u00e9kenys\u00e9gre ir\u00e1nyul\u00f3 jogviszonyban kell t\u00f6ltenie<\/p>\n<p><strong><u>A szakvizsg\u00e1ra bocs\u00e1t\u00e1s felt\u00e9tele<\/u>:<\/strong><\/p>\n<ul>\n<li>a szakir\u00e1ny \u00e1ltal meghat\u00e1rozott tev\u00e9kenys\u00e9g list\u00e1n szerepel\u0151 elemek teljes\u00edt\u00e9se (Endodontia, Fogp\u00f3tl\u00e1stan)<\/li>\n<li><a href=\"https:\/\/semmelweis.hu\/fok-tovabbkepzes\/files\/2020\/02\/KIMENETI-VIZSGA-T%C3%81J%C3%89KOZTAT%C3%93.pdf\" target=\"_blank\" rel=\"noopener noreferrer\">kimeneti vizsga<\/a>\u00a0teljes\u00edt\u00e9se<\/li>\n<\/ul>\n<p><strong><u>A k\u00e9pz\u00e9s finansz\u00edroz\u00e1si felt\u00e9telei<\/u><\/strong><\/p>\n<table style=\"width: 71.8204%\" border=\"1\" cellpadding=\"2\">\n<tbody>\n<tr>\n<td style=\"width: 79.093%\"><strong>K\u00e9pz\u00e9si d\u00edj<\/strong>\u00a0(havonta, amely tartalmazza a k\u00e9pz\u00e9s egyes elemeinek<strong>*<\/strong>\u00a0k\u00f6lts\u00e9g\u00e9t)<\/td>\n<td style=\"width: 54.6794%\"><strong>103.175 Ft<\/strong><\/td>\n<\/tr>\n<\/tbody>\n<\/table>\n<p><strong>*<\/strong>A k\u00e9pz\u00e9s elemei fakultat\u00edvak:<\/p>\n<div class=\"elementToProof\">\n<div class=\"ContentPasted0\"><em>Tanfolyam r\u00e9szv\u00e9teli lehet\u0151s\u00e9g:<\/em><\/p>\n<div class=\"ContentPasted0\">FOGP\u00d3TL\u00c1STAN<\/div>\n<div>\u00a0<\/div>\n<div class=\"ContentPasted0\" style=\"text-align: justify\">2025.03.17-30. A temporomandibularis \u00edz\u00fclet diszfunkci\u00f3j\u00e1nak (TMD) diagnosztik\u00e1ja \u00e9s ter\u00e1pi\u00e1ja (Prof. Dr. Hermann P\u00e9ter)<\/div>\n<div class=\"ContentPasted0 ContentPasted1\" style=\"text-align: justify\">2025.04.07-20. T\u00f6rzsk\u00e9pz\u00e9s a Komprehenz\u00edv fog\u00e1szat jegy\u00e9ben (Prof. Dr. Nagy Katalin)<\/div>\n<div class=\"ContentPasted0 ContentPasted2\" style=\"text-align: justify\">2025.05.05-18. Perio-protetikai hat\u00e1rter\u00fcletek \u00e9s endo-parodont\u00e1lis hat\u00e1rter\u00fcletek (Prof. Dr. Gera Istv\u00e1n)<\/div>\n<div class=\"ContentPasted0 ContentPasted3\" style=\"text-align: justify\">2025.06.02-15. Digit\u00e1lis fogp\u00f3tl\u00e1stan (Dr. Borb\u00e9ly Judit)<\/div>\n<div class=\"ContentPasted0\">\u00a0<\/div>\n<div class=\"ContentPasted0\">ENDODONTIA<\/div>\n<div>\u00a0<\/div>\n<div class=\"ContentPasted0\" style=\"text-align: justify\">2025.03.17-30. Hat\u00e1rter\u00fcletek a dento-alveol\u00e1ris seb\u00e9szet, a gyermekfog\u00e1szat, a fogszab\u00e1lyoz\u00e1s, a parodontol\u00f3gia \u00e9s az endodontia ter\u00fclet\u00e9n (Dr. B\u00e1gyi Kinga)<\/div>\n<div class=\"ContentPasted0\" style=\"text-align: justify\">2025.04.07-20. Fejl\u0151d\u00e9si rendelleness\u00e9gek \u00e9s fogbalesetek sz\u00f6v\u0151dm\u00e9nyeinek ell\u00e1t\u00e1sa (Dr. Nemes Judit)<\/div>\n<div class=\"ContentPasted0\" style=\"text-align: justify\">2025.05.05-18.\u00a0Perio-protetikai hat\u00e1rter\u00fcletek \u00e9s endo-parodont\u00e1lis hat\u00e1rter\u00fcletek (Prof. Dr. Gera Istv\u00e1n)<\/div>\n<p>2025.06.02-15. Endodoncia (Dr. T\u00f3th Zsuzsanna)<\/p><\/div>\n<\/div>\n<div id=\"GroupWiseSection_1632819708000_szabo.anett@dent.semmelweis-univ.hu_249F1D01199C0000B4706F6437386235_\" class=\"GroupWiseMessageBody active\">\n<div>\u00a0<\/div>\n<\/div>\n<p><em>K\u00e9rj\u00fck, hogy tanfolyam r\u00e9szv\u00e9teli sz\u00e1nd\u00e9k\u00e1t el\u0151zetesen jelezni sz\u00edveskedjen a <a href=\"mailto:kutas.claudia@semmelweis.hu\">kutas.claudia@semmelweis.hu<\/a>\u00a0c\u00edmen !\u00a0<\/em><\/p>\n<p><em>Egy\u00e9b, szakir\u00e1ny\u00fa \u2013 a klinik\u00e1k \u00e1ltal szervezett \u2013 tanfolyamon t\u00f6rt\u00e9n\u0151 r\u00e9szv\u00e9tel, t\u00e9r\u00edt\u00e9s ellen\u00e9ben lehets\u00e9ges. Ezen tanfolyamok list\u00e1ja az OFTEX port\u00e1lon lesz el\u00e9rhet\u0151.<\/em><\/p>\n<p style=\"text-align: justify\">Azon szakorvosjel\u00f6lteknek, akik 2022. febru\u00e1r 1. ut\u00e1n kezdik meg a 12 h\u00f3napos Fogp\u00f3tl\u00e1stan k\u00e9pz\u00e9st, lehet\u0151s\u00e9get biztos\u00edtunk, hogy r\u00e9szt vegyenek a Fogp\u00f3tl\u00e1stani Klinika \u00e1ltal tartott posztgradu\u00e1lis tanfolyamokon. <br \/>\nK\u00e9rj\u00fck, amennyiben szeretne \u00e9lni ezzel a lehet\u0151s\u00e9ggel, vegye fel a kapcsolatot a Szak-, \u00e9s Tov\u00e1bbk\u00e9pz\u00e9si K\u00f6zpont Fogorvostudom\u00e1nyi R\u00e9szleg\u00e9vel az al\u00e1bbi e-mail c\u00edmen: <a href=\"mailto:kutas.claudia@semmelweis.hu\"><em>kutas.claudia@semmelweis.hu<\/em><\/a><\/p>\n<p>FOK Szak- \u00e9s Tov\u00e1bbk\u00e9pz\u00e9si K\u00f6zpont Fogorvostudom\u00e1nyi R\u00e9szlege<\/p>\n\n<\/div><h2 class=\"tabtitle\">Jelentkez\u00e9s<\/h2>\n<div class=\"tabcontent\">\n\n<p><strong><u>K\u00e9pz\u00e9sre jelentkez\u00e9s:<br \/>\n<\/u><\/strong><\/p>\n<ol>\n<li>A k\u00e9pz\u00e9sre t\u00f6rt\u00e9n\u0151 jelentkez\u00e9s \u00e9rdek\u00e9ben a kit\u00f6lt\u00f6tt \u00e9s al\u00e1\u00edrt\u00a0Jelentkez\u00e9si lapot,\u00a0Regisztr\u00e1ci\u00f3s adatlapot, valamint az Regisztr\u00e1ci\u00f3s adatlapon felsorolt\u00a0csatoland\u00f3 mell\u00e9kleteket\u00a0<em>elektronikus form\u00e1ban<\/em> a <a href=\"mailto:kutas.claudia@dent.semmelweis-univ.hu\">kutas.claudia<em>@dent.semmelweis-univ.hu <\/em><\/a> c\u00edmre elk\u00fcldeni sz\u00edveskedjen!<\/li>\n<li>A Szakk\u00e9pz\u00e9si Meg\u00e1llapod\u00e1s a bek\u00fcld\u00f6tt dokumentumok alapj\u00e1n k\u00e9sz\u00fcl el \u00e9s postai \u00faton megk\u00fcld\u00e9sre ker\u00fcl.<\/li>\n<li>A szakk\u00e9pz\u00e9s megkezd\u00e9s\u00e9nek felt\u00e9tele a Szakk\u00e9pz\u00e9si Meg\u00e1llapod\u00e1s\u00a0<u>1<\/u><u>\u00a0db al\u00e1\u00edrt, eredeti<\/u> p\u00e9ld\u00e1ny\u00e1nak, valamint az al\u00e1bb felsorolt dokumentumok Szak- \u00e9s Tov\u00e1bbk\u00e9pz\u00e9si Titk\u00e1rs\u00e1gra t\u00f6rt\u00e9n\u0151 eljuttat\u00e1sa.<\/li>\n<\/ol>\n<ul>\n<li style=\"list-style-type: none\">\n<ul>\n<li><a href=\"https:\/\/semmelweis.hu\/fok-tovabbkepzes\/files\/2019\/01\/JELENTKEZ%C3%89SI-LAP-12-h%C3%B3napos-2019.pdf\" target=\"_blank\" rel=\"noopener noreferrer\">Jelentkez\u00e9si lap<\/a><\/li>\n<li><a href=\"https:\/\/semmelweis.hu\/fok-tovabbkepzes\/files\/2020\/12\/Regisztr\u00e1ci\u00f3s-adatlap-12-h\u00f3napos-k\u00e9pz\u00e9s-20201218.pdf\">Regisztr\u00e1ci\u00f3s adatlap<\/a>\u00a0(\u00e9s az abban felsorolt, csatoland\u00f3 dokumentumok)\u00a0<\/li>\n<li><a href=\"https:\/\/semmelweis.hu\/fok-tovabbkepzes\/files\/2022\/06\/adatlap-szamlaigenyleshez-12-honapos.pdf\">Adatlap sz\u00e1mlaig\u00e9nyl\u00e9shez<\/a>\u00a0c. nyomtatv\u00e1ny kit\u00f6ltve (c\u00e9gszer\u0171en al\u00e1\u00edrva)<\/li>\n<\/ul>\n<\/li>\n<\/ul>\n<p><a href=\"https:\/\/semmelweis.hu\/fok-tovabbkepzes\/files\/2021\/05\/TELJES\u00cdT\u00c9SIGAZOL\u00c1S-12-h\u00f3napos.pdf\">Teljes\u00edt\u00e9sigazol\u00e1s<\/a><\/p>\n<\/div><\/div>\n","protected":false},"excerpt":{"rendered":"<p>4 12 h\u00f3napos k\u00e9pz\u00e9s a konzerv\u00e1l\u00f3 fog\u00e1szat \u00e9s fogp\u00f3tl\u00e1stan szakvizsg\u00e1val rendelkez\u0151 jel\u00f6ltek r\u00e9sz\u00e9re a szakk\u00e9pes\u00edt\u00e9s besz\u00e1m\u00edt\u00e1s\u00e1val A Konzerv\u00e1l\u00f3 fog\u00e1szat \u00e9s fogp\u00f3tl\u00e1stan alap szakk\u00e9pes\u00edt\u00e9ssel rendelkez\u0151k, az Endodontia vagy a Fogp\u00f3tl\u00e1stan alapszakk\u00e9pes\u00edt\u00e9st &#8211; f\u00fcggetlen\u00fcl a Konzerv\u00e1l\u00f3 fog\u00e1szat \u00e9s fogp\u00f3tl\u00e1stan szakk\u00e9pes\u00edt\u00e9s megszerz\u00e9s\u00e9nek id\u0151pontj\u00e1t\u00f3l &#8211; az azonos k\u00e9pz\u00e9si elemek besz\u00e1m\u00edt\u00e1sa mellett, az egyetem \u00e1ltal j\u00f3v\u00e1hagyott, egy\u00e9ni k\u00e9pz\u00e9si terv alapj\u00e1n &hellip;<\/p>\n","protected":false},"author":101109,"featured_media":0,"parent":5067,"menu_order":4,"comment_status":"closed","ping_status":"closed","template":"","meta":{"_acf_changed":false,"footnotes":""},"categories":[],"tags":[],"class_list":["post-2231","page","type-page","status-publish","hentry"],"acf":[],"_links":{"self":[{"href":"https:\/\/semmelweis.hu\/fok-tovabbkepzes\/wp-json\/wp\/v2\/pages\/2231","targetHints":{"allow":["GET"]}}],"collection":[{"href":"https:\/\/semmelweis.hu\/fok-tovabbkepzes\/wp-json\/wp\/v2\/pages"}],"about":[{"href":"https:\/\/semmelweis.hu\/fok-tovabbkepzes\/wp-json\/wp\/v2\/types\/page"}],"author":[{"embeddable":true,"href":"https:\/\/semmelweis.hu\/fok-tovabbkepzes\/wp-json\/wp\/v2\/users\/101109"}],"replies":[{"embeddable":true,"href":"https:\/\/semmelweis.hu\/fok-tovabbkepzes\/wp-json\/wp\/v2\/comments?post=2231"}],"version-history":[{"count":11,"href":"https:\/\/semmelweis.hu\/fok-tovabbkepzes\/wp-json\/wp\/v2\/pages\/2231\/revisions"}],"predecessor-version":[{"id":5311,"href":"https:\/\/semmelweis.hu\/fok-tovabbkepzes\/wp-json\/wp\/v2\/pages\/2231\/revisions\/5311"}],"up":[{"embeddable":true,"href":"https:\/\/semmelweis.hu\/fok-tovabbkepzes\/wp-json\/wp\/v2\/pages\/5067"}],"wp:attachment":[{"href":"https:\/\/semmelweis.hu\/fok-tovabbkepzes\/wp-json\/wp\/v2\/media?parent=2231"}],"wp:term":[{"taxonomy":"category","embeddable":true,"href":"https:\/\/semmelweis.hu\/fok-tovabbkepzes\/wp-json\/wp\/v2\/categories?post=2231"},{"taxonomy":"post_tag","embeddable":true,"href":"https:\/\/semmelweis.hu\/fok-tovabbkepzes\/wp-json\/wp\/v2\/tags?post=2231"}],"curies":[{"name":"wp","href":"https:\/\/api.w.org\/{rel}","templated":true}]}}