{"id":2046,"date":"2018-09-14T11:16:46","date_gmt":"2018-09-14T09:16:46","guid":{"rendered":"http:\/\/semmelweis.hu\/fok-tovabbkepzes\/?page_id=2046"},"modified":"2025-03-28T09:55:21","modified_gmt":"2025-03-28T08:55:21","slug":"masodszakvizsga","status":"publish","type":"page","link":"https:\/\/semmelweis.hu\/fok-tovabbkepzes\/szakfogorvos-kepzes\/masodszakvizsga\/","title":{"rendered":"\u00dajabb els\u0151k\u00e9nt megszerezhet\u0151 szakk\u00e9pes\u00edt\u00e9s"},"content":{"rendered":"<p style=\"text-align: center\"><strong>T\u00c1J\u00c9KOZTAT\u00d3 AZ \u00daJABB ELS\u0150K\u00c9NT MEGSZEREZHET\u0150 FOGORVOSI DIPLOM\u00c1HOZ K\u00d6T\u00d6TT SZAKK\u00c9PZ\u00c9SEKR\u0150L (m\u00e1sod- \u00e9s tov\u00e1bbi szakvizsg\u00e1k)<\/strong><\/p>\n<p style=\"text-align: justify\">A k\u00e9pz\u00e9s elemei \u00e9s felt\u00e9telei \u2013 az al\u00e1bb r\u00e9szletezett elt\u00e9r\u00e9sekkel &#8211; megegyeznek az els\u0151 szakk\u00e9pz\u00e9s k\u00f6vetelm\u00e9nyrendszer\u00e9vel.<\/p>\n<p><span style=\"text-decoration: underline\"><strong>1<\/strong><\/span><strong>. <\/strong><span style=\"text-decoration: underline\"><strong>K\u00e9pz\u00e9s id\u0151tartama, akkredit\u00e1lt k\u00e9pz\u0151hely \u00e9s jogviszony:<\/strong><\/span><\/p>\n<p style=\"padding-left: 40px;text-align: justify\"><span style=\"font-size: 24pt\">\u00b7 <\/span><strong>a szakk\u00e9pz\u00e9s id\u0151tartama<\/strong> az eg\u00e9szs\u00e9g\u00fcgyi fels\u0151fok\u00fa szakir\u00e1ny\u00fa szakk\u00e9pes\u00edt\u00e9s megszerz\u00e9s\u00e9r\u0151l sz\u00f3l\u00f3 22\/2012. (IX.14.) EMMI rendelet 1. sz. mell\u00e9klete (tov\u00e1bbiakban: Rendelet) szerint <span style=\"text-decoration: underline\"><strong>36 h\u00f3nap<\/strong><\/span> (<strong>besz\u00e1m\u00edt\u00e1sra<\/strong> kiz\u00e1r\u00f3lag az 106750\/FOSZTT\/2023 sz. elj\u00e1r\u00e1srend szerint van lehet\u0151s\u00e9g)<\/p>\n<p style=\"padding-left: 40px;text-align: justify\"><span style=\"font-size: 24pt\">\u00b7<\/span> a 36 h\u00f3napos k\u00e9pz\u00e9st szakk\u00e9pz\u0151helly\u00e9 min\u0151s\u00edtett akkredit\u00e1lt rendel\u0151ben, tutor fel\u00fcgyelete mellett kell teljes\u00edteni, <span style=\"text-decoration: underline\"><strong>legal\u00e1bb heti 36 \u00f3r\u00e1s<\/strong><\/span> munkav\u00e9gz\u00e9si k\u00f6telezetts\u00e9ggel j\u00e1r\u00f3, eg\u00e9szs\u00e9g\u00fcgyi tev\u00e9kenys\u00e9g v\u00e9gz\u00e9s\u00e9re ir\u00e1nyul\u00f3 jogviszonyban t\u00f6rt\u00e9n\u0151 foglalkoztat\u00e1sban<\/p>\n<p style=\"padding-left: 40px;text-align: justify\"><span style=\"font-size: 24pt\">\u00b7<\/span> a szakk\u00e9pes\u00edt\u00e9s teljes\u00edt\u00e9se \u00e9rdek\u00e9ben a jel\u00f6lt a szakk\u00e9pz\u0151hellyel \u2013 az eg\u00e9szs\u00e9g\u00fcgyi tev\u00e9kenys\u00e9g v\u00e9gz\u00e9s\u00e9nek egyes k\u00e9rd\u00e9seir\u0151l sz\u00f3l\u00f3 <span style=\"text-decoration: underline\"><strong>2003. \u00e9vi LXXXIV. t\u00f6rv\u00e9ny 7.\u00a7 (2) bekezd\u00e9s a) vagy c)-i) pontja szerinti foglalkoztat\u00e1sra ir\u00e1nyul\u00f3 jogviszonyt l\u00e9tes\u00edt<\/strong><\/span> [<em>szabadfoglalkoz\u00e1s keret\u00e9ben; t\u00e1rsas v\u00e1llalkoz\u00e1s tagjak\u00e9nt; eg\u00e9szs\u00e9g\u00fcgyi szolg\u00e1lati jogviszonyban, rendv\u00e9delmi igazgat\u00e1si szolg\u00e1lati jogviszonyban, honv\u00e9delmi alkalmazotti jogviszonyban; munkaviszonyban; k\u00f6zszolg\u00e1lati jogviszonyban, korm\u00e1nyzati szolg\u00e1lati jogviszonyban, \u00e1llami szolg\u00e1lati jogviszonyban; szolg\u00e1lati jogviszonyban; egyh\u00e1zi szem\u00e9lyk\u00e9nt vagy vall\u00e1si egyes\u00fclet vall\u00e1sos szertart\u00e1st hivat\u00e1sszer\u0171en v\u00e9gz\u0151 tagjak\u00e9nt; \u00f6nk\u00e9ntes seg\u00edt\u0151k\u00e9nt<\/em>]<\/p>\n<p><span style=\"text-decoration: underline\"><strong>2<\/strong><\/span><strong>. <\/strong><span style=\"text-decoration: underline\"><strong>Egyetemi klinik\u00e1n, mint akkredit\u00e1lt k\u00e9pz\u0151helyen t\u00f6rt\u00e9n\u0151 szakk\u00e9pz\u00e9s:<\/strong><\/span><\/p>\n<p style=\"text-align: justify;padding-left: 40px\">A 43025\/FOFTO\/2019. sz. d\u00e9k\u00e1ni hat\u00e1rozat rendelkez\u00e9se alapj\u00e1n, a Kar klinik\u00e1in k\u00e9pz\u0151d\u0151 szakorvosjel\u00f6ltek csak Rendszerbev\u00e9teli elj\u00e1r\u00e1son t\u00f6rt\u00e9n\u0151 r\u00e9szv\u00e9tel eset\u00e9n \u2013 a finansz\u00edroz\u00e1si form\u00e1t\u00f3l f\u00fcggetlen\u00fcl \u2013 kezdhetik meg szakk\u00e9pz\u00e9s\u00fcket.<br \/>\nA Rendszerbev\u00e9teli elj\u00e1r\u00e1sra \u00e9vente egy alkalommal, j\u00falius elej\u00e9n ker\u00fcl sor. Aktu\u00e1lis t\u00e1j\u00e9koztat\u00f3 minden \u00e9v m\u00e1jus h\u00f3napban ker\u00fcl fel a Szak- \u00e9s Tov\u00e1bbk\u00e9pz\u00e9si Titk\u00e1rs\u00e1g honlapj\u00e1ra.<\/p>\n<p><strong><span style=\"text-decoration: underline\">3<\/span>. <span style=\"text-decoration: underline\">K\u00e9pz\u00e9s d\u00edja:<\/span><\/strong><\/p>\n<p style=\"padding-left: 40px;text-align: justify\"><span style=\"font-size: 24pt\">\u00b7<\/span> a szakk\u00e9pz\u00e9s teljes idej\u00e9re (36 h\u00f3nap) a szakk\u00e9pz\u00e9si d\u00edj meg\u00e1llap\u00edt\u00e1sa a 162\/2015. (VI.30.) Korm. rendelet 25. \u00a7 (1) bekezd\u00e9s\u00e9nek felhatalmaz\u00e1sa alapj\u00e1n <span style=\"text-decoration: underline\"><strong>minden<\/strong><\/span> szakir\u00e1ny eset\u00e9n: <strong>103.175\u00a0Ft\/h\u00f3<\/strong><\/p>\n<p style=\"padding-left: 40px;text-align: justify\"><span style=\"font-size: 24pt\">\u00b7 <\/span>\u00fajabb els\u0151k\u00e9nt megszerezhet\u0151 szakk\u00e9pz\u00e9st k\u00f6lts\u00e9gt\u00e9r\u00edt\u00e9ses finansz\u00edroz\u00e1si form\u00e1ban lehet teljes\u00edteni a 162\/2015. (VI.30.) Korm. rendelet 3.\u00a7 (4) bekezd\u00e9se szerint<\/p>\n<p><span style=\"text-decoration: underline\"><strong>4<\/strong><\/span><strong>. <\/strong><span style=\"text-decoration: underline\"><strong>A k\u00e9pz\u00e9s elemei:<\/strong><\/span><\/p>\n<p style=\"text-align: justify\"><span style=\"font-size: 18pt\">\u00b7<\/span> els\u0151 t\u00f6rzsk\u00e9pz\u00e9si \u00e9vben <span style=\"text-decoration: underline\"><strong>t\u00f6rzsk\u00e9pz\u00e9si tanfolyamokon<\/strong><\/span> val\u00f3 r\u00e9szv\u00e9tel \u00e9s elektronikus vizsg\u00e1k sikeres teljes\u00edt\u00e9se (<strong>besz\u00e1m\u00edt\u00e1sra<\/strong> kiz\u00e1r\u00f3lag az 106750\/FOSZTT\/2023 sz. elj\u00e1r\u00e1srend szerint van lehet\u0151s\u00e9g)<\/p>\n<p style=\"text-align: justify\"><span style=\"font-size: 18pt\">\u00b7<\/span> m\u00e1sodik t\u00f6rzsk\u00e9pz\u00e9si \u00e9vben szakir\u00e1ny szerinti <span style=\"text-decoration: underline\"><strong>r\u00e9szvizsga<\/strong><\/span> teljes\u00edt\u00e9se (<strong>besz\u00e1m\u00edt\u00e1sra<\/strong> kiz\u00e1r\u00f3lag az 106750\/FOSZTT\/2023 sz. elj\u00e1r\u00e1srend szerint van lehet\u0151s\u00e9g)<\/p>\n<p style=\"text-align: justify\"><span style=\"font-size: 18pt\">\u00b7<\/span> <strong><span style=\"text-decoration: underline\">klinikai gyakorlat<\/span><\/strong> (minden szakir\u00e1ny eset\u00e9n 3 h\u00f3nap, kiv\u00e9ve dento-alveol\u00e1ris seb\u00e9szet szakir\u00e1ny, amely 6 h\u00f3nap) \u2013 a gyakorlat a klinik\u00e1k fogad\u00f3kapacit\u00e1s\u00e1nak f\u00fcggv\u00e9ny\u00e9ben a szakk\u00e9pz\u00e9si id\u0151n t\u00fal is ny\u00falhat, mely alatt \u2013 legal\u00e1bb heti 36 \u00f3r\u00e1s \u2013 munkav\u00e9gz\u00e9s\u00e9re ir\u00e1nyul\u00f3 jogviszonyban kell \u00e1llni<\/p>\n<p style=\"text-align: justify\">\u00a0<\/p>\n<p style=\"text-align: justify\">\u00a0<\/p>\n","protected":false},"excerpt":{"rendered":"<p>T\u00c1J\u00c9KOZTAT\u00d3 AZ \u00daJABB ELS\u0150K\u00c9NT MEGSZEREZHET\u0150 FOGORVOSI DIPLOM\u00c1HOZ K\u00d6T\u00d6TT SZAKK\u00c9PZ\u00c9SEKR\u0150L (m\u00e1sod- \u00e9s tov\u00e1bbi szakvizsg\u00e1k) A k\u00e9pz\u00e9s elemei \u00e9s felt\u00e9telei \u2013 az al\u00e1bb r\u00e9szletezett elt\u00e9r\u00e9sekkel &#8211; megegyeznek az els\u0151 szakk\u00e9pz\u00e9s k\u00f6vetelm\u00e9nyrendszer\u00e9vel. 1. K\u00e9pz\u00e9s id\u0151tartama, akkredit\u00e1lt k\u00e9pz\u0151hely \u00e9s jogviszony: \u00b7 a szakk\u00e9pz\u00e9s id\u0151tartama az eg\u00e9szs\u00e9g\u00fcgyi fels\u0151fok\u00fa szakir\u00e1ny\u00fa szakk\u00e9pes\u00edt\u00e9s megszerz\u00e9s\u00e9r\u0151l sz\u00f3l\u00f3 22\/2012. (IX.14.) EMMI rendelet 1. sz. mell\u00e9klete (tov\u00e1bbiakban: &hellip;<\/p>\n","protected":false},"author":101109,"featured_media":0,"parent":5067,"menu_order":2,"comment_status":"closed","ping_status":"closed","template":"","meta":{"_acf_changed":false,"footnotes":""},"categories":[],"tags":[],"class_list":["post-2046","page","type-page","status-publish","hentry"],"acf":[],"_links":{"self":[{"href":"https:\/\/semmelweis.hu\/fok-tovabbkepzes\/wp-json\/wp\/v2\/pages\/2046","targetHints":{"allow":["GET"]}}],"collection":[{"href":"https:\/\/semmelweis.hu\/fok-tovabbkepzes\/wp-json\/wp\/v2\/pages"}],"about":[{"href":"https:\/\/semmelweis.hu\/fok-tovabbkepzes\/wp-json\/wp\/v2\/types\/page"}],"author":[{"embeddable":true,"href":"https:\/\/semmelweis.hu\/fok-tovabbkepzes\/wp-json\/wp\/v2\/users\/101109"}],"replies":[{"embeddable":true,"href":"https:\/\/semmelweis.hu\/fok-tovabbkepzes\/wp-json\/wp\/v2\/comments?post=2046"}],"version-history":[{"count":11,"href":"https:\/\/semmelweis.hu\/fok-tovabbkepzes\/wp-json\/wp\/v2\/pages\/2046\/revisions"}],"predecessor-version":[{"id":5258,"href":"https:\/\/semmelweis.hu\/fok-tovabbkepzes\/wp-json\/wp\/v2\/pages\/2046\/revisions\/5258"}],"up":[{"embeddable":true,"href":"https:\/\/semmelweis.hu\/fok-tovabbkepzes\/wp-json\/wp\/v2\/pages\/5067"}],"wp:attachment":[{"href":"https:\/\/semmelweis.hu\/fok-tovabbkepzes\/wp-json\/wp\/v2\/media?parent=2046"}],"wp:term":[{"taxonomy":"category","embeddable":true,"href":"https:\/\/semmelweis.hu\/fok-tovabbkepzes\/wp-json\/wp\/v2\/categories?post=2046"},{"taxonomy":"post_tag","embeddable":true,"href":"https:\/\/semmelweis.hu\/fok-tovabbkepzes\/wp-json\/wp\/v2\/tags?post=2046"}],"curies":[{"name":"wp","href":"https:\/\/api.w.org\/{rel}","templated":true}]}}