{"id":15,"date":"2012-06-20T09:18:52","date_gmt":"2012-06-20T09:18:52","guid":{"rendered":"http:\/\/semmelweis-egyetem.hu\/fok-tovabbkepzes\/?page_id=15"},"modified":"2025-10-16T14:30:34","modified_gmt":"2025-10-16T12:30:34","slug":"szakvizsga","status":"publish","type":"page","link":"https:\/\/semmelweis.hu\/fok-tovabbkepzes\/szakfogorvos-kepzes\/elsokent-megszerezheto-szakkepesites\/szakvizsga\/","title":{"rendered":"Szakvizsga"},"content":{"rendered":"<div class=\"responsive-tabs\">\n<h2 class=\"tabtitle\">2024.01.01. ut\u00e1n<\/h2>\n<div class=\"tabcontent\">\n\n<p>Azon jel\u00f6ltek, akik\u00a0<strong>2024. 01.01. ut\u00e1n l\u00e9ptek a k\u00e9pz\u00e9sbe vagy v\u00e1ltottak szakm\u00e1t<\/strong>\u00a0a 22\/2012 (IX.14.) E\u00fcm. rendeletben megjelen\u0151 \u00faj 4. mell\u00e9klet szerint v\u00e9gzik k\u00e9pz\u00e9s\u00fcket.<\/p>\n<p><a href=\"https:\/\/semmelweis.hu\/fok-tovabbkepzes\/files\/2025\/10\/Dento-alveolaris-sebeszet-szakvizsga.pdf\">Dento-alveol\u00e1ris seb\u00e9szet szakvizsga<\/a><\/p>\n<p style=\"padding-left: 40px\"><a href=\"https:\/\/semmelweis.hu\/fok-tovabbkepzes\/files\/2025\/10\/Dento-alveolaris-sebeszet-tetelsor.pdf\">Dento-alveol\u00e1ris seb\u00e9szet t\u00e9telsor<\/a><br \/>\n<a href=\"https:\/\/semmelweis.hu\/fok-tovabbkepzes\/files\/2025\/10\/Dento-alveolaris-sebeszet-nyilatkozat.pdf\">Dento-alveol\u00e1ris seb\u00e9szet nyilatkozat<\/a><\/p>\n<p>Fogszab\u00e1lyoz\u00e1s<\/p>\n<p>\nGyermekfog\u00e1szat<\/p>\n<p>\nFogp\u00f3tl\u00e1stan<\/p>\n<p style=\"padding-left: 40px\"><a href=\"https:\/\/semmelweis.hu\/fok-tovabbkepzes\/files\/2025\/10\/Fogpotlastan-szakvizsga-tetelsor.pdf\">Fogp\u00f3tl\u00e1stan szakvizsga t\u00e9telsor<\/a><br \/>\n<a href=\"https:\/\/semmelweis.hu\/fok-tovabbkepzes\/files\/2025\/10\/Fogpotlastan-szakirany-vizsgafeladatai.pdf\">Fogp\u00f3tl\u00e1stan szakir\u00e1ny vizsgafeladatai<\/a><\/p>\n<p>\nEndodontia<\/p>\n<p>\nParodontol\u00f3gia<\/p>\n\n<\/div><h2 class=\"tabtitle\">2024.01.01. el\u0151tt<\/h2>\n<div class=\"tabcontent\">\n\n<ul>\n<li><a href=\"https:\/\/semmelweis.hu\/fok-tovabbkepzes\/files\/2020\/04\/Szakvizsg\u00e1ra-bocs\u00e1t\u00e1s-felt\u00e9telei.pdf\" target=\"_blank\" rel=\"noopener noreferrer\">Szakvizsg\u00e1ra bocs\u00e1t\u00e1s felt\u00e9telei szakfogorvosjel\u00f6ltek r\u00e9sz\u00e9re<br \/>\n<\/a><\/li>\n<li><a href=\"https:\/\/semmelweis.hu\/fok-tovabbkepzes\/files\/2019\/05\/IGAZOL\u00c1S-GYAKORLATI-ID\u0150-TELJES\u00cdT\u00c9S\u00c9R\u0150L-2019.04.15.pdf\" target=\"_blank\" rel=\"noopener noreferrer\">Igazol\u00e1s gyakorlati id\u0151 let\u00f6lt\u00e9s\u00e9r\u0151l\u00a0<\/a><a href=\"https:\/\/semmelweis.hu\/fok-tovabbkepzes\/files\/2012\/06\/esetism2.ppt\"><br \/>\n<\/a><\/li>\n<\/ul>\n<p><strong>Szakvizsg\u00e1k megszerz\u00e9s\u00e9nek k\u00f6vetelm\u00e9nyrendszerei<\/strong> <br \/>\nDento-alveol\u00e1ris seb\u00e9szet: <a href=\"https:\/\/semmelweis.hu\/fok-tovabbkepzes\/files\/2019\/07\/Dento-alveolaris-seb\u00e9szet-szakvizsga-megszerz\u00e9s\u00e9nek-k\u00f6vetelm\u00e9nyei.pdf\" target=\"_blank\" rel=\"noopener noreferrer\">Dentoalveol\u00e1ris seb\u00e9szet<\/a>, <a href=\"https:\/\/semmelweis.hu\/fok-tovabbkepzes\/files\/2021\/04\/dento-gyak.vizsga.pdf\">gyakorlati vizsga a Semmelweis Egyetemen<\/a>\u00a0<br \/>\nFogszab\u00e1lyoz\u00e1s: <a href=\"https:\/\/semmelweis.hu\/fok-tovabbkepzes\/files\/2019\/07\/Fogszab\u00e1lyoz\u00e1s-szakvizsga-megszerz\u00e9s\u00e9nek-k\u00f6vetelm\u00e9nyei.pdf\" target=\"_blank\" rel=\"noopener noreferrer\">k\u00f6vetelm\u00e9nylista<\/a>, <a href=\"https:\/\/semmelweis.hu\/fok-tovabbkepzes\/files\/2019\/07\/Fogszab\u00e1lyoz\u00e1s-Esetsz\u00e1mok.pdf\" target=\"_blank\" rel=\"noopener noreferrer\">esetsz\u00e1mok<\/a><br \/>\nGyermekfog\u00e1szat: <a href=\"https:\/\/semmelweis.hu\/fok-tovabbkepzes\/files\/2019\/07\/Gyermekfog\u00e1szat-szakvizsga-megszerz\u00e9s\u00e9nek-k\u00f6vetelm\u00e9nyei.pdf\" target=\"_blank\" rel=\"noopener noreferrer\">k\u00f6vetelm\u00e9nylista<\/a>, <a href=\"https:\/\/semmelweis.hu\/fok-tovabbkepzes\/files\/2019\/07\/Gyermekfog\u00e1szat-Esetsz\u00e1mok.pdf\" target=\"_blank\" rel=\"noopener noreferrer\">esetsz\u00e1mok<\/a><br \/>\nFogp\u00f3tl\u00e1stan: <a href=\"https:\/\/semmelweis.hu\/fok-tovabbkepzes\/files\/2020\/12\/FOGP\u00d3TL\u00c1STAN-SZAKVIZSGA-MEGSZERZ\u00c9S\u00c9NEK-K\u00d6VETELM\u00c9NYEI.pdf\" target=\"_blank\" rel=\"noopener noreferrer\">k\u00f6vetelm\u00e9nylista<\/a>, <a href=\"https:\/\/semmelweis.hu\/fok-tovabbkepzes\/files\/2019\/07\/Fogp\u00f3tl\u00e1stan-esetsz\u00e1mok.pdf\" target=\"_blank\" rel=\"noopener noreferrer\">esetsz\u00e1mok<\/a><br \/>\nEndodontia: <a href=\"https:\/\/semmelweis.hu\/fok-tovabbkepzes\/files\/2025\/03\/Szakvizsga_kovetelmeny-lista_2025.pdf\">k\u00f6vetelm\u00e9nylista<\/a>, <a href=\"https:\/\/semmelweis.hu\/fok-tovabbkepzes\/files\/2019\/07\/Endodontia-esetsz\u00e1mok.pdf\" target=\"_blank\" rel=\"noopener noreferrer\">esetsz\u00e1mok<\/a><br \/>\nParodontol\u00f3gia: <a href=\"https:\/\/semmelweis.hu\/fok-tovabbkepzes\/files\/2019\/07\/Parodontol\u00f3gia-szakvizsga-megszerz\u00e9s\u00e9nek-k\u00f6vetelm\u00e9nyei.pdf\" target=\"_blank\" rel=\"noopener noreferrer\">k\u00f6vetelm\u00e9nylista<\/a>, <a href=\"https:\/\/semmelweis.hu\/fok-tovabbkepzes\/files\/2019\/07\/Parodontol\u00f3gia-Esetsz\u00e1mok.pdf\" target=\"_blank\" rel=\"noopener noreferrer\">esetsz\u00e1mok<\/a><\/p>\n<p><strong>Szakvizsg\u00e1k megszerz\u00e9s\u00e9nek k\u00f6vetelm\u00e9nyrendszerei 2018. szeptember 1. el\u0151tt<br \/>\n<\/strong><a href=\"https:\/\/semmelweis.hu\/fok-tovabbkepzes\/files\/2019\/11\/DENTO-ALVEOL\u00c1RIS-SEB\u00c9SZET.pdf\" target=\"_blank\" rel=\"noopener noreferrer\">Dento-alveol\u00e1ris seb\u00e9szet<\/a><br \/>\n<a href=\"https:\/\/semmelweis.hu\/fok-tovabbkepzes\/files\/2019\/11\/FOGSZAB\u00c1LYOZ\u00c1S.pdf\" target=\"_blank\" rel=\"noopener noreferrer\">Fogszab\u00e1lyoz\u00e1s<\/a><br \/>\n<a href=\"https:\/\/semmelweis.hu\/fok-tovabbkepzes\/files\/2019\/11\/GYERMEKFOG\u00c1SZAT.pdf\" target=\"_blank\" rel=\"noopener noreferrer\">Gyermekfog\u00e1szat<\/a><br \/>\n<a href=\"https:\/\/semmelweis.hu\/fok-tovabbkepzes\/files\/2019\/11\/PARODONTOL\u00d3GIA.pdf\" target=\"_blank\" rel=\"noopener noreferrer\">Parodontol\u00f3gia<\/a><br \/>\n<a href=\"https:\/\/semmelweis.hu\/fok-tovabbkepzes\/files\/2019\/11\/KONZERV\u00c1L\u00d3-FOG\u00c1SZAT-\u00c9S-FOGP\u00d3TL\u00c1STAN.pdf\" target=\"_blank\" rel=\"noopener noreferrer\">Konzerv\u00e1l\u00f3 fog\u00e1szat \u00e9s fogp\u00f3tl\u00e1stan<\/a><\/p>\n<div id=\"GroupWiseSection_1585131229000_blaho.erika@dent.semmelweis-univ.hu_8484A7A013690000A9ADCA4CBAF9A944_\" class=\"GroupWiseMessageBody active\">\u00a0<\/div>\n<\/div><\/div>\n<p style=\"text-align: right\">\u00a0<\/p>\n","protected":false},"excerpt":{"rendered":"<p>Azon jel\u00f6ltek, akik\u00a02024. 01.01. ut\u00e1n l\u00e9ptek a k\u00e9pz\u00e9sbe vagy v\u00e1ltottak szakm\u00e1t\u00a0a 22\/2012 (IX.14.) E\u00fcm. rendeletben megjelen\u0151 \u00faj 4. mell\u00e9klet szerint v\u00e9gzik k\u00e9pz\u00e9s\u00fcket. <a href=\"https:\/\/semmelweis.hu\/fok-tovabbkepzes\/files\/2025\/10\/Dento-alveolaris-sebeszet-szakvizsga.pdf\">Dento-alveol\u00e1ris seb\u00e9szet szakvizsga<\/a> <a href=\"https:\/\/semmelweis.hu\/fok-tovabbkepzes\/files\/2025\/10\/Dento-alveolaris-sebeszet-tetelsor.pdf\">Dento-alveol\u00e1ris seb\u00e9szet t\u00e9telsor<\/a> <a href=\"https:\/\/semmelweis.hu\/fok-tovabbkepzes\/files\/2025\/10\/Dento-alveolaris-sebeszet-nyilatkozat.pdf\">Dento-alveol\u00e1ris seb\u00e9szet nyilatkozat<\/a> Fogszab\u00e1lyoz\u00e1s Gyermekfog\u00e1szat Fogp\u00f3tl\u00e1stan <a href=\"https:\/\/semmelweis.hu\/fok-tovabbkepzes\/files\/2025\/10\/Fogpotlastan-szakvizsga-tetelsor.pdf\">Fogp\u00f3tl\u00e1stan szakvizsga t\u00e9telsor<\/a> <a href=\"https:\/\/semmelweis.hu\/fok-tovabbkepzes\/files\/2025\/10\/Fogpotlastan-szakirany-vizsgafeladatai.pdf\">Fogp\u00f3tl\u00e1stan szakir\u00e1ny vizsgafeladatai<\/a> Endodontia Parodontol\u00f3gia <a href=\"https:\/\/semmelweis.hu\/fok-tovabbkepzes\/files\/2020\/04\/Szakvizsg\u00e1ra-bocs\u00e1t\u00e1s-felt\u00e9telei.pdf\" target=\"_blank\" rel=\"noopener noreferrer\">Szakvizsg\u00e1ra bocs\u00e1t\u00e1s felt\u00e9telei szakfogorvosjel\u00f6ltek r\u00e9sz\u00e9re <\/a> <a href=\"https:\/\/semmelweis.hu\/fok-tovabbkepzes\/files\/2019\/05\/IGAZOL\u00c1S-GYAKORLATI-ID\u0150-TELJES\u00cdT\u00c9S\u00c9R\u0150L-2019.04.15.pdf\" target=\"_blank\" rel=\"noopener noreferrer\">Igazol\u00e1s gyakorlati id\u0151 let\u00f6lt\u00e9s\u00e9r\u0151l\u00a0<\/a> <a href=\"https:\/\/semmelweis.hu\/fok-tovabbkepzes\/files\/2012\/06\/esetism2.ppt\"> <\/a> Szakvizsg\u00e1k megszerz\u00e9s\u00e9nek k\u00f6vetelm\u00e9nyrendszerei Dento-alveol\u00e1ris seb\u00e9szet: <a href=\"https:\/\/semmelweis.hu\/fok-tovabbkepzes\/files\/2019\/07\/Dento-alveolaris-seb\u00e9szet-szakvizsga-megszerz\u00e9s\u00e9nek-k\u00f6vetelm\u00e9nyei.pdf\" target=\"_blank\" rel=\"noopener noreferrer\">Dentoalveol\u00e1ris seb\u00e9szet<\/a> , <a href=\"https:\/\/semmelweis.hu\/fok-tovabbkepzes\/files\/2021\/04\/dento-gyak.vizsga.pdf\">gyakorlati vizsga a Semmelweis Egyetemen<\/a> \u00a0 Fogszab\u00e1lyoz\u00e1s: <a href=\"https:\/\/semmelweis.hu\/fok-tovabbkepzes\/files\/2019\/07\/Fogszab\u00e1lyoz\u00e1s-szakvizsga-megszerz\u00e9s\u00e9nek-k\u00f6vetelm\u00e9nyei.pdf\" target=\"_blank\" rel=\"noopener noreferrer\">k\u00f6vetelm\u00e9nylista<\/a> , <a href=\"https:\/\/semmelweis.hu\/fok-tovabbkepzes\/files\/2019\/07\/Fogszab\u00e1lyoz\u00e1s-Esetsz\u00e1mok.pdf\" target=\"_blank\" rel=\"noopener noreferrer\">esetsz\u00e1mok<\/a> Gyermekfog\u00e1szat: <a href=\"https:\/\/semmelweis.hu\/fok-tovabbkepzes\/files\/2019\/07\/Gyermekfog\u00e1szat-szakvizsga-megszerz\u00e9s\u00e9nek-k\u00f6vetelm\u00e9nyei.pdf\" target=\"_blank\" rel=\"noopener noreferrer\">k\u00f6vetelm\u00e9nylista<\/a> , <a href=\"https:\/\/semmelweis.hu\/fok-tovabbkepzes\/files\/2019\/07\/Gyermekfog\u00e1szat-Esetsz\u00e1mok.pdf\" target=\"_blank\" rel=\"noopener noreferrer\">esetsz\u00e1mok<\/a> Fogp\u00f3tl\u00e1stan: <a href=\"https:\/\/semmelweis.hu\/fok-tovabbkepzes\/files\/2020\/12\/FOGP\u00d3TL\u00c1STAN-SZAKVIZSGA-MEGSZERZ\u00c9S\u00c9NEK-K\u00d6VETELM\u00c9NYEI.pdf\" target=\"_blank\" rel=\"noopener noreferrer\">k\u00f6vetelm\u00e9nylista<\/a> , <a href=\"https:\/\/semmelweis.hu\/fok-tovabbkepzes\/files\/2019\/07\/Fogp\u00f3tl\u00e1stan-esetsz\u00e1mok.pdf\" target=\"_blank\" rel=\"noopener noreferrer\">esetsz\u00e1mok<\/a> Endodontia: <a href=\"https:\/\/semmelweis.hu\/fok-tovabbkepzes\/files\/2025\/03\/Szakvizsga_kovetelmeny-lista_2025.pdf\">k\u00f6vetelm\u00e9nylista<\/a> , &hellip;<\/p>\n","protected":false},"author":38,"featured_media":0,"parent":2976,"menu_order":6,"comment_status":"closed","ping_status":"closed","template":"","meta":{"_acf_changed":false,"footnotes":""},"categories":[],"tags":[],"class_list":["post-15","page","type-page","status-publish","hentry"],"acf":[],"_links":{"self":[{"href":"https:\/\/semmelweis.hu\/fok-tovabbkepzes\/wp-json\/wp\/v2\/pages\/15","targetHints":{"allow":["GET"]}}],"collection":[{"href":"https:\/\/semmelweis.hu\/fok-tovabbkepzes\/wp-json\/wp\/v2\/pages"}],"about":[{"href":"https:\/\/semmelweis.hu\/fok-tovabbkepzes\/wp-json\/wp\/v2\/types\/page"}],"author":[{"embeddable":true,"href":"https:\/\/semmelweis.hu\/fok-tovabbkepzes\/wp-json\/wp\/v2\/users\/38"}],"replies":[{"embeddable":true,"href":"https:\/\/semmelweis.hu\/fok-tovabbkepzes\/wp-json\/wp\/v2\/comments?post=15"}],"version-history":[{"count":12,"href":"https:\/\/semmelweis.hu\/fok-tovabbkepzes\/wp-json\/wp\/v2\/pages\/15\/revisions"}],"predecessor-version":[{"id":5376,"href":"https:\/\/semmelweis.hu\/fok-tovabbkepzes\/wp-json\/wp\/v2\/pages\/15\/revisions\/5376"}],"up":[{"embeddable":true,"href":"https:\/\/semmelweis.hu\/fok-tovabbkepzes\/wp-json\/wp\/v2\/pages\/2976"}],"wp:attachment":[{"href":"https:\/\/semmelweis.hu\/fok-tovabbkepzes\/wp-json\/wp\/v2\/media?parent=15"}],"wp:term":[{"taxonomy":"category","embeddable":true,"href":"https:\/\/semmelweis.hu\/fok-tovabbkepzes\/wp-json\/wp\/v2\/categories?post=15"},{"taxonomy":"post_tag","embeddable":true,"href":"https:\/\/semmelweis.hu\/fok-tovabbkepzes\/wp-json\/wp\/v2\/tags?post=15"}],"curies":[{"name":"wp","href":"https:\/\/api.w.org\/{rel}","templated":true}]}}