{"id":1485,"date":"2017-03-01T09:52:28","date_gmt":"2017-03-01T08:52:28","guid":{"rendered":"http:\/\/semmelweis.hu\/fok-tovabbkepzes\/?page_id=1485"},"modified":"2026-04-02T13:47:08","modified_gmt":"2026-04-02T11:47:08","slug":"foreigner-trainee-program","status":"publish","type":"page","link":"https:\/\/semmelweis.hu\/fok-tovabbkepzes\/foreigner-trainee-program\/","title":{"rendered":"English Speciality"},"content":{"rendered":"<p>We are glad to have your interest in Specialty Training Program at Semmelweis University.<\/p>\n<p>Specialty courses are available at the Faculty of Dentistry at Semmelweis University, ending with a specialty exam in the following fields:<\/p>\n<ol>\n<li>Pedodontics<\/li>\n<li>Orthodontics<\/li>\n<li>Dento-alveolar Surgery<\/li>\n<li>Prosthodontics<\/li>\n<\/ol>\n<p>The program is 36 months long, includes a practical and a theoretical part.<\/p>\n<ul>\n<li>Mandatory cours (9 * 6 45 min long lectures)<\/li>\n<li>Clinical practice at Semmelweis University Faculty of Dentistry (Dento-alveolar surgery 6 months long, Pedodontics, Orthodontics and Prosthodntics 3 months long)<\/li>\n<li>ER course<\/li>\n<li>Semi-final exam<\/li>\n<li>Consultations (4 semester, 5 consultations\/semester)<\/li>\n<\/ul>\n<p>The specialty training is based on working in a dental office (at least 36 hours\/week) under a tutor\u2019s supervision (at least 30 hours\/week). This requires some basic knowledge of the Hungarian language, to be able to communicate with patients.<\/p>\n<p>After fulfilling the <strong>three-year program<\/strong>, participants have a permission to take the specialty exam in Hungary and have a certificate about it when they passed it successfully.<\/p>\n<p><strong>Participants are advised to collect information before starting the program about the acceptance of the certificate abroad.<\/strong><\/p>\n<p><strong>The planned tuition fee up to the 2026\/2027 academic year:<\/strong> <strong>30.000 EUR\/ YEAR<\/strong>. (\u2211 90.000 EUR)<\/p>\n<p><strong>Deadline of the application: September 30.<\/strong><\/p>\n<p><strong>How to apply: <\/strong>sending all the required documents during the application period via e-mail to <a href=\"mailto:farkas.izabella@semmelweis.hu\">farkas.izabella@semmelweis.hu<\/a><\/p>\n<p><strong>Requirements of the application:<\/strong><strong>\u00a0<\/strong><\/p>\n<ol>\n<li><strong>Recognized diploma<\/strong> &#8211; If your diploma is issued outside of Hungary, it must be recognized in Hungary, because you can treat patients only with a recognized diploma.<\/li>\n<\/ol>\n<p>If your diploma is issued from the European Union the National Directorate General For Hospitals is responsible for the recognition. You can find more information about the recognition procedure via the link below.<\/p>\n<p><a href=\"https:\/\/enk.okfo.gov.hu\/en\/activities\/recognition\">https:\/\/enk.okfo.gov.hu\/en\/activities\/recognition<\/a><\/p>\n<p>If your diploma is issued outside the European Union, the Educational Authority- Hungarian Equivalence and Information Centre is responsible for the recognition.<\/p>\n<p><a href=\"https:\/\/www.oktatas.hu\/kepesitesek_elismertetese\/english\/recognition_of_foreign_qualifications\">https:\/\/www.oktatas.hu\/kepesitesek_elismertetese\/english\/recognition_of_foreign_qualifications<\/a><\/p>\n<p>\u201cInformation on recognizing medical qualifications\u201d<\/p>\n<p><u>The application for the Further Training Program at Semmelweis University is acceptable only with a recognized diploma.<\/u><\/p>\n<ol start=\"2\">\n<li><strong>Valid<\/strong> <strong>employment contract with an accredited place of training<\/strong><\/li>\n<\/ol>\n<p>You can find the list of the accredited places of training via the links below:<\/p>\n<p>Dento-alveolar surgery: <a href=\"https:\/\/reny.hu\/project_r\/actual_prg\/system\/launch.php?pg=.%2Fx_rezi%2FPUBLIC_LIST_AkkreditaltSzakkepzoHelyek_Public.php&amp;ACNT=&amp;RecordNumber=235&amp;OldalSzam=0&amp;Sor=12&amp;DPW=&amp;kiemFilter=0&amp;intID=&amp;retcode=&amp;showTutor=0&amp;Order=0&amp;Fazon=&amp;Fszkh=&amp;Fdep=&amp;Fvaros=&amp;Fjogszabaly=4&amp;Fszakirany=866&amp;Ftime=&amp;Ftimeend=\">https:\/\/reny.hu\/project_r\/actual_prg\/system\/launch.php?pg=.%2Fx_rezi%2FPUBLIC_LIST_AkkreditaltSzakkepzoHelyek_Public.php&amp;ACNT=&amp;RecordNumber=235&amp;OldalSzam=0&amp;Sor=12&amp;DPW=&amp;kiemFilter=0&amp;intID=&amp;retcode=&amp;showTutor=0&amp;Order=0&amp;Fazon=&amp;Fszkh=&amp;Fdep=&amp;Fvaros=&amp;Fjogszabaly=4&amp;Fszakirany=866&amp;Ftime=&amp;Ftimeend=<\/a><\/p>\n<p>Orthodontics:<a href=\"https:\/\/reny.hu\/project_r\/actual_prg\/system\/launch.php?pg=.%2Fx_rezi%2FPUBLIC_LIST_AkkreditaltSzakkepzoHelyek_Public.php&amp;ACNT=&amp;RecordNumber=72&amp;OldalSzam=0&amp;Sor=12&amp;DPW=&amp;kiemFilter=0&amp;intID=&amp;retcode=&amp;showTutor=0&amp;Order=0&amp;Fazon=&amp;Fszkh=&amp;Fdep=&amp;Fvaros=&amp;Fjogszabaly=4&amp;Fszakirany=861&amp;Ftime=&amp;Ftimeend=\">https:\/\/reny.hu\/project_r\/actual_prg\/system\/launch.php?pg=.%2Fx_rezi%2FPUBLIC_LIST_AkkreditaltSzakkepzoHelyek_Public.php&amp;ACNT=&amp;RecordNumber=72&amp;OldalSzam=0&amp;Sor=12&amp;DPW=&amp;kiemFilter=0&amp;intID=&amp;retcode=&amp;showTutor=0&amp;Order=0&amp;Fazon=&amp;Fszkh=&amp;Fdep=&amp;Fvaros=&amp;Fjogszabaly=4&amp;Fszakirany=861&amp;Ftime=&amp;Ftimeend=<\/a><\/p>\n<p>Pediatric dentistry:<a href=\"https:\/\/reny.hu\/project_r\/actual_prg\/system\/launch.php?pg=.%2Fx_rezi%2FPUBLIC_LIST_AkkreditaltSzakkepzoHelyek_Public.php&amp;ACNT=&amp;RecordNumber=47&amp;OldalSzam=0&amp;Sor=12&amp;DPW=&amp;kiemFilter=0&amp;intID=&amp;retcode=&amp;showTutor=0&amp;Order=0&amp;Fazon=&amp;Fszkh=&amp;Fdep=&amp;Fvaros=&amp;Fjogszabaly=4&amp;Fszakirany=862&amp;Ftime=&amp;Ftimeend=\">https:\/\/reny.hu\/project_r\/actual_prg\/system\/launch.php?pg=.%2Fx_rezi%2FPUBLIC_LIST_AkkreditaltSzakkepzoHelyek_Public.php&amp;ACNT=&amp;RecordNumber=47&amp;OldalSzam=0&amp;Sor=12&amp;DPW=&amp;kiemFilter=0&amp;intID=&amp;retcode=&amp;showTutor=0&amp;Order=0&amp;Fazon=&amp;Fszkh=&amp;Fdep=&amp;Fvaros=&amp;Fjogszabaly=4&amp;Fszakirany=862&amp;Ftime=&amp;Ftimeend=<\/a><\/p>\n<p>Prosthodontics: <a href=\"https:\/\/reny.hu\/project_r\/actual_prg\/system\/launch.php?pg=.%2Fx_rezi%2FPUBLIC_LIST_AkkreditaltSzakkepzoHelyek_Public.php&amp;ACNT=&amp;RecordNumber=66&amp;OldalSzam=0&amp;Sor=12&amp;DPW=&amp;kiemFilter=0&amp;intID=&amp;retcode=&amp;showTutor=0&amp;Order=0&amp;Fazon=&amp;Fszkh=&amp;Fdep=&amp;Fvaros=&amp;Fjogszabaly=4&amp;Fszakirany=865&amp;Ftime=&amp;Ftimeend=\">https:\/\/reny.hu\/project_r\/actual_prg\/system\/launch.php?pg=.%2Fx_rezi%2FPUBLIC_LIST_AkkreditaltSzakkepzoHelyek_Public.php&amp;ACNT=&amp;RecordNumber=66&amp;OldalSzam=0&amp;Sor=12&amp;DPW=&amp;kiemFilter=0&amp;intID=&amp;retcode=&amp;showTutor=0&amp;Order=0&amp;Fazon=&amp;Fszkh=&amp;Fdep=&amp;Fvaros=&amp;Fjogszabaly=4&amp;Fszakirany=865&amp;Ftime=&amp;Ftimeend=<\/a><\/p>\n<p>Applicants need to find an accredited place of training by themselves.<\/p>\n<ol start=\"3\">\n<li><strong>Acceptance form by an accredited place of training\u00a0<br \/>\n<\/strong><a href=\"https:\/\/semmelweis.hu\/fok-tovabbkepzes\/files\/2025\/05\/UJ-BEFOGADO-SZANDEKNYILATKOZAT-36-ora-2021.03.15.pdf\">HU<\/a><br \/>\n<a href=\"https:\/\/semmelweis.hu\/fok-tovabbkepzes\/files\/2025\/05\/NEW-Acceptance-form-36.pdf\">EN<\/a><\/li>\n<\/ol>\n<ol start=\"4\">\n<li><a href=\"https:\/\/semmelweis.hu\/fok-tovabbkepzes\/files\/2025\/03\/Tutori-nyilatkozat-kulsos.pdf\"><strong>Tutor\u2019s<\/strong> <strong>declaration of supervising the trainee<\/strong><\/a><\/li>\n<\/ol>\n<ol start=\"5\">\n<li><strong>Valid residence and working permit <\/strong><a href=\"https:\/\/oif.gov.hu\/\">https:\/\/oif.gov.hu\/<\/a><\/li>\n<\/ol>\n<ol start=\"6\">\n<li><strong>Valid TAX number, address card and Hungarian Social Security (TAJ) card<\/strong><\/li>\n<\/ol>\n<ol start=\"7\">\n<li><strong>Copy of health aptitude test result\n<p><\/strong><\/li>\n<li><strong><a href=\"https:\/\/semmelweis.hu\/fok-tovabbkepzes\/files\/2025\/05\/Application-form.pdf\">Application<\/a> and <a href=\"https:\/\/semmelweis.hu\/fok-tovabbkepzes\/files\/2025\/05\/Registration-form.pdf\">registration<\/a> form\u00a0<br \/>\n<\/strong><\/li>\n<\/ol>\n<p>We hereby would like to inform you, that we cannot provide you invitation letter, accommodation or offer you scholarship, PhD program or Hungarian language courses.<\/p>\n<div id=\"GroupWiseSection_1545034487000_farkas.izabella@dent.semmelweis-univ.hu_5312CC010CFD0000A95A000000000000_\" class=\"GroupWiseMessageBody\">\n<hr \/>\n<p><b><\/b><\/div>\n<p>Dear Trainees,<\/p>\n<p>We inform you that the personal administration of the following dates are available<\/p>\n<p><strong>On every Wednesday: 9.00 &#8211; 11.00<\/strong><\/p>\n<p>Division of Dentistry &#8211; Center for Continuing Education<br \/>\nMailing address: H-1085 Budapest, \u00dcll\u0151i \u00fat 26.<br \/>\nRegistered Office: H-1088 Budapest, Szentkir\u00e1lyi u. 47.\u00a0<br \/>\nPhone: +36 1 459-1500\/59318<br \/>\ne-mail: farkas.izabella@semmelweis.hu<\/p>\n<p>&nbsp;<\/p>\n<p>&nbsp;<\/p>\n","protected":false},"excerpt":{"rendered":"<p>We are glad to have your interest in Specialty Training Program at Semmelweis University. Specialty courses are available at the Faculty of Dentistry at Semmelweis University, ending with a specialty exam in the following fields: Pedodontics Orthodontics Dento-alveolar Surgery Prosthodontics The program is 36 months long, includes a practical and a theoretical part. Mandatory cours &hellip;<\/p>\n","protected":false},"author":38,"featured_media":0,"parent":0,"menu_order":3,"comment_status":"closed","ping_status":"closed","template":"","meta":{"_acf_changed":false,"footnotes":""},"categories":[],"tags":[],"class_list":["post-1485","page","type-page","status-publish","hentry"],"acf":[],"_links":{"self":[{"href":"https:\/\/semmelweis.hu\/fok-tovabbkepzes\/wp-json\/wp\/v2\/pages\/1485","targetHints":{"allow":["GET"]}}],"collection":[{"href":"https:\/\/semmelweis.hu\/fok-tovabbkepzes\/wp-json\/wp\/v2\/pages"}],"about":[{"href":"https:\/\/semmelweis.hu\/fok-tovabbkepzes\/wp-json\/wp\/v2\/types\/page"}],"author":[{"embeddable":true,"href":"https:\/\/semmelweis.hu\/fok-tovabbkepzes\/wp-json\/wp\/v2\/users\/38"}],"replies":[{"embeddable":true,"href":"https:\/\/semmelweis.hu\/fok-tovabbkepzes\/wp-json\/wp\/v2\/comments?post=1485"}],"version-history":[{"count":13,"href":"https:\/\/semmelweis.hu\/fok-tovabbkepzes\/wp-json\/wp\/v2\/pages\/1485\/revisions"}],"predecessor-version":[{"id":5440,"href":"https:\/\/semmelweis.hu\/fok-tovabbkepzes\/wp-json\/wp\/v2\/pages\/1485\/revisions\/5440"}],"wp:attachment":[{"href":"https:\/\/semmelweis.hu\/fok-tovabbkepzes\/wp-json\/wp\/v2\/media?parent=1485"}],"wp:term":[{"taxonomy":"category","embeddable":true,"href":"https:\/\/semmelweis.hu\/fok-tovabbkepzes\/wp-json\/wp\/v2\/categories?post=1485"},{"taxonomy":"post_tag","embeddable":true,"href":"https:\/\/semmelweis.hu\/fok-tovabbkepzes\/wp-json\/wp\/v2\/tags?post=1485"}],"curies":[{"name":"wp","href":"https:\/\/api.w.org\/{rel}","templated":true}]}}