{"id":83,"date":"2019-02-13T10:24:22","date_gmt":"2019-02-13T09:24:22","guid":{"rendered":"http:\/\/semmelweis.hu\/fok-prevencio\/?page_id=83"},"modified":"2024-10-09T14:59:54","modified_gmt":"2024-10-09T12:59:54","slug":"kari-prevencios-nap","status":"publish","type":"page","link":"https:\/\/semmelweis.hu\/fok-prevencio\/kari-prevencios-nap\/","title":{"rendered":"Kari Prevenci\u00f3s Nap"},"content":{"rendered":"<p><strong>Fogorvostudom\u00e1nyi Kari Prevenci\u00f3s Napot tervez\u00fcnk tartani 2025 tavasz\u00e1n.<\/strong><\/p>\n<p>B\u0151vebb t\u00e1j\u00e9koztat\u00e1s a k\u00e9s\u0151bbiekben el\u00e9rhet\u0151 lesz ezen a honlap fel\u00fcleten.<\/p>\n<p>&nbsp;<\/p>\n","protected":false},"excerpt":{"rendered":"<p>Fogorvostudom\u00e1nyi Kari Prevenci\u00f3s Napot tervez\u00fcnk tartani 2025 tavasz\u00e1n.<br \/>\nB\u0151vebb t\u00e1j\u00e9koztat\u00e1s a k\u00e9s\u0151bbiekben el\u00e9rhet\u0151 lesz ezen a honlap fel\u00fcleten.<br \/>\n&nbsp;<\/p>\n","protected":false},"author":331,"featured_media":0,"parent":0,"menu_order":0,"comment_status":"closed","ping_status":"closed","template":"","meta":{"_acf_changed":false,"footnotes":""},"categories":[],"tags":[],"class_list":["post-83","page","type-page","status-publish","hentry"],"acf":[],"_links":{"self":[{"href":"https:\/\/semmelweis.hu\/fok-prevencio\/wp-json\/wp\/v2\/pages\/83","targetHints":{"allow":["GET"]}}],"collection":[{"href":"https:\/\/semmelweis.hu\/fok-prevencio\/wp-json\/wp\/v2\/pages"}],"about":[{"href":"https:\/\/semmelweis.hu\/fok-prevencio\/wp-json\/wp\/v2\/types\/page"}],"author":[{"embeddable":true,"href":"https:\/\/semmelweis.hu\/fok-prevencio\/wp-json\/wp\/v2\/users\/331"}],"replies":[{"embeddable":true,"href":"https:\/\/semmelweis.hu\/fok-prevencio\/wp-json\/wp\/v2\/comments?post=83"}],"version-history":[{"count":10,"href":"https:\/\/semmelweis.hu\/fok-prevencio\/wp-json\/wp\/v2\/pages\/83\/revisions"}],"predecessor-version":[{"id":150,"href":"https:\/\/semmelweis.hu\/fok-prevencio\/wp-json\/wp\/v2\/pages\/83\/revisions\/150"}],"wp:attachment":[{"href":"https:\/\/semmelweis.hu\/fok-prevencio\/wp-json\/wp\/v2\/media?parent=83"}],"wp:term":[{"taxonomy":"category","embeddable":true,"href":"https:\/\/semmelweis.hu\/fok-prevencio\/wp-json\/wp\/v2\/categories?post=83"},{"taxonomy":"post_tag","embeddable":true,"href":"https:\/\/semmelweis.hu\/fok-prevencio\/wp-json\/wp\/v2\/tags?post=83"}],"curies":[{"name":"wp","href":"https:\/\/api.w.org\/{rel}","templated":true}]}}