{"id":7,"date":"2016-05-31T09:32:47","date_gmt":"2016-05-31T07:32:47","guid":{"rendered":"http:\/\/semmelweis.hu\/fok-prevencio\/?page_id=7"},"modified":"2024-10-09T14:54:12","modified_gmt":"2024-10-09T12:54:12","slug":"elerhetoseg","status":"publish","type":"page","link":"https:\/\/semmelweis.hu\/fok-prevencio\/elerhetoseg\/","title":{"rendered":"El\u00e9rhet\u0151s\u00e9g"},"content":{"rendered":"<p><span style=\"font-size: 18pt\"><strong>Helyre\u00e1ll\u00edt\u00f3 Fog\u00e1szati \u00e9s Endodonciai Klinika<\/strong><\/span><\/p>\n<p>Telefon: 459-1500\/ 59385<br \/>\nE-mail: helyreallito.fogaszat@semmelweis.hu<\/p>\n","protected":false},"excerpt":{"rendered":"<p>Helyre\u00e1ll\u00edt\u00f3 Fog\u00e1szati \u00e9s Endodonciai Klinika<br \/>\nTelefon: 459-1500\/ 59385<br \/>\nE-mail: helyreallito.fogaszat@semmelweis.hu<\/p>\n","protected":false},"author":12,"featured_media":0,"parent":0,"menu_order":0,"comment_status":"closed","ping_status":"closed","template":"","meta":{"_acf_changed":false,"footnotes":""},"categories":[],"tags":[],"class_list":["post-7","page","type-page","status-publish","hentry"],"acf":[],"_links":{"self":[{"href":"https:\/\/semmelweis.hu\/fok-prevencio\/wp-json\/wp\/v2\/pages\/7","targetHints":{"allow":["GET"]}}],"collection":[{"href":"https:\/\/semmelweis.hu\/fok-prevencio\/wp-json\/wp\/v2\/pages"}],"about":[{"href":"https:\/\/semmelweis.hu\/fok-prevencio\/wp-json\/wp\/v2\/types\/page"}],"author":[{"embeddable":true,"href":"https:\/\/semmelweis.hu\/fok-prevencio\/wp-json\/wp\/v2\/users\/12"}],"replies":[{"embeddable":true,"href":"https:\/\/semmelweis.hu\/fok-prevencio\/wp-json\/wp\/v2\/comments?post=7"}],"version-history":[{"count":5,"href":"https:\/\/semmelweis.hu\/fok-prevencio\/wp-json\/wp\/v2\/pages\/7\/revisions"}],"predecessor-version":[{"id":148,"href":"https:\/\/semmelweis.hu\/fok-prevencio\/wp-json\/wp\/v2\/pages\/7\/revisions\/148"}],"wp:attachment":[{"href":"https:\/\/semmelweis.hu\/fok-prevencio\/wp-json\/wp\/v2\/media?parent=7"}],"wp:term":[{"taxonomy":"category","embeddable":true,"href":"https:\/\/semmelweis.hu\/fok-prevencio\/wp-json\/wp\/v2\/categories?post=7"},{"taxonomy":"post_tag","embeddable":true,"href":"https:\/\/semmelweis.hu\/fok-prevencio\/wp-json\/wp\/v2\/tags?post=7"}],"curies":[{"name":"wp","href":"https:\/\/api.w.org\/{rel}","templated":true}]}}