{"id":129,"date":"2019-10-09T09:28:27","date_gmt":"2019-10-09T07:28:27","guid":{"rendered":"http:\/\/semmelweis.hu\/fok-prevencio\/?page_id=129"},"modified":"2019-10-09T09:52:16","modified_gmt":"2019-10-09T07:52:16","slug":"a-szakmai-kollegium-fog-es-szajbetegsegek-tagozatanak-es-tanacsanak-allasfoglalasai","status":"publish","type":"page","link":"https:\/\/semmelweis.hu\/fok-prevencio\/a-szakmai-kollegium-fog-es-szajbetegsegek-tagozatanak-es-tanacsanak-allasfoglalasai\/","title":{"rendered":"A Szakmai Koll\u00e9gium Fog- \u00e9s Sz\u00e1jbetegs\u00e9gek Tagozat\u00e1nak \u00e9s Tan\u00e1cs\u00e1nak \u00e1ll\u00e1sfoglal\u00e1sai"},"content":{"rendered":"<p><a href=\"https:\/\/semmelweis.hu\/fok-prevencio\/files\/2019\/10\/Fluorid-tabletta-indik\u00e1ci\u00f3ja.pdf\">A fluoridtabletta indik\u00e1ci\u00f3j\u00e1r\u00f3l<\/a><\/p>\n<p><a href=\"https:\/\/semmelweis.hu\/fok-prevencio\/files\/2019\/10\/Fluoridok-alkalmaz\u00e1sa-cariesprevenci\u00f3s-c\u00e9lb\u00f3l.pdf\">A fluoridok alkalmaz\u00e1s\u00e1r\u00f3l cariesprevenci\u00f3s c\u00e9lb\u00f3l<\/a><\/p>\n","protected":false},"excerpt":{"rendered":"<p><a href=\"https:\/\/semmelweis.hu\/fok-prevencio\/files\/2019\/10\/Fluorid-tabletta-indik\u00e1ci\u00f3ja.pdf\">A fluoridtabletta indik\u00e1ci\u00f3j\u00e1r\u00f3l<\/a><br \/>\n<a href=\"https:\/\/semmelweis.hu\/fok-prevencio\/files\/2019\/10\/Fluoridok-alkalmaz\u00e1sa-cariesprevenci\u00f3s-c\u00e9lb\u00f3l.pdf\">A fluoridok alkalmaz\u00e1s\u00e1r\u00f3l cariesprevenci\u00f3s c\u00e9lb\u00f3l<\/a><\/p>\n","protected":false},"author":331,"featured_media":0,"parent":0,"menu_order":0,"comment_status":"closed","ping_status":"closed","template":"","meta":{"_acf_changed":false,"footnotes":""},"categories":[],"tags":[],"class_list":["post-129","page","type-page","status-publish","hentry"],"acf":[],"_links":{"self":[{"href":"https:\/\/semmelweis.hu\/fok-prevencio\/wp-json\/wp\/v2\/pages\/129","targetHints":{"allow":["GET"]}}],"collection":[{"href":"https:\/\/semmelweis.hu\/fok-prevencio\/wp-json\/wp\/v2\/pages"}],"about":[{"href":"https:\/\/semmelweis.hu\/fok-prevencio\/wp-json\/wp\/v2\/types\/page"}],"author":[{"embeddable":true,"href":"https:\/\/semmelweis.hu\/fok-prevencio\/wp-json\/wp\/v2\/users\/331"}],"replies":[{"embeddable":true,"href":"https:\/\/semmelweis.hu\/fok-prevencio\/wp-json\/wp\/v2\/comments?post=129"}],"version-history":[{"count":5,"href":"https:\/\/semmelweis.hu\/fok-prevencio\/wp-json\/wp\/v2\/pages\/129\/revisions"}],"predecessor-version":[{"id":136,"href":"https:\/\/semmelweis.hu\/fok-prevencio\/wp-json\/wp\/v2\/pages\/129\/revisions\/136"}],"wp:attachment":[{"href":"https:\/\/semmelweis.hu\/fok-prevencio\/wp-json\/wp\/v2\/media?parent=129"}],"wp:term":[{"taxonomy":"category","embeddable":true,"href":"https:\/\/semmelweis.hu\/fok-prevencio\/wp-json\/wp\/v2\/categories?post=129"},{"taxonomy":"post_tag","embeddable":true,"href":"https:\/\/semmelweis.hu\/fok-prevencio\/wp-json\/wp\/v2\/tags?post=129"}],"curies":[{"name":"wp","href":"https:\/\/api.w.org\/{rel}","templated":true}]}}