{"id":9654,"date":"2025-04-24T10:47:16","date_gmt":"2025-04-24T08:47:16","guid":{"rendered":"https:\/\/semmelweis.hu\/fogpotlastan\/?page_id=9654"},"modified":"2026-02-09T11:09:32","modified_gmt":"2026-02-09T10:09:32","slug":"gnatologia-ii-direkt-sinkeszites-hands-on-kurzus","status":"publish","type":"page","link":"https:\/\/semmelweis.hu\/fogpotlastan\/kepzesek\/gnatologia-ii-direkt-sinkeszites-hands-on-kurzus\/","title":{"rendered":"Gnatol\u00f3gia II. \u2013 Direkt si\u0301nke\u0301szi\u0301te\u0301s hands-on kurzus"},"content":{"rendered":"<h2 style=\"text-align: center\">GNATOL\u00d3GIA II.<br \/>\nDirekt si\u0301nke\u0301szi\u0301te\u0301s hands-on kurzus<\/h2>\n<p><a href=\"https:\/\/semmelweis.hu\/fogpotlastan\/files\/2025\/03\/ikon1.png\"><img loading=\"lazy\" decoding=\"async\" class=\"alignnone  wp-image-9508\" src=\"https:\/\/semmelweis.hu\/fogpotlastan\/files\/2025\/03\/ikon1.png\" alt=\"\" width=\"50\" height=\"50\" srcset=\"https:\/\/semmelweis.hu\/fogpotlastan\/files\/2025\/03\/ikon1.png 183w, https:\/\/semmelweis.hu\/fogpotlastan\/files\/2025\/03\/ikon1-150x150.png 150w\" sizes=\"auto, (max-width: 50px) 100vw, 50px\" \/><\/a>Id\u0151pont: 2026. m\u00e1rcius 20.<\/p>\n<p><a href=\"https:\/\/semmelweis.hu\/fogpotlastan\/files\/2025\/03\/ikon2.png\"><img loading=\"lazy\" decoding=\"async\" class=\"alignnone wp-image-9509\" src=\"https:\/\/semmelweis.hu\/fogpotlastan\/files\/2025\/03\/ikon2.png\" alt=\"\" width=\"50\" height=\"50\" srcset=\"https:\/\/semmelweis.hu\/fogpotlastan\/files\/2025\/03\/ikon2.png 183w, https:\/\/semmelweis.hu\/fogpotlastan\/files\/2025\/03\/ikon2-150x150.png 150w\" sizes=\"auto, (max-width: 50px) 100vw, 50px\" \/><\/a>Helysz\u00edn: Semmelweis Egyetem Fogp\u00f3tl\u00e1stani Klinika (1088 Budapest, Szentkir\u00e1lyi utca 47.)<\/p>\n<p><a href=\"https:\/\/semmelweis.hu\/fogpotlastan\/files\/2025\/03\/ikon3.png\"><img loading=\"lazy\" decoding=\"async\" class=\"alignnone wp-image-9510\" src=\"https:\/\/semmelweis.hu\/fogpotlastan\/files\/2025\/03\/ikon3.png\" alt=\"\" width=\"50\" height=\"50\" srcset=\"https:\/\/semmelweis.hu\/fogpotlastan\/files\/2025\/03\/ikon3.png 183w, https:\/\/semmelweis.hu\/fogpotlastan\/files\/2025\/03\/ikon3-150x150.png 150w\" sizes=\"auto, (max-width: 50px) 100vw, 50px\" \/><\/a>\u00c1r: 100.000 Ft<\/p>\n<p><a href=\"https:\/\/semmelweis.hu\/fogpotlastan\/files\/2025\/03\/ikon4.png\"><img loading=\"lazy\" decoding=\"async\" class=\"alignnone wp-image-9511\" src=\"https:\/\/semmelweis.hu\/fogpotlastan\/files\/2025\/03\/ikon4.png\" alt=\"\" width=\"50\" height=\"50\" srcset=\"https:\/\/semmelweis.hu\/fogpotlastan\/files\/2025\/03\/ikon4.png 183w, https:\/\/semmelweis.hu\/fogpotlastan\/files\/2025\/03\/ikon4-150x150.png 150w\" sizes=\"auto, (max-width: 50px) 100vw, 50px\" \/><\/a>Kreditpont: 16 pont<\/p>\n<p><strong>A kurzus tartalma:<\/strong><\/p>\n<p>A hands-on kurzuson elm\u00e9leti felk\u00e9sz\u00edt\u00e9s ut\u00e1n a r\u00e9sztvev\u0151k egym\u00e1snak k\u00e9sz\u00edtenek direkt m\u00f3dszerrel Michigan s\u00edneket. A k\u00e9pz\u00e9s rendk\u00edv\u00fcli n\u00e9pszer\u0171s\u00e9g\u00e9t a maxim\u00e1lisan gyakorlatias szeml\u00e9let \u00e9s megval\u00f3s\u00edt\u00e1s adja, melynek sor\u00e1n nagy tapasztalat\u00fa koll\u00e9g\u00e1ink v\u00e9gig a r\u00e9sztvev\u0151ket instru\u00e1lva, a buktat\u00f3kat kiemelve k\u00e9sz\u00edtik fel a koll\u00e9g\u00e1kat a k\u00e9s\u0151bbi \u00f6n\u00e1ll\u00f3 munk\u00e1ra.<\/p>\n<div class=\"keretes w-100\">\n<p><strong>Jelentkez\u00e9s:<\/strong><\/p>\n<p>A kurzuson minden fogorvosi diplom\u00e1val rendelkez\u0151 \u00e9rdekl\u0151d\u0151 r\u00e9szt vehet.<br \/>\nJelentkezni az OFTEX rendszer\u00e9n kereszt\u00fcl lehet, az al\u00e1bbi k\u00f3ddal:\u00a0SE-FOG\/2025.I.\/00043<\/p>\n<p>A kurzus \u00e1ra: 100.000 Ft<br \/>\n<em>L\u00e9tsz\u00e1mlimit\u00e1ci\u00f3: min. 6 f\u0151, max. 14 f\u0151<\/em><\/p>\n<\/div>\n<p><strong>A kurzus c\u00e9lkit\u0171z\u00e9sei:<\/strong><\/p>\n<ul>\n<li>A r\u00e9sztvev\u0151k a k\u00e9pz\u00e9st k\u00f6vet\u0151en \u00f6n\u00e1ll\u00f3an k\u00e9pesek legyenek elk\u00e9sz\u00edteni a Michigan s\u00ednt.<\/li>\n<li>Michigan s\u00edn direkt m\u00f3dszerrel t\u00f6rt\u00e9n\u0151 elk\u00e9sz\u00edt\u00e9se &#8211; p\u00e1rban dolgozva.<\/li>\n<li>A k\u00fcl\u00f6nb\u00f6z\u0151 s\u00edn t\u00edpusok m\u0171k\u00f6d\u00e9s\u00e9nek megismertet\u00e9se a r\u00e9sztvev\u0151kkel.<\/li>\n<li>A r\u00e9sztvev\u0151ket l\u00e9p\u00e9sr\u0151l l\u00e9p\u00e9sre vezess\u00fck v\u00e9gig a s\u00ednk\u00e9sz\u00edt\u00e9s folyamat\u00e1n.<\/li>\n<li>A szemfogvezet\u00e9s helyes kialak\u00edt\u00e1s\u00e1nak elsaj\u00e1t\u00edt\u00e1sa.<\/li>\n<\/ul>\n<p><strong>El\u0151ad\u00f3k:<\/strong><\/p>\n<p><a href=\"https:\/\/semmelweis.hu\/fogpotlastan\/files\/2025\/04\/schmidtpeter_gnato2.jpg\"><img loading=\"lazy\" decoding=\"async\" class=\"size-medium wp-image-9655 aligncenter\" src=\"https:\/\/semmelweis.hu\/fogpotlastan\/files\/2025\/04\/schmidtpeter_gnato2-400x400.jpg\" alt=\"\" width=\"400\" height=\"400\" srcset=\"https:\/\/semmelweis.hu\/fogpotlastan\/files\/2025\/04\/schmidtpeter_gnato2-400x400.jpg 400w, https:\/\/semmelweis.hu\/fogpotlastan\/files\/2025\/04\/schmidtpeter_gnato2-1024x1024.jpg 1024w, https:\/\/semmelweis.hu\/fogpotlastan\/files\/2025\/04\/schmidtpeter_gnato2-150x150.jpg 150w, https:\/\/semmelweis.hu\/fogpotlastan\/files\/2025\/04\/schmidtpeter_gnato2-768x768.jpg 768w, https:\/\/semmelweis.hu\/fogpotlastan\/files\/2025\/04\/schmidtpeter_gnato2-753x753.jpg 753w, https:\/\/semmelweis.hu\/fogpotlastan\/files\/2025\/04\/schmidtpeter_gnato2.jpg 1080w\" sizes=\"auto, (max-width: 400px) 100vw, 400px\" \/><\/a><\/p>\n<p><strong>Dr. Schmidt P\u00e9ter<\/strong> a Semmelweis Egyetem Fogorvostudom\u00e1nyi Kar\u00e1n szerzett diplom\u00e1t 2000-ben. Rezidens \u00e9veit\u0151l kezdve a mai napig r\u00e9szt vesz az egyetemi hallgat\u00f3k gradu\u00e1lis k\u00e9pz\u00e9s\u00e9ben, valamint el\u0151ad\u00f3k\u00e9nt rendszeresen v\u00e1llal szerepet a posztgradu\u00e1lis k\u00e9pz\u00e9sekben is. Egyetemi oktat\u00f3k\u00e9nt a gnatol\u00f3gia, a fogp\u00f3tl\u00e1stan, az odontotechnol\u00f3gia \u00e9s a fog\u00e1szati \u200b\u200banyagtan ter\u00fclet\u00e9n is tart kurzusokat, el\u0151ad\u00e1sokat. Jelenleg a Fogp\u00f3tl\u00e1stani Klinika igazgat\u00f3helyettese, egy\u00fattal a Magyar Orvosi Kamara Fogorvosok Ter\u00fcleti Szervezet\u00e9nek aleln\u00f6ke \u00e9s a Magyar Gnatol\u00f3giai T\u00e1rsas\u00e1g eln\u00f6ke is. Egyik f\u0151 c\u00e9lkit\u0171z\u00e9se a lehet\u0151 legmagasabb sz\u00ednvonal\u00fa k\u00e9pz\u00e9sek biztos\u00edt\u00e1sa az \u00e1llkapocs\u00edz\u00fcleti betegs\u00e9gek ir\u00e1nt \u00e9rdekl\u0151d\u0151 koll\u00e9g\u00e1k sz\u00e1m\u00e1ra.<\/p>\n<p><strong>Dr. J\u00e1sz M\u00e1t\u00e9<\/strong> 1999-ben szerzett \u00e1ltal\u00e1nos orvosi, 2005-ben pedig fogorvosi diplom\u00e1t a Semmelweis Egyetemen. Ezt k\u00f6vet\u0151en az egyetem oktat\u00f3jak\u00e9nt kezdett dolgozni, el\u0151ad\u00e1sokat \u00e9s gyakorlatokat tart magyar, angol \u00e9s n\u00e9met nyelven. 2006-ban a Fogp\u00f3tl\u00e1stani Klinika Gnatol\u00f3gia Munkacsoportj\u00e1nak egyik alap\u00edt\u00f3 tagja lett. Az\u00f3ta ez a ter\u00fclet fontos r\u00e9sz\u00e9t k\u00e9pezi mind kurzusainak, mind betegell\u00e1t\u00e1s\u00e1nak, mind kutat\u00e1sainak. Az \u00e1llkapocs\u00edz\u00fclet rendellenes m\u0171k\u00f6d\u00e9se \u00e9s a kapcsol\u00f3d\u00f3 betegs\u00e9gek nagyon s\u00falyos k\u00f6vetkezm\u00e9nyekkel j\u00e1rhatnak az \u00e1ltal\u00e1nos eg\u00e9szs\u00e9gre \u00e9s k\u00f6z\u00e9rzetre n\u00e9zve. Annak \u00e9rdek\u00e9ben, hogy a lehet\u0151 legt\u00f6bb beteg teljes \u00e9s eg\u00e9szs\u00e9ges \u00e9letet \u00e9lhessen, k\u00f6teless\u00e9g\u00e9nek \u00e9rzi, hogy min\u00e9l t\u00f6bb koll\u00e9g\u00e1t k\u00e9pezzen ezen a ter\u00fcleten.<\/p>\n<p><strong>Dr. K\u00f6rmendi Szandra<\/strong> 2003-ban szerzett fogorvosi diplom\u00e1t a Semmelweis Egyetemen. Az\u00f3ta az egyetem Fogorvostudom\u00e1nyi Kar\u00e1n dolgozik, els\u0151sorban fogp\u00f3tl\u00e1stant \u00e9s gnatol\u00f3gi\u00e1t oktat. 2022 \u00f3ta a Digit\u00e1lis Fog\u00e1szati Tervez\u0151 alapszak helyettes vezet\u0151jek\u00e9nt dolgozik. 2022-ben v\u00e9dte meg PhD disszert\u00e1ci\u00f3j\u00e1t, az\u00f3ta a Fogp\u00f3tl\u00e1stani Klinika docensek\u00e9nt r\u00e9szt vesz a fogorvosok, fogtechnikusok \u00e9s digit\u00e1lis fog\u00e1szati tervez\u0151k alap- \u00e9s posztgradu\u00e1lis k\u00e9pz\u00e9s\u00e9ben. A Digit\u00e1lis Fog\u00e1szati \u200b\u200bEgyes\u00fclet \u00e9s a Magyar Gnatol\u00f3giai T\u00e1rsas\u00e1g egyik alap\u00edt\u00f3 tagja.<\/p>\n<p>&nbsp;<\/p>\n<p>&nbsp;<\/p>\n","protected":false},"excerpt":{"rendered":"<p>GNATOL\u00d3GIA II. Direkt si\u0301nke\u0301szi\u0301te\u0301s hands-on kurzus <a href=\"https:\/\/semmelweis.hu\/fogpotlastan\/files\/2025\/03\/ikon1.png\"><\/a> Id\u0151pont: 2026. m\u00e1rcius 20. <a href=\"https:\/\/semmelweis.hu\/fogpotlastan\/files\/2025\/03\/ikon2.png\"><\/a> Helysz\u00edn: Semmelweis Egyetem Fogp\u00f3tl\u00e1stani Klinika (1088 Budapest, Szentkir\u00e1lyi utca 47.) <a href=\"https:\/\/semmelweis.hu\/fogpotlastan\/files\/2025\/03\/ikon3.png\"><\/a> \u00c1r: 100.000 Ft <a href=\"https:\/\/semmelweis.hu\/fogpotlastan\/files\/2025\/03\/ikon4.png\"><\/a> Kreditpont: 16 pont A kurzus tartalma: A hands-on kurzuson elm\u00e9leti felk\u00e9sz\u00edt\u00e9s ut\u00e1n a r\u00e9sztvev\u0151k egym\u00e1snak k\u00e9sz\u00edtenek direkt m\u00f3dszerrel Michigan s\u00edneket. A k\u00e9pz\u00e9s rendk\u00edv\u00fcli n\u00e9pszer\u0171s\u00e9g\u00e9t a maxim\u00e1lisan gyakorlatias szeml\u00e9let \u00e9s megval\u00f3s\u00edt\u00e1s adja, melynek &hellip;<\/p>\n","protected":false},"author":101231,"featured_media":0,"parent":7247,"menu_order":0,"comment_status":"closed","ping_status":"closed","template":"template-fullwidth.php","meta":{"_acf_changed":false,"footnotes":""},"categories":[],"tags":[],"class_list":["post-9654","page","type-page","status-publish","hentry"],"acf":[],"_links":{"self":[{"href":"https:\/\/semmelweis.hu\/fogpotlastan\/wp-json\/wp\/v2\/pages\/9654","targetHints":{"allow":["GET"]}}],"collection":[{"href":"https:\/\/semmelweis.hu\/fogpotlastan\/wp-json\/wp\/v2\/pages"}],"about":[{"href":"https:\/\/semmelweis.hu\/fogpotlastan\/wp-json\/wp\/v2\/types\/page"}],"author":[{"embeddable":true,"href":"https:\/\/semmelweis.hu\/fogpotlastan\/wp-json\/wp\/v2\/users\/101231"}],"replies":[{"embeddable":true,"href":"https:\/\/semmelweis.hu\/fogpotlastan\/wp-json\/wp\/v2\/comments?post=9654"}],"version-history":[{"count":2,"href":"https:\/\/semmelweis.hu\/fogpotlastan\/wp-json\/wp\/v2\/pages\/9654\/revisions"}],"predecessor-version":[{"id":9902,"href":"https:\/\/semmelweis.hu\/fogpotlastan\/wp-json\/wp\/v2\/pages\/9654\/revisions\/9902"}],"up":[{"embeddable":true,"href":"https:\/\/semmelweis.hu\/fogpotlastan\/wp-json\/wp\/v2\/pages\/7247"}],"wp:attachment":[{"href":"https:\/\/semmelweis.hu\/fogpotlastan\/wp-json\/wp\/v2\/media?parent=9654"}],"wp:term":[{"taxonomy":"category","embeddable":true,"href":"https:\/\/semmelweis.hu\/fogpotlastan\/wp-json\/wp\/v2\/categories?post=9654"},{"taxonomy":"post_tag","embeddable":true,"href":"https:\/\/semmelweis.hu\/fogpotlastan\/wp-json\/wp\/v2\/tags?post=9654"}],"curies":[{"name":"wp","href":"https:\/\/api.w.org\/{rel}","templated":true}]}}