{"id":9649,"date":"2025-04-24T10:35:08","date_gmt":"2025-04-24T08:35:08","guid":{"rendered":"https:\/\/semmelweis.hu\/fogpotlastan\/?page_id=9649"},"modified":"2026-02-09T09:58:58","modified_gmt":"2026-02-09T08:58:58","slug":"gnatologia-i-arciv-egyeni-erteku-artikulator-tamasztocsapos-regisztracio-elmeletben-es-gyakorlatban","status":"publish","type":"page","link":"https:\/\/semmelweis.hu\/fogpotlastan\/kepzesek\/gnatologia-i-arciv-egyeni-erteku-artikulator-tamasztocsapos-regisztracio-elmeletben-es-gyakorlatban\/","title":{"rendered":"Gnatol\u00f3gia I. \u2013 Arci\u0301v, egye\u0301ni e\u0301rte\u0301ku\u030b artikula\u0301tor, ta\u0301maszto\u0301csapos regisztra\u0301cio\u0301 elme\u0301letben e\u0301s gyakorlatban"},"content":{"rendered":"<h2 style=\"text-align: center\">GNATOL\u00d3GIA I.<br \/>\nArci\u0301v, egye\u0301ni e\u0301rte\u0301ku\u030b artikula\u0301tor, ta\u0301maszto\u0301csapos regisztra\u0301cio\u0301 elme\u0301letben e\u0301s gyakorlatban<\/h2>\n<p><a href=\"https:\/\/semmelweis.hu\/fogpotlastan\/files\/2025\/03\/ikon1.png\"><img loading=\"lazy\" decoding=\"async\" class=\"alignnone  wp-image-9508\" src=\"https:\/\/semmelweis.hu\/fogpotlastan\/files\/2025\/03\/ikon1.png\" alt=\"\" width=\"50\" height=\"50\" srcset=\"https:\/\/semmelweis.hu\/fogpotlastan\/files\/2025\/03\/ikon1.png 183w, https:\/\/semmelweis.hu\/fogpotlastan\/files\/2025\/03\/ikon1-150x150.png 150w\" sizes=\"auto, (max-width: 50px) 100vw, 50px\" \/><\/a>Id\u0151pont: 2026. m\u00e1rcius 6.<\/p>\n<p><a href=\"https:\/\/semmelweis.hu\/fogpotlastan\/files\/2025\/03\/ikon2.png\"><img loading=\"lazy\" decoding=\"async\" class=\"alignnone wp-image-9509\" src=\"https:\/\/semmelweis.hu\/fogpotlastan\/files\/2025\/03\/ikon2.png\" alt=\"\" width=\"50\" height=\"50\" srcset=\"https:\/\/semmelweis.hu\/fogpotlastan\/files\/2025\/03\/ikon2.png 183w, https:\/\/semmelweis.hu\/fogpotlastan\/files\/2025\/03\/ikon2-150x150.png 150w\" sizes=\"auto, (max-width: 50px) 100vw, 50px\" \/><\/a>Helysz\u00edn: Semmelweis Egyetem Fogp\u00f3tl\u00e1stani Klinika (1088 Budapest, Szentkir\u00e1lyi utca 47.)<\/p>\n<p><a href=\"https:\/\/semmelweis.hu\/fogpotlastan\/files\/2025\/03\/ikon3.png\"><img loading=\"lazy\" decoding=\"async\" class=\"alignnone wp-image-9510\" src=\"https:\/\/semmelweis.hu\/fogpotlastan\/files\/2025\/03\/ikon3.png\" alt=\"\" width=\"50\" height=\"50\" srcset=\"https:\/\/semmelweis.hu\/fogpotlastan\/files\/2025\/03\/ikon3.png 183w, https:\/\/semmelweis.hu\/fogpotlastan\/files\/2025\/03\/ikon3-150x150.png 150w\" sizes=\"auto, (max-width: 50px) 100vw, 50px\" \/><\/a>\u00c1r: 80.000 Ft<\/p>\n<p><a href=\"https:\/\/semmelweis.hu\/fogpotlastan\/files\/2025\/03\/ikon4.png\"><img loading=\"lazy\" decoding=\"async\" class=\"alignnone wp-image-9511\" src=\"https:\/\/semmelweis.hu\/fogpotlastan\/files\/2025\/03\/ikon4.png\" alt=\"\" width=\"50\" height=\"50\" srcset=\"https:\/\/semmelweis.hu\/fogpotlastan\/files\/2025\/03\/ikon4.png 183w, https:\/\/semmelweis.hu\/fogpotlastan\/files\/2025\/03\/ikon4-150x150.png 150w\" sizes=\"auto, (max-width: 50px) 100vw, 50px\" \/><\/a>Kreditpont: 14 pont<\/p>\n<p><strong>A kurzus tartalma:<\/strong><\/p>\n<p>Az egy d\u00e9lut\u00e1nt fel\u00f6lel\u0151 kurzuson a r\u00e9sztvev\u0151k elm\u00e9leti felk\u00e9sz\u00edt\u00e9s ut\u00e1n a gyakorlatban is megismerkedhetnek a fogp\u00f3tl\u00e1stan szakvizsga k\u00f6vetelm\u00e9nyrendszer\u00e9be tartoz\u00f3 arc\u00edv \u00e9s az egy\u00e9ni \u00e9rt\u00e9k\u0171 artikul\u00e1torok haszn\u00e1lat\u00e1val. \u00c1ttekintj\u00fck a centr\u00e1lis rel\u00e1ci\u00f3s helyzet meghat\u00e1roz\u00e1s\u00e1nak lehets\u00e9ges m\u00f3djait, majd a gyakorlatban is bemutatjuk a t\u00e1maszt\u00f3csapos regisztr\u00e1ci\u00f3 menet\u00e9t. A k\u00e9pz\u00e9s z\u00e1r\u00e1sak\u00e9nt a TMD hat\u00e1rter\u00fcleteir\u0151l hallhatnak el\u0151ad\u00e1st a r\u00e9sztvev\u0151k.<\/p>\n<div class=\"keretes w-100\">\n<p><strong>Jelentkez\u00e9s:<\/strong><\/p>\n<p>A kurzuson minden fogorvosi diplom\u00e1val rendelkez\u0151 \u00e9rdekl\u0151d\u0151r\u00e9szt vehet.<br \/>\nJelentkezni az OFTEX rendszer\u00e9n kereszt\u00fcl lehet, az al\u00e1bbi k\u00f3ddal:\u00a0SE-FOG\/2025.I.\/00044<\/p>\n<p>A kurzus \u00e1ra: 80.000 Ft<br \/>\n<em>L\u00e9tsz\u00e1mlimit\u00e1ci\u00f3: min. 6 f\u0151, max. 12 f\u0151<\/em><\/p>\n<\/div>\n<p><strong>A kurzus sor\u00e1n c\u00e9lunk a r\u00e9sztvev\u0151kkel megismertetni:<\/strong><\/p>\n<ul>\n<li>Az \u00e1llkapocs\u00edz\u00fclet anat\u00f3mi\u00e1j\u00e1t \u00e9s fiziol\u00f3gi\u00e1s m\u0171k\u00f6d\u00e9s\u00e9t,<\/li>\n<li>a jelenleg alkalmazott eszk\u00f6z\u00f6ket, amelyek seg\u00edts\u00e9g\u00e9vel funkcion\u00e1lisan legegyedibb fogp\u00f3tl\u00e1sok k\u00e9sz\u00edthet\u0151k,<\/li>\n<li>az \u00e1llkapocs\u00edz\u00fcleti diszfunkci\u00f3 diagn\u00f3zis\u00e1t \u00e9s differenci\u00e1ldiagn\u00f3zis\u00e1t, valamint a kezel\u00e9s alapvet\u0151 l\u00e9p\u00e9seit,<\/li>\n<li>a lehets\u00e9ges kezel\u00e9si terveket valamint ezek kivitelez\u00e9s\u00e9t egyszer\u0171 \u00e9s k\u00f6zepesen s\u00falyos TMD-s betegeken.<\/li>\n<\/ul>\n<p><strong>El\u0151ad\u00f3k:<\/strong><\/p>\n<p><a href=\"https:\/\/semmelweis.hu\/fogpotlastan\/files\/2025\/04\/schmidtpeter_gnato1.jpg\"><img loading=\"lazy\" decoding=\"async\" class=\"size-medium wp-image-9652 aligncenter\" src=\"https:\/\/semmelweis.hu\/fogpotlastan\/files\/2025\/04\/schmidtpeter_gnato1-400x400.jpg\" alt=\"\" width=\"400\" height=\"400\" srcset=\"https:\/\/semmelweis.hu\/fogpotlastan\/files\/2025\/04\/schmidtpeter_gnato1-400x400.jpg 400w, https:\/\/semmelweis.hu\/fogpotlastan\/files\/2025\/04\/schmidtpeter_gnato1-1024x1024.jpg 1024w, https:\/\/semmelweis.hu\/fogpotlastan\/files\/2025\/04\/schmidtpeter_gnato1-150x150.jpg 150w, https:\/\/semmelweis.hu\/fogpotlastan\/files\/2025\/04\/schmidtpeter_gnato1-768x768.jpg 768w, https:\/\/semmelweis.hu\/fogpotlastan\/files\/2025\/04\/schmidtpeter_gnato1-753x753.jpg 753w, https:\/\/semmelweis.hu\/fogpotlastan\/files\/2025\/04\/schmidtpeter_gnato1.jpg 1080w\" sizes=\"auto, (max-width: 400px) 100vw, 400px\" \/><\/a><\/p>\n<p><strong>Dr. Schmidt P\u00e9ter<\/strong> a Semmelweis Egyetem Fogorvostudom\u00e1nyi Kar\u00e1n szerzett diplom\u00e1t 2000-ben. Rezidens \u00e9veit\u0151l kezdve a mai napig r\u00e9szt vesz az egyetemi hallgat\u00f3k gradu\u00e1lis k\u00e9pz\u00e9s\u00e9ben, valamint el\u0151ad\u00f3k\u00e9nt rendszeresen v\u00e1llal szerepet a posztgradu\u00e1lis k\u00e9pz\u00e9sekben is. Egyetemi oktat\u00f3k\u00e9nt a gnatol\u00f3gia, a fogp\u00f3tl\u00e1stan, az odontotechnol\u00f3gia \u00e9s a fog\u00e1szati \u200b\u200banyagtan ter\u00fclet\u00e9n is tart kurzusokat. Jelenleg a Fogp\u00f3tl\u00e1stani Klinika igazgat\u00f3helyettese, egy\u00fattal a Magyar Orvosi Kamara Fogorvosok Ter\u00fcleti Szervezet\u00e9nek aleln\u00f6ke \u00e9s a Magyar Gnatol\u00f3giai T\u00e1rsas\u00e1g eln\u00f6ke is. Egyik f\u0151 c\u00e9lkit\u0171z\u00e9se a lehet\u0151 legmagasabb sz\u00ednvonal\u00fa k\u00e9pz\u00e9sek biztos\u00edt\u00e1sa az \u00e1llkapocs\u00edz\u00fcleti betegs\u00e9gek ir\u00e1nt \u00e9rdekl\u0151d\u0151 koll\u00e9g\u00e1k sz\u00e1m\u00e1ra.<\/p>\n<p><strong>Dr. J\u00e1sz M\u00e1t\u00e9<\/strong> 1999-ben szerzett \u00e1ltal\u00e1nos orvosi, 2005-ben pedig fogorvosi diplom\u00e1t a Semmelweis Egyetemen. Ezt k\u00f6vet\u0151en az egyetem oktat\u00f3jak\u00e9nt kezdett dolgozni, el\u0151ad\u00e1sokat \u00e9s gyakorlatokat tart magyar, angol \u00e9s n\u00e9met nyelven. 2006-ban a Fogp\u00f3tl\u00e1stani Klinika Gnatol\u00f3gia Munkacsoportj\u00e1nak egyik alap\u00edt\u00f3 tagja lett. Az\u00f3ta ez a ter\u00fclet fontos r\u00e9sz\u00e9t k\u00e9pezi mind kurzusainak, mind betegell\u00e1t\u00e1s\u00e1nak, mind kutat\u00e1sainak. Az \u00e1llkapocs\u00edz\u00fclet rendellenes m\u0171k\u00f6d\u00e9se \u00e9s a kapcsol\u00f3d\u00f3 betegs\u00e9gek nagyon s\u00falyos k\u00f6vetkezm\u00e9nyekkel j\u00e1rhatnak az \u00e1ltal\u00e1nos eg\u00e9szs\u00e9gre \u00e9s k\u00f6z\u00e9rzetre n\u00e9zve. Annak \u00e9rdek\u00e9ben, hogy a lehet\u0151 legt\u00f6bb beteg teljes \u00e9s eg\u00e9szs\u00e9ges \u00e9letet \u00e9lhessen, k\u00f6teless\u00e9g\u00e9nek \u00e9rzi, hogy min\u00e9l t\u00f6bb koll\u00e9g\u00e1t k\u00e9pezzen ezen a ter\u00fcleten.<\/p>\n<p>&nbsp;<\/p>\n","protected":false},"excerpt":{"rendered":"<p>GNATOL\u00d3GIA I. Arci\u0301v, egye\u0301ni e\u0301rte\u0301ku\u030b artikula\u0301tor, ta\u0301maszto\u0301csapos regisztra\u0301cio\u0301 elme\u0301letben e\u0301s gyakorlatban <a href=\"https:\/\/semmelweis.hu\/fogpotlastan\/files\/2025\/03\/ikon1.png\"><\/a> Id\u0151pont: 2026. m\u00e1rcius 6. <a href=\"https:\/\/semmelweis.hu\/fogpotlastan\/files\/2025\/03\/ikon2.png\"><\/a> Helysz\u00edn: Semmelweis Egyetem Fogp\u00f3tl\u00e1stani Klinika (1088 Budapest, Szentkir\u00e1lyi utca 47.) <a href=\"https:\/\/semmelweis.hu\/fogpotlastan\/files\/2025\/03\/ikon3.png\"><\/a> \u00c1r: 80.000 Ft <a href=\"https:\/\/semmelweis.hu\/fogpotlastan\/files\/2025\/03\/ikon4.png\"><\/a> Kreditpont: 14 pont A kurzus tartalma: Az egy d\u00e9lut\u00e1nt fel\u00f6lel\u0151 kurzuson a r\u00e9sztvev\u0151k elm\u00e9leti felk\u00e9sz\u00edt\u00e9s ut\u00e1n a gyakorlatban is megismerkedhetnek a fogp\u00f3tl\u00e1stan szakvizsga k\u00f6vetelm\u00e9nyrendszer\u00e9be tartoz\u00f3 arc\u00edv \u00e9s &hellip;<\/p>\n","protected":false},"author":101231,"featured_media":0,"parent":7247,"menu_order":0,"comment_status":"closed","ping_status":"closed","template":"template-fullwidth.php","meta":{"_acf_changed":false,"footnotes":""},"categories":[],"tags":[],"class_list":["post-9649","page","type-page","status-publish","hentry"],"acf":[],"_links":{"self":[{"href":"https:\/\/semmelweis.hu\/fogpotlastan\/wp-json\/wp\/v2\/pages\/9649","targetHints":{"allow":["GET"]}}],"collection":[{"href":"https:\/\/semmelweis.hu\/fogpotlastan\/wp-json\/wp\/v2\/pages"}],"about":[{"href":"https:\/\/semmelweis.hu\/fogpotlastan\/wp-json\/wp\/v2\/types\/page"}],"author":[{"embeddable":true,"href":"https:\/\/semmelweis.hu\/fogpotlastan\/wp-json\/wp\/v2\/users\/101231"}],"replies":[{"embeddable":true,"href":"https:\/\/semmelweis.hu\/fogpotlastan\/wp-json\/wp\/v2\/comments?post=9649"}],"version-history":[{"count":3,"href":"https:\/\/semmelweis.hu\/fogpotlastan\/wp-json\/wp\/v2\/pages\/9649\/revisions"}],"predecessor-version":[{"id":9901,"href":"https:\/\/semmelweis.hu\/fogpotlastan\/wp-json\/wp\/v2\/pages\/9649\/revisions\/9901"}],"up":[{"embeddable":true,"href":"https:\/\/semmelweis.hu\/fogpotlastan\/wp-json\/wp\/v2\/pages\/7247"}],"wp:attachment":[{"href":"https:\/\/semmelweis.hu\/fogpotlastan\/wp-json\/wp\/v2\/media?parent=9649"}],"wp:term":[{"taxonomy":"category","embeddable":true,"href":"https:\/\/semmelweis.hu\/fogpotlastan\/wp-json\/wp\/v2\/categories?post=9649"},{"taxonomy":"post_tag","embeddable":true,"href":"https:\/\/semmelweis.hu\/fogpotlastan\/wp-json\/wp\/v2\/tags?post=9649"}],"curies":[{"name":"wp","href":"https:\/\/api.w.org\/{rel}","templated":true}]}}