{"id":9638,"date":"2025-04-23T10:44:34","date_gmt":"2025-04-23T08:44:34","guid":{"rendered":"https:\/\/semmelweis.hu\/fogpotlastan\/?page_id=9638"},"modified":"2025-04-23T10:44:34","modified_gmt":"2025-04-23T08:44:34","slug":"dr-keskeny-gyorgy-arpad-digitalis-megoldasok-szerepe-a-fogpotlastani-ellatas-fejleszteseben-es-a-klinikai-precizitas-noveleseben","status":"publish","type":"page","link":"https:\/\/semmelweis.hu\/fogpotlastan\/kutatas\/phd-kutatasok\/dr-keskeny-gyorgy-arpad-digitalis-megoldasok-szerepe-a-fogpotlastani-ellatas-fejleszteseben-es-a-klinikai-precizitas-noveleseben\/","title":{"rendered":"Dr. Keskeny Gy\u00f6rgy \u00c1rp\u00e1d &#8211; Digit\u00e1lis megold\u00e1sok szerepe a fogp\u00f3tl\u00e1stani ell\u00e1t\u00e1s fejleszt\u00e9s\u00e9ben \u00e9s a klinikai precizit\u00e1s n\u00f6vel\u00e9s\u00e9ben"},"content":{"rendered":"<p style=\"text-align: justify\">PhD tanulm\u00e1nyaimat a Semmelweis Egyetem Doktori Iskol\u00e1j\u00e1ban \u00e9s a Transzl\u00e1ci\u00f3s Medicina K\u00f6zpontj\u00e1nak programj\u00e1ban v\u00e9gzem. Kutat\u00e1som k\u00f6z\u00e9ppontj\u00e1ban a digit\u00e1lis fog\u00e1szat szerepe \u00e1ll a fogp\u00f3tl\u00e1stani ell\u00e1t\u00e1s fejleszt\u00e9s\u00e9ben \u00e9s a klinikai precizit\u00e1s n\u00f6vel\u00e9s\u00e9ben. C\u00e9lom, hogy hozz\u00e1j\u00e1ruljak a modern technol\u00f3gi\u00e1k, k\u00fcl\u00f6n\u00f6sen az intraor\u00e1lis szkennerek \u00e9s a teledent\u00e1lis megold\u00e1sok hat\u00e9konyabb klinikai alkalmaz\u00e1s\u00e1hoz.<\/p>\n<p style=\"text-align: justify\">K\u00e9t f\u0151 kutat\u00e1si projektem van. Az els\u0151ben az intraor\u00e1lis szkennerek teljes\u00edtm\u00e9ny\u00e9t vizsg\u00e1lom implant\u00e1ci\u00f3s lenyomatv\u00e9tel sor\u00e1n \u2013 \u00f6sszehasonl\u00edtva k\u00fcl\u00f6nb\u00f6z\u0151 k\u00e9palkot\u00f3 technol\u00f3gi\u00e1kat, mint a konfok\u00e1lis l\u00e9zerszkennel\u00e9s \u00e9s a triangul\u00e1ci\u00f3. A c\u00e9l a pontoss\u00e1g \u00e9s a szkennel\u00e9si id\u0151 elemz\u00e9se, mely seg\u00edtheti a fogorvosokat az optim\u00e1lis eszk\u00f6z kiv\u00e1laszt\u00e1s\u00e1ban.<\/p>\n<p style=\"text-align: justify\">A m\u00e1sodik projektben a teledentistry alap\u00fa caries diagnosztika pontoss\u00e1g\u00e1t elemzem, \u00f6sszehasonl\u00edtva a hagyom\u00e1nyos szem\u00e9lyes vizsg\u00e1lattal. A kutat\u00e1s c\u00e9lja, hogy bizony\u00edtsa: a digit\u00e1lis eszk\u00f6z\u00f6k nem csup\u00e1n kieg\u00e9sz\u00edt\u0151i, hanem potenci\u00e1lisan alternat\u00edv\u00e1i is lehetnek a klasszikus klinikai diagnosztik\u00e1nak, k\u00fcl\u00f6n\u00f6sen az el\u00e9rhet\u0151s\u00e9gi probl\u00e9m\u00e1kkal k\u00fczd\u0151 popul\u00e1ci\u00f3k eset\u00e9n.<\/p>\n<p style=\"text-align: justify\">Mindk\u00e9t projekt szisztematikus irodalmi \u00e1ttekint\u00e9s \u00e9s metaanal\u00edzis m\u00f3dszertan\u00e1ra \u00e9p\u00fcl, nemzetk\u00f6zi adatb\u00e1zisok alapj\u00e1n. V\u00edzi\u00f3m, hogy a digit\u00e1lis megold\u00e1sok r\u00e9v\u00e9n a fog\u00e1szati ell\u00e1t\u00e1s pontosabb\u00e1 \u00e9s mindenki sz\u00e1m\u00e1ra hozz\u00e1f\u00e9rhet\u0151bb\u00e9 v\u00e1ljon.<\/p>\n","protected":false},"excerpt":{"rendered":"<p>PhD tanulm\u00e1nyaimat a Semmelweis Egyetem Doktori Iskol\u00e1j\u00e1ban \u00e9s a Transzl\u00e1ci\u00f3s Medicina K\u00f6zpontj\u00e1nak programj\u00e1ban v\u00e9gzem. Kutat\u00e1som k\u00f6z\u00e9ppontj\u00e1ban a digit\u00e1lis fog\u00e1szat szerepe \u00e1ll a fogp\u00f3tl\u00e1stani ell\u00e1t\u00e1s fejleszt\u00e9s\u00e9ben \u00e9s a klinikai precizit\u00e1s n\u00f6vel\u00e9s\u00e9ben. C\u00e9lom, hogy hozz\u00e1j\u00e1ruljak a modern technol\u00f3gi\u00e1k, k\u00fcl\u00f6n\u00f6sen az intraor\u00e1lis szkennerek \u00e9s a teledent\u00e1lis megold\u00e1sok hat\u00e9konyabb klinikai alkalmaz\u00e1s\u00e1hoz. K\u00e9t f\u0151 kutat\u00e1si projektem van. Az els\u0151ben az &hellip;<\/p>\n","protected":false},"author":101231,"featured_media":0,"parent":5097,"menu_order":0,"comment_status":"closed","ping_status":"closed","template":"","meta":{"_acf_changed":false,"footnotes":""},"categories":[],"tags":[],"class_list":["post-9638","page","type-page","status-publish","hentry"],"acf":[],"_links":{"self":[{"href":"https:\/\/semmelweis.hu\/fogpotlastan\/wp-json\/wp\/v2\/pages\/9638","targetHints":{"allow":["GET"]}}],"collection":[{"href":"https:\/\/semmelweis.hu\/fogpotlastan\/wp-json\/wp\/v2\/pages"}],"about":[{"href":"https:\/\/semmelweis.hu\/fogpotlastan\/wp-json\/wp\/v2\/types\/page"}],"author":[{"embeddable":true,"href":"https:\/\/semmelweis.hu\/fogpotlastan\/wp-json\/wp\/v2\/users\/101231"}],"replies":[{"embeddable":true,"href":"https:\/\/semmelweis.hu\/fogpotlastan\/wp-json\/wp\/v2\/comments?post=9638"}],"version-history":[{"count":1,"href":"https:\/\/semmelweis.hu\/fogpotlastan\/wp-json\/wp\/v2\/pages\/9638\/revisions"}],"predecessor-version":[{"id":9639,"href":"https:\/\/semmelweis.hu\/fogpotlastan\/wp-json\/wp\/v2\/pages\/9638\/revisions\/9639"}],"up":[{"embeddable":true,"href":"https:\/\/semmelweis.hu\/fogpotlastan\/wp-json\/wp\/v2\/pages\/5097"}],"wp:attachment":[{"href":"https:\/\/semmelweis.hu\/fogpotlastan\/wp-json\/wp\/v2\/media?parent=9638"}],"wp:term":[{"taxonomy":"category","embeddable":true,"href":"https:\/\/semmelweis.hu\/fogpotlastan\/wp-json\/wp\/v2\/categories?post=9638"},{"taxonomy":"post_tag","embeddable":true,"href":"https:\/\/semmelweis.hu\/fogpotlastan\/wp-json\/wp\/v2\/tags?post=9638"}],"curies":[{"name":"wp","href":"https:\/\/api.w.org\/{rel}","templated":true}]}}