{"id":9635,"date":"2025-04-23T09:10:19","date_gmt":"2025-04-23T07:10:19","guid":{"rendered":"https:\/\/semmelweis.hu\/fogpotlastan\/?page_id=9635"},"modified":"2025-04-23T10:42:44","modified_gmt":"2025-04-23T08:42:44","slug":"dr-nemeth-anna-3d-nyomtatas-az-esztetikai-fogaszatban","status":"publish","type":"page","link":"https:\/\/semmelweis.hu\/fogpotlastan\/kutatas\/phd-kutatasok\/dr-nemeth-anna-3d-nyomtatas-az-esztetikai-fogaszatban\/","title":{"rendered":"Dr. N\u00e9meth Anna: 3D nyomtat\u00e1s az eszt\u00e9tikai fog\u00e1szatban"},"content":{"rendered":"<p style=\"text-align: justify\">A CAD\/CAM technol\u00f3gia megjelen\u00e9se forradalmas\u00edtotta a modern fog\u00e1szati gyakorlatot, mivel prec\u00edz \u00e9s id\u0151hat\u00e9kony gy\u00e1rt\u00e1st tesz lehet\u0151v\u00e9 kontroll\u00e1lt k\u00f6r\u00fclm\u00e9nyek k\u00f6z\u00f6tt. A CAD\/CAM h\u00e1rom f\u0151 \u00f6sszetev\u0151b\u0151l \u00e1ll: adatgy\u0171jt\u00e9s, feldolgoz\u00e1s \u00e9s gy\u00e1rt\u00e1s. A gy\u00e1rt\u00e1s k\u00e9t nagy csoportra oszthat\u00f3: szubtrakt\u00edv gy\u00e1rt\u00e1sra (SM) \u00e9s addit\u00edv gy\u00e1rt\u00e1sra (AM). A szubtrakt\u00edv gy\u00e1rt\u00e1s k\u00e9pvisel\u0151i a mar\u00f3g\u00e9pek, amelyek forg\u00f3 szersz\u00e1mok seg\u00edts\u00e9g\u00e9vel marj\u00e1k ki a blokkokat a k\u00edv\u00e1nt form\u00e1ra. Az addit\u00edv gy\u00e1rt\u00e1s \u2013 m\u00e1s n\u00e9ven 3D nyomtat\u00e1s \u2013 r\u00e9tegenk\u00e9nt \u00e9p\u00edti fel a t\u00e1rgyakat virtu\u00e1lis modell alapj\u00e1n, minimaliz\u00e1lva az anyagvesztes\u00e9get \u00e9s lehet\u0151v\u00e9 t\u00e9ve \u00f6sszetett form\u00e1k l\u00e9trehoz\u00e1s\u00e1t geometriai korl\u00e1tok n\u00e9lk\u00fcl.<\/p>\n<p style=\"text-align: justify\">B\u00e1r a 3D nyomtat\u00e1s m\u00e1r be\u00e9p\u00fclt a fog\u00e1szati rutinba, a pontoss\u00e1g\u00e1nak alapos elemz\u00e9se tov\u00e1bbra is elengedhetetlen. Sz\u00e1mos tanulm\u00e1ny jelent meg a nyomtat\u00e1s pontoss\u00e1g\u00e1t \u00e9s a folyamatot befoly\u00e1sol\u00f3 t\u00e9nyez\u0151ket vizsg\u00e1lva, azonban az eredm\u00e9nyek gyakran elt\u00e9r\u0151k. Ennek megfelel\u0151en kutat\u00e1sunk c\u00e9lja az addit\u00edv gy\u00e1rt\u00e1s pontoss\u00e1g\u00e1nak \u00e9rt\u00e9kel\u00e9se fog\u00e1szati mint\u00e1k \u00e9s r\u00f6gz\u00edtett p\u00f3tl\u00e1sok eset\u00e9ben.<\/p>\n<p>&nbsp;<\/p>\n","protected":false},"excerpt":{"rendered":"<p>A CAD\/CAM technol\u00f3gia megjelen\u00e9se forradalmas\u00edtotta a modern fog\u00e1szati gyakorlatot, mivel prec\u00edz \u00e9s id\u0151hat\u00e9kony gy\u00e1rt\u00e1st tesz lehet\u0151v\u00e9 kontroll\u00e1lt k\u00f6r\u00fclm\u00e9nyek k\u00f6z\u00f6tt. A CAD\/CAM h\u00e1rom f\u0151 \u00f6sszetev\u0151b\u0151l \u00e1ll: adatgy\u0171jt\u00e9s, feldolgoz\u00e1s \u00e9s gy\u00e1rt\u00e1s. A gy\u00e1rt\u00e1s k\u00e9t nagy csoportra oszthat\u00f3: szubtrakt\u00edv gy\u00e1rt\u00e1sra (SM) \u00e9s addit\u00edv gy\u00e1rt\u00e1sra (AM). A szubtrakt\u00edv gy\u00e1rt\u00e1s k\u00e9pvisel\u0151i a mar\u00f3g\u00e9pek, amelyek forg\u00f3 szersz\u00e1mok seg\u00edts\u00e9g\u00e9vel marj\u00e1k ki a &hellip;<\/p>\n","protected":false},"author":101231,"featured_media":0,"parent":5097,"menu_order":0,"comment_status":"closed","ping_status":"closed","template":"","meta":{"_acf_changed":false,"footnotes":""},"categories":[],"tags":[],"class_list":["post-9635","page","type-page","status-publish","hentry"],"acf":[],"_links":{"self":[{"href":"https:\/\/semmelweis.hu\/fogpotlastan\/wp-json\/wp\/v2\/pages\/9635","targetHints":{"allow":["GET"]}}],"collection":[{"href":"https:\/\/semmelweis.hu\/fogpotlastan\/wp-json\/wp\/v2\/pages"}],"about":[{"href":"https:\/\/semmelweis.hu\/fogpotlastan\/wp-json\/wp\/v2\/types\/page"}],"author":[{"embeddable":true,"href":"https:\/\/semmelweis.hu\/fogpotlastan\/wp-json\/wp\/v2\/users\/101231"}],"replies":[{"embeddable":true,"href":"https:\/\/semmelweis.hu\/fogpotlastan\/wp-json\/wp\/v2\/comments?post=9635"}],"version-history":[{"count":1,"href":"https:\/\/semmelweis.hu\/fogpotlastan\/wp-json\/wp\/v2\/pages\/9635\/revisions"}],"predecessor-version":[{"id":9636,"href":"https:\/\/semmelweis.hu\/fogpotlastan\/wp-json\/wp\/v2\/pages\/9635\/revisions\/9636"}],"up":[{"embeddable":true,"href":"https:\/\/semmelweis.hu\/fogpotlastan\/wp-json\/wp\/v2\/pages\/5097"}],"wp:attachment":[{"href":"https:\/\/semmelweis.hu\/fogpotlastan\/wp-json\/wp\/v2\/media?parent=9635"}],"wp:term":[{"taxonomy":"category","embeddable":true,"href":"https:\/\/semmelweis.hu\/fogpotlastan\/wp-json\/wp\/v2\/categories?post=9635"},{"taxonomy":"post_tag","embeddable":true,"href":"https:\/\/semmelweis.hu\/fogpotlastan\/wp-json\/wp\/v2\/tags?post=9635"}],"curies":[{"name":"wp","href":"https:\/\/api.w.org\/{rel}","templated":true}]}}