{"id":9617,"date":"2025-04-16T11:12:57","date_gmt":"2025-04-16T09:12:57","guid":{"rendered":"https:\/\/semmelweis.hu\/fogpotlastan\/?page_id=9617"},"modified":"2025-09-05T15:06:33","modified_gmt":"2025-09-05T13:06:33","slug":"students-scientific-association-tdk","status":"publish","type":"page","link":"https:\/\/semmelweis.hu\/fogpotlastan\/en\/angol\/students-scientific-association-tdk\/","title":{"rendered":"Students&#8217; Scientific Association (TDK)"},"content":{"rendered":"<p>Comparison of digital vs conventional peri-implant emergence profile mapping in terms of accuracy, time and patient assessment: an in vivo study \u2013 Dr. Mikul\u00e1s Krisztina<\/p>\n<p>Comparative Analysis of Preparation Accuracy in Veneer Restorations \u2013 Dr. R\u00f3th Ivett, Dr. P\u00e1l Adrienn<\/p>\n<p>Digital shade selection &#8211; Dr. Feh\u00e9r D\u00f3ra<\/p>\n<p>Evaluation of the aesthetic, functional and emergence profile volume of solo all-ceramic restorations fabricated with digital workflow \u2013 Dr. Mikul\u00e1s Krisztina<\/p>\n<p>Investigation of coded-healing implant abutments &#8211; Dr. Kisp\u00e9lyi Barbara, Dr. V\u00e1nkos Boldizs\u00e1r<\/p>\n<p>Investigation the accuracy of implant prosthetic models and impressions &#8211; Dr. Kisp\u00e9lyi Barbara, Dr. V\u00e1nkos Boldizs\u00e1r<\/p>\n<p>Validation of intraoral scanners &#8211; Dr. Vitai Vikt\u00f3ria<\/p>\n","protected":false},"excerpt":{"rendered":"<p>Comparison of digital vs conventional peri-implant emergence profile mapping in terms of accuracy, time and patient assessment: an in vivo study \u2013 Dr. Mikul\u00e1s Krisztina Comparative Analysis of Preparation Accuracy in Veneer Restorations \u2013 Dr. R\u00f3th Ivett, Dr. P\u00e1l Adrienn Digital shade selection &#8211; Dr. Feh\u00e9r D\u00f3ra Evaluation of the aesthetic, functional and emergence profile &hellip;<\/p>\n","protected":false},"author":101231,"featured_media":0,"parent":220,"menu_order":5,"comment_status":"closed","ping_status":"closed","template":"","meta":{"_acf_changed":false,"footnotes":""},"categories":[],"tags":[],"class_list":["post-9617","page","type-page","status-publish","hentry"],"acf":[],"_links":{"self":[{"href":"https:\/\/semmelweis.hu\/fogpotlastan\/wp-json\/wp\/v2\/pages\/9617","targetHints":{"allow":["GET"]}}],"collection":[{"href":"https:\/\/semmelweis.hu\/fogpotlastan\/wp-json\/wp\/v2\/pages"}],"about":[{"href":"https:\/\/semmelweis.hu\/fogpotlastan\/wp-json\/wp\/v2\/types\/page"}],"author":[{"embeddable":true,"href":"https:\/\/semmelweis.hu\/fogpotlastan\/wp-json\/wp\/v2\/users\/101231"}],"replies":[{"embeddable":true,"href":"https:\/\/semmelweis.hu\/fogpotlastan\/wp-json\/wp\/v2\/comments?post=9617"}],"version-history":[{"count":5,"href":"https:\/\/semmelweis.hu\/fogpotlastan\/wp-json\/wp\/v2\/pages\/9617\/revisions"}],"predecessor-version":[{"id":9633,"href":"https:\/\/semmelweis.hu\/fogpotlastan\/wp-json\/wp\/v2\/pages\/9617\/revisions\/9633"}],"up":[{"embeddable":true,"href":"https:\/\/semmelweis.hu\/fogpotlastan\/wp-json\/wp\/v2\/pages\/220"}],"wp:attachment":[{"href":"https:\/\/semmelweis.hu\/fogpotlastan\/wp-json\/wp\/v2\/media?parent=9617"}],"wp:term":[{"taxonomy":"category","embeddable":true,"href":"https:\/\/semmelweis.hu\/fogpotlastan\/wp-json\/wp\/v2\/categories?post=9617"},{"taxonomy":"post_tag","embeddable":true,"href":"https:\/\/semmelweis.hu\/fogpotlastan\/wp-json\/wp\/v2\/tags?post=9617"}],"curies":[{"name":"wp","href":"https:\/\/api.w.org\/{rel}","templated":true}]}}