{"id":9600,"date":"2025-04-07T12:57:11","date_gmt":"2025-04-07T10:57:11","guid":{"rendered":"https:\/\/semmelweis.hu\/fogpotlastan\/?page_id=9600"},"modified":"2025-09-05T15:10:15","modified_gmt":"2025-09-05T13:10:15","slug":"dr-antal-melinda-fogaszati-keramiak-optikai-es-mechanikai-tulajdonsagainak-vizsgalata","status":"publish","type":"page","link":"https:\/\/semmelweis.hu\/fogpotlastan\/kutatas\/phd-kutatasok\/dr-antal-melinda-fogaszati-keramiak-optikai-es-mechanikai-tulajdonsagainak-vizsgalata\/","title":{"rendered":"Dr. Antal Melinda &#8211; Fog\u00e1szati ker\u00e1mi\u00e1k optikai \u00e9s mechanikai tulajdons\u00e1gainak vizsg\u00e1lata\u00a0"},"content":{"rendered":"<p>Doktori tanulm\u00e1nyaimat a Semmelweis Egyetem Transzl\u00e1ci\u00f3s Medicina K\u00f6zpontj\u00e1nak PhD-programj\u00e1ban v\u00e9gzem. Kutat\u00e1som f\u00f3kusz\u00e1ban a modern fog\u00e1szati anyagok, azon bel\u00fcl is a cirk\u00f3nium-dioxid alap\u00fa ker\u00e1mi\u00e1k (r\u00f6viden: cirkon) \u00e1llnak. Tudom\u00e1nyos munk\u00e1m c\u00e9lja, hogy hozz\u00e1j\u00e1ruljak a digit\u00e1lis fog\u00e1szat fejl\u0151d\u00e9s\u00e9hez az \u00faj anyagok mechanikai \u00e9s eszt\u00e9tikai tulajdons\u00e1gainak vizsg\u00e1lat\u00e1n kereszt\u00fcl. A cirkonok \u00faj gener\u00e1ci\u00f3inak \u00e9s megmunk\u00e1l\u00e1si lehet\u0151s\u00e9geinek megjelen\u00e9se sz\u00fcks\u00e9gess\u00e9 teszi a fogp\u00f3tl\u00e1stani indik\u00e1ci\u00f3k pontosabb felt\u00e9rk\u00e9pez\u00e9s\u00e9t. Els\u0151 kutat\u00e1si t\u00e9m\u00e1mban a 3D-nyomtatott \u00e9s hagyom\u00e1nyosan mart cirkonokat hasonl\u00edtom \u00f6ssze \u2013 k\u00fcl\u00f6n\u00f6s tekintettel a hajl\u00edt\u00f3szil\u00e1rds\u00e1gra, kem\u00e9nys\u00e9gre \u00e9s megb\u00edzhat\u00f3s\u00e1gra. M\u00e1sodik projektemben a k\u00fcl\u00f6nb\u00f6z\u0151 \u00f6reg\u00edt\u00e9si elj\u00e1r\u00e1soknak a cirkon alap\u00fa fogp\u00f3tl\u00e1sok sz\u00ednstabilit\u00e1s\u00e1ra gyakorolt hat\u00e1sait vizsg\u00e1lom, c\u00e9lul t\u0171zve a hossz\u00fa t\u00e1v\u00fa eszt\u00e9tikai tulajdons\u00e1gok pontosabb meg\u00e9rt\u00e9s\u00e9t.<\/p>\n","protected":false},"excerpt":{"rendered":"<p>Doktori tanulm\u00e1nyaimat a Semmelweis Egyetem Transzl\u00e1ci\u00f3s Medicina K\u00f6zpontj\u00e1nak PhD-programj\u00e1ban v\u00e9gzem. Kutat\u00e1som f\u00f3kusz\u00e1ban a modern fog\u00e1szati anyagok, azon bel\u00fcl is a cirk\u00f3nium-dioxid alap\u00fa ker\u00e1mi\u00e1k (r\u00f6viden: cirkon) \u00e1llnak. Tudom\u00e1nyos munk\u00e1m c\u00e9lja, hogy hozz\u00e1j\u00e1ruljak a digit\u00e1lis fog\u00e1szat fejl\u0151d\u00e9s\u00e9hez az \u00faj anyagok mechanikai \u00e9s eszt\u00e9tikai tulajdons\u00e1gainak vizsg\u00e1lat\u00e1n kereszt\u00fcl. A cirkonok \u00faj gener\u00e1ci\u00f3inak \u00e9s megmunk\u00e1l\u00e1si lehet\u0151s\u00e9geinek megjelen\u00e9se sz\u00fcks\u00e9gess\u00e9 teszi a &hellip;<\/p>\n","protected":false},"author":101231,"featured_media":0,"parent":5097,"menu_order":0,"comment_status":"closed","ping_status":"closed","template":"","meta":{"_acf_changed":false,"footnotes":""},"categories":[],"tags":[],"class_list":["post-9600","page","type-page","status-publish","hentry"],"acf":[],"_links":{"self":[{"href":"https:\/\/semmelweis.hu\/fogpotlastan\/wp-json\/wp\/v2\/pages\/9600","targetHints":{"allow":["GET"]}}],"collection":[{"href":"https:\/\/semmelweis.hu\/fogpotlastan\/wp-json\/wp\/v2\/pages"}],"about":[{"href":"https:\/\/semmelweis.hu\/fogpotlastan\/wp-json\/wp\/v2\/types\/page"}],"author":[{"embeddable":true,"href":"https:\/\/semmelweis.hu\/fogpotlastan\/wp-json\/wp\/v2\/users\/101231"}],"replies":[{"embeddable":true,"href":"https:\/\/semmelweis.hu\/fogpotlastan\/wp-json\/wp\/v2\/comments?post=9600"}],"version-history":[{"count":1,"href":"https:\/\/semmelweis.hu\/fogpotlastan\/wp-json\/wp\/v2\/pages\/9600\/revisions"}],"predecessor-version":[{"id":9601,"href":"https:\/\/semmelweis.hu\/fogpotlastan\/wp-json\/wp\/v2\/pages\/9600\/revisions\/9601"}],"up":[{"embeddable":true,"href":"https:\/\/semmelweis.hu\/fogpotlastan\/wp-json\/wp\/v2\/pages\/5097"}],"wp:attachment":[{"href":"https:\/\/semmelweis.hu\/fogpotlastan\/wp-json\/wp\/v2\/media?parent=9600"}],"wp:term":[{"taxonomy":"category","embeddable":true,"href":"https:\/\/semmelweis.hu\/fogpotlastan\/wp-json\/wp\/v2\/categories?post=9600"},{"taxonomy":"post_tag","embeddable":true,"href":"https:\/\/semmelweis.hu\/fogpotlastan\/wp-json\/wp\/v2\/tags?post=9600"}],"curies":[{"name":"wp","href":"https:\/\/api.w.org\/{rel}","templated":true}]}}