{"id":9539,"date":"2025-03-25T14:50:40","date_gmt":"2025-03-25T13:50:40","guid":{"rendered":"https:\/\/semmelweis.hu\/fogpotlastan\/?page_id=9539"},"modified":"2025-04-02T11:57:37","modified_gmt":"2025-04-02T09:57:37","slug":"9539-2","status":"publish","type":"page","link":"https:\/\/semmelweis.hu\/fogpotlastan\/kepzesek\/9539-2\/","title":{"rendered":"Digita\u0301lisan megero\u030bsi\u0301tett eszte\u0301tikai foga\u0301szat"},"content":{"rendered":"<h1 style=\"text-align: center\">Digit\u00e1lis fog\u00e1szat I.<\/h1>\n<h2 style=\"text-align: center\">Digita\u0301lisan megero\u030bsi\u0301tett eszte\u0301tikai foga\u0301szat<\/h2>\n<p><a href=\"https:\/\/semmelweis.hu\/fogpotlastan\/files\/2025\/03\/ikon1.png\"><img loading=\"lazy\" decoding=\"async\" class=\"alignnone  wp-image-9508\" src=\"https:\/\/semmelweis.hu\/fogpotlastan\/files\/2025\/03\/ikon1.png\" alt=\"\" width=\"50\" height=\"50\" srcset=\"https:\/\/semmelweis.hu\/fogpotlastan\/files\/2025\/03\/ikon1.png 183w, https:\/\/semmelweis.hu\/fogpotlastan\/files\/2025\/03\/ikon1-150x150.png 150w\" sizes=\"auto, (max-width: 50px) 100vw, 50px\" \/><\/a>Id\u0151pont: 2025. m\u00e1jus 29-30.<\/p>\n<p><a href=\"https:\/\/semmelweis.hu\/fogpotlastan\/files\/2025\/03\/ikon2.png\"><img loading=\"lazy\" decoding=\"async\" class=\"alignnone wp-image-9509\" src=\"https:\/\/semmelweis.hu\/fogpotlastan\/files\/2025\/03\/ikon2.png\" alt=\"\" width=\"50\" height=\"50\" srcset=\"https:\/\/semmelweis.hu\/fogpotlastan\/files\/2025\/03\/ikon2.png 183w, https:\/\/semmelweis.hu\/fogpotlastan\/files\/2025\/03\/ikon2-150x150.png 150w\" sizes=\"auto, (max-width: 50px) 100vw, 50px\" \/><\/a>Helysz\u00edn: Semmelweis Egyetem Fogp\u00f3tl\u00e1stani Klinika (1088 Budapest, Szentkir\u00e1lyi u. 47.)<\/p>\n<p><a href=\"https:\/\/semmelweis.hu\/fogpotlastan\/files\/2025\/03\/ikon3.png\"><img loading=\"lazy\" decoding=\"async\" class=\"alignnone wp-image-9510\" src=\"https:\/\/semmelweis.hu\/fogpotlastan\/files\/2025\/03\/ikon3.png\" alt=\"\" width=\"50\" height=\"50\" srcset=\"https:\/\/semmelweis.hu\/fogpotlastan\/files\/2025\/03\/ikon3.png 183w, https:\/\/semmelweis.hu\/fogpotlastan\/files\/2025\/03\/ikon3-150x150.png 150w\" sizes=\"auto, (max-width: 50px) 100vw, 50px\" \/><\/a>\u00c1r: 160 000 Ft.<\/p>\n<p><a href=\"https:\/\/semmelweis.hu\/fogpotlastan\/files\/2025\/03\/ikon4.png\"><img loading=\"lazy\" decoding=\"async\" class=\"alignnone wp-image-9511\" src=\"https:\/\/semmelweis.hu\/fogpotlastan\/files\/2025\/03\/ikon4.png\" alt=\"\" width=\"50\" height=\"50\" srcset=\"https:\/\/semmelweis.hu\/fogpotlastan\/files\/2025\/03\/ikon4.png 183w, https:\/\/semmelweis.hu\/fogpotlastan\/files\/2025\/03\/ikon4-150x150.png 150w\" sizes=\"auto, (max-width: 50px) 100vw, 50px\" \/><\/a>Kreditpont: 32 pont<\/p>\n<p><strong><br \/>\nA kurzus tartalma:<\/strong><\/p>\n<p>A kurzus betekint\u00e9st ny\u00fajt a digit\u00e1lis fog\u00e1szati innov\u00e1ci\u00f3k vil\u00e1g\u00e1ba a kisz\u00e1m\u00edthat\u00f3 eszt\u00e9tikai eredm\u00e9ny, \u00e9s ez\u00e1ltal az el\u00e9gedett p\u00e1ciensek \u00e9rdek\u00e9ben.<br \/>\nA r\u00e9sztvev\u0151k sz\u00e1mos olyan digit\u00e1lis technik\u00e1t ismerhetnek meg, amelyek seg\u00edts\u00e9g\u00e9vel az eszt\u00e9tikai eredm\u00e9ny kisz\u00e1m\u00edthat\u00f3v\u00e1 v\u00e1lik. A k\u00e9pz\u00e9s k\u00f6z\u00e9ppontj\u00e1ban a fog\u00e1szati kezel\u00e9s digit\u00e1lis tervez\u00e9se \u00e1ll, melynek f\u0151 pill\u00e9rei a mosolytervez\u00e9s, a digit\u00e1lis wax-up, valamint a mock-up k\u00e9sz\u00edt\u00e9s.<br \/>\nA r\u00e9sztvev\u0151k megismerkedhetnek a sikeres eszt\u00e9tikai tervez\u00e9s fot\u00f3protokollj\u00e1val, valamint ismereteket szerezhetnek a mosolytervez\u0151 szoftver haszn\u00e1lat\u00e1r\u00f3l. Tov\u00e1bb\u00e1 elsaj\u00e1t\u00edthatj\u00e1k a digit\u00e1lis mosolytervez\u00e9st 2D-ben fot\u00f3k alapj\u00e1n, mely egy\u00fattal seg\u00edti a p\u00e1ciensekkel folytatott kommunik\u00e1ci\u00f3t a fogorvosi gyakorlatban.<br \/>\nA k\u00e9pz\u00e9s a tervez\u00e9si ismereteken t\u00fal gyakorlati tan\u00e1csokat is ny\u00fajt a 3D tervez\u00e9s, a mock-up \u00e9s a v\u00e9gleges restaur\u00e1l\u00e1s megval\u00f3s\u00edt\u00e1s\u00e1hoz. Sz\u00f3 lesz az innovat\u00edv CAD\/CAM fog\u00e1szati anyagok el\u0151k\u00e9sz\u00edt\u00e9si k\u00f6vetelm\u00e9nyeir\u0151l, valamint fizikai \u00e9s optikai tulajdons\u00e1gair\u00f3l is.<br \/>\nGyakorlatorient\u00e1lt k\u00e9pz\u00e9s\u00fcnk keret\u00e9ben a r\u00e9sztvev\u0151knek lehet\u0151s\u00e9g\u00fck ny\u00edlik kipr\u00f3b\u00e1lni a vizu\u00e1lis \u00e9s digit\u00e1lis fogsz\u00edn-meghat\u00e1roz\u00e1si m\u00f3dszereket \u00e9s a flow composite injection technique folyamat\u00e1t is.<br \/>\nA kurzus 30%-ban elm\u00e9leti, 70%-ban gyakorlati r\u00e9szekb\u0151l \u00e1ll.<\/p>\n<table style=\"border-collapse: collapse;width: 100%\">\n<tbody>\n<tr>\n<td style=\"width: 50%\"><a href=\"https:\/\/semmelweis.hu\/fogpotlastan\/files\/2025\/03\/Kep2-2.jpg\"><img loading=\"lazy\" decoding=\"async\" class=\"wp-image-9544 alignright\" src=\"https:\/\/semmelweis.hu\/fogpotlastan\/files\/2025\/03\/Kep2-2-300x400.jpg\" alt=\"\" width=\"401\" height=\"535\" srcset=\"https:\/\/semmelweis.hu\/fogpotlastan\/files\/2025\/03\/Kep2-2-300x400.jpg 300w, https:\/\/semmelweis.hu\/fogpotlastan\/files\/2025\/03\/Kep2-2-768x1025.jpg 768w, https:\/\/semmelweis.hu\/fogpotlastan\/files\/2025\/03\/Kep2-2-753x1005.jpg 753w, https:\/\/semmelweis.hu\/fogpotlastan\/files\/2025\/03\/Kep2-2.jpg 829w\" sizes=\"auto, (max-width: 401px) 100vw, 401px\" \/><\/a><\/td>\n<td style=\"width: 50%;text-align: left\">\n<p>&nbsp;<\/p>\n<p>&nbsp;<\/p>\n<p>&nbsp;<\/p>\n<p>&nbsp;<\/p>\n<p>&nbsp;<\/p>\n<p><a href=\"https:\/\/semmelweis.hu\/fogpotlastan\/files\/2025\/03\/FOK_Digitally-Enhanced-Esthetic.jpeg\"><img loading=\"lazy\" decoding=\"async\" class=\"alignnone  wp-image-9543\" src=\"https:\/\/semmelweis.hu\/fogpotlastan\/files\/2025\/03\/FOK_Digitally-Enhanced-Esthetic-400x224.jpeg\" alt=\"\" width=\"535\" height=\"300\" srcset=\"https:\/\/semmelweis.hu\/fogpotlastan\/files\/2025\/03\/FOK_Digitally-Enhanced-Esthetic-400x224.jpeg 400w, https:\/\/semmelweis.hu\/fogpotlastan\/files\/2025\/03\/FOK_Digitally-Enhanced-Esthetic-1024x573.jpeg 1024w, https:\/\/semmelweis.hu\/fogpotlastan\/files\/2025\/03\/FOK_Digitally-Enhanced-Esthetic-768x430.jpeg 768w, https:\/\/semmelweis.hu\/fogpotlastan\/files\/2025\/03\/FOK_Digitally-Enhanced-Esthetic-753x421.jpeg 753w, https:\/\/semmelweis.hu\/fogpotlastan\/files\/2025\/03\/FOK_Digitally-Enhanced-Esthetic.jpeg 1060w\" sizes=\"auto, (max-width: 535px) 100vw, 535px\" \/><\/a><\/p>\n<\/td>\n<\/tr>\n<tr>\n<td style=\"width: 50%\"><a href=\"https:\/\/semmelweis.hu\/fogpotlastan\/files\/2025\/04\/Mosolyterv-002-scaled.jpg\"><img loading=\"lazy\" decoding=\"async\" class=\"wp-image-9589 alignright\" src=\"https:\/\/semmelweis.hu\/fogpotlastan\/files\/2025\/04\/Mosolyterv-002-400x295.jpg\" alt=\"\" width=\"536\" height=\"395\" srcset=\"https:\/\/semmelweis.hu\/fogpotlastan\/files\/2025\/04\/Mosolyterv-002-400x295.jpg 400w, https:\/\/semmelweis.hu\/fogpotlastan\/files\/2025\/04\/Mosolyterv-002-1024x754.jpg 1024w, https:\/\/semmelweis.hu\/fogpotlastan\/files\/2025\/04\/Mosolyterv-002-768x566.jpg 768w, https:\/\/semmelweis.hu\/fogpotlastan\/files\/2025\/04\/Mosolyterv-002-1536x1132.jpg 1536w, https:\/\/semmelweis.hu\/fogpotlastan\/files\/2025\/04\/Mosolyterv-002-2048x1509.jpg 2048w, https:\/\/semmelweis.hu\/fogpotlastan\/files\/2025\/04\/Mosolyterv-002-753x555.jpg 753w\" sizes=\"auto, (max-width: 536px) 100vw, 536px\" \/><\/a><\/td>\n<td style=\"width: 50%\"><a href=\"https:\/\/semmelweis.hu\/fogpotlastan\/files\/2025\/04\/Fogszin-scaled.jpg\"><img loading=\"lazy\" decoding=\"async\" class=\"alignnone  wp-image-9588\" src=\"https:\/\/semmelweis.hu\/fogpotlastan\/files\/2025\/04\/Fogszin-300x400.jpg\" alt=\"\" width=\"400\" height=\"533\" srcset=\"https:\/\/semmelweis.hu\/fogpotlastan\/files\/2025\/04\/Fogszin-300x400.jpg 300w, https:\/\/semmelweis.hu\/fogpotlastan\/files\/2025\/04\/Fogszin-768x1024.jpg 768w, https:\/\/semmelweis.hu\/fogpotlastan\/files\/2025\/04\/Fogszin-1152x1536.jpg 1152w, https:\/\/semmelweis.hu\/fogpotlastan\/files\/2025\/04\/Fogszin-1536x2048.jpg 1536w, https:\/\/semmelweis.hu\/fogpotlastan\/files\/2025\/04\/Fogszin-753x1004.jpg 753w, https:\/\/semmelweis.hu\/fogpotlastan\/files\/2025\/04\/Fogszin-scaled.jpg 1920w\" sizes=\"auto, (max-width: 400px) 100vw, 400px\" \/><\/a><\/td>\n<\/tr>\n<\/tbody>\n<\/table>\n<p>&nbsp;<\/p>\n<div class=\"keretes w-100\">\n<p><strong>Jelentkez\u00e9s:<br \/>\n<\/strong><\/p>\n<p>A kurzuson minden fogorvosi diplom\u00e1val rendelkez\u0151 \u00e9rdekl\u0151d\u0151 r\u00e9szt vehet.<br \/>\nJelentkezni az OFTEX rendszer\u00e9n kereszt\u00fcl lehet, az al\u00e1bbi k\u00f3ddal: <br \/>\nSE-FOG\/2025.I.\/00045<\/p>\n<p>A kurzus \u00e1ra: 160.000 Ft<br \/>\n<em>L\u00e9tsz\u00e1mlimit\u00e1ci\u00f3: min. 5 f\u0151, max. 15 f\u0151<\/em><\/p>\n<\/div>\n<p><strong>A kurzus sor\u00e1n c\u00e9lunk a r\u00e9sztvev\u0151kkel megismertetni:<\/strong><\/p>\n<p style=\"padding-left: 40px\">\u25cf Arceszt\u00e9tika, mosolytervez\u00e9s<br \/>\n\u25cf Mosolytervez\u00e9s a digit\u00e1lis fog\u00e1szati tervez\u0151 n\u00e9z\u0151pontj\u00e1b\u00f3l<br \/>\n\u25cf Megb\u00edzhat\u00f3 fogsz\u00edn-meghat\u00e1roz\u00e1si m\u00f3dszerek<br \/>\n\u25cf Korszer\u0171 eszt\u00e9tikus anyagok<br \/>\n\u25cf Flow composite injection technique<\/p>\n<p><strong>El\u0151ad\u00f3k:<\/strong><\/p>\n<p><a href=\"https:\/\/semmelweis.hu\/fogpotlastan\/files\/2025\/03\/ae6.jpg\"><img loading=\"lazy\" decoding=\"async\" class=\"size-medium wp-image-9541 aligncenter\" src=\"https:\/\/semmelweis.hu\/fogpotlastan\/files\/2025\/03\/ae6-400x400.jpg\" alt=\"\" width=\"400\" height=\"400\" srcset=\"https:\/\/semmelweis.hu\/fogpotlastan\/files\/2025\/03\/ae6-400x400.jpg 400w, https:\/\/semmelweis.hu\/fogpotlastan\/files\/2025\/03\/ae6-1024x1024.jpg 1024w, https:\/\/semmelweis.hu\/fogpotlastan\/files\/2025\/03\/ae6-150x150.jpg 150w, https:\/\/semmelweis.hu\/fogpotlastan\/files\/2025\/03\/ae6-768x768.jpg 768w, https:\/\/semmelweis.hu\/fogpotlastan\/files\/2025\/03\/ae6-753x753.jpg 753w, https:\/\/semmelweis.hu\/fogpotlastan\/files\/2025\/03\/ae6.jpg 1080w\" sizes=\"auto, (max-width: 400px) 100vw, 400px\" \/><\/a><\/p>\n<p>A Fogp\u00f3tl\u00e1stani Klinika Digit\u00e1lis Fog\u00e1szati munkacsoportja 2011 \u00f3ta foglalkozik a digit\u00e1lis fog\u00e1szat tanulm\u00e1nyoz\u00e1s\u00e1val, melynek f\u00f3kusz\u00e1ban a digit\u00e1lis fogsz\u00edn-meghat\u00e1roz\u00e1s, a digit\u00e1lis lenyomat technik\u00e1k \u00e9s az intraor\u00e1lis szkennerek \u00e1llnak. Munkacsoportunk az elm\u00falt 12 \u00e9v sor\u00e1n sz\u00e1mos tudom\u00e1nyos kutat\u00e1st v\u00e9gzett, melyek eredm\u00e9nyeit nemzetk\u00f6zi foly\u00f3iratokban is publik\u00e1ltuk. Kutat\u00e1si eredm\u00e9nyeinket \u00e9s gyakorlati tapasztalatainkat sz\u00e1mos hazai \u00e9s nemzetk\u00f6zi konferenci\u00e1n is bemutattuk. Oktat\u00e1si programot dolgozunk ki a digit\u00e1lis lenyomatrendszerekr\u0151l \u00e9s a kapcsol\u00f3d\u00f3 CAD\/CAM munkafolyamatokr\u00f3l. A Fogp\u00f3tl\u00e1stani Klinika Digit\u00e1lis Fog\u00e1szati munkacsoportja \u00e1ltal v\u00e9gzett objekt\u00edv \u00f6sszehasonl\u00edt\u00f3 kutat\u00e1s seg\u00edt meghat\u00e1rozni a Magyarorsz\u00e1gon el\u00e9rhet\u0151 intraor\u00e1lis szkennerek f\u0151 indik\u00e1ci\u00f3s ter\u00fcleteit, ezzel \u00fatmutat\u00e1st ny\u00fajtva a fogorvosoknak. Kutat\u00e1si eredm\u00e9nyeinknek kiemelked\u0151 szerepe volt abban, hogy az intraor\u00e1lis szkennerek haszn\u00e1lat\u00e1t a Semmelweis Egyetem Fogp\u00f3tl\u00e1stani Klinika alapk\u00e9pz\u00e9sbe \u00e9p\u00edthess\u00fck.<\/p>\n<p>&nbsp;<\/p>\n","protected":false},"excerpt":{"rendered":"<p>Digit\u00e1lis fog\u00e1szat I. Digita\u0301lisan megero\u030bsi\u0301tett eszte\u0301tikai foga\u0301szat <a href=\"https:\/\/semmelweis.hu\/fogpotlastan\/files\/2025\/03\/ikon1.png\"><\/a> Id\u0151pont: 2025. m\u00e1jus 29-30. <a href=\"https:\/\/semmelweis.hu\/fogpotlastan\/files\/2025\/03\/ikon2.png\"><\/a> Helysz\u00edn: Semmelweis Egyetem Fogp\u00f3tl\u00e1stani Klinika (1088 Budapest, Szentkir\u00e1lyi u. 47.) <a href=\"https:\/\/semmelweis.hu\/fogpotlastan\/files\/2025\/03\/ikon3.png\"><\/a> \u00c1r: 160 000 Ft. <a href=\"https:\/\/semmelweis.hu\/fogpotlastan\/files\/2025\/03\/ikon4.png\"><\/a> Kreditpont: 32 pont A kurzus tartalma: A kurzus betekint\u00e9st ny\u00fajt a digit\u00e1lis fog\u00e1szati innov\u00e1ci\u00f3k vil\u00e1g\u00e1ba a kisz\u00e1m\u00edthat\u00f3 eszt\u00e9tikai eredm\u00e9ny, \u00e9s ez\u00e1ltal az el\u00e9gedett p\u00e1ciensek \u00e9rdek\u00e9ben. A r\u00e9sztvev\u0151k sz\u00e1mos olyan digit\u00e1lis &hellip;<\/p>\n","protected":false},"author":101231,"featured_media":0,"parent":7247,"menu_order":0,"comment_status":"closed","ping_status":"closed","template":"template-fullwidth.php","meta":{"_acf_changed":false,"footnotes":""},"categories":[],"tags":[],"class_list":["post-9539","page","type-page","status-publish","hentry"],"acf":[],"_links":{"self":[{"href":"https:\/\/semmelweis.hu\/fogpotlastan\/wp-json\/wp\/v2\/pages\/9539","targetHints":{"allow":["GET"]}}],"collection":[{"href":"https:\/\/semmelweis.hu\/fogpotlastan\/wp-json\/wp\/v2\/pages"}],"about":[{"href":"https:\/\/semmelweis.hu\/fogpotlastan\/wp-json\/wp\/v2\/types\/page"}],"author":[{"embeddable":true,"href":"https:\/\/semmelweis.hu\/fogpotlastan\/wp-json\/wp\/v2\/users\/101231"}],"replies":[{"embeddable":true,"href":"https:\/\/semmelweis.hu\/fogpotlastan\/wp-json\/wp\/v2\/comments?post=9539"}],"version-history":[{"count":9,"href":"https:\/\/semmelweis.hu\/fogpotlastan\/wp-json\/wp\/v2\/pages\/9539\/revisions"}],"predecessor-version":[{"id":9593,"href":"https:\/\/semmelweis.hu\/fogpotlastan\/wp-json\/wp\/v2\/pages\/9539\/revisions\/9593"}],"up":[{"embeddable":true,"href":"https:\/\/semmelweis.hu\/fogpotlastan\/wp-json\/wp\/v2\/pages\/7247"}],"wp:attachment":[{"href":"https:\/\/semmelweis.hu\/fogpotlastan\/wp-json\/wp\/v2\/media?parent=9539"}],"wp:term":[{"taxonomy":"category","embeddable":true,"href":"https:\/\/semmelweis.hu\/fogpotlastan\/wp-json\/wp\/v2\/categories?post=9539"},{"taxonomy":"post_tag","embeddable":true,"href":"https:\/\/semmelweis.hu\/fogpotlastan\/wp-json\/wp\/v2\/tags?post=9539"}],"curies":[{"name":"wp","href":"https:\/\/api.w.org\/{rel}","templated":true}]}}