{"id":9506,"date":"2025-03-17T10:53:04","date_gmt":"2025-03-17T09:53:04","guid":{"rendered":"https:\/\/semmelweis.hu\/fogpotlastan\/?page_id=9506"},"modified":"2025-09-05T15:13:25","modified_gmt":"2025-09-05T13:13:25","slug":"digitalis-fogaszat-iii-intraoralis-szkenneles-elmelete-es-gyakorlata","status":"publish","type":"page","link":"https:\/\/semmelweis.hu\/fogpotlastan\/kepzesek\/digitalis-fogaszat-iii-intraoralis-szkenneles-elmelete-es-gyakorlata\/","title":{"rendered":"Digit\u00e1lis fog\u00e1szat III. \u2013 Intraoralis szkennele\u0301s elme\u0301lete e\u0301s gyakorlata"},"content":{"rendered":"<h2 style=\"text-align: center\">DIGIT\u00c1LIS FOG\u00c1SZAT III. <br \/>\nIntraoralis szkennele\u0301s elme\u0301lete e\u0301s gyakorlata<\/h2>\n<p>&nbsp;<\/p>\n<p><a href=\"https:\/\/semmelweis.hu\/fogpotlastan\/files\/2025\/03\/ikon1.png\"><img loading=\"lazy\" decoding=\"async\" class=\"alignnone  wp-image-9508\" src=\"https:\/\/semmelweis.hu\/fogpotlastan\/files\/2025\/03\/ikon1.png\" alt=\"\" width=\"50\" height=\"50\" srcset=\"https:\/\/semmelweis.hu\/fogpotlastan\/files\/2025\/03\/ikon1.png 183w, https:\/\/semmelweis.hu\/fogpotlastan\/files\/2025\/03\/ikon1-150x150.png 150w\" sizes=\"auto, (max-width: 50px) 100vw, 50px\" \/><\/a>Id\u0151pont: 2025. j\u00fanius 5.<\/p>\n<p><a href=\"https:\/\/semmelweis.hu\/fogpotlastan\/files\/2025\/03\/ikon2.png\"><img loading=\"lazy\" decoding=\"async\" class=\"alignnone wp-image-9509\" src=\"https:\/\/semmelweis.hu\/fogpotlastan\/files\/2025\/03\/ikon2.png\" alt=\"\" width=\"50\" height=\"50\" srcset=\"https:\/\/semmelweis.hu\/fogpotlastan\/files\/2025\/03\/ikon2.png 183w, https:\/\/semmelweis.hu\/fogpotlastan\/files\/2025\/03\/ikon2-150x150.png 150w\" sizes=\"auto, (max-width: 50px) 100vw, 50px\" \/><\/a>Helysz\u00edn: Dental Trade Kft. \u00faj oktat\u00f3k\u00f6zpont(1078 Budapest, Marek J\u00f3zsef u. 31.)<\/p>\n<p><a href=\"https:\/\/semmelweis.hu\/fogpotlastan\/files\/2025\/03\/ikon3.png\"><img loading=\"lazy\" decoding=\"async\" class=\"alignnone wp-image-9510\" src=\"https:\/\/semmelweis.hu\/fogpotlastan\/files\/2025\/03\/ikon3.png\" alt=\"\" width=\"50\" height=\"50\" srcset=\"https:\/\/semmelweis.hu\/fogpotlastan\/files\/2025\/03\/ikon3.png 183w, https:\/\/semmelweis.hu\/fogpotlastan\/files\/2025\/03\/ikon3-150x150.png 150w\" sizes=\"auto, (max-width: 50px) 100vw, 50px\" \/><\/a>\u00c1r: 80 000 Ft.<\/p>\n<p><a href=\"https:\/\/semmelweis.hu\/fogpotlastan\/files\/2025\/03\/ikon4.png\"><img loading=\"lazy\" decoding=\"async\" class=\"alignnone wp-image-9511\" src=\"https:\/\/semmelweis.hu\/fogpotlastan\/files\/2025\/03\/ikon4.png\" alt=\"\" width=\"50\" height=\"50\" srcset=\"https:\/\/semmelweis.hu\/fogpotlastan\/files\/2025\/03\/ikon4.png 183w, https:\/\/semmelweis.hu\/fogpotlastan\/files\/2025\/03\/ikon4-150x150.png 150w\" sizes=\"auto, (max-width: 50px) 100vw, 50px\" \/><\/a>Kreditpont: 16 pont<\/p>\n<p><strong>A kurzus tartalma:<\/strong><\/p>\n<p>A kurzus c\u00e9lja az intraor\u00e1lis szkennerek klinikai \u00e9s laborat\u00f3riumi digit\u00e1lis munkafolyamatokban bet\u00f6lt\u00f6tt szerep\u00e9t ismertetni \u00e9s bemutatni, hogy miben m\u00e1s a digit\u00e1lis \u00fatvonal, mint a hagyom\u00e1nyos elj\u00e1r\u00e1sok. Gyakorlatorient\u00e1lt kurzusunkon a r\u00e9sztvev\u0151knek alkalma lesz k\u00fcl\u00f6nb\u00f6z\u0151 szkennereket kipr\u00f3b\u00e1lni, megtanulni a pontos digit\u00e1lis lenyomatv\u00e9tel alapelveit, a hat\u00e9kony szken-strat\u00e9gi\u00e1kat, kvadr\u00e1ns \u00e9s teljes fog\u00edv szkenek k\u00e9sz\u00edt\u00e9s\u00e9nek l\u00e9p\u00e9seit, valamint a lenyomatv\u00e9tel mellett a szkennerek hasznos kieg\u00e9sz\u00edt\u0151 funkci\u00f3it. Bemutatjuk a Fogp\u00f3tl\u00e1stani Klinika hazai piacon el\u00e9rhet\u0151 intraor\u00e1lis szkennereket \u00f6sszehasonl\u00edt\u00f3 vizsg\u00e1lat\u00e1t, ezzel \u00fatmutat\u00e1st ny\u00fajtunk a szkennerek k\u00f6zti eligazod\u00e1shoz.<br \/>\nAz intraor\u00e1lis szkennerek pontoss\u00e1g\u00e1nak tudom\u00e1nyos vizsg\u00e1latai sor\u00e1n szerzett tapasztalatainkat a mindennapos gyakorlatban hasznos tan\u00e1csokk\u00e9nt prezent\u00e1ljuk.<\/p>\n<p><em>A kurzust eszk\u00f6z\u00f6kkel a Dental-Trade Kft t\u00e1mogatja.<\/em><br \/>\n<em>A kurzus a Dental-Trade Kft \u00faj oktat\u00f3term\u00e9ben ker\u00fcl megrendez\u00e9sre.<\/em><\/p>\n<p><a href=\"https:\/\/semmelweis.hu\/fogpotlastan\/files\/2025\/03\/Digital-dental-team.jpg\"><img loading=\"lazy\" decoding=\"async\" class=\"alignnone  wp-image-9507\" src=\"https:\/\/semmelweis.hu\/fogpotlastan\/files\/2025\/03\/Digital-dental-team-400x300.jpg\" alt=\"\" width=\"1355\" height=\"1016\" srcset=\"https:\/\/semmelweis.hu\/fogpotlastan\/files\/2025\/03\/Digital-dental-team-400x300.jpg 400w, https:\/\/semmelweis.hu\/fogpotlastan\/files\/2025\/03\/Digital-dental-team-768x576.jpg 768w, https:\/\/semmelweis.hu\/fogpotlastan\/files\/2025\/03\/Digital-dental-team-753x565.jpg 753w, https:\/\/semmelweis.hu\/fogpotlastan\/files\/2025\/03\/Digital-dental-team.jpg 895w\" sizes=\"auto, (max-width: 1355px) 100vw, 1355px\" \/><\/a><\/p>\n<p><a href=\"https:\/\/semmelweis.hu\/fogpotlastan\/files\/2025\/03\/Kepernyofoto-2025-02-22-20.51.58.png\"><img loading=\"lazy\" decoding=\"async\" class=\"alignnone  wp-image-9514\" src=\"https:\/\/semmelweis.hu\/fogpotlastan\/files\/2025\/03\/Kepernyofoto-2025-02-22-20.51.58-400x256.png\" alt=\"\" width=\"1358\" height=\"869\" srcset=\"https:\/\/semmelweis.hu\/fogpotlastan\/files\/2025\/03\/Kepernyofoto-2025-02-22-20.51.58-400x256.png 400w, https:\/\/semmelweis.hu\/fogpotlastan\/files\/2025\/03\/Kepernyofoto-2025-02-22-20.51.58-1024x654.png 1024w, https:\/\/semmelweis.hu\/fogpotlastan\/files\/2025\/03\/Kepernyofoto-2025-02-22-20.51.58-768x491.png 768w, https:\/\/semmelweis.hu\/fogpotlastan\/files\/2025\/03\/Kepernyofoto-2025-02-22-20.51.58-1536x982.png 1536w, https:\/\/semmelweis.hu\/fogpotlastan\/files\/2025\/03\/Kepernyofoto-2025-02-22-20.51.58-2048x1309.png 2048w, https:\/\/semmelweis.hu\/fogpotlastan\/files\/2025\/03\/Kepernyofoto-2025-02-22-20.51.58-753x481.png 753w\" sizes=\"auto, (max-width: 1358px) 100vw, 1358px\" \/><\/a><\/p>\n<p><a href=\"https:\/\/semmelweis.hu\/fogpotlastan\/files\/2025\/03\/RS172326_3P1A3250-scr.jpg\"><img loading=\"lazy\" decoding=\"async\" class=\"alignnone  wp-image-9515\" src=\"https:\/\/semmelweis.hu\/fogpotlastan\/files\/2025\/03\/RS172326_3P1A3250-scr-400x287.jpg\" alt=\"\" width=\"597\" height=\"428\" srcset=\"https:\/\/semmelweis.hu\/fogpotlastan\/files\/2025\/03\/RS172326_3P1A3250-scr-400x287.jpg 400w, https:\/\/semmelweis.hu\/fogpotlastan\/files\/2025\/03\/RS172326_3P1A3250-scr-1024x734.jpg 1024w, https:\/\/semmelweis.hu\/fogpotlastan\/files\/2025\/03\/RS172326_3P1A3250-scr-768x551.jpg 768w, https:\/\/semmelweis.hu\/fogpotlastan\/files\/2025\/03\/RS172326_3P1A3250-scr-753x540.jpg 753w, https:\/\/semmelweis.hu\/fogpotlastan\/files\/2025\/03\/RS172326_3P1A3250-scr.jpg 1116w\" sizes=\"auto, (max-width: 597px) 100vw, 597px\" \/><\/a><a href=\"https:\/\/semmelweis.hu\/fogpotlastan\/files\/2025\/03\/Kep.-2022.-04.-11.-18.49-11-scaled-1.jpg\"><img loading=\"lazy\" decoding=\"async\" class=\"alignnone  wp-image-9513\" src=\"https:\/\/semmelweis.hu\/fogpotlastan\/files\/2025\/03\/Kep.-2022.-04.-11.-18.49-11-scaled-1-400x347.jpg\" alt=\"\" width=\"493\" height=\"428\" srcset=\"https:\/\/semmelweis.hu\/fogpotlastan\/files\/2025\/03\/Kep.-2022.-04.-11.-18.49-11-scaled-1-400x347.jpg 400w, https:\/\/semmelweis.hu\/fogpotlastan\/files\/2025\/03\/Kep.-2022.-04.-11.-18.49-11-scaled-1-1024x889.jpg 1024w, https:\/\/semmelweis.hu\/fogpotlastan\/files\/2025\/03\/Kep.-2022.-04.-11.-18.49-11-scaled-1-768x667.jpg 768w, https:\/\/semmelweis.hu\/fogpotlastan\/files\/2025\/03\/Kep.-2022.-04.-11.-18.49-11-scaled-1-1536x1334.jpg 1536w, https:\/\/semmelweis.hu\/fogpotlastan\/files\/2025\/03\/Kep.-2022.-04.-11.-18.49-11-scaled-1-753x654.jpg 753w, https:\/\/semmelweis.hu\/fogpotlastan\/files\/2025\/03\/Kep.-2022.-04.-11.-18.49-11-scaled-1.jpg 1966w\" sizes=\"auto, (max-width: 493px) 100vw, 493px\" \/><\/a><\/p>\n<div>\u00a0<\/div>\n<div class=\"keretes w-100\"><strong>Jelentkez\u00e9s:<\/strong><\/p>\n<p>A kurzuson minden fogorvosi diplom\u00e1val rendelkez\u0151 \u00e9rdekl\u0151d\u0151 r\u00e9szt vehet.<br \/>\nJelentkezni az OFTEX rendszer\u00e9n kereszt\u00fcl lehet, az al\u00e1bbi k\u00f3ddal:<br \/>\nSE-FOG\/2025.I.\/00046<\/p>\n<p>A kurzus \u00e1ra: 80.000 Ft<br \/>\n<em>L\u00e9tsz\u00e1mlimit\u00e1ci\u00f3: min. 5 f\u0151, max. 15 f\u0151<\/em><\/div>\n<div>\n<p><strong>A kurzus sor\u00e1n c\u00e9lunk a r\u00e9sztvev\u0151kkel megismertetni:<\/strong><\/p>\n<ul>\n<li>a szkennerek digit\u00e1lis munkafolyamatokban bet\u00f6lt\u00f6tt szerep\u00e9t.<\/li>\n<li>a digit\u00e1lis lenyomatv\u00e9tel el\u0151nyeit.<\/li>\n<li>a Fogp\u00f3tl\u00e1stani Klinika hazai piacon el\u00e9rhet\u0151 szkennereket \u00f6sszehasonl\u00edt\u00f3 weboldal\u00e1nak haszn\u00e1lat\u00e1t a praxishoz legjobban ill\u0151 szkenner kiv\u00e1laszt\u00e1s\u00e1hoz.<\/li>\n<li>az intraor\u00e1lis szkennerek pontoss\u00e1g\u00e1t \u00e9rt\u00e9kel\u0151 vizsg\u00e1lataink eredm\u00e9nyeinek klinikai gyakorlati haszn\u00e1t.<\/li>\n<li>a szkennel\u00e9s l\u00e9p\u00e9seit Trios \u00e9s Medit intraor\u00e1lis szkennerekkel.<\/li>\n<li>a pontos digit\u00e1lis lenyomatv\u00e9telhez sz\u00fcks\u00e9ges szken-strat\u00e9gi\u00e1kat \u00e9s klinikai \u00fatmutat\u00e1sokat.<\/li>\n<\/ul>\n<p><strong>El\u0151ad\u00f3k:<\/strong><\/p>\n<p style=\"text-align: center\"><a href=\"https:\/\/semmelweis.hu\/fogpotlastan\/files\/2025\/03\/intraoralisszkenneles_fbkep.png\"><img loading=\"lazy\" decoding=\"async\" class=\"alignnone  wp-image-9512\" src=\"https:\/\/semmelweis.hu\/fogpotlastan\/files\/2025\/03\/intraoralisszkenneles_fbkep-400x400.png\" alt=\"\" width=\"466\" height=\"466\" srcset=\"https:\/\/semmelweis.hu\/fogpotlastan\/files\/2025\/03\/intraoralisszkenneles_fbkep-400x400.png 400w, https:\/\/semmelweis.hu\/fogpotlastan\/files\/2025\/03\/intraoralisszkenneles_fbkep-1024x1024.png 1024w, https:\/\/semmelweis.hu\/fogpotlastan\/files\/2025\/03\/intraoralisszkenneles_fbkep-150x150.png 150w, https:\/\/semmelweis.hu\/fogpotlastan\/files\/2025\/03\/intraoralisszkenneles_fbkep-768x768.png 768w, https:\/\/semmelweis.hu\/fogpotlastan\/files\/2025\/03\/intraoralisszkenneles_fbkep-753x753.png 753w, https:\/\/semmelweis.hu\/fogpotlastan\/files\/2025\/03\/intraoralisszkenneles_fbkep.png 1080w\" sizes=\"auto, (max-width: 466px) 100vw, 466px\" \/><\/a><\/p>\n<p>A Fogp\u00f3tl\u00e1stani Klinika Digit\u00e1lis Fog\u00e1szati munkacsoportja 2011 \u00f3ta foglalkozik a digit\u00e1lis fog\u00e1szat tanulm\u00e1nyoz\u00e1s\u00e1val, melynek f\u00f3kusz\u00e1ban a digit\u00e1lis fogsz\u00ednmeghat\u00e1roz\u00e1s, a digit\u00e1lis lenyomattechnik\u00e1k \u00e9s az intraor\u00e1lis szkennerek \u00e1llnak. Munkacsoportunk az elm\u00falt 12 \u00e9v sor\u00e1n sz\u00e1mos tudom\u00e1nyos kutat\u00e1st v\u00e9gzett, melyek eredm\u00e9nyeit nemzetk\u00f6zi foly\u00f3iratokban is publik\u00e1ltuk. Kutat\u00e1si eredm\u00e9nyeinket \u00e9s gyakorlati tapasztalatainkat sz\u00e1mos hazai \u00e9s nemzetk\u00f6zi konferenci\u00e1n is bemutattuk. Oktat\u00e1si programot dolgozunk ki a digit\u00e1lis lenyomatrendszerekr\u0151l \u00e9s a kapcsol\u00f3d\u00f3 CAD\/CAM munkafolyamatokr\u00f3l. A Fogp\u00f3tl\u00e1stani Klinika Digit\u00e1lis Fog\u00e1szati munkacsoportja \u00e1ltal v\u00e9gzett objekt\u00edv \u00f6sszehasonl\u00edt\u00f3 kutat\u00e1s seg\u00edt meghat\u00e1rozni a Magyarorsz\u00e1gon el\u00e9rhet\u0151 intraor\u00e1lis szkennerek f\u0151 indik\u00e1ci\u00f3s ter\u00fcleteit, ezzel \u00fatmutat\u00e1st ny\u00fajtva a fogorvosoknak. Kutat\u00e1si eredm\u00e9nyeinknek kiemelked\u0151 szerepe volt abban, hogy az intraor\u00e1lsi szkennerek haszn\u00e1lat\u00e1t a Semmelweis Egyetem Fogp\u00f3tl\u00e1stani Klinika alapk\u00e9pz\u00e9sbe \u00e9p\u00edthess\u00fck.<\/p>\n<\/div>\n","protected":false},"excerpt":{"rendered":"<p>DIGIT\u00c1LIS FOG\u00c1SZAT III. Intraoralis szkennele\u0301s elme\u0301lete e\u0301s gyakorlata &nbsp; <a href=\"https:\/\/semmelweis.hu\/fogpotlastan\/files\/2025\/03\/ikon1.png\"><\/a> Id\u0151pont: 2025. j\u00fanius 5. <a href=\"https:\/\/semmelweis.hu\/fogpotlastan\/files\/2025\/03\/ikon2.png\"><\/a> Helysz\u00edn: Dental Trade Kft. \u00faj oktat\u00f3k\u00f6zpont(1078 Budapest, Marek J\u00f3zsef u. 31.) <a href=\"https:\/\/semmelweis.hu\/fogpotlastan\/files\/2025\/03\/ikon3.png\"><\/a> \u00c1r: 80 000 Ft. <a href=\"https:\/\/semmelweis.hu\/fogpotlastan\/files\/2025\/03\/ikon4.png\"><\/a> Kreditpont: 16 pont A kurzus tartalma: A kurzus c\u00e9lja az intraor\u00e1lis szkennerek klinikai \u00e9s laborat\u00f3riumi digit\u00e1lis munkafolyamatokban bet\u00f6lt\u00f6tt szerep\u00e9t ismertetni \u00e9s bemutatni, hogy miben m\u00e1s a digit\u00e1lis &hellip;<\/p>\n","protected":false},"author":101231,"featured_media":0,"parent":7247,"menu_order":0,"comment_status":"closed","ping_status":"closed","template":"template-fullwidth.php","meta":{"_acf_changed":false,"footnotes":""},"categories":[],"tags":[],"class_list":["post-9506","page","type-page","status-publish","hentry"],"acf":[],"_links":{"self":[{"href":"https:\/\/semmelweis.hu\/fogpotlastan\/wp-json\/wp\/v2\/pages\/9506","targetHints":{"allow":["GET"]}}],"collection":[{"href":"https:\/\/semmelweis.hu\/fogpotlastan\/wp-json\/wp\/v2\/pages"}],"about":[{"href":"https:\/\/semmelweis.hu\/fogpotlastan\/wp-json\/wp\/v2\/types\/page"}],"author":[{"embeddable":true,"href":"https:\/\/semmelweis.hu\/fogpotlastan\/wp-json\/wp\/v2\/users\/101231"}],"replies":[{"embeddable":true,"href":"https:\/\/semmelweis.hu\/fogpotlastan\/wp-json\/wp\/v2\/comments?post=9506"}],"version-history":[{"count":10,"href":"https:\/\/semmelweis.hu\/fogpotlastan\/wp-json\/wp\/v2\/pages\/9506\/revisions"}],"predecessor-version":[{"id":9529,"href":"https:\/\/semmelweis.hu\/fogpotlastan\/wp-json\/wp\/v2\/pages\/9506\/revisions\/9529"}],"up":[{"embeddable":true,"href":"https:\/\/semmelweis.hu\/fogpotlastan\/wp-json\/wp\/v2\/pages\/7247"}],"wp:attachment":[{"href":"https:\/\/semmelweis.hu\/fogpotlastan\/wp-json\/wp\/v2\/media?parent=9506"}],"wp:term":[{"taxonomy":"category","embeddable":true,"href":"https:\/\/semmelweis.hu\/fogpotlastan\/wp-json\/wp\/v2\/categories?post=9506"},{"taxonomy":"post_tag","embeddable":true,"href":"https:\/\/semmelweis.hu\/fogpotlastan\/wp-json\/wp\/v2\/tags?post=9506"}],"curies":[{"name":"wp","href":"https:\/\/api.w.org\/{rel}","templated":true}]}}