{"id":9194,"date":"2024-07-23T09:39:10","date_gmt":"2024-07-23T07:39:10","guid":{"rendered":"https:\/\/semmelweis.hu\/fogpotlastan\/?page_id=9194"},"modified":"2024-07-23T09:39:47","modified_gmt":"2024-07-23T07:39:47","slug":"dr-tajti-peter-bioanyagok-es-a-protetikai-design-hatasa-a-periimplantalis-lagy-es-kemenyszovetre-sebeszi-es-protetikai-aspektusok","status":"publish","type":"page","link":"https:\/\/semmelweis.hu\/fogpotlastan\/kutatas\/phd-kutatasok\/dr-tajti-peter-bioanyagok-es-a-protetikai-design-hatasa-a-periimplantalis-lagy-es-kemenyszovetre-sebeszi-es-protetikai-aspektusok\/","title":{"rendered":"Dr. Tajti P\u00e9ter \u2013 Bioanyagok \u00e9s a protetikai design hat\u00e1sa a periimplant\u00e1lis l\u00e1gy- \u00e9s kem\u00e9nysz\u00f6vetre \u2013 seb\u00e9szi \u00e9s protetikai aspektusok"},"content":{"rendered":"<p style=\"text-align: justify\">A fog\u00e1szati implant\u00e1tumok hossz\u00fat\u00e1v\u00fa sikeress\u00e9g\u00e9nek alapfelt\u00e9tele, hogy az implant\u00e1tumok k\u00f6r\u00fcli l\u00e1gy- \u00e9s kem\u00e9nysz\u00f6vetek eg\u00e9szs\u00e9gesek, stabilak \u00e9s megtartottak legyenek. Az implant\u00e1tumok k\u00f6r\u00fcli \u00e9p l\u00e1gysz\u00f6veti tapad\u00e1s v\u00e9di az alatta l\u00e9v\u0151 margin\u00e1lis csontot a sz\u00e1j\u00fcregben l\u00e9v\u0151 bakt\u00e9riumok puszt\u00edt\u00f3 hat\u00e1s\u00e1t\u00f3l. Ennek a l\u00e1gysz\u00f6veti tapad\u00e1snak az \u00e9ps\u00e9g\u00e9t sz\u00e1mos t\u00e9nyez\u0151 befoly\u00e1solhatja, t\u00f6bbek k\u00f6z\u00f6tt a felhaszn\u00e1lt anyagok \u00e9s a restaur\u00e1tum 3D kialak\u00edt\u00e1sa is.<\/p>\n<p style=\"text-align: justify\">C\u00e9lkit\u0171z\u00e9s\u00fcnk \u00f6sszehasonl\u00edtani az implant\u00e1tumon elhorgonyzott arany standardnak sz\u00e1m\u00edt\u00f3 f\u00e9mker\u00e1mia koron\u00e1k t\u00fal\u00e9l\u00e9s\u00e9t, valamint technikai \u00e9s biol\u00f3giai komplik\u00e1ci\u00f3it az egyre n\u00e9pszer\u0171bb monolitikus cirk\u00f3nium-dioxid koron\u00e1k\u00e9val. Tov\u00e1bb\u00e1, \u00f6sszehasonl\u00edtjuk a r\u00f6vid \u00e9s hossz\u00fa implant\u00e1tumfejek k\u00f6r\u00fcli l\u00e1gy- \u00e9s kem\u00e9nysz\u00f6vet stabilit\u00e1s\u00e1t. A k\u00e9t k\u00e9rd\u00e9sre a meta-anal\u00edzis metodol\u00f3gi\u00e1j\u00e1val keres\u00fcnk v\u00e1laszokat.<\/p>\n<p>A t\u00e9m\u00e1ban megjelent k\u00f6zlem\u00e9nyeink:<\/p>\n<p><a href=\"https:\/\/www.thejpd.org\/article\/S0022-3913(23)00336-0\/fulltext\">https:\/\/www.thejpd.org\/article\/S0022-3913(23)00336-0\/fulltext<\/a><\/p>\n<p><a href=\"https:\/\/onlinelibrary.wiley.com\/doi\/10.1111\/prd.12534\">https:\/\/onlinelibrary.wiley.com\/doi\/10.1111\/prd.12534<\/a><\/p>\n","protected":false},"excerpt":{"rendered":"<p>A fog\u00e1szati implant\u00e1tumok hossz\u00fat\u00e1v\u00fa sikeress\u00e9g\u00e9nek alapfelt\u00e9tele, hogy az implant\u00e1tumok k\u00f6r\u00fcli l\u00e1gy- \u00e9s kem\u00e9nysz\u00f6vetek eg\u00e9szs\u00e9gesek, stabilak \u00e9s megtartottak legyenek. Az implant\u00e1tumok k\u00f6r\u00fcli \u00e9p l\u00e1gysz\u00f6veti tapad\u00e1s v\u00e9di az alatta l\u00e9v\u0151 margin\u00e1lis csontot a sz\u00e1j\u00fcregben l\u00e9v\u0151 bakt\u00e9riumok puszt\u00edt\u00f3 hat\u00e1s\u00e1t\u00f3l. Ennek a l\u00e1gysz\u00f6veti tapad\u00e1snak az \u00e9ps\u00e9g\u00e9t sz\u00e1mos t\u00e9nyez\u0151 befoly\u00e1solhatja, t\u00f6bbek k\u00f6z\u00f6tt a felhaszn\u00e1lt anyagok \u00e9s a restaur\u00e1tum 3D kialak\u00edt\u00e1sa &hellip;<\/p>\n","protected":false},"author":101231,"featured_media":0,"parent":5097,"menu_order":0,"comment_status":"closed","ping_status":"closed","template":"","meta":{"_acf_changed":false,"footnotes":""},"categories":[],"tags":[],"class_list":["post-9194","page","type-page","status-publish","hentry"],"acf":[],"_links":{"self":[{"href":"https:\/\/semmelweis.hu\/fogpotlastan\/wp-json\/wp\/v2\/pages\/9194","targetHints":{"allow":["GET"]}}],"collection":[{"href":"https:\/\/semmelweis.hu\/fogpotlastan\/wp-json\/wp\/v2\/pages"}],"about":[{"href":"https:\/\/semmelweis.hu\/fogpotlastan\/wp-json\/wp\/v2\/types\/page"}],"author":[{"embeddable":true,"href":"https:\/\/semmelweis.hu\/fogpotlastan\/wp-json\/wp\/v2\/users\/101231"}],"replies":[{"embeddable":true,"href":"https:\/\/semmelweis.hu\/fogpotlastan\/wp-json\/wp\/v2\/comments?post=9194"}],"version-history":[{"count":1,"href":"https:\/\/semmelweis.hu\/fogpotlastan\/wp-json\/wp\/v2\/pages\/9194\/revisions"}],"predecessor-version":[{"id":9195,"href":"https:\/\/semmelweis.hu\/fogpotlastan\/wp-json\/wp\/v2\/pages\/9194\/revisions\/9195"}],"up":[{"embeddable":true,"href":"https:\/\/semmelweis.hu\/fogpotlastan\/wp-json\/wp\/v2\/pages\/5097"}],"wp:attachment":[{"href":"https:\/\/semmelweis.hu\/fogpotlastan\/wp-json\/wp\/v2\/media?parent=9194"}],"wp:term":[{"taxonomy":"category","embeddable":true,"href":"https:\/\/semmelweis.hu\/fogpotlastan\/wp-json\/wp\/v2\/categories?post=9194"},{"taxonomy":"post_tag","embeddable":true,"href":"https:\/\/semmelweis.hu\/fogpotlastan\/wp-json\/wp\/v2\/tags?post=9194"}],"curies":[{"name":"wp","href":"https:\/\/api.w.org\/{rel}","templated":true}]}}