{"id":9114,"date":"2024-05-28T13:01:47","date_gmt":"2024-05-28T11:01:47","guid":{"rendered":"https:\/\/semmelweis.hu\/fogpotlastan\/?page_id=9114"},"modified":"2025-03-14T13:56:03","modified_gmt":"2025-03-14T12:56:03","slug":"dr-bencze-bulcsu","status":"publish","type":"page","link":"https:\/\/semmelweis.hu\/fogpotlastan\/munkatarsak-terv\/dr-bencze-bulcsu\/","title":{"rendered":"Dr. Bencze Bulcs\u00fa"},"content":{"rendered":"<p><span style=\"font-size: 12pt\"><strong>Tanulm\u00e1nyok, szakk\u00e9pes\u00edt\u00e9s<a href=\"https:\/\/semmelweis.hu\/fogpotlastan\/files\/2022\/02\/Dr.-Bencze-Bulcsu-scaled.jpg\"><img loading=\"lazy\" decoding=\"async\" class=\" wp-image-7843 alignright\" src=\"https:\/\/semmelweis.hu\/fogpotlastan\/files\/2022\/02\/Dr.-Bencze-Bulcsu-320x400.jpg\" alt=\"\" width=\"215\" height=\"269\" srcset=\"https:\/\/semmelweis.hu\/fogpotlastan\/files\/2022\/02\/Dr.-Bencze-Bulcsu-320x400.jpg 320w, https:\/\/semmelweis.hu\/fogpotlastan\/files\/2022\/02\/Dr.-Bencze-Bulcsu-819x1024.jpg 819w, https:\/\/semmelweis.hu\/fogpotlastan\/files\/2022\/02\/Dr.-Bencze-Bulcsu-768x960.jpg 768w, https:\/\/semmelweis.hu\/fogpotlastan\/files\/2022\/02\/Dr.-Bencze-Bulcsu-1229x1536.jpg 1229w, https:\/\/semmelweis.hu\/fogpotlastan\/files\/2022\/02\/Dr.-Bencze-Bulcsu-1638x2048.jpg 1638w, https:\/\/semmelweis.hu\/fogpotlastan\/files\/2022\/02\/Dr.-Bencze-Bulcsu-753x941.jpg 753w, https:\/\/semmelweis.hu\/fogpotlastan\/files\/2022\/02\/Dr.-Bencze-Bulcsu-scaled.jpg 2048w\" sizes=\"auto, (max-width: 215px) 100vw, 215px\" \/><\/a><\/strong><\/span><br \/>\n<span style=\"font-size: 12pt\">2024 Fogp\u00f3tl\u00e1stan szakvizsga<br \/>\n2021-2024. Fogp\u00f3tl\u00e1stan rezidensk\u00e9pz\u00e9s<\/span><br \/>\n<span style=\"font-size: 12pt\">2021 Fogorvos diploma \u2013 Semmelweis Egyetem Fogorvostudom\u00e1nyi Kar<\/span><\/p>\n<p><span style=\"font-size: 12pt\"><strong>Szakmai tapasztalat \/ klinikai el\u0151menetel<\/strong><\/span><br \/>\n<span style=\"font-size: 12pt\">2024- Fogp\u00f3tl\u00e1stan Klinika \u2013 klinikai szakorvos<br \/>\n2021-2024. Fogp\u00f3tl\u00e1stan Klinika \u2013 klinikai orvos<\/span><\/p>\n<p><span style=\"font-size: 12pt\"><strong>Tudom\u00e1nyos tev\u00e9kenys\u00e9g<\/strong><\/span><br \/>\n<span style=\"font-size: 12pt\">Transzl\u00e1ci\u00f3s Medicina Program \u2013 PhD hallgat\u00f3 2022<\/span><br \/>\n<span style=\"font-size: 12pt\">Munkacsoport: Diab\u00e9teszes Fog\u00e1szati Munkacsoport, Digit\u00e1lis Fog\u00e1szati Munkacsoport<\/span><\/p>\n<p><span style=\"font-size: 12pt\"><strong>Szakmai szervezeti tags\u00e1gok<\/strong><\/span><br \/>\n<span style=\"font-size: 12pt\">2021 &#8211; Magyar Orvosi Kamara Fogorvosi Tagozat<\/span><br \/>\n<span style=\"font-size: 12pt\">2021 \u2013 Magyar Diabetes T\u00e1rsas\u00e1g<\/span><br \/>\n<span style=\"font-size: 12pt\">2023 \u2013 ITI International Team for Implantology<\/span><br \/>\n<span style=\"font-size: 12pt\">2022 \u2013 Magyar Digit\u00e1lis Fog\u00e1szati Egyes\u00fclet<\/span><\/p>\n<p><span style=\"font-size: 12pt\"><strong>Nyelvismeret<\/strong><\/span><br \/>\n<span style=\"font-size: 12pt\">magyar \u2013 anyanyelv<\/span><br \/>\n<span style=\"font-size: 12pt\">angol \u2013 k\u00f6z\u00e9pszint<\/span><\/p>\n<p><a href=\"https:\/\/m2.mtmt.hu\/gui2\/?type=authors&amp;mode=browse&amp;sel=authors10088002\"><span style=\"font-size: 12pt\">Tudom\u00e1nyos k\u00f6zlem\u00e9nyek<\/span><\/a><\/p>\n<p><span style=\"font-size: 12pt\"><em>Az el\u00e9rhet\u0151s\u00e9gi adatok nem haszn\u00e1lhat\u00f3k fel az 1995. \u00e9vi CXIX. t\u00f6rv\u00e9ny szerinti kutat\u00e1s \u00e9s k\u00f6zvetlen \u00fczletszerz\u00e9s c\u00e9lj\u00e1ra.<\/em><\/span><\/p>\n","protected":false},"excerpt":{"rendered":"<p>Tanulm\u00e1nyok, szakk\u00e9pes\u00edt\u00e9s <a href=\"https:\/\/semmelweis.hu\/fogpotlastan\/files\/2022\/02\/Dr.-Bencze-Bulcsu-scaled.jpg\"><\/a> 2024 Fogp\u00f3tl\u00e1stan szakvizsga 2021-2024. Fogp\u00f3tl\u00e1stan rezidensk\u00e9pz\u00e9s 2021 Fogorvos diploma \u2013 Semmelweis Egyetem Fogorvostudom\u00e1nyi Kar Szakmai tapasztalat \/ klinikai el\u0151menetel 2024- Fogp\u00f3tl\u00e1stan Klinika \u2013 klinikai szakorvos 2021-2024. Fogp\u00f3tl\u00e1stan Klinika \u2013 klinikai orvos Tudom\u00e1nyos tev\u00e9kenys\u00e9g Transzl\u00e1ci\u00f3s Medicina Program \u2013 PhD hallgat\u00f3 2022 Munkacsoport: Diab\u00e9teszes Fog\u00e1szati Munkacsoport, Digit\u00e1lis Fog\u00e1szati Munkacsoport Szakmai szervezeti tags\u00e1gok 2021 &#8211; Magyar &hellip;<\/p>\n","protected":false},"author":101231,"featured_media":0,"parent":9019,"menu_order":1,"comment_status":"closed","ping_status":"closed","template":"","meta":{"_acf_changed":false,"footnotes":""},"categories":[],"tags":[],"class_list":["post-9114","page","type-page","status-publish","hentry"],"acf":[],"_links":{"self":[{"href":"https:\/\/semmelweis.hu\/fogpotlastan\/wp-json\/wp\/v2\/pages\/9114","targetHints":{"allow":["GET"]}}],"collection":[{"href":"https:\/\/semmelweis.hu\/fogpotlastan\/wp-json\/wp\/v2\/pages"}],"about":[{"href":"https:\/\/semmelweis.hu\/fogpotlastan\/wp-json\/wp\/v2\/types\/page"}],"author":[{"embeddable":true,"href":"https:\/\/semmelweis.hu\/fogpotlastan\/wp-json\/wp\/v2\/users\/101231"}],"replies":[{"embeddable":true,"href":"https:\/\/semmelweis.hu\/fogpotlastan\/wp-json\/wp\/v2\/comments?post=9114"}],"version-history":[{"count":7,"href":"https:\/\/semmelweis.hu\/fogpotlastan\/wp-json\/wp\/v2\/pages\/9114\/revisions"}],"predecessor-version":[{"id":9496,"href":"https:\/\/semmelweis.hu\/fogpotlastan\/wp-json\/wp\/v2\/pages\/9114\/revisions\/9496"}],"up":[{"embeddable":true,"href":"https:\/\/semmelweis.hu\/fogpotlastan\/wp-json\/wp\/v2\/pages\/9019"}],"wp:attachment":[{"href":"https:\/\/semmelweis.hu\/fogpotlastan\/wp-json\/wp\/v2\/media?parent=9114"}],"wp:term":[{"taxonomy":"category","embeddable":true,"href":"https:\/\/semmelweis.hu\/fogpotlastan\/wp-json\/wp\/v2\/categories?post=9114"},{"taxonomy":"post_tag","embeddable":true,"href":"https:\/\/semmelweis.hu\/fogpotlastan\/wp-json\/wp\/v2\/tags?post=9114"}],"curies":[{"name":"wp","href":"https:\/\/api.w.org\/{rel}","templated":true}]}}