{"id":9110,"date":"2024-05-24T10:00:35","date_gmt":"2024-05-24T08:00:35","guid":{"rendered":"https:\/\/semmelweis.hu\/fogpotlastan\/?page_id=9110"},"modified":"2024-07-16T14:12:54","modified_gmt":"2024-07-16T12:12:54","slug":"dr-somogyi-kata-sara","status":"publish","type":"page","link":"https:\/\/semmelweis.hu\/fogpotlastan\/munkatarsak-terv\/dr-somogyi-kata-sara\/","title":{"rendered":"Dr. Somogyi Kata S\u00e1ra"},"content":{"rendered":"<p style=\"text-align: justify\"><span style=\"font-size: 12pt\"><strong>Tanulm\u00e1nyok, szakk\u00e9pes\u00edt\u00e9s:<a href=\"https:\/\/semmelweis.hu\/fogpotlastan\/files\/2024\/07\/Dr.-Somogyi-Kata-Sara-scaled.jpg\"><img loading=\"lazy\" decoding=\"async\" class=\" wp-image-9153 alignright\" src=\"https:\/\/semmelweis.hu\/fogpotlastan\/files\/2024\/07\/Dr.-Somogyi-Kata-Sara-267x400.jpg\" alt=\"\" width=\"190\" height=\"285\" srcset=\"https:\/\/semmelweis.hu\/fogpotlastan\/files\/2024\/07\/Dr.-Somogyi-Kata-Sara-267x400.jpg 267w, https:\/\/semmelweis.hu\/fogpotlastan\/files\/2024\/07\/Dr.-Somogyi-Kata-Sara-683x1024.jpg 683w, https:\/\/semmelweis.hu\/fogpotlastan\/files\/2024\/07\/Dr.-Somogyi-Kata-Sara-768x1152.jpg 768w, https:\/\/semmelweis.hu\/fogpotlastan\/files\/2024\/07\/Dr.-Somogyi-Kata-Sara-1024x1536.jpg 1024w, https:\/\/semmelweis.hu\/fogpotlastan\/files\/2024\/07\/Dr.-Somogyi-Kata-Sara-1365x2048.jpg 1365w, https:\/\/semmelweis.hu\/fogpotlastan\/files\/2024\/07\/Dr.-Somogyi-Kata-Sara-753x1130.jpg 753w, https:\/\/semmelweis.hu\/fogpotlastan\/files\/2024\/07\/Dr.-Somogyi-Kata-Sara-scaled.jpg 1707w\" sizes=\"auto, (max-width: 190px) 100vw, 190px\" \/><\/a><br \/>\n<\/strong>2022 Fogorvos diploma \u2013 Semmelweis Egyetem, Fogorvostudom\u00e1nyi Kar<\/span><br \/>\n<span style=\"font-size: 12pt\">2022 Fogp\u00f3tl\u00e1stan rezidensk\u00e9pz\u00e9s <\/span><br \/>\n<span style=\"font-size: 12pt\">2023 PhD hallgat\u00f3 \u2013 Semmelweis Egyetem, Doktori Iskola, Fogorvostudom\u00e1nyi Tagozat<\/span><\/p>\n<p style=\"text-align: justify\"><span style=\"font-size: 12pt\"><strong>Szakmai tapasztalat\/klinikai el\u0151remenetel:<\/strong><\/span><br \/>\n<span style=\"font-size: 12pt\">2022 Fogp\u00f3tl\u00e1stani Klinika \u2013 klinikai orvos<\/span><\/p>\n<p style=\"text-align: justify\"><span style=\"font-size: 12pt\"><strong>Tudom\u00e1nyos tev\u00e9kenys\u00e9g:<\/strong><\/span><br \/>\n<span style=\"font-size: 12pt\">TDK munka: A metformin hat\u00e1sa a sz\u00e1j\u00fcregi eg\u00e9szs\u00e9gre (t\u00e9mavezet\u0151k: Dr. Ujp\u00e1l M\u00e1rta Ph.D., Dr. V\u00e9gh D\u00e1niel Ph.D.)<\/span><br \/>\n<span style=\"font-size: 12pt\">Munkacsoport: Diab\u00e9teszes Fog\u00e1szati Munkacsoport<\/span><br \/>\n<span style=\"font-size: 12pt\">PhD-tanulm\u00e1nyok: A diab\u00e9tesz sz\u00e1j\u00fcregi sz\u00f6v\u0151dm\u00e9nyeinek vizsg\u00e1lata (t\u00e9mavezet\u0151k: Dr. V\u00e9gh D\u00e1niel Ph.D., Haluszka D\u00f3ra Ph.D.)<\/span><\/p>\n<p style=\"text-align: justify\"><span style=\"font-size: 12pt\"><strong>El\u0151ad\u00e1sok:<br \/>\n<\/strong>2022 Semmelweis Egyetem TDK Konferencia, I. d\u00edj<\/span><br \/>\n<span style=\"font-size: 12pt\">2023 OTDK el\u0151ad\u00e1s<\/span><\/p>\n<p style=\"text-align: justify\"><span style=\"font-size: 12pt\"><strong>Szakmai szervezeti tags\u00e1gok:<br \/>\n<\/strong>2022 \u2013 Magyar Orvosi Kamara Fogorvostudom\u00e1nyok Tagozat<\/span><br \/>\n<span style=\"font-size: 12pt\">2022 \u2013 Magyar Fogorvosok Egyes\u00fclete<\/span><\/p>\n<p style=\"text-align: justify\"><span style=\"font-size: 12pt\"><strong>Nyelvismeret:<br \/>\n<\/strong>n\u00e9met C1 fels\u0151fok<\/span><br \/>\n<span style=\"font-size: 12pt\">angol B2 k\u00f6z\u00e9pfok<\/span><\/p>\n<p><a href=\"https:\/\/m2.mtmt.hu\/gui2\/?type=authors&amp;mode=browse&amp;sel=authors10089556\"><span style=\"font-size: 12pt\">Tudom\u00e1nyos k\u00f6zlem\u00e9nyek<\/span><\/a><\/p>\n<p><span style=\"font-size: 12pt\"><em>Az el\u00e9rhet\u0151s\u00e9gi adatok nem haszn\u00e1lhat\u00f3k fel az 1995. \u00e9vi CXIX. t\u00f6rv\u00e9ny szerinti kutat\u00e1s \u00e9s k\u00f6zvetlen \u00fczletszerz\u00e9s c\u00e9lj\u00e1ra.<\/em><\/span><\/p>\n","protected":false},"excerpt":{"rendered":"<p>Tanulm\u00e1nyok, szakk\u00e9pes\u00edt\u00e9s: <a href=\"https:\/\/semmelweis.hu\/fogpotlastan\/files\/2024\/07\/Dr.-Somogyi-Kata-Sara-scaled.jpg\"><\/a> 2022 Fogorvos diploma \u2013 Semmelweis Egyetem, Fogorvostudom\u00e1nyi Kar 2022 Fogp\u00f3tl\u00e1stan rezidensk\u00e9pz\u00e9s 2023 PhD hallgat\u00f3 \u2013 Semmelweis Egyetem, Doktori Iskola, Fogorvostudom\u00e1nyi Tagozat Szakmai tapasztalat\/klinikai el\u0151remenetel: 2022 Fogp\u00f3tl\u00e1stani Klinika \u2013 klinikai orvos Tudom\u00e1nyos tev\u00e9kenys\u00e9g: TDK munka: A metformin hat\u00e1sa a sz\u00e1j\u00fcregi eg\u00e9szs\u00e9gre (t\u00e9mavezet\u0151k: Dr. Ujp\u00e1l M\u00e1rta Ph.D., Dr. V\u00e9gh D\u00e1niel Ph.D.) Munkacsoport: Diab\u00e9teszes Fog\u00e1szati Munkacsoport &hellip;<\/p>\n","protected":false},"author":101231,"featured_media":0,"parent":9019,"menu_order":1,"comment_status":"closed","ping_status":"closed","template":"","meta":{"_acf_changed":false,"footnotes":""},"categories":[],"tags":[],"class_list":["post-9110","page","type-page","status-publish","hentry"],"acf":[],"_links":{"self":[{"href":"https:\/\/semmelweis.hu\/fogpotlastan\/wp-json\/wp\/v2\/pages\/9110","targetHints":{"allow":["GET"]}}],"collection":[{"href":"https:\/\/semmelweis.hu\/fogpotlastan\/wp-json\/wp\/v2\/pages"}],"about":[{"href":"https:\/\/semmelweis.hu\/fogpotlastan\/wp-json\/wp\/v2\/types\/page"}],"author":[{"embeddable":true,"href":"https:\/\/semmelweis.hu\/fogpotlastan\/wp-json\/wp\/v2\/users\/101231"}],"replies":[{"embeddable":true,"href":"https:\/\/semmelweis.hu\/fogpotlastan\/wp-json\/wp\/v2\/comments?post=9110"}],"version-history":[{"count":4,"href":"https:\/\/semmelweis.hu\/fogpotlastan\/wp-json\/wp\/v2\/pages\/9110\/revisions"}],"predecessor-version":[{"id":9192,"href":"https:\/\/semmelweis.hu\/fogpotlastan\/wp-json\/wp\/v2\/pages\/9110\/revisions\/9192"}],"up":[{"embeddable":true,"href":"https:\/\/semmelweis.hu\/fogpotlastan\/wp-json\/wp\/v2\/pages\/9019"}],"wp:attachment":[{"href":"https:\/\/semmelweis.hu\/fogpotlastan\/wp-json\/wp\/v2\/media?parent=9110"}],"wp:term":[{"taxonomy":"category","embeddable":true,"href":"https:\/\/semmelweis.hu\/fogpotlastan\/wp-json\/wp\/v2\/categories?post=9110"},{"taxonomy":"post_tag","embeddable":true,"href":"https:\/\/semmelweis.hu\/fogpotlastan\/wp-json\/wp\/v2\/tags?post=9110"}],"curies":[{"name":"wp","href":"https:\/\/api.w.org\/{rel}","templated":true}]}}