{"id":9107,"date":"2024-05-22T08:41:20","date_gmt":"2024-05-22T06:41:20","guid":{"rendered":"https:\/\/semmelweis.hu\/fogpotlastan\/?page_id=9107"},"modified":"2024-05-22T08:41:20","modified_gmt":"2024-05-22T06:41:20","slug":"dr-feher-dora-kombinalt-egyedi-fogszinkulcsos-vizualis-es-digitalis-fogszin-meghatarozasi-protokoll","status":"publish","type":"page","link":"https:\/\/semmelweis.hu\/fogpotlastan\/kutatas\/phd-kutatasok\/dr-feher-dora-kombinalt-egyedi-fogszinkulcsos-vizualis-es-digitalis-fogszin-meghatarozasi-protokoll\/","title":{"rendered":"Dr. Feh\u00e9r D\u00f3ra \u2013 Kombin\u00e1lt egyedi fogsz\u00ednkulcsos vizu\u00e1lis \u00e9s digit\u00e1lis fogsz\u00edn-meghat\u00e1roz\u00e1si protokoll"},"content":{"rendered":"<p style=\"text-align: justify\">Az elm\u00falt \u00e9vtizedekben rengeteg \u00faj anyag jelent meg a piacon, k\u00f6zt\u00fck is nagy figyelmet kapnak a teljes ker\u00e1mia rendszerek, mint a k\u00fcl\u00f6nf\u00e9le \u00fcveg-, oxid- \u00e9s hibridker\u00e1mi\u00e1k. A p\u00e1ciensek ig\u00e9nyei az eszt\u00e9tikus, saj\u00e1t fogakhoz hasonl\u00f3, term\u00e9szetes fogp\u00f3tl\u00e1sok ir\u00e1nt megn\u0151tt. A p\u00e1ciensek ezen ig\u00e9nyeit, az \u00faj CAD\/CAM teljes ker\u00e1mia anyagokkal igyeksz\u00fcnk kiel\u00e9g\u00edteni, ha arra lehet\u0151s\u00e9g\u00fcnk van, azonban a saj\u00e1t fogakhoz sz\u00ednben, eszt\u00e9tik\u00e1ban t\u00f6k\u00e9letesen passzol\u00f3 fogp\u00f3tl\u00e1s kialak\u00edt\u00e1sa nem egyszer\u0171 feladat. Ahhoz, hogy egy megfelel\u0151 eszt\u00e9tikus, sz\u00ednh\u0171 fogp\u00f3tl\u00e1st k\u00e9sz\u00edts\u00fcnk, sz\u00fcks\u00e9ges ismern\u00fcnk a fogsz\u00edn-meghat\u00e1roz\u00e1s, fogsz\u00edn-kommunik\u00e1ci\u00f3 \u00e9s reprodukci\u00f3 minden l\u00e9p\u00e9s\u00e9t. Hab\u00e1r az eszk\u00f6z\u00f6s, digit\u00e1lis fogsz\u00edn-meghat\u00e1roz\u00e1s egyre n\u00e9pszer\u0171bb m\u00e9g magas \u00e1ra miatt nem mindenhol el\u00e9rhet\u0151, illetve irodalmi adatok alapj\u00e1n az eszk\u00f6z\u00f6s fogsz\u00ednm\u00e9r\u00e9st is \u00e9rdemes vizu\u00e1lis, azaz fogsz\u00ednkulcsokkal v\u00e9gzett meghat\u00e1roz\u00e1ssal kieg\u00e9sz\u00edteni. A vizu\u00e1lis fogsz\u00edn-meghat\u00e1roz\u00e1shoz \u00e9s fogsz\u00edn-kommunik\u00e1ci\u00f3hoz m\u00e9g ma is a legt\u00f6bben a VITA Classical fogsz\u00ednkulcsokat haszn\u00e1lnak, amely 1956 \u00f3ta van a piacon, aminek az is lehet az oka, hogy ezek az \u00faj, teljes ker\u00e1mia anyagok a gy\u00e1rt\u00f3k \u00e1ltal a legt\u00f6bbsz\u00f6r a VITA Classical szerint van k\u00f3dolva. Am\u00edg az anyagok rohamtemp\u00f3ban fejl\u0151dnek, addig az \u00e1ltalunk haszn\u00e1lt fogsz\u00ednkulcsok \u00e9vtizedek \u00f3ta ugyanazok.<\/p>\n<p style=\"text-align: justify\">Kutat\u00e1sunk c\u00e9lja, hogy kik\u00fcsz\u00f6b\u00f6lj\u00fck \u00e9s r\u00e1mutassunk a fogsz\u00ednkulcsok \u00e9s a modern anyagok sz\u00ednk\u00fcl\u00f6nbs\u00e9g\u00e9b\u0151l ad\u00f3d\u00f3 hib\u00e1kra \u00e9s ir\u00e1nymutat\u00e1st tudjunk adni a fogsz\u00edn-meghat\u00e1roz\u00e1s ter\u00fclet\u00e9n, mind a fogsz\u00edn v\u00e1laszt\u00e1s, kommunik\u00e1ci\u00f3 \u00e9s reprodukci\u00f3 ter\u00e9n is. C\u00e9lunk, hogy a mindennapi \u00e9letbe rutinszer\u0171v\u00e9 tegy\u00fck, hogy a fogsz\u00edn-kommunik\u00e1ci\u00f3 a fogp\u00f3tl\u00e1shoz felhaszn\u00e1lt anyag seg\u00edts\u00e9g\u00e9vel t\u00f6rt\u00e9njen, mivel az biztosan a k\u00e9sz\u00fcl\u0151 fogp\u00f3tl\u00e1s sz\u00edn\u00e9vel azonos k\u00e9pet mutat a fogtechnikus sz\u00e1m\u00e1ra. Kutat\u00f3csoportunk c\u00e9lja hogy \u00faj, az irodalomban m\u00e9g kev\u00e9ss\u00e9 kutatott digit\u00e1lis eszk\u00f6z\u00f6ket pr\u00f3b\u00e1ljunk ki, azokat valid\u00e1ljuk, pontoss\u00e1gukat megismerj\u00fck, a mindennapi \u00e9letben alkalmazott protokollba be\u00e9p\u00edts\u00fck \u00e9s \u00e1ltaluk \u00faj technik\u00e1kat ismerj\u00fcnk meg, amelyet a klinikai gyakorlatban tudunk alkalmazni. Ilyen p\u00e9ld\u00e1ul az okostelefonhoz csatlakoztathat\u00f3 Optishade kolorim\u00e8ter, amely egy \u00faj a fogtechnikus munk\u00e1j\u00e1t nagyban seg\u00edt\u0151 Matisse rendszerrel van \u00f6sszek\u00f6tve. Ez a rendszer a fogsz\u00ednt le\u00edr\u00f3 h\u00e1rom koordin\u00e1ta (L*a*b* \u00e9rt\u00e9kek) alapj\u00e1n k\u00e9pes pontos receptet adni a fogtechnikus sz\u00e1m\u00e1ra a modern ker\u00e1mi\u00e1k fest\u00e9s\u00e9hez vagy a porcel\u00e1n r\u00e9tegz\u00e9s\u00e9hez leplezett fogp\u00f3tl\u00e1sok eset\u00e9n, m\u00edg a vele kommunik\u00e1l\u00f3 Optishade k\u00e9pes ezeknek az \u00e9rt\u00e9keknek a mer\u00e9s\u00e9re is. Az Optishade a fogsz\u00edn-meghat\u00e1roz\u00e1st \u00e9s kommunik\u00e1ci\u00f3t egyszerre val\u00f3s\u00edtja meg, mivel a fogakr\u00f3l egy k\u00e9pet k\u00e9sz\u00edt, a k\u00e9pen pedig a fog k\u00fcl\u00f6nb\u00f6z\u0151 r\u00e9szein m\u00e9rhet\u0151 a fogsz\u00edn, mind a hagyom\u00e1nyos fogsz\u00ednkulcsoknak \u00e9s a 3D-s sz\u00ednt\u00e9r L*a*b* \u00e9rtek\u00e9inek megfelel\u0151en is. Ezek az eszk\u00f6z\u00f6k kisz\u00e1m\u00edthat\u00f3bb\u00e1 teszik az eszt\u00e9tikai rehabilit\u00e1ci\u00f3t, nagy seg\u00edts\u00e9g\u00e9re vannak fogtechnikusoknak \u00e9s fogorvosoknak is egyar\u00e1nt.<\/p>\n","protected":false},"excerpt":{"rendered":"<p>Az elm\u00falt \u00e9vtizedekben rengeteg \u00faj anyag jelent meg a piacon, k\u00f6zt\u00fck is nagy figyelmet kapnak a teljes ker\u00e1mia rendszerek, mint a k\u00fcl\u00f6nf\u00e9le \u00fcveg-, oxid- \u00e9s hibridker\u00e1mi\u00e1k. A p\u00e1ciensek ig\u00e9nyei az eszt\u00e9tikus, saj\u00e1t fogakhoz hasonl\u00f3, term\u00e9szetes fogp\u00f3tl\u00e1sok ir\u00e1nt megn\u0151tt. A p\u00e1ciensek ezen ig\u00e9nyeit, az \u00faj CAD\/CAM teljes ker\u00e1mia anyagokkal igyeksz\u00fcnk kiel\u00e9g\u00edteni, ha arra lehet\u0151s\u00e9g\u00fcnk van, azonban &hellip;<\/p>\n","protected":false},"author":101231,"featured_media":0,"parent":5097,"menu_order":5,"comment_status":"closed","ping_status":"closed","template":"","meta":{"_acf_changed":false,"footnotes":""},"categories":[],"tags":[],"class_list":["post-9107","page","type-page","status-publish","hentry"],"acf":[],"_links":{"self":[{"href":"https:\/\/semmelweis.hu\/fogpotlastan\/wp-json\/wp\/v2\/pages\/9107","targetHints":{"allow":["GET"]}}],"collection":[{"href":"https:\/\/semmelweis.hu\/fogpotlastan\/wp-json\/wp\/v2\/pages"}],"about":[{"href":"https:\/\/semmelweis.hu\/fogpotlastan\/wp-json\/wp\/v2\/types\/page"}],"author":[{"embeddable":true,"href":"https:\/\/semmelweis.hu\/fogpotlastan\/wp-json\/wp\/v2\/users\/101231"}],"replies":[{"embeddable":true,"href":"https:\/\/semmelweis.hu\/fogpotlastan\/wp-json\/wp\/v2\/comments?post=9107"}],"version-history":[{"count":1,"href":"https:\/\/semmelweis.hu\/fogpotlastan\/wp-json\/wp\/v2\/pages\/9107\/revisions"}],"predecessor-version":[{"id":9108,"href":"https:\/\/semmelweis.hu\/fogpotlastan\/wp-json\/wp\/v2\/pages\/9107\/revisions\/9108"}],"up":[{"embeddable":true,"href":"https:\/\/semmelweis.hu\/fogpotlastan\/wp-json\/wp\/v2\/pages\/5097"}],"wp:attachment":[{"href":"https:\/\/semmelweis.hu\/fogpotlastan\/wp-json\/wp\/v2\/media?parent=9107"}],"wp:term":[{"taxonomy":"category","embeddable":true,"href":"https:\/\/semmelweis.hu\/fogpotlastan\/wp-json\/wp\/v2\/categories?post=9107"},{"taxonomy":"post_tag","embeddable":true,"href":"https:\/\/semmelweis.hu\/fogpotlastan\/wp-json\/wp\/v2\/tags?post=9107"}],"curies":[{"name":"wp","href":"https:\/\/api.w.org\/{rel}","templated":true}]}}