{"id":9,"date":"2012-01-26T11:51:13","date_gmt":"2012-01-26T10:51:13","guid":{"rendered":"http:\/\/semmelweis-egyetem.hu\/fogpotlastan\/?page_id=9"},"modified":"2019-02-04T14:09:07","modified_gmt":"2019-02-04T13:09:07","slug":"kutatas","status":"publish","type":"page","link":"https:\/\/semmelweis.hu\/fogpotlastan\/kutatas\/","title":{"rendered":"Kutat\u00e1s"},"content":{"rendered":"<p style=\"text-align: justify\">A klinika munkat\u00e1rsai a tank\u00f6nyvek meg\u00edr\u00e1s\u00e1n t\u00falmen\u0151en sz\u00e1mos dol\u00adgozatban, el\u0151ad\u00e1sban tett\u00e9k \u00e9s teszik k\u00f6zz\u00e9 kutat\u00e1si eredm\u00e9nyeiket. A t\u00e9m\u00e1k k\u00f6z\u00f6tt mind az alapkutat\u00e1sok, mind az alkalmazott kutat\u00e1sok egyes ter\u00fcletei megtal\u00e1lhat\u00f3ak. Az 1970-80-as \u00e9vekben az alapkutat\u00e1\u00adsok a t\u00e1pl\u00e1l\u00e9k feh\u00e9rjetartalma a fog-kem\u00e9nysz\u00f6vetekre &#8211; a nyomelemek kem\u00e9nysz\u00f6vetekre gyakorolt hat\u00e1s\u00e1ra ir\u00e1nyultak. Az alkalmazott kuta\u00adt\u00e1sok a hangk\u00e9pz\u00e9s, az implantol\u00f3gia, gerostomatol\u00f3gia, epidemiol\u00f3\u00adgia, sziszt\u00e9m\u00e1s betegs\u00e9gek \u00e9s a fogp\u00f3tl\u00e1stan \u00f6sszef\u00fcgg\u00e9sei mellett a pszichikum fog\u00e1szati vonatkoz\u00e1sainak k\u00e9rd\u00e9sk\u00f6re folyamatosan \u00e9rdek\u00adl\u0151d\u00e9s\u00fcnk homlokter\u00e9ben \u00e1ll.<\/p>\n<p style=\"text-align: justify\">A hazai \u00e9s nemzetk\u00f6zi irodalomban a \u201eR\u00e9szleges foghi\u00e1nyok pro\u00adtetikai oszt\u00e1lyoz\u00e1sa&#8221; c\u00edmmel is ismertt\u00e9 v\u00e1lt a r\u00e9szleges fogp\u00f3tl\u00e1sok tervez\u00e9s\u00e9t \u00e9s kivitelez\u00e9s\u00e9t \u00faj elm\u00e9leti alapokra helyez\u0151 tudom\u00e1nyos diagnosztikus rendszer, seg\u00edti a ter\u00e1pi\u00e1s lehet\u0151s\u00e9gek megv\u00e1laszt\u00e1s\u00e1t, \u00fatmutat\u00e1st ad a r\u00e9szleges foghi\u00e1nyok rehabilit\u00e1ci\u00f3j\u00e1ra. Mind a \u201eM\u00f3d\u00adszertani k\u00f6rlevel&#8221;-ek, mind a finansz\u00edroz\u00e1si jogszab\u00e1lyok e rendszert alkalmazz\u00e1k.<br \/>\nA hallgat\u00f3k kutat\u00f3munka ir\u00e1nti \u00e9rdekl\u0151d\u00e9s\u00e9t felkeltend\u0151 TDK m\u0171\u00adk\u00f6dik klinik\u00e1nkon. B\u00e1r v\u00e1ltoz\u00f3 intenzit\u00e1ssal \u00e9s eredm\u00e9nyess\u00e9ggel, de hallgat\u00f3ink mindig ott vannak az egyetemi \u00e9s orsz\u00e1gos megm\u00e9rettet\u00e9sen.<\/p>\n<p><a href=\"https:\/\/semmelweis.hu\/fogpotlastan\/kutatas\/munkacsoportok\/\"><strong>A Fogp\u00f3tl\u00e1stani Klinik\u00e1n m\u0171k\u00f6d\u0151 munkacsoportok<\/strong><\/a><\/p>\n<p><a href=\"https:\/\/semmelweis.hu\/fogpotlastan\/kutatas\/phd-kutatasok\/\"><strong>A Fogp\u00f3tl\u00e1stani Klinik\u00e1n folytatott PhD kutat\u00e1sok<\/strong><\/a><\/p>\n<p>&nbsp;<\/p>\n","protected":false},"excerpt":{"rendered":"<p>A klinika munkat\u00e1rsai a tank\u00f6nyvek meg\u00edr\u00e1s\u00e1n t\u00falmen\u0151en sz\u00e1mos dol\u00adgozatban, el\u0151ad\u00e1sban tett\u00e9k \u00e9s teszik k\u00f6zz\u00e9 kutat\u00e1si eredm\u00e9nyeiket. A t\u00e9m\u00e1k k\u00f6z\u00f6tt mind az alapkutat\u00e1sok, mind az alkalmazott kutat\u00e1sok egyes ter\u00fcletei megtal\u00e1lhat\u00f3ak. Az 1970-80-as \u00e9vekben az alapkutat\u00e1\u00adsok a t\u00e1pl\u00e1l\u00e9k feh\u00e9rjetartalma a fog-kem\u00e9nysz\u00f6vetekre &#8211; a nyomelemek kem\u00e9nysz\u00f6vetekre gyakorolt hat\u00e1s\u00e1ra ir\u00e1nyultak. Az alkalmazott kuta\u00adt\u00e1sok a hangk\u00e9pz\u00e9s, az implantol\u00f3gia, gerostomatol\u00f3gia, epidemiol\u00f3\u00adgia, &hellip;<\/p>\n","protected":false},"author":8,"featured_media":0,"parent":0,"menu_order":2,"comment_status":"open","ping_status":"closed","template":"","meta":{"_acf_changed":false,"footnotes":""},"categories":[],"tags":[],"class_list":["post-9","page","type-page","status-publish","hentry"],"acf":[],"_links":{"self":[{"href":"https:\/\/semmelweis.hu\/fogpotlastan\/wp-json\/wp\/v2\/pages\/9","targetHints":{"allow":["GET"]}}],"collection":[{"href":"https:\/\/semmelweis.hu\/fogpotlastan\/wp-json\/wp\/v2\/pages"}],"about":[{"href":"https:\/\/semmelweis.hu\/fogpotlastan\/wp-json\/wp\/v2\/types\/page"}],"author":[{"embeddable":true,"href":"https:\/\/semmelweis.hu\/fogpotlastan\/wp-json\/wp\/v2\/users\/8"}],"replies":[{"embeddable":true,"href":"https:\/\/semmelweis.hu\/fogpotlastan\/wp-json\/wp\/v2\/comments?post=9"}],"version-history":[{"count":11,"href":"https:\/\/semmelweis.hu\/fogpotlastan\/wp-json\/wp\/v2\/pages\/9\/revisions"}],"predecessor-version":[{"id":5104,"href":"https:\/\/semmelweis.hu\/fogpotlastan\/wp-json\/wp\/v2\/pages\/9\/revisions\/5104"}],"wp:attachment":[{"href":"https:\/\/semmelweis.hu\/fogpotlastan\/wp-json\/wp\/v2\/media?parent=9"}],"wp:term":[{"taxonomy":"category","embeddable":true,"href":"https:\/\/semmelweis.hu\/fogpotlastan\/wp-json\/wp\/v2\/categories?post=9"},{"taxonomy":"post_tag","embeddable":true,"href":"https:\/\/semmelweis.hu\/fogpotlastan\/wp-json\/wp\/v2\/tags?post=9"}],"curies":[{"name":"wp","href":"https:\/\/api.w.org\/{rel}","templated":true}]}}