{"id":89,"date":"2012-02-22T10:21:03","date_gmt":"2012-02-22T09:21:03","guid":{"rendered":"http:\/\/semmelweis-egyetem.hu\/fogpotlastan\/?page_id=89"},"modified":"2024-05-28T14:27:36","modified_gmt":"2024-05-28T12:27:36","slug":"dr-hermann-peter","status":"publish","type":"page","link":"https:\/\/semmelweis.hu\/fogpotlastan\/munkatarsak-terv\/dr-hermann-peter\/","title":{"rendered":"Prof. Dr. Hermann P\u00e9ter"},"content":{"rendered":"<p><strong><span style=\"font-size: 12pt;color: #000000\">Jelenlegi beoszt\u00e1s<a href=\"https:\/\/semmelweis.hu\/fogpotlastan\/files\/2019\/10\/Prof.-Dr.-Hermann-P\u00e9ter.jpg\"><img loading=\"lazy\" decoding=\"async\" class=\"size-medium wp-image-5606 alignright\" src=\"https:\/\/semmelweis.hu\/fogpotlastan\/files\/2019\/10\/Prof.-Dr.-Hermann-P\u00e9ter-200x300.jpg\" alt=\"\" width=\"200\" height=\"300\" srcset=\"https:\/\/semmelweis.hu\/fogpotlastan\/files\/2019\/10\/Prof.-Dr.-Hermann-P\u00e9ter-200x300.jpg 200w, https:\/\/semmelweis.hu\/fogpotlastan\/files\/2019\/10\/Prof.-Dr.-Hermann-P\u00e9ter.jpg 500w\" sizes=\"auto, (max-width: 200px) 100vw, 200px\" \/><\/a><\/span><\/strong><br \/>\n<span style=\"font-size: 12pt;color: #000000\">Oktat\u00e1si rektorhelyettes &#8211; Semmelweis Egyetem<\/span><br \/>\n<span style=\"font-size: 12pt;color: #000000\">Igazgat\u00f3 &#8211; Semmelweis Egyetem, Fogorvostudom\u00e1nyi Kar, Fogp\u00f3tl\u00e1stani Klinika<\/span><br \/>\n<span style=\"font-size: 12pt;color: #000000\">Eln\u00f6k &#8211; Szakfogorvos Szakk\u00e9pz\u00e9si Gr\u00e9mium, Semmelweis Egyetem, Fogorvostudom\u00e1nyi Kar<\/span><\/p>\n<p><strong><span style=\"font-size: 12pt;color: #000000\">V\u00e9gzetts\u00e9g, beoszt\u00e1sok<\/span><\/strong><br \/>\n<span style=\"font-size: 12pt;color: #000000\">1987. Fogorvosi diploma (D.M.D.) \u2013 summa cum laude <br \/>\n<\/span><span style=\"font-size: 12pt;color: #000000\">Semmelweis Egyetem, Fogorvostudom\u00e1nyi Kar <\/span><span style=\"font-size: 12pt;color: #000000\">Budapest<\/span><br \/>\n<span style=\"font-size: 12pt;color: #000000\">1989. Fog- \u00e9s Sz\u00e1jbetegs\u00e9gek szakvizsga<\/span><br \/>\n<span style=\"font-size: 12pt;color: #000000\">2004. Ph.D. &#8211; <\/span><span style=\"font-size: 12pt;color: #000000\">Semmelweis Egyetem<\/span><br \/>\n<span style=\"font-size: 12pt;color: #000000\">2004. Konzerv\u00e1l\u00f3 fog\u00e1szat \u00e9s fogp\u00f3tl\u00e1stan \u00e9s <\/span><span style=\"font-size: 12pt;color: #000000\">Parodontol\u00f3gia szakvizsga<\/span><br \/>\n<span style=\"font-size: 12pt;color: #000000\">2007 &#8211; 2010. D\u00e9k\u00e1nhelyettes &#8211; <\/span><span style=\"font-size: 12pt;color: #000000\">Semmelweis Egyetem, Fogorvostudom\u00e1nyi Kar<\/span><br \/>\n<span style=\"font-size: 12pt;color: #000000\">2010. Habilit\u00e1ci\u00f3 <\/span><span style=\"font-size: 12pt;color: #000000\">Semmelweis Egyetem<\/span><br \/>\n<span style=\"font-size: 12pt;color: #000000\">2013. Eg\u00e9szs\u00e9g\u00fcgyi Szakmenedzser Posztgradu\u00e1lis Program <\/span><span style=\"font-size: 12pt;color: #000000\">(M.Sc. diploma) &#8211; <\/span><span style=\"font-size: 12pt;color: #000000\">Semmelweis Egyetem, Eg\u00e9szs\u00e9g\u00fcgyi Menedzserk\u00e9pz\u0151 K\u00f6zpont, <\/span><span style=\"font-size: 12pt;color: #000000\">Budapest<\/span><br \/>\n<span style=\"font-size: 12pt;color: #000000\">2013 &#8211; 2015. D\u00e9k\u00e1n &#8211; <\/span><span style=\"font-size: 12pt;color: #000000\">Semmelweis Egyetem, Fogorvostudom\u00e1nyi Kar<\/span><br \/>\n<span style=\"font-size: 12pt;color: #000000\">2015 &#8211; Oktat\u00e1si rektorhelyettes &#8211; <\/span><span style=\"font-size: 12pt;color: #000000\">Semmelweis Egyetem<\/span><br \/>\n<span style=\"font-size: 12pt;color: #000000\">2019 &#8211; Eln\u00f6k &#8211; Szakfogorvos Szakk\u00e9pz\u00e9si Gr\u00e9mium, <\/span><span style=\"font-size: 12pt;color: #000000\">Semmelweis Egyetem, Fogorvostudom\u00e1nyi Kar<br \/>\n2019. Fogp\u00f3tl\u00e1stan \u00e9s Or\u00e1lis Implantol\u00f3gia szakvizsga<\/span><\/p>\n<p><strong><span style=\"font-size: 12pt;color: #000000\">K\u00fclf\u00f6ldi tanulm\u00e1nyok<\/span><\/strong><br \/>\n<span style=\"font-size: 12pt;color: #000000\">1994. Leuven-i Egyetem, Fogp\u00f3tl\u00e1stani Klinika<\/span><br \/>\n<span style=\"font-size: 12pt;color: #000000\">1995. M\u00fcnster-i Egyetem, Parodontol\u00f3giai Klinika<\/span><\/p>\n<p><strong><span style=\"font-size: 12pt;color: #000000\">Munkahely<\/span><\/strong><br \/>\n<span style=\"font-size: 12pt;color: #000000\">Semmelweis Egyetem, Fogorvostudom\u00e1nyi Kar, Fogp\u00f3tl\u00e1stani Klinika<\/span><br \/>\n<span style=\"font-size: 12pt;color: #000000\">1987 &#8211; 1989. Rezidens<\/span><br \/>\n<span style=\"font-size: 12pt;color: #000000\">1989 &#8211; 2000. Egyetemi tan\u00e1rseg\u00e9d<\/span><br \/>\n<span style=\"font-size: 12pt;color: #000000\">2000 &#8211; 2007. Egyetemi adjunktus<\/span><br \/>\n<span style=\"font-size: 12pt;color: #000000\">2001 &#8211; 2007. Oszt\u00e1lyvezet\u0151 &#8211; helyettes<\/span><br \/>\n<span style=\"font-size: 12pt;color: #000000\">2007 &#8211; 2010. Igazgat\u00f3helyettes<\/span><br \/>\n<span style=\"font-size: 12pt;color: #000000\">2007 &#8211; 2011. Egyetemi docens<\/span><br \/>\n<span style=\"font-size: 12pt;color: #000000\">2010 &#8211; Igazgat\u00f3<\/span><br \/>\n<span style=\"font-size: 12pt;color: #000000\">2011 &#8211; Egyetemi tan\u00e1r<\/span><\/p>\n<p><strong><span style=\"font-size: 12pt;color: #000000\">Kapcsol\u00f3d\u00f3 oktat\u00f3i tev\u00e9kenys\u00e9g<\/span><\/strong><br \/>\n<span style=\"font-size: 12pt;color: #000000\">H\u00e1rom bevezetett t\u00e1rgy tant\u00e1rgyi felel\u0151se: Gnatol\u00f3gia, Betegjogok elm\u00e9lete \u00e9s gyakorlata \u00e9s Doh\u00e1nyz\u00e1sr\u00f3l leszoktat\u00f3 program<\/span><\/p>\n<p><strong><span style=\"font-size: 12pt;color: #000000\">Szakmai tev\u00e9kenys\u00e9g<\/span><\/strong><br \/>\n<span style=\"font-size: 12pt;color: #000000\">1998 &#8211; 2002. Titk\u00e1rs\u00e1gvezet\u0151 &#8211; <\/span><span style=\"font-size: 12pt;color: #000000\">Magyar Orvosi Kamara, Fogorvosi Tagozat<\/span><br \/>\n<span style=\"font-size: 12pt;color: #000000\">2001 &#8211; Vezet\u0151s\u00e9gi tag &#8211; <\/span><span style=\"font-size: 12pt;color: #000000\">Magyar Fogorvosok Egyes\u00fclete, Fogp\u00f3tl\u00e1stani T\u00e1rsas\u00e1g<\/span><br \/>\n<span style=\"font-size: 12pt;color: #000000\">2002 &#8211; 2007. Eln\u00f6khelyettes &#8211; <\/span><span style=\"font-size: 12pt;color: #000000\">Magyar Orvosi Kamara, Fogorvosi Tagozat<\/span><br \/>\n<span style=\"font-size: 12pt;color: #000000\">2005 &#8211; Tag &#8211;<\/span><span style=\"font-size: 12pt;color: #000000\">Semmelweis Egyetem, Fogorvostudom\u00e1nyi Kar, Kari Tan\u00e1cs<\/span><br \/>\n<span style=\"font-size: 12pt;color: #000000\">2007 &#8211; Magyar deleg\u00e1lt &#8211; <\/span><span style=\"font-size: 12pt;color: #000000\">Eur\u00f3pai Fogorvosok Tan\u00e1csa (Council of European Dentists)<\/span><br \/>\n<span style=\"font-size: 12pt;color: #000000\">2007 &#8211; 2019 Eln\u00f6k &#8211; <\/span><span style=\"font-size: 12pt;color: #000000\">Magyar Orvosi Kamara, Fogorvosi Tagozat<\/span><br \/>\n<span style=\"font-size: 12pt;color: #000000\">2009 &#8211; Tag &#8211; <\/span><span style=\"font-size: 12pt;color: #000000\">Fog- \u00e9s Sz\u00e1jbetegs\u00e9gek Szakmai Koll\u00e9giuma<\/span><br \/>\n<span style=\"font-size: 12pt;color: #000000\">2015 &#8211; Tag &#8211; <\/span><span style=\"font-size: 12pt;color: #000000\">Magyar Tudom\u00e1nyos Akad\u00e9mia, Orvosi Tudom\u00e1nyok Oszt\u00e1lya, Klinikai Tudom\u00e1nyos Bizotts\u00e1g<\/span><br \/>\n<span style=\"font-size: 12pt;color: #000000\">2017 &#8211; 2020. Tan\u00e1cseln\u00f6k &#8211; <\/span><span style=\"font-size: 12pt;color: #000000\">Szakmai Koll\u00e9gium, Fog- \u00e9s Sz\u00e1jbetegs\u00e9gek Tan\u00e1csa<br \/>\n2020 &#8211; Tagozat eln\u00f6k &#8211; Szakmai Koll\u00e9gium, Fog- \u00e9s Sz\u00e1jbetegs\u00e9gek Tagozat<br \/>\n2021 &#8211; T\u00e1rseln\u00f6k &#8211; Magyar Rektori Konferencia Orvos- \u00e9s Eg\u00e9szs\u00e9gtudom\u00e1nyi Bizotts\u00e1g<\/span><\/p>\n<p><strong><span style=\"font-size: 12pt;color: #000000\">K\u00f6zlem\u00e9nyek<\/span><\/strong><br \/>\n<span style=\"font-size: 12pt;color: #000000\">Publik\u00e1ci\u00f3k: 67<\/span><br \/>\n<span style=\"font-size: 12pt;color: #000000\">Id\u00e9zetts\u00e9g: 407<\/span><br \/>\n<span style=\"font-size: 12pt;color: #000000\">F\u00fcggetlen id\u00e9zetts\u00e9g: 353<\/span><br \/>\n<span style=\"font-size: 12pt;color: #000000\">K\u00f6nyv <\/span><br \/>\n<span style=\"font-size: 12pt;color: #000000\">(\u00edr\u00f3 vagy szerkeszt\u0151) 3<\/span><br \/>\n<span style=\"font-size: 12pt;color: #000000\">K\u00f6nyvr\u00e9szlet: 7<\/span><\/p>\n<p><strong><span style=\"font-size: 12pt;color: #000000\">Szerkeszt\u0151bizotts\u00e1gi tags\u00e1gok<\/span><\/strong><br \/>\n<span style=\"font-size: 12pt;color: #000000\">1994 &#8211; Szerkeszt\u0151 &#8211; <\/span><span style=\"font-size: 12pt;color: #000000\">Magyar Fogorvos<\/span><br \/>\n<span style=\"font-size: 12pt;color: #000000\">2003 &#8211; Vezet\u0151 Szerkeszt\u0151 &#8211; <\/span><span style=\"font-size: 12pt;color: #000000\">Dental H\u00edrek<\/span><br \/>\n<span style=\"font-size: 12pt;color: #000000\">2008 &#8211; Szerkeszt\u0151bizotts\u00e1gi Tag &#8211; <\/span><span style=\"font-size: 12pt;color: #000000\">Semmelweis \u00fajs\u00e1g<\/span><br \/>\n<span style=\"font-size: 12pt;color: #000000\">2015 &#8211; T\u00e1rs f\u0151szerkeszt\u0151 &#8211; <\/span><span style=\"font-size: 12pt;color: #000000\">Stomatology Edu Journal<\/span><br \/>\n<span style=\"font-size: 12pt;color: #000000\">2019 &#8211; F\u0151szerkeszt\u0151 &#8211; <\/span><span style=\"font-size: 12pt;color: #000000\">Fogorvosi Szemle<\/span><\/p>\n<p><strong><span style=\"font-size: 12pt;color: #000000\">Nyelvismeret<\/span><\/strong><br \/>\n<span style=\"font-size: 12pt;color: #000000\">Magyar &#8211; anyanyelv<\/span><br \/>\n<span style=\"font-size: 12pt;color: #000000\">Angol &#8211; t\u00e1rgyal\u00f3k\u00e9pes<\/span><br \/>\n<span style=\"font-size: 12pt;color: #000000\">Olasz &#8211; t\u00e1rsalg\u00e1si szint<\/span><\/p>\n<p><span style=\"color: #000000;font-size: 12pt\"><a href=\"https:\/\/vm.mtmt.hu\/\/search\/slist.php?lang=0&amp;AuthorID=10014927\">Tudom\u00e1nyos k\u00f6zlem\u00e9nyek<\/a><\/span><\/p>\n<p><span style=\"font-size: 12pt;color: #000000\"><em>Az el\u00e9rhet\u0151s\u00e9gi adatok nem haszn\u00e1lhat\u00f3k fel az 1995. \u00e9vi CXIX. t\u00f6rv\u00e9ny szerinti kutat\u00e1s \u00e9s k\u00f6zvetlen \u00fczletszerz\u00e9s c\u00e9lj\u00e1ra.<\/em><\/span><\/p>\n<p>&nbsp;<\/p>\n","protected":false},"excerpt":{"rendered":"<p>Jelenlegi beoszt\u00e1s <a href=\"https:\/\/semmelweis.hu\/fogpotlastan\/files\/2019\/10\/Prof.-Dr.-Hermann-P\u00e9ter.jpg\"><\/a> Oktat\u00e1si rektorhelyettes &#8211; Semmelweis Egyetem Igazgat\u00f3 &#8211; Semmelweis Egyetem, Fogorvostudom\u00e1nyi Kar, Fogp\u00f3tl\u00e1stani Klinika Eln\u00f6k &#8211; Szakfogorvos Szakk\u00e9pz\u00e9si Gr\u00e9mium, Semmelweis Egyetem, Fogorvostudom\u00e1nyi Kar V\u00e9gzetts\u00e9g, beoszt\u00e1sok 1987. Fogorvosi diploma (D.M.D.) \u2013 summa cum laude Semmelweis Egyetem, Fogorvostudom\u00e1nyi Kar Budapest 1989. Fog- \u00e9s Sz\u00e1jbetegs\u00e9gek szakvizsga 2004. Ph.D. &#8211; Semmelweis Egyetem 2004. Konzerv\u00e1l\u00f3 fog\u00e1szat \u00e9s fogp\u00f3tl\u00e1stan \u00e9s &hellip;<\/p>\n","protected":false},"author":38,"featured_media":0,"parent":9019,"menu_order":0,"comment_status":"closed","ping_status":"closed","template":"","meta":{"_acf_changed":false,"footnotes":""},"categories":[],"tags":[],"class_list":["post-89","page","type-page","status-publish","hentry"],"acf":[],"_links":{"self":[{"href":"https:\/\/semmelweis.hu\/fogpotlastan\/wp-json\/wp\/v2\/pages\/89","targetHints":{"allow":["GET"]}}],"collection":[{"href":"https:\/\/semmelweis.hu\/fogpotlastan\/wp-json\/wp\/v2\/pages"}],"about":[{"href":"https:\/\/semmelweis.hu\/fogpotlastan\/wp-json\/wp\/v2\/types\/page"}],"author":[{"embeddable":true,"href":"https:\/\/semmelweis.hu\/fogpotlastan\/wp-json\/wp\/v2\/users\/38"}],"replies":[{"embeddable":true,"href":"https:\/\/semmelweis.hu\/fogpotlastan\/wp-json\/wp\/v2\/comments?post=89"}],"version-history":[{"count":11,"href":"https:\/\/semmelweis.hu\/fogpotlastan\/wp-json\/wp\/v2\/pages\/89\/revisions"}],"predecessor-version":[{"id":9123,"href":"https:\/\/semmelweis.hu\/fogpotlastan\/wp-json\/wp\/v2\/pages\/89\/revisions\/9123"}],"up":[{"embeddable":true,"href":"https:\/\/semmelweis.hu\/fogpotlastan\/wp-json\/wp\/v2\/pages\/9019"}],"wp:attachment":[{"href":"https:\/\/semmelweis.hu\/fogpotlastan\/wp-json\/wp\/v2\/media?parent=89"}],"wp:term":[{"taxonomy":"category","embeddable":true,"href":"https:\/\/semmelweis.hu\/fogpotlastan\/wp-json\/wp\/v2\/categories?post=89"},{"taxonomy":"post_tag","embeddable":true,"href":"https:\/\/semmelweis.hu\/fogpotlastan\/wp-json\/wp\/v2\/tags?post=89"}],"curies":[{"name":"wp","href":"https:\/\/api.w.org\/{rel}","templated":true}]}}