{"id":8815,"date":"2024-01-29T10:57:37","date_gmt":"2024-01-29T09:57:37","guid":{"rendered":"https:\/\/semmelweis.hu\/fogpotlastan\/?page_id=8815"},"modified":"2025-09-26T13:05:13","modified_gmt":"2025-09-26T11:05:13","slug":"wintersemester-2025-2026","status":"publish","type":"page","link":"https:\/\/semmelweis.hu\/fogpotlastan\/de\/nemet\/wintersemester-2025-2026\/","title":{"rendered":"Wintersemester 2025\/2026"},"content":{"rendered":"<h5>II. Studienjahr<\/h5>\n<h6><span style=\"font-size: 12pt\"><strong>Odontotechnologie \u2013 Prothetische Prop\u00e4deutik I.\u00a0<\/strong><\/span><\/h6>\n<p style=\"padding-left: 40px\"><a href=\"https:\/\/semmelweis.hu\/fogpotlastan\/files\/2025\/09\/TP-Odonto-I-DE.pdf\"><span style=\"font-size: 10pt\">Studienfachbeschreibung<\/span><\/a><\/p>\n<p style=\"padding-left: 40px\"><a href=\"https:\/\/semmelweis.hu\/fogpotlastan\/files\/2025\/08\/HT-Odonto-I-DE.pdf\"><span style=\"font-size: 10pt\">Information f\u00fcr die Studenten<\/span><\/a><\/p>\n<p style=\"padding-left: 40px\"><a href=\"https:\/\/semmelweis.hu\/fogpotlastan\/files\/2025\/08\/Tem-Odonto-I-DE.pdf\"><span style=\"font-size: 10pt\">Themen<\/span><\/a><\/p>\n<p style=\"padding-left: 40px\"><a href=\"https:\/\/semmelweis.hu\/fogpotlastan\/files\/2025\/08\/Odonto-I-gyak-tem-DE.pdf\"><span style=\"font-size: 10pt\">Praktikumsthematik 2025\/2026<\/span><\/a><\/p>\n<p style=\"padding-left: 40px\"><a href=\"https:\/\/semmelweis.hu\/fogpotlastan\/files\/2025\/08\/HAUSORDNUNG-FUR-STUDENTEN-2025-osztol.pdf\"><span style=\"font-size: 10pt\">Hausordnung f\u00fcr Studenten <\/span><\/a><\/p>\n<p style=\"padding-left: 40px\"><a href=\"https:\/\/semmelweis.hu\/fogpotlastan\/files\/2025\/08\/Studentische-Brand-und-Arbeitsschutzvorschriften-2025-osztol.pdf\"><span style=\"font-size: 10pt\">Studentische Brand- und Arbeitsschutzvorschriften<\/span><\/a><\/p>\n<h5>III. Studienjahr<\/h5>\n<h6><span style=\"font-size: 12pt\"><strong>Odontotechnologie \u2013 Prothetische Prop\u00e4deutik III.<\/strong><\/span><\/h6>\n<p style=\"padding-left: 40px\"><a href=\"https:\/\/semmelweis.hu\/fogpotlastan\/files\/2025\/09\/TP-Odonto-III-DE.pdf\"><span style=\"font-size: 10pt\">Studeinfachbeschreibung<\/span><\/a><\/p>\n<p style=\"padding-left: 40px\"><a href=\"https:\/\/semmelweis.hu\/fogpotlastan\/files\/2025\/09\/HT-Odonto-III-DE.pdf\"><span style=\"font-size: 10pt\">Information f\u00fcr die Studenten<\/span><\/a><\/p>\n<p style=\"padding-left: 40px\"><a href=\"https:\/\/semmelweis.hu\/fogpotlastan\/files\/2025\/09\/Odonto-III-gyak-tem-DE.pdf\"><span style=\"font-size: 10pt\">Praktikumsthematik 2025\/2026<\/span><\/a><\/p>\n<p style=\"padding-left: 40px\"><span style=\"font-size: 10pt\"><strong><a href=\"https:\/\/semmelweis.hu\/fogpotlastan\/files\/2024\/07\/Odontotechnologia-es-fogpotlastani-propedeutika-III-nemet.pdf\">NEUE PR\u00dcFUNGSFRAGEN<\/a> &#8211; ab dem Studienjahr 2024\/2025<\/strong><\/span><\/p>\n<p style=\"padding-left: 40px\"><a href=\"https:\/\/semmelweis.hu\/fogpotlastan\/files\/2020\/12\/N\u00e9met-nyelvi-k\u00e9rd\u00e9sek-csoportos\u00edtva.pdf\"><span style=\"font-size: 10pt\">UNGARISCHE SPRACHPR\u00dcFUNG<\/span><\/a><\/p>\n<p style=\"padding-left: 40px\"><a href=\"https:\/\/semmelweis.hu\/fogpotlastan\/files\/2025\/08\/HAUSORDNUNG-FUR-STUDENTEN-2025-osztol.pdf\"><span style=\"font-size: 10pt\">Hausordnung f\u00fcr Studenten <\/span><\/a><\/p>\n<p style=\"padding-left: 40px\"><a href=\"https:\/\/semmelweis.hu\/fogpotlastan\/files\/2025\/08\/Studentische-Brand-und-Arbeitsschutzvorschriften-2025-osztol.pdf\"><span style=\"font-size: 10pt\">Studentische Brand- und Arbeitsschutzvorschriften<\/span><\/a><\/p>\n<h5>IV. Studienjahr<\/h5>\n<h6><span style=\"font-size: 12pt\"><b>Zahn\u00e4rztliche Prothetik II.<\/b><\/span><\/h6>\n<p style=\"padding-left: 40px\"><a href=\"https:\/\/semmelweis.hu\/fogpotlastan\/files\/2025\/08\/TP-Fogpotlastan-II-DE.pdf\"><span style=\"font-size: 10pt\">Studienfachbe<\/span><span style=\"font-size: 10pt\">s<\/span><span style=\"font-size: 10pt\">chreibung<\/span><\/a><\/p>\n<p style=\"padding-left: 40px\"><a href=\"https:\/\/semmelweis.hu\/fogpotlastan\/files\/2025\/08\/HT-Fogpotlastan-II-DE.pdf\"><span style=\"font-size: 10pt\">Information f\u00fcr die Studenten<\/span><\/a><\/p>\n<p style=\"padding-left: 40px\"><a href=\"https:\/\/semmelweis.hu\/fogpotlastan\/files\/2025\/08\/Tem-Fogpotlastan-II-DE.pdf\"><span style=\"font-size: 10pt\">Themen<\/span><\/a><\/p>\n<p style=\"padding-left: 40px\"><span style=\"font-size: 10pt\"><strong><a href=\"https:\/\/semmelweis.hu\/fogpotlastan\/files\/2024\/07\/Fogpotlastan-II.-nemet.pdf\">NEUE PR\u00dcFUNGSFRAGEN<\/a> &#8211; ab dem Studienjahr 2024\/2025<\/strong><\/span><\/p>\n<h6><span style=\"font-size: 12pt\"><b>Gnatholo<\/b><b>g<\/b><b>ie<\/b><\/span><\/h6>\n<p style=\"padding-left: 40px\"><a href=\"https:\/\/semmelweis.hu\/fogpotlastan\/files\/2025\/09\/TP-Gnato-DE-1.pdf\"><span style=\"font-size: 10pt\">Studeinfachbeschreibung<\/span><\/a><\/p>\n<p style=\"padding-left: 40px\"><a href=\"https:\/\/semmelweis.hu\/fogpotlastan\/files\/2025\/09\/HT-Gnato-DE-1.pdf\"><span style=\"font-size: 10pt\">Information f\u00fcr die Studenten<\/span><\/a><\/p>\n<p style=\"padding-left: 40px\"><a href=\"https:\/\/semmelweis.hu\/fogpotlastan\/files\/2025\/08\/Tem-Gnatologia-DE.pdf\"><span style=\"font-size: 10pt\">Themen<\/span><\/a><\/p>\n<p style=\"padding-left: 40px\"><span style=\"font-size: 10pt\"><a href=\"https:\/\/semmelweis.hu\/fogpotlastan\/files\/2023\/09\/UJ-Gnathologie-Fragenkatalog.pdf\">NEUE PR\u00dcFUNGSFRAGEN<\/a><\/span><\/p>\n<h5>V. Studienjahr<\/h5>\n<h6><span style=\"font-size: 12pt\"><strong>Zahn\u00e4rztliche Prothetik IV.<\/strong><\/span><\/h6>\n<p style=\"padding-left: 40px\"><a href=\"https:\/\/semmelweis.hu\/fogpotlastan\/files\/2025\/08\/TP-Fogpotlastan-IV-DE.pdf\"><span style=\"font-size: 10pt\">Studienfachbeschreibung<\/span><\/a><\/p>\n<p style=\"padding-left: 40px\"><a href=\"https:\/\/semmelweis.hu\/fogpotlastan\/files\/2025\/08\/HT-Fogpotlastan-IV-DE.pdf\"><span style=\"font-size: 10pt\">Information f\u00fcr die Studenten<\/span><\/a><\/p>\n<h6><span style=\"font-size: 12pt\"><strong>Klinische Zahnheilkunde I.<\/strong><\/span><\/h6>\n<p style=\"padding-left: 40px\"><a href=\"https:\/\/semmelweis.hu\/fogpotlastan\/files\/2025\/08\/TP-Klinikai-fogaszat-I-DE.pdf\"><span style=\"font-size: 10pt\">Studienfachbeschr<\/span><span style=\"font-size: 10pt\">e<\/span><span style=\"font-size: 10pt\">ibung<\/span><\/a><\/p>\n<p style=\"padding-left: 40px\"><a href=\"https:\/\/semmelweis.hu\/fogpotlastan\/files\/2025\/08\/HT-Klinikai-fogaszat-I-DE.pdf\"><span style=\"font-size: 10pt\">Information f\u00fcr die Studenten<\/span><\/a><\/p>\n","protected":false},"excerpt":{"rendered":"<p>II. Studienjahr Odontotechnologie \u2013 Prothetische Prop\u00e4deutik I.\u00a0 <a href=\"https:\/\/semmelweis.hu\/fogpotlastan\/files\/2025\/09\/TP-Odonto-I-DE.pdf\">Studienfachbeschreibung<\/a> <a href=\"https:\/\/semmelweis.hu\/fogpotlastan\/files\/2025\/08\/HT-Odonto-I-DE.pdf\">Information f\u00fcr die Studenten<\/a> <a href=\"https:\/\/semmelweis.hu\/fogpotlastan\/files\/2025\/08\/Tem-Odonto-I-DE.pdf\">Themen<\/a> <a href=\"https:\/\/semmelweis.hu\/fogpotlastan\/files\/2025\/08\/Odonto-I-gyak-tem-DE.pdf\">Praktikumsthematik 2025\/2026<\/a> <a href=\"https:\/\/semmelweis.hu\/fogpotlastan\/files\/2025\/08\/HAUSORDNUNG-FUR-STUDENTEN-2025-osztol.pdf\">Hausordnung f\u00fcr Studenten <\/a> <a href=\"https:\/\/semmelweis.hu\/fogpotlastan\/files\/2025\/08\/Studentische-Brand-und-Arbeitsschutzvorschriften-2025-osztol.pdf\">Studentische Brand- und Arbeitsschutzvorschriften<\/a> III. Studienjahr Odontotechnologie \u2013 Prothetische Prop\u00e4deutik III. <a href=\"https:\/\/semmelweis.hu\/fogpotlastan\/files\/2025\/09\/TP-Odonto-III-DE.pdf\">Studeinfachbeschreibung<\/a> <a href=\"https:\/\/semmelweis.hu\/fogpotlastan\/files\/2025\/09\/HT-Odonto-III-DE.pdf\">Information f\u00fcr die Studenten<\/a> <a href=\"https:\/\/semmelweis.hu\/fogpotlastan\/files\/2025\/09\/Odonto-III-gyak-tem-DE.pdf\">Praktikumsthematik 2025\/2026<\/a> <a href=\"https:\/\/semmelweis.hu\/fogpotlastan\/files\/2024\/07\/Odontotechnologia-es-fogpotlastani-propedeutika-III-nemet.pdf\">NEUE PR\u00dcFUNGSFRAGEN<\/a> &#8211; ab dem Studienjahr 2024\/2025 <a href=\"https:\/\/semmelweis.hu\/fogpotlastan\/files\/2020\/12\/N\u00e9met-nyelvi-k\u00e9rd\u00e9sek-csoportos\u00edtva.pdf\">UNGARISCHE SPRACHPR\u00dcFUNG<\/a> <a href=\"https:\/\/semmelweis.hu\/fogpotlastan\/files\/2025\/08\/HAUSORDNUNG-FUR-STUDENTEN-2025-osztol.pdf\">Hausordnung f\u00fcr Studenten <\/a> <a href=\"https:\/\/semmelweis.hu\/fogpotlastan\/files\/2025\/08\/Studentische-Brand-und-Arbeitsschutzvorschriften-2025-osztol.pdf\">Studentische Brand- und Arbeitsschutzvorschriften<\/a> IV. Studienjahr Zahn\u00e4rztliche Prothetik II. <a href=\"https:\/\/semmelweis.hu\/fogpotlastan\/files\/2025\/08\/TP-Fogpotlastan-II-DE.pdf\">Studienfachbeschreibung<\/a> <a href=\"https:\/\/semmelweis.hu\/fogpotlastan\/files\/2025\/08\/HT-Fogpotlastan-II-DE.pdf\">Information f\u00fcr die Studenten<\/a> <a href=\"https:\/\/semmelweis.hu\/fogpotlastan\/files\/2025\/08\/Tem-Fogpotlastan-II-DE.pdf\">Themen<\/a> <a href=\"https:\/\/semmelweis.hu\/fogpotlastan\/files\/2024\/07\/Fogpotlastan-II.-nemet.pdf\">NEUE PR\u00dcFUNGSFRAGEN<\/a> &#8211; ab dem Studienjahr 2024\/2025 Gnathologie <a href=\"https:\/\/semmelweis.hu\/fogpotlastan\/files\/2025\/09\/TP-Gnato-DE-1.pdf\">Studeinfachbeschreibung<\/a> <a href=\"https:\/\/semmelweis.hu\/fogpotlastan\/files\/2025\/09\/HT-Gnato-DE-1.pdf\">Information f\u00fcr die Studenten<\/a> <a href=\"https:\/\/semmelweis.hu\/fogpotlastan\/files\/2025\/08\/Tem-Gnatologia-DE.pdf\">Themen<\/a> <a href=\"https:\/\/semmelweis.hu\/fogpotlastan\/files\/2023\/09\/UJ-Gnathologie-Fragenkatalog.pdf\">NEUE PR\u00dcFUNGSFRAGEN<\/a> V. Studienjahr Zahn\u00e4rztliche Prothetik IV. <a href=\"https:\/\/semmelweis.hu\/fogpotlastan\/files\/2025\/08\/TP-Fogpotlastan-IV-DE.pdf\">Studienfachbeschreibung<\/a> <a href=\"https:\/\/semmelweis.hu\/fogpotlastan\/files\/2025\/08\/HT-Fogpotlastan-IV-DE.pdf\">Information f\u00fcr die Studenten<\/a> Klinische Zahnheilkunde I. <a href=\"https:\/\/semmelweis.hu\/fogpotlastan\/files\/2025\/08\/TP-Klinikai-fogaszat-I-DE.pdf\">Studienfachbeschreibung<\/a> &hellip;<\/p>\n","protected":false},"author":101231,"featured_media":0,"parent":221,"menu_order":1,"comment_status":"closed","ping_status":"closed","template":"","meta":{"_acf_changed":false,"footnotes":""},"categories":[],"tags":[],"class_list":["post-8815","page","type-page","status-publish","hentry"],"acf":[],"_links":{"self":[{"href":"https:\/\/semmelweis.hu\/fogpotlastan\/wp-json\/wp\/v2\/pages\/8815","targetHints":{"allow":["GET"]}}],"collection":[{"href":"https:\/\/semmelweis.hu\/fogpotlastan\/wp-json\/wp\/v2\/pages"}],"about":[{"href":"https:\/\/semmelweis.hu\/fogpotlastan\/wp-json\/wp\/v2\/types\/page"}],"author":[{"embeddable":true,"href":"https:\/\/semmelweis.hu\/fogpotlastan\/wp-json\/wp\/v2\/users\/101231"}],"replies":[{"embeddable":true,"href":"https:\/\/semmelweis.hu\/fogpotlastan\/wp-json\/wp\/v2\/comments?post=8815"}],"version-history":[{"count":10,"href":"https:\/\/semmelweis.hu\/fogpotlastan\/wp-json\/wp\/v2\/pages\/8815\/revisions"}],"predecessor-version":[{"id":9824,"href":"https:\/\/semmelweis.hu\/fogpotlastan\/wp-json\/wp\/v2\/pages\/8815\/revisions\/9824"}],"up":[{"embeddable":true,"href":"https:\/\/semmelweis.hu\/fogpotlastan\/wp-json\/wp\/v2\/pages\/221"}],"wp:attachment":[{"href":"https:\/\/semmelweis.hu\/fogpotlastan\/wp-json\/wp\/v2\/media?parent=8815"}],"wp:term":[{"taxonomy":"category","embeddable":true,"href":"https:\/\/semmelweis.hu\/fogpotlastan\/wp-json\/wp\/v2\/categories?post=8815"},{"taxonomy":"post_tag","embeddable":true,"href":"https:\/\/semmelweis.hu\/fogpotlastan\/wp-json\/wp\/v2\/tags?post=8815"}],"curies":[{"name":"wp","href":"https:\/\/api.w.org\/{rel}","templated":true}]}}