{"id":8776,"date":"2023-11-28T13:42:16","date_gmt":"2023-11-28T12:42:16","guid":{"rendered":"https:\/\/semmelweis.hu\/fogpotlastan\/?page_id=8776"},"modified":"2025-09-26T13:01:47","modified_gmt":"2025-09-26T11:01:47","slug":"2025-2026-os-tanev-i-felev","status":"publish","type":"page","link":"https:\/\/semmelweis.hu\/fogpotlastan\/oktatas\/2025-2026-os-tanev-i-felev\/","title":{"rendered":"2025\/2026-os tan\u00e9v I. f\u00e9l\u00e9v"},"content":{"rendered":"<h5>II. \u00e9vfolyam<\/h5>\n<h6><span style=\"font-size: 12pt\"><strong>Odontotechnol\u00f3gia \u00e9s Fogp\u00f3tl\u00e1stani Propedeutika I.\u00a0<\/strong><\/span><\/h6>\n<p style=\"padding-left: 40px\"><a href=\"https:\/\/semmelweis.hu\/fogpotlastan\/files\/2025\/09\/TP-Odonto-I-HU.pdf\"><span style=\"font-size: 10pt\">Tant\u00e1rgyi program<\/span><\/a><\/p>\n<p style=\"padding-left: 40px\"><a href=\"https:\/\/semmelweis.hu\/fogpotlastan\/files\/2025\/08\/HT-Odonto-I-HU.pdf\"><span style=\"font-size: 13.3333px\">Hallgat\u00f3i t\u00e1j\u00e9koztat\u00f3<\/span><\/a><\/p>\n<p style=\"padding-left: 40px\"><a href=\"https:\/\/semmelweis.hu\/fogpotlastan\/files\/2025\/08\/Tem-Odonto-I-HU.pdf\"><span style=\"font-size: 10pt\">Tematika<\/span><\/a><\/p>\n<p style=\"padding-left: 40px\"><a href=\"https:\/\/semmelweis.hu\/fogpotlastan\/files\/2025\/08\/Odonto-I-gyak-tem-HU.pdf\"><span style=\"font-size: 10pt\">Gyakorlati tematika 2025\/2026<\/span><\/a><\/p>\n<p style=\"padding-left: 40px\"><a href=\"https:\/\/semmelweis.hu\/fogpotlastan\/files\/2025\/08\/Hallgatoi-Hazirend-2025-osztol.pdf\"><span style=\"font-size: 10pt\">Hallgat\u00f3i h\u00e1zirend <\/span><\/a><\/p>\n<p style=\"padding-left: 40px\"><a href=\"https:\/\/semmelweis.hu\/fogpotlastan\/files\/2025\/08\/Tuz-es-munkavedelmi-eloiras-2025-osztol.pdf\"><span style=\"font-size: 10pt\">Hallgat\u00f3kra vonatkoz\u00f3 t\u0171z- \u00e9s munkav\u00e9delmi el\u0151\u00edr\u00e1sok<\/span><\/a><\/p>\n<h5>III. \u00e9vfolyam<\/h5>\n<h6><span style=\"font-size: 12pt\"><strong>Odontotechnol\u00f3gia \u00e9s Fogp\u00f3tl\u00e1stani Propedeutika\u00a0III.<\/strong><\/span><\/h6>\n<p style=\"padding-left: 40px\"><a href=\"https:\/\/semmelweis.hu\/fogpotlastan\/files\/2025\/09\/TP-Odonto-III-HU.pdf\"><span style=\"font-size: 10pt\">Tant\u00e1rgyi program<\/span><\/a><\/p>\n<p style=\"padding-left: 40px\"><a href=\"https:\/\/semmelweis.hu\/fogpotlastan\/files\/2025\/09\/HT-Odonto-III-HU.pdf\"><span style=\"font-size: 10pt\">Hallgat\u00f3i t\u00e1j\u00e9koztat\u00f3<\/span><\/a><\/p>\n<p style=\"padding-left: 40px\"><a href=\"https:\/\/semmelweis.hu\/fogpotlastan\/files\/2025\/09\/Odonto-III-gyak-tem-HU.pdf\"><span style=\"font-size: 10pt\">Gyakorlati tematika 2025\/2026<\/span><\/a><\/p>\n<p style=\"padding-left: 40px\"><a href=\"https:\/\/semmelweis.hu\/fogpotlastan\/files\/2024\/07\/Odontotechnologia-es-fogpotlastani-propedeutika-III-magyar.pdf\"><strong><span style=\"font-size: 10pt\">\u00daJ VIZSGAK\u00c9RD\u00c9SEK <\/span><\/strong><\/a><strong><span style=\"font-size: 10pt\">&#8211; 2024\/2025-\u00f6s tan\u00e9vt\u0151l<\/span><\/strong><\/p>\n<p style=\"padding-left: 40px\"><a href=\"https:\/\/semmelweis.hu\/fogpotlastan\/files\/2025\/08\/Hallgatoi-Hazirend-2025-osztol.pdf\"><span style=\"font-size: 10pt\">Hallgat\u00f3i h\u00e1zirend <\/span><\/a><\/p>\n<p style=\"padding-left: 40px\"><a href=\"https:\/\/semmelweis.hu\/fogpotlastan\/files\/2025\/08\/Tuz-es-munkavedelmi-eloiras-2025-osztol.pdf\"><span style=\"font-size: 10pt\">Hallgat\u00f3kra vonatkoz\u00f3 t\u0171z- \u00e9s munkav\u00e9delmi el\u0151\u00edr\u00e1sok<\/span><\/a><\/p>\n<h5>IV. \u00e9vfolyam<\/h5>\n<h6><span style=\"font-size: 12pt\"><b>Fogp\u00f3tl\u00e1stan II.<\/b><\/span><\/h6>\n<p style=\"padding-left: 40px\"><a href=\"https:\/\/semmelweis.hu\/fogpotlastan\/files\/2025\/08\/TP-Fogpotlastan-II-HU.pdf\"><span style=\"font-size: 10pt\">Tant\u00e1rgyi program<\/span><\/a><\/p>\n<p style=\"padding-left: 40px\"><a href=\"https:\/\/semmelweis.hu\/fogpotlastan\/files\/2025\/08\/HT-Fogpotlastan-II-HU.pdf\"><span style=\"font-size: 10pt\">Hallgat\u00f3i t\u00e1j\u00e9koztat\u00f3<\/span><\/a><\/p>\n<p style=\"padding-left: 40px\"><a href=\"https:\/\/semmelweis.hu\/fogpotlastan\/files\/2025\/08\/Tem-Fogpotlastan-II-HU.pdf\"><span style=\"font-size: 10pt\">Tematika<\/span><\/a><\/p>\n<p style=\"padding-left: 40px\"><a href=\"https:\/\/semmelweis.hu\/fogpotlastan\/files\/2024\/07\/Fogpotlastan-II.-magyar.pdf\"><strong><span style=\"font-size: 10pt\">\u00daJ VIZSGAK\u00c9RD\u00c9SEK <\/span><\/strong><\/a><strong><span style=\"font-size: 10pt\">&#8211; 2024\/2025-\u00f6s tan\u00e9vt\u0151l<\/span><\/strong><\/p>\n<h5>V. \u00e9vfolyam<\/h5>\n<h6><span style=\"font-size: 12pt\"><strong>Fogp\u00f3tl\u00e1stan IV.<\/strong><\/span><\/h6>\n<p style=\"padding-left: 40px\"><a href=\"https:\/\/semmelweis.hu\/fogpotlastan\/files\/2025\/08\/TP-Fogpotlastan-IV-HU.pdf\"><span style=\"font-size: 10pt\">Tant\u00e1rgyi program<\/span><\/a><\/p>\n<p style=\"padding-left: 40px\"><a href=\"https:\/\/semmelweis.hu\/fogpotlastan\/files\/2025\/08\/HT-Fogpotlastan-IV-HU.pdf\"><span style=\"font-size: 10pt\">Hallgat\u00f3i t\u00e1j\u00e9koztat\u00f3<\/span><\/a><\/p>\n<h6><span style=\"font-size: 12pt\"><strong>Klinikai fog\u00e1szat I.<\/strong><\/span><\/h6>\n<p style=\"padding-left: 40px\"><a href=\"https:\/\/semmelweis.hu\/fogpotlastan\/files\/2025\/08\/TP-Klinikai-fogaszat-I-HU.pdf\"><span style=\"font-size: 10pt\">Tant\u00e1rgyi program<\/span><\/a><\/p>\n<p style=\"padding-left: 40px\"><a href=\"https:\/\/semmelweis.hu\/fogpotlastan\/files\/2025\/08\/HT-Klinikai-fogaszat-I-HU.pdf\"><span style=\"font-size: 10pt\">Hallgat\u00f3i t\u00e1j\u00e9koztat\u00f3<\/span><\/a><\/p>\n<p>&nbsp;<\/p>\n<p>&nbsp;<\/p>\n<p>&nbsp;<\/p>\n<p>&nbsp;<\/p>\n<p>&nbsp;<\/p>\n<p>&nbsp;<\/p>\n<p>&nbsp;<\/p>\n","protected":false},"excerpt":{"rendered":"<p>II. \u00e9vfolyam Odontotechnol\u00f3gia \u00e9s Fogp\u00f3tl\u00e1stani Propedeutika I.\u00a0 <a href=\"https:\/\/semmelweis.hu\/fogpotlastan\/files\/2025\/09\/TP-Odonto-I-HU.pdf\">Tant\u00e1rgyi program<\/a> <a href=\"https:\/\/semmelweis.hu\/fogpotlastan\/files\/2025\/08\/HT-Odonto-I-HU.pdf\">Hallgat\u00f3i t\u00e1j\u00e9koztat\u00f3<\/a> <a href=\"https:\/\/semmelweis.hu\/fogpotlastan\/files\/2025\/08\/Tem-Odonto-I-HU.pdf\">Tematika<\/a> <a href=\"https:\/\/semmelweis.hu\/fogpotlastan\/files\/2025\/08\/Odonto-I-gyak-tem-HU.pdf\">Gyakorlati tematika 2025\/2026<\/a> <a href=\"https:\/\/semmelweis.hu\/fogpotlastan\/files\/2025\/08\/Hallgatoi-Hazirend-2025-osztol.pdf\">Hallgat\u00f3i h\u00e1zirend <\/a> <a href=\"https:\/\/semmelweis.hu\/fogpotlastan\/files\/2025\/08\/Tuz-es-munkavedelmi-eloiras-2025-osztol.pdf\">Hallgat\u00f3kra vonatkoz\u00f3 t\u0171z- \u00e9s munkav\u00e9delmi el\u0151\u00edr\u00e1sok<\/a> III. \u00e9vfolyam Odontotechnol\u00f3gia \u00e9s Fogp\u00f3tl\u00e1stani Propedeutika\u00a0III. <a href=\"https:\/\/semmelweis.hu\/fogpotlastan\/files\/2025\/09\/TP-Odonto-III-HU.pdf\">Tant\u00e1rgyi program<\/a> <a href=\"https:\/\/semmelweis.hu\/fogpotlastan\/files\/2025\/09\/HT-Odonto-III-HU.pdf\">Hallgat\u00f3i t\u00e1j\u00e9koztat\u00f3<\/a> <a href=\"https:\/\/semmelweis.hu\/fogpotlastan\/files\/2025\/09\/Odonto-III-gyak-tem-HU.pdf\">Gyakorlati tematika 2025\/2026<\/a> <a href=\"https:\/\/semmelweis.hu\/fogpotlastan\/files\/2024\/07\/Odontotechnologia-es-fogpotlastani-propedeutika-III-magyar.pdf\">\u00daJ VIZSGAK\u00c9RD\u00c9SEK <\/a> &#8211; 2024\/2025-\u00f6s tan\u00e9vt\u0151l <a href=\"https:\/\/semmelweis.hu\/fogpotlastan\/files\/2025\/08\/Hallgatoi-Hazirend-2025-osztol.pdf\">Hallgat\u00f3i h\u00e1zirend <\/a> <a href=\"https:\/\/semmelweis.hu\/fogpotlastan\/files\/2025\/08\/Tuz-es-munkavedelmi-eloiras-2025-osztol.pdf\">Hallgat\u00f3kra vonatkoz\u00f3 t\u0171z- \u00e9s munkav\u00e9delmi el\u0151\u00edr\u00e1sok<\/a> IV. \u00e9vfolyam Fogp\u00f3tl\u00e1stan II. <a href=\"https:\/\/semmelweis.hu\/fogpotlastan\/files\/2025\/08\/TP-Fogpotlastan-II-HU.pdf\">Tant\u00e1rgyi program<\/a> <a href=\"https:\/\/semmelweis.hu\/fogpotlastan\/files\/2025\/08\/HT-Fogpotlastan-II-HU.pdf\">Hallgat\u00f3i t\u00e1j\u00e9koztat\u00f3<\/a> <a href=\"https:\/\/semmelweis.hu\/fogpotlastan\/files\/2025\/08\/Tem-Fogpotlastan-II-HU.pdf\">Tematika<\/a> <a href=\"https:\/\/semmelweis.hu\/fogpotlastan\/files\/2024\/07\/Fogpotlastan-II.-magyar.pdf\">\u00daJ VIZSGAK\u00c9RD\u00c9SEK <\/a> &#8211; 2024\/2025-\u00f6s tan\u00e9vt\u0151l V. \u00e9vfolyam Fogp\u00f3tl\u00e1stan IV. <a href=\"https:\/\/semmelweis.hu\/fogpotlastan\/files\/2025\/08\/TP-Fogpotlastan-IV-HU.pdf\">Tant\u00e1rgyi program<\/a> <a href=\"https:\/\/semmelweis.hu\/fogpotlastan\/files\/2025\/08\/HT-Fogpotlastan-IV-HU.pdf\">Hallgat\u00f3i t\u00e1j\u00e9koztat\u00f3<\/a> Klinikai fog\u00e1szat I. <a href=\"https:\/\/semmelweis.hu\/fogpotlastan\/files\/2025\/08\/TP-Klinikai-fogaszat-I-HU.pdf\">Tant\u00e1rgyi program<\/a> <a href=\"https:\/\/semmelweis.hu\/fogpotlastan\/files\/2025\/08\/HT-Klinikai-fogaszat-I-HU.pdf\">Hallgat\u00f3i t\u00e1j\u00e9koztat\u00f3<\/a> &nbsp; &nbsp; &nbsp; &nbsp; &nbsp; &nbsp; &hellip;<\/p>\n","protected":false},"author":101231,"featured_media":0,"parent":8,"menu_order":1,"comment_status":"closed","ping_status":"closed","template":"","meta":{"_acf_changed":false,"footnotes":""},"categories":[],"tags":[],"class_list":["post-8776","page","type-page","status-publish","hentry"],"acf":[],"_links":{"self":[{"href":"https:\/\/semmelweis.hu\/fogpotlastan\/wp-json\/wp\/v2\/pages\/8776","targetHints":{"allow":["GET"]}}],"collection":[{"href":"https:\/\/semmelweis.hu\/fogpotlastan\/wp-json\/wp\/v2\/pages"}],"about":[{"href":"https:\/\/semmelweis.hu\/fogpotlastan\/wp-json\/wp\/v2\/types\/page"}],"author":[{"embeddable":true,"href":"https:\/\/semmelweis.hu\/fogpotlastan\/wp-json\/wp\/v2\/users\/101231"}],"replies":[{"embeddable":true,"href":"https:\/\/semmelweis.hu\/fogpotlastan\/wp-json\/wp\/v2\/comments?post=8776"}],"version-history":[{"count":10,"href":"https:\/\/semmelweis.hu\/fogpotlastan\/wp-json\/wp\/v2\/pages\/8776\/revisions"}],"predecessor-version":[{"id":9821,"href":"https:\/\/semmelweis.hu\/fogpotlastan\/wp-json\/wp\/v2\/pages\/8776\/revisions\/9821"}],"up":[{"embeddable":true,"href":"https:\/\/semmelweis.hu\/fogpotlastan\/wp-json\/wp\/v2\/pages\/8"}],"wp:attachment":[{"href":"https:\/\/semmelweis.hu\/fogpotlastan\/wp-json\/wp\/v2\/media?parent=8776"}],"wp:term":[{"taxonomy":"category","embeddable":true,"href":"https:\/\/semmelweis.hu\/fogpotlastan\/wp-json\/wp\/v2\/categories?post=8776"},{"taxonomy":"post_tag","embeddable":true,"href":"https:\/\/semmelweis.hu\/fogpotlastan\/wp-json\/wp\/v2\/tags?post=8776"}],"curies":[{"name":"wp","href":"https:\/\/api.w.org\/{rel}","templated":true}]}}