{"id":8753,"date":"2023-10-25T11:33:00","date_gmt":"2023-10-25T09:33:00","guid":{"rendered":"https:\/\/semmelweis.hu\/fogpotlastan\/?page_id=8753"},"modified":"2023-10-26T09:25:20","modified_gmt":"2023-10-26T07:25:20","slug":"adatvedelem","status":"publish","type":"page","link":"https:\/\/semmelweis.hu\/fogpotlastan\/altalanos-informaciok\/adatvedelem\/","title":{"rendered":"Adatv\u00e9delem"},"content":{"rendered":"<p><a href=\"https:\/\/semmelweis.hu\/fogpotlastan\/files\/2023\/10\/Adatkezelesi-tajekoztato.pdf\">A Fogp\u00f3tl\u00e1stani Klinika adatkezel\u00e9si t\u00e1j\u00e9koztat\u00f3ja<\/a><\/p>\n<p>A Fogp\u00f3tl\u00e1stani Klinika j\u00e1r\u00f3beteg ell\u00e1t\u00e1si, klinikai kutat\u00e1si, titk\u00e1rs\u00e1gi \u00e9s eg\u00e9szs\u00e9g\u00fcgyi szolg\u00e1lati jogviszonyb\u00f3l ered\u0151 munka\u00fcgyi feladatival \u00f6sszef\u00fcgg\u0151 adatkezel\u00e9ssel kapcsolatos inform\u00e1ci\u00f3k &#8211; <a href=\"https:\/\/semmelweis.hu\/fogpotlastan\/files\/2023\/10\/Adatvedelem-fogpotlastani-klinika.xlsx\">Adatv\u00e9delem Fogp\u00f3tl\u00e1stani Klinika<\/a><\/p>\n","protected":false},"excerpt":{"rendered":"<p><a href=\"https:\/\/semmelweis.hu\/fogpotlastan\/files\/2023\/10\/Adatkezelesi-tajekoztato.pdf\">A Fogp\u00f3tl\u00e1stani Klinika adatkezel\u00e9si t\u00e1j\u00e9koztat\u00f3ja<\/a><br \/>\nA Fogp\u00f3tl\u00e1stani Klinika j\u00e1r\u00f3beteg ell\u00e1t\u00e1si, klinikai kutat\u00e1si, titk\u00e1rs\u00e1gi \u00e9s eg\u00e9szs\u00e9g\u00fcgyi szolg\u00e1lati jogviszonyb\u00f3l ered\u0151 munka\u00fcgyi feladatival \u00f6sszef\u00fcgg\u0151 adatkezel\u00e9ssel kapcsolatos inform\u00e1ci\u00f3k &#8211; <a href=\"https:\/\/semmelweis.hu\/fogpotlastan\/files\/2023\/10\/Adatvedelem-fogpotlastani-klinika.xlsx\">Adatv\u00e9delem Fogp\u00f3tl\u00e1stani Klinika<\/a><\/p>\n","protected":false},"author":101231,"featured_media":0,"parent":5,"menu_order":3,"comment_status":"closed","ping_status":"closed","template":"","meta":{"_acf_changed":false,"footnotes":""},"categories":[],"tags":[],"class_list":["post-8753","page","type-page","status-publish","hentry"],"acf":[],"_links":{"self":[{"href":"https:\/\/semmelweis.hu\/fogpotlastan\/wp-json\/wp\/v2\/pages\/8753","targetHints":{"allow":["GET"]}}],"collection":[{"href":"https:\/\/semmelweis.hu\/fogpotlastan\/wp-json\/wp\/v2\/pages"}],"about":[{"href":"https:\/\/semmelweis.hu\/fogpotlastan\/wp-json\/wp\/v2\/types\/page"}],"author":[{"embeddable":true,"href":"https:\/\/semmelweis.hu\/fogpotlastan\/wp-json\/wp\/v2\/users\/101231"}],"replies":[{"embeddable":true,"href":"https:\/\/semmelweis.hu\/fogpotlastan\/wp-json\/wp\/v2\/comments?post=8753"}],"version-history":[{"count":4,"href":"https:\/\/semmelweis.hu\/fogpotlastan\/wp-json\/wp\/v2\/pages\/8753\/revisions"}],"predecessor-version":[{"id":8766,"href":"https:\/\/semmelweis.hu\/fogpotlastan\/wp-json\/wp\/v2\/pages\/8753\/revisions\/8766"}],"up":[{"embeddable":true,"href":"https:\/\/semmelweis.hu\/fogpotlastan\/wp-json\/wp\/v2\/pages\/5"}],"wp:attachment":[{"href":"https:\/\/semmelweis.hu\/fogpotlastan\/wp-json\/wp\/v2\/media?parent=8753"}],"wp:term":[{"taxonomy":"category","embeddable":true,"href":"https:\/\/semmelweis.hu\/fogpotlastan\/wp-json\/wp\/v2\/categories?post=8753"},{"taxonomy":"post_tag","embeddable":true,"href":"https:\/\/semmelweis.hu\/fogpotlastan\/wp-json\/wp\/v2\/tags?post=8753"}],"curies":[{"name":"wp","href":"https:\/\/api.w.org\/{rel}","templated":true}]}}