{"id":8565,"date":"2023-06-22T14:51:59","date_gmt":"2023-06-22T12:51:59","guid":{"rendered":"https:\/\/semmelweis.hu\/fogpotlastan\/?page_id=8565"},"modified":"2025-03-26T11:28:50","modified_gmt":"2025-03-26T10:28:50","slug":"dr-vamos-orsolya-2","status":"publish","type":"page","link":"https:\/\/semmelweis.hu\/fogpotlastan\/munkatarsak-terv\/dr-vamos-orsolya-2\/","title":{"rendered":"Dr. V\u00e1mos Orsolya"},"content":{"rendered":"<p><span style=\"font-size: 12pt\"><strong>Tanulm\u00e1nyok, Szakk\u00e9pes\u00edt\u00e9s<a href=\"https:\/\/semmelweis.hu\/fogpotlastan\/files\/2022\/02\/Dr.-Vamos-Orsolya-scaled.jpg\"><img loading=\"lazy\" decoding=\"async\" class=\" wp-image-7853 alignright\" src=\"https:\/\/semmelweis.hu\/fogpotlastan\/files\/2022\/02\/Dr.-Vamos-Orsolya-320x400.jpg\" alt=\"\" width=\"261\" height=\"326\" srcset=\"https:\/\/semmelweis.hu\/fogpotlastan\/files\/2022\/02\/Dr.-Vamos-Orsolya-320x400.jpg 320w, https:\/\/semmelweis.hu\/fogpotlastan\/files\/2022\/02\/Dr.-Vamos-Orsolya-819x1024.jpg 819w, https:\/\/semmelweis.hu\/fogpotlastan\/files\/2022\/02\/Dr.-Vamos-Orsolya-768x960.jpg 768w, https:\/\/semmelweis.hu\/fogpotlastan\/files\/2022\/02\/Dr.-Vamos-Orsolya-1229x1536.jpg 1229w, https:\/\/semmelweis.hu\/fogpotlastan\/files\/2022\/02\/Dr.-Vamos-Orsolya-1638x2048.jpg 1638w, https:\/\/semmelweis.hu\/fogpotlastan\/files\/2022\/02\/Dr.-Vamos-Orsolya-753x941.jpg 753w, https:\/\/semmelweis.hu\/fogpotlastan\/files\/2022\/02\/Dr.-Vamos-Orsolya-scaled.jpg 2048w\" sizes=\"auto, (max-width: 261px) 100vw, 261px\" \/><\/a><\/strong><\/span><br \/>\n<span style=\"font-size: 12pt\">2022- PhD-hallgat\u00f3 \u2013 Transzl\u00e1ci\u00f3s Medicina K\u00f6zpont, Semmelweis Egyetem, R\u00e1cz K\u00e1roly Klinikai Orvostudom\u00e1nyok Doktori Iskola<\/span><br \/>\n<span style=\"font-size: 12pt\">2021-2024. Fogp\u00f3tl\u00e1stan rezidensk\u00e9pz\u00e9s<\/span><br \/>\n<span style=\"font-size: 12pt\">2021 Fogorvosi diploma \u2013 Semmelweis Egyetem Fogorvostudom\u00e1nyi Kar<\/span><\/p>\n<p><span style=\"font-size: 12pt\"><strong>Szakmai tapasztalat\/ klinikai el\u0151menetel<\/strong><\/span><br \/>\n<span style=\"font-size: 12pt\">2024- Fogp\u00f3tl\u00e1stani Klinika &#8211; klinikai szakorvos<br \/>\n2021-2024. Fogp\u00f3tl\u00e1stani Klinika &#8211; klinikai orvos<\/span><\/p>\n<p><span style=\"font-size: 12pt\"><strong>Tudom\u00e1nyos tev\u00e9kenys\u00e9g<\/strong><\/span><br \/>\n<span style=\"font-size: 12pt\">PhD-t\u00e9ma: Hagyom\u00e1nyos \u00e9s alternat\u00edv doh\u00e1nyterm\u00e9kek sz\u00e1j\u00fcregi hat\u00e1s\u00e1nak vizsg\u00e1lata (t\u00e9mavezet\u0151: Dr. Kisp\u00e9lyi Barbara) <\/span><br \/>\n<span style=\"font-size: 12pt\">munkacsoport: digit\u00e1lis fog\u00e1szati munkacsoport, teljes protetika munkacsoport, elektronikus cigaretta munkacsoport<\/span><\/p>\n<p><span style=\"font-size: 12pt\"><strong>El\u0151ad\u00e1sok<\/strong><\/span><br \/>\n<span style=\"font-size: 12pt\">Semmelweis Egyetem TDK Konferencia:<\/span><br \/>\n<span style=\"font-size: 12pt\">V\u00e1mos Orsolya: A szoftverfriss\u00edt\u00e9s hat\u00e1sa a digit\u00e1lis lenyomatok pontoss\u00e1g\u00e1ra (2021) \u2013 II. hely<\/span><br \/>\n<span style=\"font-size: 12pt\">Schmalzl Judit, V\u00e1mos Orsolya: Digit\u00e1lis lenyomatok pontoss\u00e1ga 9 intraor\u00e1lis szkenner vizsg\u00e1lata alapj\u00e1n (2020) \u2013 I. hely<\/span><br \/>\n<span style=\"font-size: 12pt\">Marosv\u00e1s\u00e1rhelyi Tudom\u00e1nyos Di\u00e1kk\u00f6ri Konferencia <\/span><br \/>\n<span style=\"font-size: 12pt\">Schmalzl Judit, V\u00e1mos Orsolya: Digit\u00e1lis lenyomatok pontoss\u00e1ga 9 intraor\u00e1lis szkenner vizsg\u00e1lata alapj\u00e1n (2020) &#8211; k\u00fcl\u00f6nd\u00edj<\/span><br \/>\n<span style=\"font-size: 12pt\">Orsz\u00e1gos Tudom\u00e1nyos Di\u00e1kk\u00f6ri Konferencia 2021 <\/span><br \/>\n<span style=\"font-size: 12pt\">Schmalzl Judit, V\u00e1mos Orsolya: Digit\u00e1lis lenyomatok pontoss\u00e1ga 9 intraor\u00e1lis szkenner vizsg\u00e1lata alapj\u00e1n<\/span><\/p>\n<p><strong><span style=\"font-size: 12pt\">Szakmai szervezeti tags\u00e1gok<\/span><\/strong><br \/>\n<span style=\"font-size: 12pt\">2022 \u2013 Digit\u00e1lis Fog\u00e1szati Egyes\u00fclet<\/span><br \/>\n<span style=\"font-size: 12pt\">2021 &#8211; Magyar Orvosi Kamara Fogorvosi Tagozat<\/span><br \/>\n<span style=\"font-size: 12pt\">2021 &#8211; Magyar Fogorvosok Egyes\u00fclete<\/span><\/p>\n<p><strong><span style=\"font-size: 12pt\">Nyelvismeret<\/span><\/strong><br \/>\n<span style=\"font-size: 12pt\">magyar \u2013 anyanyelv<\/span><br \/>\n<span style=\"font-size: 12pt\">angol \u2013 fels\u0151fok<\/span><br \/>\n<span style=\"font-size: 12pt\">n\u00e9met &#8211; alapfok<\/span><\/p>\n<p><a href=\"https:\/\/m2.mtmt.hu\/gui2\/?type=authors&amp;mode=browse&amp;sel=authors10093989\"><span style=\"font-size: 12pt\">Tudom\u00e1nyos k\u00f6zlem\u00e9nyek<\/span><\/a><\/p>\n<p><span style=\"font-size: 12pt\"><em>Az el\u00e9rhet\u0151s\u00e9gi adatok nem haszn\u00e1lhat\u00f3k fel az 1995. \u00e9vi CXIX. t\u00f6rv\u00e9ny szerinti kutat\u00e1s \u00e9s k\u00f6zvetlen \u00fczletszerz\u00e9s c\u00e9lj\u00e1ra.<\/em><\/span><\/p>\n","protected":false},"excerpt":{"rendered":"<p>Tanulm\u00e1nyok, Szakk\u00e9pes\u00edt\u00e9s <a href=\"https:\/\/semmelweis.hu\/fogpotlastan\/files\/2022\/02\/Dr.-Vamos-Orsolya-scaled.jpg\"><\/a> 2022- PhD-hallgat\u00f3 \u2013 Transzl\u00e1ci\u00f3s Medicina K\u00f6zpont, Semmelweis Egyetem, R\u00e1cz K\u00e1roly Klinikai Orvostudom\u00e1nyok Doktori Iskola 2021-2024. Fogp\u00f3tl\u00e1stan rezidensk\u00e9pz\u00e9s 2021 Fogorvosi diploma \u2013 Semmelweis Egyetem Fogorvostudom\u00e1nyi Kar Szakmai tapasztalat\/ klinikai el\u0151menetel 2024- Fogp\u00f3tl\u00e1stani Klinika &#8211; klinikai szakorvos 2021-2024. Fogp\u00f3tl\u00e1stani Klinika &#8211; klinikai orvos Tudom\u00e1nyos tev\u00e9kenys\u00e9g PhD-t\u00e9ma: Hagyom\u00e1nyos \u00e9s alternat\u00edv doh\u00e1nyterm\u00e9kek sz\u00e1j\u00fcregi hat\u00e1s\u00e1nak vizsg\u00e1lata (t\u00e9mavezet\u0151: Dr. &hellip;<\/p>\n","protected":false},"author":101231,"featured_media":0,"parent":9019,"menu_order":1,"comment_status":"closed","ping_status":"closed","template":"","meta":{"_acf_changed":false,"footnotes":""},"categories":[],"tags":[],"class_list":["post-8565","page","type-page","status-publish","hentry"],"acf":[],"_links":{"self":[{"href":"https:\/\/semmelweis.hu\/fogpotlastan\/wp-json\/wp\/v2\/pages\/8565","targetHints":{"allow":["GET"]}}],"collection":[{"href":"https:\/\/semmelweis.hu\/fogpotlastan\/wp-json\/wp\/v2\/pages"}],"about":[{"href":"https:\/\/semmelweis.hu\/fogpotlastan\/wp-json\/wp\/v2\/types\/page"}],"author":[{"embeddable":true,"href":"https:\/\/semmelweis.hu\/fogpotlastan\/wp-json\/wp\/v2\/users\/101231"}],"replies":[{"embeddable":true,"href":"https:\/\/semmelweis.hu\/fogpotlastan\/wp-json\/wp\/v2\/comments?post=8565"}],"version-history":[{"count":4,"href":"https:\/\/semmelweis.hu\/fogpotlastan\/wp-json\/wp\/v2\/pages\/8565\/revisions"}],"predecessor-version":[{"id":9569,"href":"https:\/\/semmelweis.hu\/fogpotlastan\/wp-json\/wp\/v2\/pages\/8565\/revisions\/9569"}],"up":[{"embeddable":true,"href":"https:\/\/semmelweis.hu\/fogpotlastan\/wp-json\/wp\/v2\/pages\/9019"}],"wp:attachment":[{"href":"https:\/\/semmelweis.hu\/fogpotlastan\/wp-json\/wp\/v2\/media?parent=8565"}],"wp:term":[{"taxonomy":"category","embeddable":true,"href":"https:\/\/semmelweis.hu\/fogpotlastan\/wp-json\/wp\/v2\/categories?post=8565"},{"taxonomy":"post_tag","embeddable":true,"href":"https:\/\/semmelweis.hu\/fogpotlastan\/wp-json\/wp\/v2\/tags?post=8565"}],"curies":[{"name":"wp","href":"https:\/\/api.w.org\/{rel}","templated":true}]}}