{"id":8551,"date":"2023-05-23T15:47:34","date_gmt":"2023-05-23T13:47:34","guid":{"rendered":"https:\/\/semmelweis.hu\/fogpotlastan\/?page_id=8551"},"modified":"2023-05-26T11:59:47","modified_gmt":"2023-05-26T09:59:47","slug":"dr-salata-jozsef-a-korszeru-fogaszati-keramiaanyagok-optikai-tulajdonsagainak-vizsgalata","status":"publish","type":"page","link":"https:\/\/semmelweis.hu\/fogpotlastan\/kutatas\/phd-kutatasok\/dr-salata-jozsef-a-korszeru-fogaszati-keramiaanyagok-optikai-tulajdonsagainak-vizsgalata\/","title":{"rendered":"Dr. Sal\u00e1ta J\u00f3zsef \u2013 A korszer\u0171 fog\u00e1szati ker\u00e1miaanyagok optikai tulajdons\u00e1gainak vizsg\u00e1lata"},"content":{"rendered":"<p style=\"text-align: justify\"><a href=\"https:\/\/semmelweis.hu\/fogpotlastan\/files\/2023\/05\/DSC01838-scaled.jpg\"><img loading=\"lazy\" decoding=\"async\" class=\"size-medium wp-image-8554 alignright\" src=\"https:\/\/semmelweis.hu\/fogpotlastan\/files\/2023\/05\/DSC01838-400x267.jpg\" alt=\"\" width=\"400\" height=\"267\" srcset=\"https:\/\/semmelweis.hu\/fogpotlastan\/files\/2023\/05\/DSC01838-400x267.jpg 400w, https:\/\/semmelweis.hu\/fogpotlastan\/files\/2023\/05\/DSC01838-1024x683.jpg 1024w, https:\/\/semmelweis.hu\/fogpotlastan\/files\/2023\/05\/DSC01838-768x512.jpg 768w, https:\/\/semmelweis.hu\/fogpotlastan\/files\/2023\/05\/DSC01838-1536x1024.jpg 1536w, https:\/\/semmelweis.hu\/fogpotlastan\/files\/2023\/05\/DSC01838-2048x1366.jpg 2048w, https:\/\/semmelweis.hu\/fogpotlastan\/files\/2023\/05\/DSC01838-753x502.jpg 753w, https:\/\/semmelweis.hu\/fogpotlastan\/files\/2023\/05\/DSC01838-203x135.jpg 203w\" sizes=\"auto, (max-width: 400px) 100vw, 400px\" \/><\/a>Az eszt\u00e9tikai fog\u00e1szat az elm\u00falt \u00e9vtizedekben hatalmas fejl\u0151d\u00e9sen ment kereszt\u00fcl a digit\u00e1lis technol\u00f3gi\u00e1nak \u00e9s korszer\u0171 ker\u00e1miaanyagoknak k\u00f6sz\u00f6nhet\u0151en. Az intraoralis \u00e9s laborat\u00f3riumi szkennerek elterjedt haszn\u00e1lata, illetve a CAD\/CAM-technol\u00f3gia t\u00e9rnyer\u00e9se napjaink fogorvosl\u00e1s\u00e1nak meghat\u00e1roz\u00f3 eleme. Az eszt\u00e9tikai eredm\u00e9nnyel szemben t\u00e1masztott elv\u00e1r\u00e1sok folyamatosan n\u0151nek mind a p\u00e1ciensek, mind a fogorvosok r\u00e9sz\u00e9r\u0151l, \u00edgy megker\u00fclhetetlen \u00e9s igen l\u00e9nyeges feladatunk az alkalmazott ker\u00e1miaanyagok optikai tulajdons\u00e1gainak vizsg\u00e1lata. A legnagyobb kih\u00edv\u00e1st tov\u00e1bbra is az olyan fogp\u00f3tl\u00e1sok k\u00e9sz\u00edt\u00e9se jelenti, mely a f\u00e9nyviszonyokt\u00f3l f\u00fcggetlen\u00fcl k\u00e9pes a term\u00e9szetes fogak \u00e9leth\u0171 reproduk\u00e1l\u00e1s\u00e1ra. A megvil\u00e1g\u00edt\u00f3 f\u00e9nyforr\u00e1s sz\u00ednh\u0151m\u00e9rs\u00e9klete befoly\u00e1solja az \u00e9rz\u00e9kelt sz\u00edneket: az alacsony sz\u00ednh\u0151m\u00e9rs\u00e9klet s\u00e1rg\u00e1s-tompa sz\u00edneket, a magas pedig k\u00e9kes-vil\u00e1gos sz\u00edneket eredm\u00e9nyez, \u00edgy a rendel\u0151 f\u00e9ny\u00e9ben azonosnak t\u0171n\u0151 fogsz\u00ednek m\u00e1s megvil\u00e1g\u00edt\u00e1s mellett elt\u00e9r\u0151ek lehetnek. Az emberi szem bizonyos m\u00e9rt\u00e9kig alkalmazkodik a f\u00e9ny sz\u00edn\u00e9hez, \u00e9s a k\u00fcls\u0151 f\u00e9nyforr\u00e1sokt\u00f3l f\u00fcggetlen\u00fcl pr\u00f3b\u00e1lja \u00e9rz\u00e9kelni a t\u00e1rgyak sz\u00edn\u00e9t.<\/p>\n<p style=\"text-align: justify\">A fogp\u00f3tl\u00e1sok ker\u00e1miaanyag\u00e1nak sz\u00ednk\u00e9pi reflexi\u00f3felv\u00e9tel\u00e9vel, majd modern sz\u00ednrendszerek \u00e9s sz\u00ednmegjelen\u00e9si modellek haszn\u00e1lat\u00e1val pontosan el\u0151re jelezhet\u0151 a k\u00fcl\u00f6nb\u00f6z\u0151 ker\u00e1miafel\u00fcletek sz\u00edni megjelen\u00e9se a ma el\u00e9rhet\u0151 f\u00e9nyforr\u00e1sok eset\u00e9n, de ak\u00e1r term\u00e9szetes (nappali) sug\u00e1rz\u00e1seloszl\u00e1st felt\u00e9telezve is. A modern sz\u00ednmegjelen\u00e9si modellekben a l\u00e1t\u00e1si szitu\u00e1ci\u00f3, a k\u00f6rnyezet \u00e9s a h\u00e1tt\u00e9r param\u00e9terei be\u00e1ll\u00edthat\u00f3k, valamint korszer\u0171 adapt\u00e1ci\u00f3s transzform\u00e1ci\u00f3k seg\u00edts\u00e9g\u00e9vel az el\u0151rejelz\u00e9s j\u00f3l korrel\u00e1l a vizu\u00e1lis \u00e9szlel\u00e9ssel.<\/p>\n<p style=\"text-align: justify\">Teljes ker\u00e1miarendszerek eset\u00e9n a v\u00e9gleges restaur\u00e1tum eszt\u00e9tik\u00e1j\u00e1t olyan tov\u00e1bbi t\u00e9nyez\u0151k is befoly\u00e1solj\u00e1k, mint a csonksz\u00edn, a ker\u00e1mia vastags\u00e1ga \u00e9s transzlucenci\u00e1ja, illetve a cement sz\u00edne \u00e9s r\u00e9tegvastags\u00e1ga. Kutat\u00e1sunk tov\u00e1bbi c\u00e9lja, hogy objekt\u00edv \u00e9s reproduk\u00e1lhat\u00f3 adatokat kapjunk a sz\u00edn v\u00e1ltoz\u00e1s\u00e1r\u00f3l a k\u00fcl\u00f6nf\u00e9le anyagszerkezet\u0171 fog\u00e1szati ker\u00e1mi\u00e1k transzlucenci\u00e1ja, vastags\u00e1ga \u00e9s a csonkanyag f\u00fcggv\u00e9ny\u00e9ben.<\/p>\n","protected":false},"excerpt":{"rendered":"<p><a href=\"https:\/\/semmelweis.hu\/fogpotlastan\/files\/2023\/05\/DSC01838-scaled.jpg\"><\/a> Az eszt\u00e9tikai fog\u00e1szat az elm\u00falt \u00e9vtizedekben hatalmas fejl\u0151d\u00e9sen ment kereszt\u00fcl a digit\u00e1lis technol\u00f3gi\u00e1nak \u00e9s korszer\u0171 ker\u00e1miaanyagoknak k\u00f6sz\u00f6nhet\u0151en. Az intraoralis \u00e9s laborat\u00f3riumi szkennerek elterjedt haszn\u00e1lata, illetve a CAD\/CAM-technol\u00f3gia t\u00e9rnyer\u00e9se napjaink fogorvosl\u00e1s\u00e1nak meghat\u00e1roz\u00f3 eleme. Az eszt\u00e9tikai eredm\u00e9nnyel szemben t\u00e1masztott elv\u00e1r\u00e1sok folyamatosan n\u0151nek mind a p\u00e1ciensek, mind a fogorvosok r\u00e9sz\u00e9r\u0151l, \u00edgy megker\u00fclhetetlen \u00e9s igen l\u00e9nyeges feladatunk az alkalmazott &hellip;<\/p>\n","protected":false},"author":101231,"featured_media":0,"parent":5097,"menu_order":0,"comment_status":"closed","ping_status":"closed","template":"","meta":{"_acf_changed":false,"footnotes":""},"categories":[],"tags":[],"class_list":["post-8551","page","type-page","status-publish","hentry"],"acf":[],"_links":{"self":[{"href":"https:\/\/semmelweis.hu\/fogpotlastan\/wp-json\/wp\/v2\/pages\/8551","targetHints":{"allow":["GET"]}}],"collection":[{"href":"https:\/\/semmelweis.hu\/fogpotlastan\/wp-json\/wp\/v2\/pages"}],"about":[{"href":"https:\/\/semmelweis.hu\/fogpotlastan\/wp-json\/wp\/v2\/types\/page"}],"author":[{"embeddable":true,"href":"https:\/\/semmelweis.hu\/fogpotlastan\/wp-json\/wp\/v2\/users\/101231"}],"replies":[{"embeddable":true,"href":"https:\/\/semmelweis.hu\/fogpotlastan\/wp-json\/wp\/v2\/comments?post=8551"}],"version-history":[{"count":2,"href":"https:\/\/semmelweis.hu\/fogpotlastan\/wp-json\/wp\/v2\/pages\/8551\/revisions"}],"predecessor-version":[{"id":8555,"href":"https:\/\/semmelweis.hu\/fogpotlastan\/wp-json\/wp\/v2\/pages\/8551\/revisions\/8555"}],"up":[{"embeddable":true,"href":"https:\/\/semmelweis.hu\/fogpotlastan\/wp-json\/wp\/v2\/pages\/5097"}],"wp:attachment":[{"href":"https:\/\/semmelweis.hu\/fogpotlastan\/wp-json\/wp\/v2\/media?parent=8551"}],"wp:term":[{"taxonomy":"category","embeddable":true,"href":"https:\/\/semmelweis.hu\/fogpotlastan\/wp-json\/wp\/v2\/categories?post=8551"},{"taxonomy":"post_tag","embeddable":true,"href":"https:\/\/semmelweis.hu\/fogpotlastan\/wp-json\/wp\/v2\/tags?post=8551"}],"curies":[{"name":"wp","href":"https:\/\/api.w.org\/{rel}","templated":true}]}}