{"id":8513,"date":"2023-05-10T13:31:19","date_gmt":"2023-05-10T11:31:19","guid":{"rendered":"https:\/\/semmelweis.hu\/fogpotlastan\/?page_id=8513"},"modified":"2024-05-28T14:43:52","modified_gmt":"2024-05-28T12:43:52","slug":"dr-pal-adrienn","status":"publish","type":"page","link":"https:\/\/semmelweis.hu\/fogpotlastan\/munkatarsak-terv\/dr-pal-adrienn\/","title":{"rendered":"Dr. P\u00e1l Adrienn"},"content":{"rendered":"<p><span style=\"font-size: 12pt\"><strong>Tanulm\u00e1nyok, Szakk\u00e9pes\u00edt\u00e9s<\/strong><\/span><br \/>\n<span style=\"font-size: 12pt\">2022- Fogp\u00f3tl\u00e1stan rezidensk\u00e9pz\u00e9s<\/span><br \/>\n<span style=\"font-size: 12pt\">2022- Fogorvosi diploma (Summa cum laude) \u2013 Semmelweis Egyetem Fogorvostudom\u00e1nyi Kar<\/span><\/p>\n<p><span style=\"font-size: 12pt\"><strong>Szakmai tapasztalat\/ klinikai el\u0151menetel<\/strong><\/span><br \/>\n<span style=\"font-size: 12pt\">2022- Fogp\u00f3tl\u00e1stani Klinika-klinikai orvos<\/span><\/p>\n<p><span style=\"font-size: 12pt\"><strong>Tudom\u00e1nyos tev\u00e9kenys\u00e9g<\/strong><\/span><br \/>\n<span style=\"font-size: 12pt\">Rektori p\u00e1lyamunka: Testszimmetria m\u00e9r\u00e9sek \u00faj lehet\u0151s\u00e9ge \u00e9s Szerepe az ikrek vizsg\u00e1lat\u00e1ban (2022)<\/span><br \/>\n<span style=\"font-size: 12pt\">Munkacsoport: Digit\u00e1lis fog\u00e1szati munkacsoport, Helyre\u00e1ll\u00edt\u00f3 protetikai munkacsoport<\/span><\/p>\n<p><span style=\"font-size: 12pt\"><strong>El\u0151ad\u00e1sok<\/strong><\/span><br \/>\n<span style=\"font-size: 12pt\">1. Semmelweis Egyetem TDK Konferencia 2022 : els\u0151 helyez\u00e9s<\/span><br \/>\n<span style=\"font-size: 12pt\">2. Semmelweis Egyetem OTDK Konferencia 2023 : k\u00fcl\u00f6nd\u00edj<\/span><br \/>\n<span style=\"font-size: 12pt\">3. PhD Scientific Days 2021 The role of palatal geometry in gender discrimination and human identification<\/span><br \/>\n<span style=\"font-size: 12pt\">Dr. Botond Simon 1, Dalma Pellei 2, Szilvia Speer 2, Adrienn P\u00e1l 2, Dr. J\u00e1nos V\u00e1g 1<\/span><\/p>\n<p><span style=\"font-size: 12pt\"><strong>Szakmai szervezeti tags\u00e1gok<\/strong><\/span><br \/>\n<span style=\"font-size: 12pt\">2022- Magyar Orvosi Kamara Fogorvosi Tagozat<\/span><br \/>\n<span style=\"font-size: 12pt\">2022- Magyar Fogorvosok Egyes\u00fclete<\/span><\/p>\n<p><span style=\"font-size: 12pt\"><strong>Nyelvismeret<\/strong><\/span><br \/>\n<span style=\"font-size: 12pt\">magyar \u2013 anyanyelv<\/span><br \/>\n<span style=\"font-size: 12pt\">angol \u2013 fels\u0151fok<\/span><br \/>\n<span style=\"font-size: 12pt\">francia \u2013 fels\u0151fok<\/span><\/p>\n<p><a href=\"https:\/\/m2.mtmt.hu\/gui2\/?type=authors&amp;mode=browse&amp;sel=authors10088628\"><span style=\"font-size: 12pt\">Tudom\u00e1nyos k\u00f6zlem\u00e9nyek<\/span><\/a><\/p>\n<p><span style=\"font-size: 12pt\"><em>Az el\u00e9rhet\u0151s\u00e9gi adatok nem haszn\u00e1lhat\u00f3k fel az 1995. \u00e9vi CXIX. t\u00f6rv\u00e9ny szerinti kutat\u00e1s \u00e9s k\u00f6zvetlen \u00fczletszerz\u00e9s c\u00e9lj\u00e1ra.<\/em><\/span><\/p>\n","protected":false},"excerpt":{"rendered":"<p>Tanulm\u00e1nyok, Szakk\u00e9pes\u00edt\u00e9s 2022- Fogp\u00f3tl\u00e1stan rezidensk\u00e9pz\u00e9s 2022- Fogorvosi diploma (Summa cum laude) \u2013 Semmelweis Egyetem Fogorvostudom\u00e1nyi Kar Szakmai tapasztalat\/ klinikai el\u0151menetel 2022- Fogp\u00f3tl\u00e1stani Klinika-klinikai orvos Tudom\u00e1nyos tev\u00e9kenys\u00e9g Rektori p\u00e1lyamunka: Testszimmetria m\u00e9r\u00e9sek \u00faj lehet\u0151s\u00e9ge \u00e9s Szerepe az ikrek vizsg\u00e1lat\u00e1ban (2022) Munkacsoport: Digit\u00e1lis fog\u00e1szati munkacsoport, Helyre\u00e1ll\u00edt\u00f3 protetikai munkacsoport El\u0151ad\u00e1sok 1. Semmelweis Egyetem TDK Konferencia 2022 : els\u0151 helyez\u00e9s &hellip;<\/p>\n","protected":false},"author":101231,"featured_media":0,"parent":9019,"menu_order":1,"comment_status":"closed","ping_status":"closed","template":"","meta":{"_acf_changed":false,"footnotes":""},"categories":[],"tags":[],"class_list":["post-8513","page","type-page","status-publish","hentry"],"acf":[],"_links":{"self":[{"href":"https:\/\/semmelweis.hu\/fogpotlastan\/wp-json\/wp\/v2\/pages\/8513","targetHints":{"allow":["GET"]}}],"collection":[{"href":"https:\/\/semmelweis.hu\/fogpotlastan\/wp-json\/wp\/v2\/pages"}],"about":[{"href":"https:\/\/semmelweis.hu\/fogpotlastan\/wp-json\/wp\/v2\/types\/page"}],"author":[{"embeddable":true,"href":"https:\/\/semmelweis.hu\/fogpotlastan\/wp-json\/wp\/v2\/users\/101231"}],"replies":[{"embeddable":true,"href":"https:\/\/semmelweis.hu\/fogpotlastan\/wp-json\/wp\/v2\/comments?post=8513"}],"version-history":[{"count":3,"href":"https:\/\/semmelweis.hu\/fogpotlastan\/wp-json\/wp\/v2\/pages\/8513\/revisions"}],"predecessor-version":[{"id":9132,"href":"https:\/\/semmelweis.hu\/fogpotlastan\/wp-json\/wp\/v2\/pages\/8513\/revisions\/9132"}],"up":[{"embeddable":true,"href":"https:\/\/semmelweis.hu\/fogpotlastan\/wp-json\/wp\/v2\/pages\/9019"}],"wp:attachment":[{"href":"https:\/\/semmelweis.hu\/fogpotlastan\/wp-json\/wp\/v2\/media?parent=8513"}],"wp:term":[{"taxonomy":"category","embeddable":true,"href":"https:\/\/semmelweis.hu\/fogpotlastan\/wp-json\/wp\/v2\/categories?post=8513"},{"taxonomy":"post_tag","embeddable":true,"href":"https:\/\/semmelweis.hu\/fogpotlastan\/wp-json\/wp\/v2\/tags?post=8513"}],"curies":[{"name":"wp","href":"https:\/\/api.w.org\/{rel}","templated":true}]}}