{"id":8510,"date":"2023-05-10T11:07:16","date_gmt":"2023-05-10T09:07:16","guid":{"rendered":"https:\/\/semmelweis.hu\/fogpotlastan\/?page_id=8510"},"modified":"2024-05-28T14:10:27","modified_gmt":"2024-05-28T12:10:27","slug":"dr-liptak-klaudia-cukorbeteg-paciensek-szajuregi-vizsgalata-a-cukorbetegseg-szovodmenyei-es-oralis-elvaltozasok-osszefuggesei","status":"publish","type":"page","link":"https:\/\/semmelweis.hu\/fogpotlastan\/kutatas\/phd-kutatasok\/dr-liptak-klaudia-cukorbeteg-paciensek-szajuregi-vizsgalata-a-cukorbetegseg-szovodmenyei-es-oralis-elvaltozasok-osszefuggesei\/","title":{"rendered":"Dr. Lipt\u00e1k Klaudia \u2013 Cukorbeteg p\u00e1ciensek sz\u00e1j\u00fcregi vizsg\u00e1lata, a cukorbetegs\u00e9g sz\u00f6v\u0151dm\u00e9nyei \u00e9s or\u00e1lis elv\u00e1ltoz\u00e1sok \u00f6sszef\u00fcgg\u00e9sei"},"content":{"rendered":"<p style=\"text-align: justify\"><strong>Bevezet\u00e9s:<\/strong><\/p>\n<p style=\"text-align: justify\">A diabetes mellitus egy kr\u00f3nikus anyagcsere-betegs\u00e9g, amelyet megemelkedett v\u00e9rcukorszint jellemez, ennek oka az inzulinszekr\u00e9ci\u00f3 hi\u00e1nya vagy funkci\u00f3 hi\u00e1nya vagy mindkett\u0151. A cukorbetegs\u00e9gnek 3 f\u0151 t\u00edpusa van: 1-es t\u00edpus\u00fa cukorbetegs\u00e9g (T1D), 2-es t\u00edpus\u00fa cukorbetegs\u00e9g (T2D), \u00e9s a terhess\u00e9gi cukorbetegs\u00e9g, valamint az egyedi alt\u00edpusok. A T1D patofiziol\u00f3gi\u00e1ja a hasny\u00e1lmirigy inzulintermel\u0151 \u03b2-sejtjei elleni autoimmun reakci\u00f3n alapul. A T2D nagyobb val\u00f3sz\u00edn\u0171s\u00e9ggel kapcsol\u00f3dik a fizikai inaktivit\u00e1shoz \u00e9s a helytelen t\u00e1pl\u00e1lkoz\u00e1shoz, ami elh\u00edz\u00e1shoz vezet. Ez\u00e9rt a T2D viszonylag k\u00f6nnyen megel\u0151zhet\u0151 a kock\u00e1zati t\u00e9nyez\u0151kre \u00f6sszpontos\u00edt\u00f3 viselked\u00e9si beavatkoz\u00e1sokkal. Ennek ellen\u00e9re a T2D a cukorbetegs\u00e9g leggyakoribb form\u00e1ja, \u00e9s vil\u00e1gszerte jelent\u0151s k\u00f6zeg\u00e9szs\u00e9g\u00fcgyi probl\u00e9m\u00e1t jelent. 2017-ben vil\u00e1gszerte 451 milli\u00f3 ember \u00e9lt cukorbetegs\u00e9ggel (PwD), k\u00fcl\u00f6n\u00f6sen az alacsony vagy k\u00f6zepes j\u00f6vedelm\u0171 orsz\u00e1gokban. Ez a prevalencia 2045-re v\u00e1rhat\u00f3an 693 milli\u00f3ra fog n\u00f6vekedni. A cukorbetegs\u00e9ggel \u00f6sszef\u00fcgg\u0151 sz\u00e1mos sziszt\u00e9m\u00e1s mell\u00e9khat\u00e1son t\u00falmen\u0151en a sz\u00e1j\u00fcregi sz\u00f6v\u0151dm\u00e9nyek nagy gyakoris\u00e1ga is el\u0151fordulhat, bele\u00e9rtve a xerostomi\u00e1t, a sebek k\u00e9sleltetett gy\u00f3gyul\u00e1s\u00e1t, a sz\u00e1j\u00fcregi daganatok fokozott kialakul\u00e1s\u00e1t, az \u00edz\u00e9rz\u00e9s k\u00e1rosod\u00e1s\u00e1t, a sz\u00e1j\u00fcregi candidiasist, az or\u00e1lis lichen planust, \u00e9s a parodont\u00e1lis betegs\u00e9get (PD). A rossz vagy kontroll\u00e1latlan glik\u00e9mi\u00e1ban szenved\u0151 betegek \u00e9rz\u00e9kenyebbek a PD-re. Ezen t\u00falmen\u0151en, egy \u00f6rd\u00f6gi k\u00f6rben a parodont\u00e1lis fert\u0151z\u00e9s h\u00e1tr\u00e1nyosan befoly\u00e1solhatja a cukorbetegs\u00e9g metabolikus szab\u00e1lyoz\u00e1s\u00e1t. A neuropathia relev\u00e1ns form\u00e1i k\u00f6z\u00fcl a szenzoros k\u00e1rosod\u00e1s els\u0151sorban hypaesthesi\u00e1val j\u00e1r. Az \u00e9rz\u00e9scs\u00f6kken\u00e9s minden fajta \u00e9rzetre vonatkozik, a f\u00e1jdalom\u00e9rzetet, h\u0151\u00e9rzetet is bele\u00e9rtve. Ez magyar\u00e1zza az \u00e9rintett cukorbetegekben a diabeteses l\u00e1bbal \u00f6sszef\u00fcgg\u0151 elv\u00e1ltoz\u00e1sok t\u00f6bbs\u00e9g\u00e9t, \u00e9s v\u00e9gs\u0151 soron ez a folyamat vezet haz\u00e1nkban napi 10 cukorbeteg l\u00e1b\u00e1nak amput\u00e1ci\u00f3j\u00e1hoz. A hypaesthesia ugyanakkor \u00e1ltal\u00e1nos, nem csak az als\u00f3 v\u00e9gtagot \u00e9rinti.<\/p>\n<p style=\"text-align: justify\"><strong>C\u00e9lkit\u0171z\u00e9s:<\/strong><\/p>\n<p style=\"text-align: justify\">Az 1-es \u00e9s 2-es t\u00edpus\u00fa cukorbetegs\u00e9gben \u00e9l\u0151 feln\u0151tt p\u00e1ciensek fog\u00e1szati sz\u0171r\u0151vizsg\u00e1lata, sztomatoonkol\u00f3giai vizsg\u00e1lata, ezzel prevent\u00edven megel\u0151zni a sz\u00e1j\u00fcregi elv\u00e1ltoz\u00e1sokat, \u00edgy jav\u00edtva \u00e9letmin\u0151s\u00e9g\u00fck\u00f6n. Ezen fel\u00fcl biztos\u00edtva egy rendszeres, hat\u00e9kony fog\u00e1szati ell\u00e1t\u00e1st, mellyel fenntarthat\u00f3 egy megfelel\u0151 sz\u00e1jhigi\u00e9n\u00e9s \u00e1llapot a diab\u00e9teszes p\u00e1ciensek sz\u00e1m\u00e1ra. Cukorbetegekben a stomatol\u00f3giai elv\u00e1ltoz\u00e1sok \u00e9s a neuropathia \u00f6sszef\u00fcgg\u00e9s\u00e9t az eddigiekben nem vizsg\u00e1lt\u00e1k. Felt\u00e9telezhet\u0151, hogy az \u00e9rz\u00e9scs\u00f6kken\u00e9s k\u00f6vetkezt\u00e9ben a beteg k\u00e9s\u0151bb \u00e9szleli a fogak, ill. sz\u00e1j\u00fcreg elv\u00e1ltoz\u00e1sait, tov\u00e1bb\u00e1 ezt k\u00edv\u00e1njuk vizsg\u00e1lni.<\/p>\n","protected":false},"excerpt":{"rendered":"<p>Bevezet\u00e9s: A diabetes mellitus egy kr\u00f3nikus anyagcsere-betegs\u00e9g, amelyet megemelkedett v\u00e9rcukorszint jellemez, ennek oka az inzulinszekr\u00e9ci\u00f3 hi\u00e1nya vagy funkci\u00f3 hi\u00e1nya vagy mindkett\u0151. A cukorbetegs\u00e9gnek 3 f\u0151 t\u00edpusa van: 1-es t\u00edpus\u00fa cukorbetegs\u00e9g (T1D), 2-es t\u00edpus\u00fa cukorbetegs\u00e9g (T2D), \u00e9s a terhess\u00e9gi cukorbetegs\u00e9g, valamint az egyedi alt\u00edpusok. A T1D patofiziol\u00f3gi\u00e1ja a hasny\u00e1lmirigy inzulintermel\u0151 \u03b2-sejtjei elleni autoimmun reakci\u00f3n alapul. A &hellip;<\/p>\n","protected":false},"author":101231,"featured_media":0,"parent":5097,"menu_order":0,"comment_status":"closed","ping_status":"closed","template":"","meta":{"_acf_changed":false,"footnotes":""},"categories":[],"tags":[],"class_list":["post-8510","page","type-page","status-publish","hentry"],"acf":[],"_links":{"self":[{"href":"https:\/\/semmelweis.hu\/fogpotlastan\/wp-json\/wp\/v2\/pages\/8510","targetHints":{"allow":["GET"]}}],"collection":[{"href":"https:\/\/semmelweis.hu\/fogpotlastan\/wp-json\/wp\/v2\/pages"}],"about":[{"href":"https:\/\/semmelweis.hu\/fogpotlastan\/wp-json\/wp\/v2\/types\/page"}],"author":[{"embeddable":true,"href":"https:\/\/semmelweis.hu\/fogpotlastan\/wp-json\/wp\/v2\/users\/101231"}],"replies":[{"embeddable":true,"href":"https:\/\/semmelweis.hu\/fogpotlastan\/wp-json\/wp\/v2\/comments?post=8510"}],"version-history":[{"count":1,"href":"https:\/\/semmelweis.hu\/fogpotlastan\/wp-json\/wp\/v2\/pages\/8510\/revisions"}],"predecessor-version":[{"id":8511,"href":"https:\/\/semmelweis.hu\/fogpotlastan\/wp-json\/wp\/v2\/pages\/8510\/revisions\/8511"}],"up":[{"embeddable":true,"href":"https:\/\/semmelweis.hu\/fogpotlastan\/wp-json\/wp\/v2\/pages\/5097"}],"wp:attachment":[{"href":"https:\/\/semmelweis.hu\/fogpotlastan\/wp-json\/wp\/v2\/media?parent=8510"}],"wp:term":[{"taxonomy":"category","embeddable":true,"href":"https:\/\/semmelweis.hu\/fogpotlastan\/wp-json\/wp\/v2\/categories?post=8510"},{"taxonomy":"post_tag","embeddable":true,"href":"https:\/\/semmelweis.hu\/fogpotlastan\/wp-json\/wp\/v2\/tags?post=8510"}],"curies":[{"name":"wp","href":"https:\/\/api.w.org\/{rel}","templated":true}]}}