{"id":8506,"date":"2023-05-10T10:36:03","date_gmt":"2023-05-10T08:36:03","guid":{"rendered":"https:\/\/semmelweis.hu\/fogpotlastan\/?page_id=8506"},"modified":"2024-05-28T14:10:28","modified_gmt":"2024-05-28T12:10:28","slug":"dr-schmalzl-judit-a-szoftverfrissites-hatasa-az-intraoralis-szkennerek-pontossagara","status":"publish","type":"page","link":"https:\/\/semmelweis.hu\/fogpotlastan\/kutatas\/phd-kutatasok\/dr-schmalzl-judit-a-szoftverfrissites-hatasa-az-intraoralis-szkennerek-pontossagara\/","title":{"rendered":"Dr. Schmalzl Judit \u2013 A szoftverfriss\u00edt\u00e9s hat\u00e1sa az intraor\u00e1lis szkennerek pontoss\u00e1g\u00e1ra"},"content":{"rendered":"<p style=\"text-align: justify\">Manaps\u00e1g egyre ink\u00e1bb teret h\u00f3d\u00edt mag\u00e1nak a digit\u00e1lis vil\u00e1g a fog\u00e1szatban is, \u00edgy a lenyomatoz\u00e1s szempontj\u00e1b\u00f3l fontos, hogy tiszt\u00e1ban legy\u00fcnk az intraor\u00e1lis szkennerek adotts\u00e1gaival. A fogp\u00f3tl\u00e1sok margin\u00e1lis \u00e9s bels\u0151 illeszked\u00e9s\u00e9nek pontoss\u00e1ga az egyik legfontosabb krit\u00e9riuma a klinikailag megfelel\u0151 min\u0151s\u00e9g\u0171 \u00e9s hossz\u00fa \u00e9let idej\u0171, sikeres restaur\u00e1tumnak. Ehhez pontos lenyomatra van sz\u00fcks\u00e9g\u00fcnk, ez\u00e9rt a digit\u00e1lis lenyomatok pontoss\u00e1g\u00e1nak vizsg\u00e1lata kulcsfontoss\u00e1g\u00fa.<\/p>\n<p style=\"text-align: justify\">A pontoss\u00e1g az ISO 5725-\u00f6s szabv\u00e1ny szerint a val\u00f3dis\u00e1gb\u00f3l \u00e9s a precizit\u00e1sb\u00f3l tev\u0151dik \u00f6ssze. A val\u00f3dis\u00e1g alatt azt \u00e9rtj\u00fck, hogy a m\u00e9r\u00e9si eredm\u00e9nyek mennyire k\u00f6zel\u00edtik meg a m\u00e9rt param\u00e9ter val\u00f3s \u00e9rt\u00e9k\u00e9t. A precizit\u00e1s pedig azt jelenti, hogy az adott jelens\u00e9gr\u0151l v\u00e9gzett m\u00e9r\u00e9sek eredm\u00e9nyei mennyire t\u00e9rnek el egym\u00e1st\u00f3l, azaz hogy a m\u00e9r\u00e9si eredm\u00e9nyek mennyire reproduk\u00e1lhat\u00f3ak.<\/p>\n<p style=\"text-align: justify\">T\u00f6bb kutat\u00e1s is al\u00e1t\u00e1masztj\u00e1k, hogy a digit\u00e1lis lenyomatok pontoss\u00e1ga egyre ink\u00e1bb cs\u00f6kken ahogy egyre t\u00f6bb fog ker\u00fcl lemint\u00e1z\u00e1sra. Ennek oka lehet, hogy mivel a legt\u00f6bb szkenner k\u00e9pek \u00f6sszeilleszt\u00e9se seg\u00edts\u00e9g\u00e9vel \u00e1ll\u00edtja el\u0151 a 3D lenyomatot, az \u00e1llcsonton v\u00e9gighaladva az illeszt\u00e9sb\u0151l ad\u00f3d\u00f3 hib\u00e1k \u00f6sszead\u00f3dva nagyobb pontatlans\u00e1ghoz vezetnek. Kisebb kiterjed\u00e9s eset\u00e9n m\u00e1r el\u00e9rik, illetve meghaladj\u00e1k a hagyom\u00e1nyos lenyomatok pontoss\u00e1g\u00e1t, azonban nagyobb kiterjed\u00e9s eset\u00e9n m\u00e9g nem olyan megb\u00edzhat\u00f3ak. A gy\u00e1rt\u00f3k egyik lefontosabb feladata, hogy hosszabb ter\u00fcletek lemint\u00e1z\u00e1sa eset\u00e9n is n\u00f6velj\u00e9k a pontoss\u00e1got. Az \u00fajabb gener\u00e1ci\u00f3s szkennerek \u00e9s a k\u00fcl\u00f6nb\u00f6z\u0151 szoftverfriss\u00edt\u00e9sekt\u0151l azt v\u00e1rjuk, hogy egyre pontosabb lenyomatoz\u00e1st tegyenek lehet\u0151v\u00e9 nagyobb kiterjed\u00e9s\u0171 \u00e1llcsont\/\u00e1llcsontr\u00e9szlet lemint\u00e1z\u00e1sa eset\u00e9n is.<\/p>\n<p style=\"text-align: justify\"><strong>C\u00e9lkit\u0171z\u00e9s:<\/strong><\/p>\n<p style=\"text-align: justify\">A kutat\u00e1sunk c\u00e9lja, hogy megvizsg\u00e1ljuk, hogy az egyes intraor\u00e1lis szkennerek eset\u00e9ben a szoftverfriss\u00edt\u00e9sek, illetve az \u00fajabb gener\u00e1ci\u00f3s szkennerek megjelen\u00e9se milyen hat\u00e1ssal van a digit\u00e1lis lenyomatok pontoss\u00e1g\u00e1ra.<\/p>\n<p style=\"text-align: justify\"><strong>Eddig megjelent publik\u00e1ci\u00f3k:<\/strong><\/p>\n<p style=\"text-align: justify\">Schmalzl J, R\u00f3th I, Borb\u00e9ly J, Hermann P, Vecsei B. The impact of software updates on accuracy of intraoral scanners. BMC Oral Health. 2023 Apr 15;23(1):219. doi: 10.1186\/s12903-023-02926-y. PMID: 37061664; PMCID: PMC10105929.<\/p>\n","protected":false},"excerpt":{"rendered":"<p>Manaps\u00e1g egyre ink\u00e1bb teret h\u00f3d\u00edt mag\u00e1nak a digit\u00e1lis vil\u00e1g a fog\u00e1szatban is, \u00edgy a lenyomatoz\u00e1s szempontj\u00e1b\u00f3l fontos, hogy tiszt\u00e1ban legy\u00fcnk az intraor\u00e1lis szkennerek adotts\u00e1gaival. A fogp\u00f3tl\u00e1sok margin\u00e1lis \u00e9s bels\u0151 illeszked\u00e9s\u00e9nek pontoss\u00e1ga az egyik legfontosabb krit\u00e9riuma a klinikailag megfelel\u0151 min\u0151s\u00e9g\u0171 \u00e9s hossz\u00fa \u00e9let idej\u0171, sikeres restaur\u00e1tumnak. Ehhez pontos lenyomatra van sz\u00fcks\u00e9g\u00fcnk, ez\u00e9rt a digit\u00e1lis lenyomatok pontoss\u00e1g\u00e1nak &hellip;<\/p>\n","protected":false},"author":101231,"featured_media":0,"parent":5097,"menu_order":0,"comment_status":"closed","ping_status":"closed","template":"","meta":{"_acf_changed":false,"footnotes":""},"categories":[],"tags":[],"class_list":["post-8506","page","type-page","status-publish","hentry"],"acf":[],"_links":{"self":[{"href":"https:\/\/semmelweis.hu\/fogpotlastan\/wp-json\/wp\/v2\/pages\/8506","targetHints":{"allow":["GET"]}}],"collection":[{"href":"https:\/\/semmelweis.hu\/fogpotlastan\/wp-json\/wp\/v2\/pages"}],"about":[{"href":"https:\/\/semmelweis.hu\/fogpotlastan\/wp-json\/wp\/v2\/types\/page"}],"author":[{"embeddable":true,"href":"https:\/\/semmelweis.hu\/fogpotlastan\/wp-json\/wp\/v2\/users\/101231"}],"replies":[{"embeddable":true,"href":"https:\/\/semmelweis.hu\/fogpotlastan\/wp-json\/wp\/v2\/comments?post=8506"}],"version-history":[{"count":1,"href":"https:\/\/semmelweis.hu\/fogpotlastan\/wp-json\/wp\/v2\/pages\/8506\/revisions"}],"predecessor-version":[{"id":8507,"href":"https:\/\/semmelweis.hu\/fogpotlastan\/wp-json\/wp\/v2\/pages\/8506\/revisions\/8507"}],"up":[{"embeddable":true,"href":"https:\/\/semmelweis.hu\/fogpotlastan\/wp-json\/wp\/v2\/pages\/5097"}],"wp:attachment":[{"href":"https:\/\/semmelweis.hu\/fogpotlastan\/wp-json\/wp\/v2\/media?parent=8506"}],"wp:term":[{"taxonomy":"category","embeddable":true,"href":"https:\/\/semmelweis.hu\/fogpotlastan\/wp-json\/wp\/v2\/categories?post=8506"},{"taxonomy":"post_tag","embeddable":true,"href":"https:\/\/semmelweis.hu\/fogpotlastan\/wp-json\/wp\/v2\/tags?post=8506"}],"curies":[{"name":"wp","href":"https:\/\/api.w.org\/{rel}","templated":true}]}}