{"id":7916,"date":"2022-02-23T09:41:42","date_gmt":"2022-02-23T08:41:42","guid":{"rendered":"https:\/\/semmelweis.hu\/fogpotlastan\/?page_id=7916"},"modified":"2025-03-26T11:32:51","modified_gmt":"2025-03-26T10:32:51","slug":"dr-vankos-boldizsar-2","status":"publish","type":"page","link":"https:\/\/semmelweis.hu\/fogpotlastan\/munkatarsak-terv\/dr-vankos-boldizsar-2\/","title":{"rendered":"Dr. V\u00e1nkos Boldizs\u00e1r"},"content":{"rendered":"<p><strong><span style=\"font-size: 12pt\">Tanulm\u00e1nyok, szakk\u00e9pes\u00edt\u00e9s<img loading=\"lazy\" decoding=\"async\" class=\"wp-image-7854 alignright\" src=\"https:\/\/semmelweis.hu\/fogpotlastan\/files\/2022\/02\/Dr.-Vankos-Boldizsar-320x400.jpg\" alt=\"\" width=\"191\" height=\"239\" srcset=\"https:\/\/semmelweis.hu\/fogpotlastan\/files\/2022\/02\/Dr.-Vankos-Boldizsar-320x400.jpg 320w, https:\/\/semmelweis.hu\/fogpotlastan\/files\/2022\/02\/Dr.-Vankos-Boldizsar-819x1024.jpg 819w, https:\/\/semmelweis.hu\/fogpotlastan\/files\/2022\/02\/Dr.-Vankos-Boldizsar-768x960.jpg 768w, https:\/\/semmelweis.hu\/fogpotlastan\/files\/2022\/02\/Dr.-Vankos-Boldizsar-1229x1536.jpg 1229w, https:\/\/semmelweis.hu\/fogpotlastan\/files\/2022\/02\/Dr.-Vankos-Boldizsar-1638x2048.jpg 1638w, https:\/\/semmelweis.hu\/fogpotlastan\/files\/2022\/02\/Dr.-Vankos-Boldizsar-753x941.jpg 753w, https:\/\/semmelweis.hu\/fogpotlastan\/files\/2022\/02\/Dr.-Vankos-Boldizsar-scaled.jpg 2048w\" sizes=\"auto, (max-width: 191px) 100vw, 191px\" \/><\/span><\/strong><br \/>\n<span style=\"font-size: 12pt\">2024 Fogp\u00f3tl\u00e1stan szakvizsga<br \/>\n2021 Fogorvos diploma \u2013 Semmelweis Egyetem Fogorvostudom\u00e1nyi Kar<br \/>\n<\/span><br \/>\n<strong><span style=\"font-size: 12pt\">Szakmai tapasztalat \/ klinikai el\u0151menetel<\/span><\/strong><br \/>\n<span style=\"font-size: 12pt\">2024- Fogp\u00f3tl\u00e1stan Klinika \u2013 klinikai szakorvos<br \/>\n2021-2024. Fogp\u00f3tl\u00e1stan Klinika \u2013 klinikai orvos<\/span><br \/>\n<span style=\"font-size: 12pt\"><br \/>\n<strong>Tudom\u00e1nyos tev\u00e9kenys\u00e9g<\/strong><\/span><br \/>\n<span style=\"font-size: 12pt\">munkacsoport: Digit\u00e1lis fog\u00e1szati munkacsoport, Teljes protetika munkacsoport<\/span><br \/>\n<span style=\"font-size: 12pt\"><br \/>\n<strong>Nyelvismeret<\/strong><\/span><br \/>\n<span style=\"font-size: 12pt\">magyar anyanyelv<\/span><br \/>\n<span style=\"font-size: 12pt\">angol fels\u0151fok<\/span><br \/>\n<span style=\"font-size: 12pt\">n\u00e9met alapfok<\/span><\/p>\n<p><em><span style=\"font-size: 10pt\">Az el\u00e9rhet\u0151s\u00e9gi adatok nem haszn\u00e1lhat\u00f3k fel az 1995. \u00e9vi CXIX. t\u00f6rv\u00e9ny szerinti kutat\u00e1s \u00e9s k\u00f6zvetlen \u00fczletszerz\u00e9s c\u00e9lj\u00e1ra.<\/span><\/em><\/p>\n","protected":false},"excerpt":{"rendered":"<p>Tanulm\u00e1nyok, szakk\u00e9pes\u00edt\u00e9s 2024 Fogp\u00f3tl\u00e1stan szakvizsga 2021 Fogorvos diploma \u2013 Semmelweis Egyetem Fogorvostudom\u00e1nyi Kar Szakmai tapasztalat \/ klinikai el\u0151menetel 2024- Fogp\u00f3tl\u00e1stan Klinika \u2013 klinikai szakorvos 2021-2024. Fogp\u00f3tl\u00e1stan Klinika \u2013 klinikai orvos Tudom\u00e1nyos tev\u00e9kenys\u00e9g munkacsoport: Digit\u00e1lis fog\u00e1szati munkacsoport, Teljes protetika munkacsoport Nyelvismeret magyar anyanyelv angol fels\u0151fok n\u00e9met alapfok Az el\u00e9rhet\u0151s\u00e9gi adatok nem haszn\u00e1lhat\u00f3k fel az 1995. \u00e9vi &hellip;<\/p>\n","protected":false},"author":101231,"featured_media":0,"parent":9019,"menu_order":1,"comment_status":"closed","ping_status":"closed","template":"","meta":{"_acf_changed":false,"footnotes":""},"categories":[],"tags":[],"class_list":["post-7916","page","type-page","status-publish","hentry"],"acf":[],"_links":{"self":[{"href":"https:\/\/semmelweis.hu\/fogpotlastan\/wp-json\/wp\/v2\/pages\/7916","targetHints":{"allow":["GET"]}}],"collection":[{"href":"https:\/\/semmelweis.hu\/fogpotlastan\/wp-json\/wp\/v2\/pages"}],"about":[{"href":"https:\/\/semmelweis.hu\/fogpotlastan\/wp-json\/wp\/v2\/types\/page"}],"author":[{"embeddable":true,"href":"https:\/\/semmelweis.hu\/fogpotlastan\/wp-json\/wp\/v2\/users\/101231"}],"replies":[{"embeddable":true,"href":"https:\/\/semmelweis.hu\/fogpotlastan\/wp-json\/wp\/v2\/comments?post=7916"}],"version-history":[{"count":3,"href":"https:\/\/semmelweis.hu\/fogpotlastan\/wp-json\/wp\/v2\/pages\/7916\/revisions"}],"predecessor-version":[{"id":9570,"href":"https:\/\/semmelweis.hu\/fogpotlastan\/wp-json\/wp\/v2\/pages\/7916\/revisions\/9570"}],"up":[{"embeddable":true,"href":"https:\/\/semmelweis.hu\/fogpotlastan\/wp-json\/wp\/v2\/pages\/9019"}],"wp:attachment":[{"href":"https:\/\/semmelweis.hu\/fogpotlastan\/wp-json\/wp\/v2\/media?parent=7916"}],"wp:term":[{"taxonomy":"category","embeddable":true,"href":"https:\/\/semmelweis.hu\/fogpotlastan\/wp-json\/wp\/v2\/categories?post=7916"},{"taxonomy":"post_tag","embeddable":true,"href":"https:\/\/semmelweis.hu\/fogpotlastan\/wp-json\/wp\/v2\/tags?post=7916"}],"curies":[{"name":"wp","href":"https:\/\/api.w.org\/{rel}","templated":true}]}}