{"id":7910,"date":"2022-02-22T09:33:01","date_gmt":"2022-02-22T08:33:01","guid":{"rendered":"https:\/\/semmelweis.hu\/fogpotlastan\/?page_id=7910"},"modified":"2024-05-28T14:45:08","modified_gmt":"2024-05-28T12:45:08","slug":"dr-rona-virag","status":"publish","type":"page","link":"https:\/\/semmelweis.hu\/fogpotlastan\/munkatarsak-terv\/dr-rona-virag\/","title":{"rendered":"Dr. R\u00f3na Vir\u00e1g"},"content":{"rendered":"<p style=\"text-align: justify\"><strong><span style=\"font-size: 12pt\">Tanulm\u00e1nyok, szakk\u00e9pes\u00edt\u00e9s<\/span><\/strong><br \/>\n<span style=\"font-size: 12pt\">2021. Fogorvos diploma \u2013 Semmelweis Egyetem Fogorvostudom\u00e1nyi Kar<\/span><br \/>\n<span style=\"font-size: 12pt\"><br \/>\n<strong>Szakmai tapasztalat \/ klinikai el\u0151menetel<\/strong><\/span><br \/>\n<span style=\"font-size: 12pt\">2021- Fogp\u00f3tl\u00e1stan Klinika \u2013 klinikai orvos<\/span><br \/>\n<span style=\"font-size: 12pt\"><br \/>\n<strong>Tudom\u00e1nyos tev\u00e9kenys\u00e9g<\/strong><\/span><br \/>\n<span style=\"font-size: 12pt\">munkacsoport: digit\u00e1lis munkacsoport<\/span><br \/>\n<span style=\"font-size: 12pt\"><br \/>\n<strong>El\u0151ad\u00e1sok<\/strong><\/span><br \/>\n<span style=\"font-size: 12pt\">TDK el\u0151ad\u00e1s \u2013 A Magyarorsz\u00e1gon el\u00e9rhet\u0151 intraor\u00e1lis szkennerek \u00f6sszehasonl\u00edt\u00f3 \u00e9rt\u00e9kel\u00e9se (II. hely)<\/span><br \/>\n<span style=\"font-size: 12pt\">TDK el\u0151ad\u00e1s \u2013 A Magyarorsz\u00e1gon el\u00e9rhet\u0151 t\u00f6bbgener\u00e1ci\u00f3s intraor\u00e1lis szkennerek \u00f6sszehasonl\u00edt\u00f3 \u00e9rt\u00e9kel\u00e9se (I. hely)<\/span><br \/>\n<span style=\"font-size: 12pt\">OTDK el\u0151ad\u00e1s \u2013 A Magyarorsz\u00e1gon el\u00e9rhet\u0151 t\u00f6bbgener\u00e1ci\u00f3s intraor\u00e1lis szkennerek \u00f6sszehasonl\u00edt\u00f3 \u00e9rt\u00e9kel\u00e9se (II. hely)<\/span><br \/>\n<span style=\"font-size: 12pt\"><br \/>\n<strong>Szakmai szervezeti tags\u00e1gok<\/strong><\/span><br \/>\n<span style=\"font-size: 12pt\">MFE tiszteletbeli tags\u00e1g<\/span><br \/>\n<span style=\"font-size: 12pt\"><br \/>\n<strong>Nyelvismeret<\/strong><\/span><br \/>\n<span style=\"font-size: 12pt\">magyar anyanyelv<\/span><br \/>\n<span style=\"font-size: 12pt\">angol k\u00f6z\u00e9pfok<\/span><br \/>\n<span style=\"font-size: 12pt\">n\u00e9met alapszint<\/span><br \/>\n<span style=\"font-size: 12pt\"><br \/>\n<strong>Egy\u00e9b<\/strong><\/span><br \/>\n<span style=\"font-size: 12pt\">Szabadid\u0151mben zongor\u00e1zom, heged\u00fcl\u00f6k, vagy festek.<\/span><\/p>\n<p><a href=\"https:\/\/m2.mtmt.hu\/gui2\/?type=authors&amp;mode=browse&amp;sel=authors10090809\"><span style=\"font-size: 12pt\">Tudom\u00e1nyos k\u00f6zlem\u00e9nyek<\/span><\/a><\/p>\n<p style=\"text-align: justify\"><span style=\"font-size: 12pt\"><em>Az el\u00e9rhet\u0151s\u00e9gi adatok nem haszn\u00e1lhat\u00f3k fel az 1995. \u00e9vi CXIX. t\u00f6rv\u00e9ny szerinti kutat\u00e1s \u00e9s k\u00f6zvetlen \u00fczletszerz\u00e9s c\u00e9lj\u00e1ra.<\/em><\/span><\/p>\n","protected":false},"excerpt":{"rendered":"<p>Tanulm\u00e1nyok, szakk\u00e9pes\u00edt\u00e9s 2021. Fogorvos diploma \u2013 Semmelweis Egyetem Fogorvostudom\u00e1nyi Kar Szakmai tapasztalat \/ klinikai el\u0151menetel 2021- Fogp\u00f3tl\u00e1stan Klinika \u2013 klinikai orvos Tudom\u00e1nyos tev\u00e9kenys\u00e9g munkacsoport: digit\u00e1lis munkacsoport El\u0151ad\u00e1sok TDK el\u0151ad\u00e1s \u2013 A Magyarorsz\u00e1gon el\u00e9rhet\u0151 intraor\u00e1lis szkennerek \u00f6sszehasonl\u00edt\u00f3 \u00e9rt\u00e9kel\u00e9se (II. hely) TDK el\u0151ad\u00e1s \u2013 A Magyarorsz\u00e1gon el\u00e9rhet\u0151 t\u00f6bbgener\u00e1ci\u00f3s intraor\u00e1lis szkennerek \u00f6sszehasonl\u00edt\u00f3 \u00e9rt\u00e9kel\u00e9se (I. hely) OTDK el\u0151ad\u00e1s \u2013 &hellip;<\/p>\n","protected":false},"author":101231,"featured_media":0,"parent":9019,"menu_order":1,"comment_status":"closed","ping_status":"closed","template":"","meta":{"_acf_changed":false,"footnotes":""},"categories":[],"tags":[],"class_list":["post-7910","page","type-page","status-publish","hentry"],"acf":[],"_links":{"self":[{"href":"https:\/\/semmelweis.hu\/fogpotlastan\/wp-json\/wp\/v2\/pages\/7910","targetHints":{"allow":["GET"]}}],"collection":[{"href":"https:\/\/semmelweis.hu\/fogpotlastan\/wp-json\/wp\/v2\/pages"}],"about":[{"href":"https:\/\/semmelweis.hu\/fogpotlastan\/wp-json\/wp\/v2\/types\/page"}],"author":[{"embeddable":true,"href":"https:\/\/semmelweis.hu\/fogpotlastan\/wp-json\/wp\/v2\/users\/101231"}],"replies":[{"embeddable":true,"href":"https:\/\/semmelweis.hu\/fogpotlastan\/wp-json\/wp\/v2\/comments?post=7910"}],"version-history":[{"count":2,"href":"https:\/\/semmelweis.hu\/fogpotlastan\/wp-json\/wp\/v2\/pages\/7910\/revisions"}],"predecessor-version":[{"id":9133,"href":"https:\/\/semmelweis.hu\/fogpotlastan\/wp-json\/wp\/v2\/pages\/7910\/revisions\/9133"}],"up":[{"embeddable":true,"href":"https:\/\/semmelweis.hu\/fogpotlastan\/wp-json\/wp\/v2\/pages\/9019"}],"wp:attachment":[{"href":"https:\/\/semmelweis.hu\/fogpotlastan\/wp-json\/wp\/v2\/media?parent=7910"}],"wp:term":[{"taxonomy":"category","embeddable":true,"href":"https:\/\/semmelweis.hu\/fogpotlastan\/wp-json\/wp\/v2\/categories?post=7910"},{"taxonomy":"post_tag","embeddable":true,"href":"https:\/\/semmelweis.hu\/fogpotlastan\/wp-json\/wp\/v2\/tags?post=7910"}],"curies":[{"name":"wp","href":"https:\/\/api.w.org\/{rel}","templated":true}]}}